{"id":123,"date":"2025-11-19T09:23:20","date_gmt":"2025-11-19T09:23:20","guid":{"rendered":"https:\/\/tanovis.linawang.se\/?page_id=123"},"modified":"2025-12-16T20:27:16","modified_gmt":"2025-12-16T20:27:16","slug":"responsibility","status":"publish","type":"page","link":"https:\/\/tanovis.com\/de\/responsibility\/","title":{"rendered":"Verantwortung"},"content":{"rendered":"<section\n  class=\"tanovis_sub_hero  sub_hero--bg-default tanovis\"\n  >\n  <div class=\"hero__media\">\n              <img decoding=\"async\" class=\"hero__bg\" src=\"https:\/\/tanovis.com\/wp-content\/uploads\/2025\/11\/Tanovis-street-16-9_A.jpg\" alt=\"\" \/>\n    \n    <div class=\"hero__symbol-container tanovis\">\n      <div class=\"hero__symbol\">\n                  <img decoding=\"async\" class=\"hero__symbol\" src=\"https:\/\/tanovis.com\/wp-content\/uploads\/2025\/11\/Tanovis-sea-above-9-16.jpg\"\n            alt=\"\" \/>\n              <\/div>\n    <\/div>\n  <\/div>\n\n  <div class=\"hero__content container\">\n          <h1 class=\"hero__title title-lg\">Aufbau von Unternehmungen f\u00fcr die Welt nach der Petrochemie.<\/h1>\n      <\/div>\n<\/section>\n\n\n<section class=\"text container wysiwyg\" >\n                                      <div class=\"text__preamble  fade-up\">\n            <p class=\"preamble\">F\u00fcr uns ist Verantwortung kein Ziel. Sie ist die Architektur, wie wir bauen. Als Venture Builder machen wir Verantwortung skalierbar, indem wir die Art und Weise ver\u00e4ndern, wie die Industrie beschafft, produziert und arbeitet.<\/p>\n          <\/div>\n                    \n<\/section>\n\n\n<section id=\"tab-image-text-69e2feea8325c\"\n  class=\"tab-image-text container  bg-default\" >\n  <div class=\"tab-image-text__title\">\n    <h2 class=\"tab-image-text__title-text title-lg animate-words\">Engagiert f\u00fcr die UN-Ziele<\/h2>\n  <\/div>\n\n  <div class=\"tab-image-text__buttons fade\">\n                  <button class=\"tab-image-text__button\">\n          UN SDG Nr. 3        <\/button>\n              <button class=\"tab-image-text__button\">\n          UN SDG Nr. 9        <\/button>\n              <button class=\"tab-image-text__button\">\n          UN SDG Nr. 12        <\/button>\n              <button class=\"tab-image-text__button\">\n          UN SDG Nr. 15        <\/button>\n              <button class=\"tab-image-text__button\">\n                  <\/button>\n              <button class=\"tab-image-text__button\">\n                  <\/button>\n              <button class=\"tab-image-text__button\">\n                  <\/button>\n            <\/div>\n\n  <div class=\"tab-image-text__tabs fade-up-delay-200\">\n                  <div class=\"tab-image-text__tab\">\n\n          <div class=\"tab-image-text__tab-content\">\n            <h3 class=\"tab-image-text__tab-title title-md\">Gute Gesundheit und Wohlbefinden - Siranius<\/h3>\n            <div class=\"tab-image-text__content\"><p><span style=\"font-weight: 400;\">Siranius leistet Pionierarbeit in einer neuen Kategorie von L\u00f6sungen f\u00fcr die menschliche Gesundheit, indem es eine bioaktive Ern\u00e4hrung f\u00fcr das menschliche Wohlbefinden f\u00f6rdert und gleichzeitig die gro\u00dfen gesundheitlichen Herausforderungen im Zusammenhang mit der Darmgesundheit angeht.<\/span><\/p>\n<\/div>\n          <\/div>\n\n          <div class=\"tab-image-text__tab-image cutout aspect-ratio-4-3 cutout-top-left\">\n            <img decoding=\"async\" src=\"https:\/\/tanovis.com\/wp-content\/uploads\/2025\/12\/UN-3-goals.jpg\" alt=\"\" \/>\n          <\/div>\n\n        <\/div>\n              <div class=\"tab-image-text__tab is-active\">\n\n          <div class=\"tab-image-text__tab-content\">\n            <h3 class=\"tab-image-text__tab-title title-md\"> Industrielle Innovation und Infrastruktur - PLT Innovations<\/h3>\n            <div class=\"tab-image-text__content\"><p><span style=\"font-weight: 400;\">PLT Innovations entwickelt Hochleistungs-Industriematerialien, die sch\u00e4dliche erd\u00f6lbasierte Inhaltsstoffe durch nat\u00fcrliche und recycelte L\u00f6sungen ersetzen.<\/span><\/p>\n<\/div>\n          <\/div>\n\n          <div class=\"tab-image-text__tab-image cutout aspect-ratio-4-3 cutout-top-left\">\n            <img decoding=\"async\" src=\"https:\/\/tanovis.com\/wp-content\/uploads\/2025\/12\/UN-9-goals.jpg\" alt=\"\" \/>\n          <\/div>\n\n        <\/div>\n              <div class=\"tab-image-text__tab\">\n\n          <div class=\"tab-image-text__tab-content\">\n            <h3 class=\"tab-image-text__tab-title title-md\"> Verantwortungsvoller Konsum und verantwortungsvolle Produktion - Siranius, PLT Innovations &amp; Phytaxis<\/h3>\n            <div class=\"tab-image-text__content\"><p>Unsere Auswirkungen werden nicht in Tonnen extrahiertem Lignin gemessen. <span style=\"font-weight: 400;\">Sie liegt in den Unternehmen, die wir aufbauen, und in dem Wandel, den sie bewirken. Jedes Unternehmen innerhalb unserer Gruppe setzt eine andere Facette der Ligninchemie in greifbaren Fortschritt um. <\/span><span style=\"font-weight: 400;\">Sie alle zeigen, wie eine Plattform sektor\u00fcbergreifend Wirkung erzielen kann, indem sie den Abbau zur Entsorgung durch Innovation zur Erneuerung ersetzt.\u00a0<\/span><\/p>\n<\/div>\n          <\/div>\n\n          <div class=\"tab-image-text__tab-image cutout aspect-ratio-4-3 cutout-top-left\">\n            <img decoding=\"async\" src=\"https:\/\/tanovis.com\/wp-content\/uploads\/2025\/12\/UN-12-goals.jpg\" alt=\"\" \/>\n          <\/div>\n\n        <\/div>\n              <div class=\"tab-image-text__tab\">\n\n          <div class=\"tab-image-text__tab-content\">\n            <h3 class=\"tab-image-text__tab-title title-md\">Leben an Land - Phytaxis<\/h3>\n            <div class=\"tab-image-text__content\"><p><span style=\"font-weight: 400;\">Phytaxis \u00fcberdenkt die Tiergesundheit und den Wert, den sie hat. Ihre upgecycelten Futtermittelzutaten reduzieren den Einsatz von Antibiotika in Futtermitteln und machen die Tiergesundheit sowohl kosteng\u00fcnstiger als auch nachhaltiger.<\/span><\/p>\n<\/div>\n          <\/div>\n\n          <div class=\"tab-image-text__tab-image cutout aspect-ratio-4-3 cutout-top-left\">\n            <img decoding=\"async\" src=\"https:\/\/tanovis.com\/wp-content\/uploads\/2025\/12\/UN-15-goals.jpg\" alt=\"\" \/>\n          <\/div>\n\n        <\/div>\n              <div class=\"tab-image-text__tab\">\n\n          <div class=\"tab-image-text__tab-content\">\n            <h3 class=\"tab-image-text__tab-title title-md\"><\/h3>\n            <div class=\"tab-image-text__content\"><\/div>\n          <\/div>\n\n          <div class=\"tab-image-text__tab-image cutout aspect-ratio-4-3 cutout-top-left\">\n            <img decoding=\"async\" src=\"https:\/\/tanovis.com\/wp-content\/uploads\/2025\/12\/UN-9-goals.jpg\" alt=\"\" \/>\n          <\/div>\n\n        <\/div>\n              <div class=\"tab-image-text__tab\">\n\n          <div class=\"tab-image-text__tab-content\">\n            <h3 class=\"tab-image-text__tab-title title-md\"><\/h3>\n            <div class=\"tab-image-text__content\"><\/div>\n          <\/div>\n\n          <div class=\"tab-image-text__tab-image cutout aspect-ratio-4-3 cutout-top-left\">\n            <img decoding=\"async\" src=\"https:\/\/tanovis.com\/wp-content\/uploads\/2025\/12\/UN-12-goals.jpg\" alt=\"\" \/>\n          <\/div>\n\n        <\/div>\n              <div class=\"tab-image-text__tab\">\n\n          <div class=\"tab-image-text__tab-content\">\n            <h3 class=\"tab-image-text__tab-title title-md\"><\/h3>\n            <div class=\"tab-image-text__content\"><\/div>\n          <\/div>\n\n          <div class=\"tab-image-text__tab-image cutout aspect-ratio-4-3 cutout-top-left\">\n            <img decoding=\"async\" src=\"https:\/\/tanovis.com\/wp-content\/uploads\/2025\/12\/UN-15-goals.jpg\" alt=\"\" \/>\n          <\/div>\n\n        <\/div>\n            <\/div>\n<\/section>\n\n\n<section class=\"text container wysiwyg\" id=\"Production\" >\n                                      <h3 class=\"text__title fade-up\">\n            Gemeinsame Technologie und Produktion.          <\/h3>\n                                                  <div class=\"text__body fade-up\">\n            <p><span style=\"font-weight: 400\">Alle Unternehmen von Tanovis haben eine gemeinsame Grundlage: eine Produktionsplattform, die auf fortschrittlicher Ligninchemie und Pr\u00e4zisionsverarbeitung basiert. Von der Extraktion und Reinigung bis hin zur Leistungsoptimierung liegt jedem neuen Projekt, das wir aufbauen, dieselbe Kerntechnologie zugrunde. Sie gew\u00e4hrleistet Konsistenz, Qualit\u00e4t und einen messbaren Nachhaltigkeitsvorteil f\u00fcr alle Anwendungen.<\/span><\/p>\n<p>&nbsp;<\/p>\n<p><span style=\"font-weight: 400\">Durch schwefelfreie Prozesse und hochreaktive Lignine ersetzen wir konventionelle durch erneuerbare Rohstoffe und erm\u00f6glichen so eine sauberere, effizientere Produktion ohne Kompromisse. Diese gemeinsame Plattform erm\u00f6glicht es jedem Unternehmen, auf verantwortungsvolle Weise zu skalieren und aus einer einzigen Innovationsquelle mehrere Wege zu einer kreislauforientierten Produktion zu finden.<\/span><\/p>\n<p>&nbsp;<\/p>\n<p>&nbsp;<\/p>\n          <\/div>\n                                          <div class=\"text__table fade-up\">\n                          <div class=\"text__table-column\">\n                                                  <p class=\"text__table-header body-md\">VOM NACHWACHSENDEN ROHSTOFF ZUR ANWENDUNG<\/p>\n                                              <\/div>\n                      <\/div>\n                                                  <div class=\"text__image fade-up\">\n            <img loading=\"lazy\" decoding=\"async\" width=\"1920\" height=\"580\" src=\"https:\/\/tanovis.com\/wp-content\/uploads\/2025\/12\/From-renewable-agro-model-turquise.jpg\" class=\"text__image-img\" alt=\"\" srcset=\"https:\/\/tanovis.com\/wp-content\/uploads\/2025\/12\/From-renewable-agro-model-turquise.jpg 1920w, https:\/\/tanovis.com\/wp-content\/uploads\/2025\/12\/From-renewable-agro-model-turquise-300x91.jpg 300w, https:\/\/tanovis.com\/wp-content\/uploads\/2025\/12\/From-renewable-agro-model-turquise-1024x309.jpg 1024w, https:\/\/tanovis.com\/wp-content\/uploads\/2025\/12\/From-renewable-agro-model-turquise-768x232.jpg 768w, https:\/\/tanovis.com\/wp-content\/uploads\/2025\/12\/From-renewable-agro-model-turquise-1536x464.jpg 1536w\" sizes=\"auto, (max-width: 1920px) 100vw, 1920px\" \/>          <\/div>\n                    \n<\/section>\n\n\n<section class=\"text container wysiwyg\" id=\"Upcycling\" >\n                                      <h3 class=\"text__title fade-up\">\n            Upcycling und neue Wertsch\u00f6pfung.          <\/h3>\n                                                  <div class=\"text__body fade-up\">\n            <p><span style=\"font-weight: 400\">Das Upcycling von Lignin zu neuen Inhaltsstoffen st\u00e4rkt ganze Wertsch\u00f6pfungsketten. Es verwandelt Nebenprodukte aus der Forst-, Land- und Zellstoffwirtschaft in Quellen der Innovation und verringert die Abh\u00e4ngigkeit von neuen Rohstoffen und fossilen Zwischenprodukten. Unser vertikal integriertes Modell gew\u00e4hrleistet die R\u00fcckverfolgbarkeit und Konsistenz von der Gewinnung bis zur Anwendung und erm\u00f6glicht es den Partnern, Nachhaltigkeitsziele zu erreichen und gleichzeitig die Belastbarkeit und Transparenz in der gesamten Lieferkette zu verbessern.<\/span><\/p>\n          <\/div>\n                    \n<\/section>\n\n\n<section class=\"text container wysiwyg\" id=\"End-usage\" >\n                                      <h3 class=\"text__title fade-up\">\n            Leistung, die den Fortschritt aufrechterh\u00e4lt.          <\/h3>\n                                                  <div class=\"text__body fade-up\">\n            <p>Die Verantwortung endet nicht bei der Produktion. Sie erstreckt sich auch darauf, wie die Produkte im Gebrauch funktionieren und wie sie sich auf Menschen, Tiere und ganze \u00d6kosysteme auswirken. Die nat\u00fcrlichen antioxidativen und antimikrobiellen Eigenschaften von Lignin machen es zu einem m\u00e4chtigen Wegbereiter f\u00fcr sicherere, langlebigere und effizientere Produkte. Ob es darum geht, das Wohlergehen von Tieren zu verbessern, die menschliche Gesundheit zu f\u00f6rdern oder die Lebensdauer von biobasierten Materialien zu verl\u00e4ngern, das Ergebnis ist dasselbe: Leistung, die den Fortschritt unterst\u00fctzt.<\/p>\n          <\/div>\n                    \n<\/section>\n\n\n<section class=\"text container wysiwyg\" >\n  \n<\/section>","protected":false},"excerpt":{"rendered":"","protected":false},"author":1,"featured_media":616,"parent":0,"menu_order":0,"comment_status":"closed","ping_status":"closed","template":"","meta":{"_acf_changed":false,"content-type":"","footnotes":""},"class_list":["post-123","page","type-page","status-publish","has-post-thumbnail","hentry"],"acf":[],"yoast_head":"<!-- This site is optimized with the Yoast SEO plugin v26.6 - https:\/\/yoast.com\/wordpress\/plugins\/seo\/ -->\n<title>Responsibility - Tanovis<\/title>\n<meta name=\"description\" content=\"Discover Tanovis\u2019 approach to responsibility and impact in the bioeconomy \u2014 from sustainability commitments to real-world actions shaping people and planet.\" \/>\n<meta name=\"robots\" content=\"index, follow, max-snippet:-1, max-image-preview:large, max-video-preview:-1\" \/>\n<link rel=\"canonical\" href=\"https:\/\/tanovis.com\/de\/responsibility\/\" \/>\n<meta property=\"og:locale\" content=\"de_DE\" \/>\n<meta property=\"og:type\" content=\"article\" \/>\n<meta property=\"og:title\" content=\"Responsibility - Tanovis\" \/>\n<meta property=\"og:description\" content=\"Discover Tanovis\u2019 approach to responsibility and impact in the bioeconomy \u2014 from sustainability commitments to real-world actions shaping people and planet.\" \/>\n<meta property=\"og:url\" content=\"https:\/\/tanovis.com\/de\/responsibility\/\" \/>\n<meta property=\"og:site_name\" content=\"Tanovis\" \/>\n<meta property=\"article:modified_time\" content=\"2025-12-16T20:27:16+00:00\" \/>\n<meta property=\"og:image\" content=\"https:\/\/tanovis.com\/wp-content\/uploads\/2025\/12\/Meta-2.jpg\" \/>\n\t<meta property=\"og:image:width\" content=\"1024\" \/>\n\t<meta property=\"og:image:height\" content=\"768\" \/>\n\t<meta property=\"og:image:type\" content=\"image\/jpeg\" \/>\n<meta name=\"twitter:card\" content=\"summary_large_image\" \/>\n<meta name=\"twitter:label1\" content=\"Gesch\u00e4tzte Lesezeit\" \/>\n\t<meta name=\"twitter:data1\" content=\"4\u00a0Minuten\" \/>\n<script type=\"application\/ld+json\" class=\"yoast-schema-graph\">{\"@context\":\"https:\/\/schema.org\",\"@graph\":[{\"@type\":\"WebPage\",\"@id\":\"https:\/\/tanovis.com\/responsibility\/\",\"url\":\"https:\/\/tanovis.com\/responsibility\/\",\"name\":\"Responsibility - Tanovis\",\"isPartOf\":{\"@id\":\"https:\/\/tanovis.com\/#website\"},\"primaryImageOfPage\":{\"@id\":\"https:\/\/tanovis.com\/responsibility\/#primaryimage\"},\"image\":{\"@id\":\"https:\/\/tanovis.com\/responsibility\/#primaryimage\"},\"thumbnailUrl\":\"https:\/\/tanovis.com\/wp-content\/uploads\/2025\/12\/Meta-2.jpg\",\"datePublished\":\"2025-11-19T09:23:20+00:00\",\"dateModified\":\"2025-12-16T20:27:16+00:00\",\"description\":\"Discover Tanovis\u2019 approach to responsibility and impact in the bioeconomy \u2014 from sustainability commitments to real-world actions shaping people and planet.\",\"breadcrumb\":{\"@id\":\"https:\/\/tanovis.com\/responsibility\/#breadcrumb\"},\"inLanguage\":\"de\",\"potentialAction\":[{\"@type\":\"ReadAction\",\"target\":[\"https:\/\/tanovis.com\/responsibility\/\"]}]},{\"@type\":\"ImageObject\",\"inLanguage\":\"de\",\"@id\":\"https:\/\/tanovis.com\/responsibility\/#primaryimage\",\"url\":\"https:\/\/tanovis.com\/wp-content\/uploads\/2025\/12\/Meta-2.jpg\",\"contentUrl\":\"https:\/\/tanovis.com\/wp-content\/uploads\/2025\/12\/Meta-2.jpg\",\"width\":1024,\"height\":768,\"caption\":\"Responsibility\"},{\"@type\":\"BreadcrumbList\",\"@id\":\"https:\/\/tanovis.com\/responsibility\/#breadcrumb\",\"itemListElement\":[{\"@type\":\"ListItem\",\"position\":1,\"name\":\"Home\",\"item\":\"https:\/\/tanovis.com\/\"},{\"@type\":\"ListItem\",\"position\":2,\"name\":\"Responsibility\"}]},{\"@type\":\"WebSite\",\"@id\":\"https:\/\/tanovis.com\/#website\",\"url\":\"https:\/\/tanovis.com\/\",\"name\":\"Tanovis\",\"description\":\"Building lignin ventures\",\"potentialAction\":[{\"@type\":\"SearchAction\",\"target\":{\"@type\":\"EntryPoint\",\"urlTemplate\":\"https:\/\/tanovis.com\/?s={search_term_string}\"},\"query-input\":{\"@type\":\"PropertyValueSpecification\",\"valueRequired\":true,\"valueName\":\"search_term_string\"}}],\"inLanguage\":\"de\"}]}<\/script>\n<!-- \/ Yoast SEO plugin. -->","yoast_head_json":{"title":"Responsibility - Tanovis","description":"Discover Tanovis\u2019 approach to responsibility and impact in the bioeconomy \u2014 from sustainability commitments to real-world actions shaping people and planet.","robots":{"index":"index","follow":"follow","max-snippet":"max-snippet:-1","max-image-preview":"max-image-preview:large","max-video-preview":"max-video-preview:-1"},"canonical":"https:\/\/tanovis.com\/de\/responsibility\/","og_locale":"de_DE","og_type":"article","og_title":"Responsibility - Tanovis","og_description":"Discover Tanovis\u2019 approach to responsibility and impact in the bioeconomy \u2014 from sustainability commitments to real-world actions shaping people and planet.","og_url":"https:\/\/tanovis.com\/de\/responsibility\/","og_site_name":"Tanovis","article_modified_time":"2025-12-16T20:27:16+00:00","og_image":[{"width":1024,"height":768,"url":"https:\/\/tanovis.com\/wp-content\/uploads\/2025\/12\/Meta-2.jpg","type":"image\/jpeg"}],"twitter_card":"summary_large_image","twitter_misc":{"Gesch\u00e4tzte Lesezeit":"4\u00a0Minuten"},"schema":{"@context":"https:\/\/schema.org","@graph":[{"@type":"WebPage","@id":"https:\/\/tanovis.com\/responsibility\/","url":"https:\/\/tanovis.com\/responsibility\/","name":"Responsibility - Tanovis","isPartOf":{"@id":"https:\/\/tanovis.com\/#website"},"primaryImageOfPage":{"@id":"https:\/\/tanovis.com\/responsibility\/#primaryimage"},"image":{"@id":"https:\/\/tanovis.com\/responsibility\/#primaryimage"},"thumbnailUrl":"https:\/\/tanovis.com\/wp-content\/uploads\/2025\/12\/Meta-2.jpg","datePublished":"2025-11-19T09:23:20+00:00","dateModified":"2025-12-16T20:27:16+00:00","description":"Discover Tanovis\u2019 approach to responsibility and impact in the bioeconomy \u2014 from sustainability commitments to real-world actions shaping people and planet.","breadcrumb":{"@id":"https:\/\/tanovis.com\/responsibility\/#breadcrumb"},"inLanguage":"de","potentialAction":[{"@type":"ReadAction","target":["https:\/\/tanovis.com\/responsibility\/"]}]},{"@type":"ImageObject","inLanguage":"de","@id":"https:\/\/tanovis.com\/responsibility\/#primaryimage","url":"https:\/\/tanovis.com\/wp-content\/uploads\/2025\/12\/Meta-2.jpg","contentUrl":"https:\/\/tanovis.com\/wp-content\/uploads\/2025\/12\/Meta-2.jpg","width":1024,"height":768,"caption":"Responsibility"},{"@type":"BreadcrumbList","@id":"https:\/\/tanovis.com\/responsibility\/#breadcrumb","itemListElement":[{"@type":"ListItem","position":1,"name":"Home","item":"https:\/\/tanovis.com\/"},{"@type":"ListItem","position":2,"name":"Responsibility"}]},{"@type":"WebSite","@id":"https:\/\/tanovis.com\/#website","url":"https:\/\/tanovis.com\/","name":"Tanovis","description":"Aufbau von Lignin-Unternehmen","potentialAction":[{"@type":"SearchAction","target":{"@type":"EntryPoint","urlTemplate":"https:\/\/tanovis.com\/?s={search_term_string}"},"query-input":{"@type":"PropertyValueSpecification","valueRequired":true,"valueName":"search_term_string"}}],"inLanguage":"de"}]}},"_links":{"self":[{"href":"https:\/\/tanovis.com\/de\/wp-json\/wp\/v2\/pages\/123","targetHints":{"allow":["GET"]}}],"collection":[{"href":"https:\/\/tanovis.com\/de\/wp-json\/wp\/v2\/pages"}],"about":[{"href":"https:\/\/tanovis.com\/de\/wp-json\/wp\/v2\/types\/page"}],"author":[{"embeddable":true,"href":"https:\/\/tanovis.com\/de\/wp-json\/wp\/v2\/users\/1"}],"replies":[{"embeddable":true,"href":"https:\/\/tanovis.com\/de\/wp-json\/wp\/v2\/comments?post=123"}],"version-history":[{"count":54,"href":"https:\/\/tanovis.com\/de\/wp-json\/wp\/v2\/pages\/123\/revisions"}],"predecessor-version":[{"id":887,"href":"https:\/\/tanovis.com\/de\/wp-json\/wp\/v2\/pages\/123\/revisions\/887"}],"wp:featuredmedia":[{"embeddable":true,"href":"https:\/\/tanovis.com\/de\/wp-json\/wp\/v2\/media\/616"}],"wp:attachment":[{"href":"https:\/\/tanovis.com\/de\/wp-json\/wp\/v2\/media?parent=123"}],"curies":[{"name":"wp","href":"https:\/\/api.w.org\/{rel}","templated":true}]}}