{"id":125,"date":"2025-11-19T09:24:02","date_gmt":"2025-11-19T09:24:02","guid":{"rendered":"https:\/\/tanovis.linawang.se\/?page_id=125"},"modified":"2025-12-16T20:23:30","modified_gmt":"2025-12-16T20:23:30","slug":"our-strategy","status":"publish","type":"page","link":"https:\/\/tanovis.com\/de\/our-strategy\/","title":{"rendered":"Unsere Strategie"},"content":{"rendered":"<section\n  class=\"tanovis_sub_hero  sub_hero--bg-dark tanovis\"\n  >\n  <div class=\"hero__media\">\n              <img decoding=\"async\" class=\"hero__bg\" src=\"https:\/\/tanovis.com\/wp-content\/uploads\/2025\/12\/Tanovis-industry-building-16-9-B.jpg\" alt=\"\" \/>\n    \n    <div class=\"hero__symbol-container tanovis\">\n      <div class=\"hero__symbol\">\n                  <img decoding=\"async\" class=\"hero__symbol\" src=\"https:\/\/tanovis.com\/wp-content\/uploads\/2025\/11\/Tanovis-sea-underwater-1-1.jpg\"\n            alt=\"\" \/>\n              <\/div>\n    <\/div>\n  <\/div>\n\n  <div class=\"hero__content container\">\n          <h1 class=\"hero__title title-lg\">Gebaut f\u00fcr kommerzielle Wirkung. In gro\u00dfem Ma\u00dfstab.<\/h1>\n      <\/div>\n<\/section>\n\n\n<section class=\"text container wysiwyg\" id=\"The-platform\" >\n                                      <h2 class=\"text__title fade-up\">\n            Tanovis ist ein Venture-Builder und Plattformunternehmen. Wir schaffen langfristigen Wert durch die Entwicklung von Unternehmen, die eine gemeinsame Grundlage haben: eine gemeinsame ligninbasierte Technologieplattform.          <\/h2>\n                                                  <h3 class=\"text__title fade-up\">\n            Eine Gruppe von Unternehmungen. Eine Plattform.          <\/h3>\n                                                  <div class=\"text__body fade-up\">\n            <p><span style=\"font-weight: 400\">Unsere Vision ist es, Lignin zum Rohstoff von morgen zu machen. Und unsere Strategie ist es, gemeinsam zu bauen. Jedes Tanovis-Unternehmen baut auf derselben wissenschaftlichen und technologischen Grundlage auf, n\u00e4mlich unserer Lignin-Plattform. Dieses integrierte Modell erm\u00f6glicht es jedem Unternehmen, schneller zu wachsen, Erkenntnisse zu teilen und die Gruppe als Ganzes zu st\u00e4rken. Durch die Verkn\u00fcpfung von F&amp;E, Produktion und Marktwissen schaffen wir eine Struktur, die auf Wachstum ausgelegt ist. Und nachhaltige Wirkung.<\/span><\/p>\n          <\/div>\n                    \n<\/section>\n\n\n<section class=\"stacked-texts container  bg-light\" >\n  <h2 class=\"stacked-texts__title body-md\">UNSERE STRATEGISCHEN ZIELE<\/h2>\n  <div class=\"stacked-texts__inner\">\n            <div class=\"stacked-texts__section fade-up\">\n      <h3 class=\"stacked-texts__section-title title-md animate-words\">Unsere Vision<\/h3>\n      <div class=\"stacked-texts__section-text body-md fade-up-delay-600\"><p><span style=\"font-weight: 400;\">Umsetzung bahnbrechender Forschungsergebnisse in kommerziellen Erfolg durch Produktentwicklung, Partnerschaften und Ausgr\u00fcndungen auf der Grundlage von Lignin als Plattform.<\/span><\/p>\n<\/div>\n    <\/div>\n        <div class=\"stacked-texts__section fade-up\">\n      <h3 class=\"stacked-texts__section-title title-md animate-words\">Unser Auftrag<\/h3>\n      <div class=\"stacked-texts__section-text body-md fade-up-delay-600\"><p><span style=\"font-weight: 400;\">Eine Welt, in der L\u00f6sungen auf Ligninbasis Standard sind. Nicht nur aus Gr\u00fcnden der Nachhaltigkeit, sondern auch wegen der Leistung, der Vielseitigkeit und des Wertes, den sie in allen Branchen bieten.<\/span><\/p>\n<\/div>\n    <\/div>\n          <\/div>\n<\/section>\n\n\n<section class=\"text container wysiwyg\" id=\"Triple-imapct\" >\n                                      <h3 class=\"text__title fade-up\">\n            Drei Stufen der Wirkung.          <\/h3>\n                                                  <div class=\"text__body fade-up\">\n            <p><span style=\"font-weight: 400\">Wir schaffen Werte auf drei Ebenen: finanziell, gesellschaftlich und \u00f6kologisch. Finanziell, indem wir skalierbare Unternehmen mit nachgewiesenem kommerziellen Potenzial aufbauen. Gesellschaftlich, indem wir Innovationen vorantreiben, die nachhaltigere Industrien und ein ges\u00fcnderes Leben erm\u00f6glichen. \u00d6kologisch, indem wir begrenzte Ressourcen durch erneuerbare ersetzen und ungenutzte Biomasse in neue Hochleistungsmaterialien umwandeln.<\/span><\/p>\n<p>&nbsp;<\/p>\n<p>&nbsp;<\/p>\n          <\/div>\n                                          <div class=\"text__table fade-up\">\n                          <div class=\"text__table-column\">\n                                                  <p class=\"text__table-header body-md\">UNSER WIRKUNGSMODELL<\/p>\n                                              <\/div>\n                      <\/div>\n                                                  <div class=\"text__image fade-up\">\n            <img loading=\"lazy\" decoding=\"async\" width=\"800\" height=\"600\" src=\"https:\/\/tanovis.com\/wp-content\/uploads\/2025\/12\/Our-impact-model-beige-4-3-800px.jpg\" class=\"text__image-img\" alt=\"\" srcset=\"https:\/\/tanovis.com\/wp-content\/uploads\/2025\/12\/Our-impact-model-beige-4-3-800px.jpg 800w, https:\/\/tanovis.com\/wp-content\/uploads\/2025\/12\/Our-impact-model-beige-4-3-800px-300x225.jpg 300w, https:\/\/tanovis.com\/wp-content\/uploads\/2025\/12\/Our-impact-model-beige-4-3-800px-768x576.jpg 768w\" sizes=\"auto, (max-width: 800px) 100vw, 800px\" \/>          <\/div>\n                    \n<\/section>\n\n\n<section class=\"text container wysiwyg\" >\n                                      <h3 class=\"text__title fade-up\">\n            Unsere Werte          <\/h3>\n                                                  <div class=\"text__body fade-up\">\n            <p><span style=\"font-weight: 400\">Gemeinschaftlich. Wissenschaftlich fundiert. Und von der Wirkung getrieben. Unsere Werte bestimmen, wie wir aufbauen und wachsen: aufgeschlossen, transparent und ergebnisorientiert. Wir sind zielstrebig, arbeiten gemeinsam und schauen immer nach vorn.<\/span><\/p>\n          <\/div>\n                    \n<\/section>\n\n\n<section class=\"marquee\" id=\"Our-values\" >\n      <h2 class=\"marquee__text title-xxl font-alt\">\n      OPEN-MINDED.   TRANSPARENT.   ERGEBNISORIENTIERT.    <\/h2>\n  <\/section>\n\n\n<section class=\"text container wysiwyg\" >\n  \n<\/section>","protected":false},"excerpt":{"rendered":"","protected":false},"author":1,"featured_media":620,"parent":0,"menu_order":0,"comment_status":"closed","ping_status":"closed","template":"","meta":{"_acf_changed":false,"content-type":"","footnotes":""},"class_list":["post-125","page","type-page","status-publish","has-post-thumbnail","hentry"],"acf":[],"yoast_head":"<!-- This site is optimized with the Yoast SEO plugin v26.6 - https:\/\/yoast.com\/wordpress\/plugins\/seo\/ -->\n<title>Our strategy - Tanovis<\/title>\n<meta name=\"description\" content=\"Explore Tanovis\u2019 bioeconomy venture strategy. See how we build sustainable innovation from lignin with a clear, purpose-driven approach that creates real impact.\" \/>\n<meta name=\"robots\" content=\"index, follow, max-snippet:-1, max-image-preview:large, max-video-preview:-1\" \/>\n<link rel=\"canonical\" href=\"https:\/\/tanovis.com\/de\/our-strategy\/\" \/>\n<meta property=\"og:locale\" content=\"de_DE\" \/>\n<meta property=\"og:type\" content=\"article\" \/>\n<meta property=\"og:title\" content=\"Our strategy - Tanovis\" \/>\n<meta property=\"og:description\" content=\"Explore Tanovis\u2019 bioeconomy venture strategy. See how we build sustainable innovation from lignin with a clear, purpose-driven approach that creates real impact.\" \/>\n<meta property=\"og:url\" content=\"https:\/\/tanovis.com\/de\/our-strategy\/\" \/>\n<meta property=\"og:site_name\" content=\"Tanovis\" \/>\n<meta property=\"article:modified_time\" content=\"2025-12-16T20:23:30+00:00\" \/>\n<meta property=\"og:image\" content=\"https:\/\/tanovis.com\/wp-content\/uploads\/2025\/12\/Meta-6.jpg\" \/>\n\t<meta property=\"og:image:width\" content=\"1024\" \/>\n\t<meta property=\"og:image:height\" content=\"768\" \/>\n\t<meta property=\"og:image:type\" content=\"image\/jpeg\" \/>\n<meta name=\"twitter:card\" content=\"summary_large_image\" \/>\n<meta name=\"twitter:label1\" content=\"Gesch\u00e4tzte Lesezeit\" \/>\n\t<meta name=\"twitter:data1\" content=\"2\u00a0Minuten\" \/>\n<script type=\"application\/ld+json\" class=\"yoast-schema-graph\">{\"@context\":\"https:\/\/schema.org\",\"@graph\":[{\"@type\":\"WebPage\",\"@id\":\"https:\/\/tanovis.com\/our-strategy\/\",\"url\":\"https:\/\/tanovis.com\/our-strategy\/\",\"name\":\"Our strategy - Tanovis\",\"isPartOf\":{\"@id\":\"https:\/\/tanovis.com\/#website\"},\"primaryImageOfPage\":{\"@id\":\"https:\/\/tanovis.com\/our-strategy\/#primaryimage\"},\"image\":{\"@id\":\"https:\/\/tanovis.com\/our-strategy\/#primaryimage\"},\"thumbnailUrl\":\"https:\/\/tanovis.com\/wp-content\/uploads\/2025\/12\/Meta-6.jpg\",\"datePublished\":\"2025-11-19T09:24:02+00:00\",\"dateModified\":\"2025-12-16T20:23:30+00:00\",\"description\":\"Explore Tanovis\u2019 bioeconomy venture strategy. See how we build sustainable innovation from lignin with a clear, purpose-driven approach that creates real impact.\",\"breadcrumb\":{\"@id\":\"https:\/\/tanovis.com\/our-strategy\/#breadcrumb\"},\"inLanguage\":\"de\",\"potentialAction\":[{\"@type\":\"ReadAction\",\"target\":[\"https:\/\/tanovis.com\/our-strategy\/\"]}]},{\"@type\":\"ImageObject\",\"inLanguage\":\"de\",\"@id\":\"https:\/\/tanovis.com\/our-strategy\/#primaryimage\",\"url\":\"https:\/\/tanovis.com\/wp-content\/uploads\/2025\/12\/Meta-6.jpg\",\"contentUrl\":\"https:\/\/tanovis.com\/wp-content\/uploads\/2025\/12\/Meta-6.jpg\",\"width\":1024,\"height\":768},{\"@type\":\"BreadcrumbList\",\"@id\":\"https:\/\/tanovis.com\/our-strategy\/#breadcrumb\",\"itemListElement\":[{\"@type\":\"ListItem\",\"position\":1,\"name\":\"Home\",\"item\":\"https:\/\/tanovis.com\/\"},{\"@type\":\"ListItem\",\"position\":2,\"name\":\"Our strategy\"}]},{\"@type\":\"WebSite\",\"@id\":\"https:\/\/tanovis.com\/#website\",\"url\":\"https:\/\/tanovis.com\/\",\"name\":\"Tanovis\",\"description\":\"Building lignin ventures\",\"potentialAction\":[{\"@type\":\"SearchAction\",\"target\":{\"@type\":\"EntryPoint\",\"urlTemplate\":\"https:\/\/tanovis.com\/?s={search_term_string}\"},\"query-input\":{\"@type\":\"PropertyValueSpecification\",\"valueRequired\":true,\"valueName\":\"search_term_string\"}}],\"inLanguage\":\"de\"}]}<\/script>\n<!-- \/ Yoast SEO plugin. -->","yoast_head_json":{"title":"Our strategy - Tanovis","description":"Explore Tanovis\u2019 bioeconomy venture strategy. See how we build sustainable innovation from lignin with a clear, purpose-driven approach that creates real impact.","robots":{"index":"index","follow":"follow","max-snippet":"max-snippet:-1","max-image-preview":"max-image-preview:large","max-video-preview":"max-video-preview:-1"},"canonical":"https:\/\/tanovis.com\/de\/our-strategy\/","og_locale":"de_DE","og_type":"article","og_title":"Our strategy - Tanovis","og_description":"Explore Tanovis\u2019 bioeconomy venture strategy. See how we build sustainable innovation from lignin with a clear, purpose-driven approach that creates real impact.","og_url":"https:\/\/tanovis.com\/de\/our-strategy\/","og_site_name":"Tanovis","article_modified_time":"2025-12-16T20:23:30+00:00","og_image":[{"width":1024,"height":768,"url":"https:\/\/tanovis.com\/wp-content\/uploads\/2025\/12\/Meta-6.jpg","type":"image\/jpeg"}],"twitter_card":"summary_large_image","twitter_misc":{"Gesch\u00e4tzte Lesezeit":"2\u00a0Minuten"},"schema":{"@context":"https:\/\/schema.org","@graph":[{"@type":"WebPage","@id":"https:\/\/tanovis.com\/our-strategy\/","url":"https:\/\/tanovis.com\/our-strategy\/","name":"Our strategy - Tanovis","isPartOf":{"@id":"https:\/\/tanovis.com\/#website"},"primaryImageOfPage":{"@id":"https:\/\/tanovis.com\/our-strategy\/#primaryimage"},"image":{"@id":"https:\/\/tanovis.com\/our-strategy\/#primaryimage"},"thumbnailUrl":"https:\/\/tanovis.com\/wp-content\/uploads\/2025\/12\/Meta-6.jpg","datePublished":"2025-11-19T09:24:02+00:00","dateModified":"2025-12-16T20:23:30+00:00","description":"Explore Tanovis\u2019 bioeconomy venture strategy. See how we build sustainable innovation from lignin with a clear, purpose-driven approach that creates real impact.","breadcrumb":{"@id":"https:\/\/tanovis.com\/our-strategy\/#breadcrumb"},"inLanguage":"de","potentialAction":[{"@type":"ReadAction","target":["https:\/\/tanovis.com\/our-strategy\/"]}]},{"@type":"ImageObject","inLanguage":"de","@id":"https:\/\/tanovis.com\/our-strategy\/#primaryimage","url":"https:\/\/tanovis.com\/wp-content\/uploads\/2025\/12\/Meta-6.jpg","contentUrl":"https:\/\/tanovis.com\/wp-content\/uploads\/2025\/12\/Meta-6.jpg","width":1024,"height":768},{"@type":"BreadcrumbList","@id":"https:\/\/tanovis.com\/our-strategy\/#breadcrumb","itemListElement":[{"@type":"ListItem","position":1,"name":"Home","item":"https:\/\/tanovis.com\/"},{"@type":"ListItem","position":2,"name":"Our strategy"}]},{"@type":"WebSite","@id":"https:\/\/tanovis.com\/#website","url":"https:\/\/tanovis.com\/","name":"Tanovis","description":"Aufbau von Lignin-Unternehmen","potentialAction":[{"@type":"SearchAction","target":{"@type":"EntryPoint","urlTemplate":"https:\/\/tanovis.com\/?s={search_term_string}"},"query-input":{"@type":"PropertyValueSpecification","valueRequired":true,"valueName":"search_term_string"}}],"inLanguage":"de"}]}},"_links":{"self":[{"href":"https:\/\/tanovis.com\/de\/wp-json\/wp\/v2\/pages\/125","targetHints":{"allow":["GET"]}}],"collection":[{"href":"https:\/\/tanovis.com\/de\/wp-json\/wp\/v2\/pages"}],"about":[{"href":"https:\/\/tanovis.com\/de\/wp-json\/wp\/v2\/types\/page"}],"author":[{"embeddable":true,"href":"https:\/\/tanovis.com\/de\/wp-json\/wp\/v2\/users\/1"}],"replies":[{"embeddable":true,"href":"https:\/\/tanovis.com\/de\/wp-json\/wp\/v2\/comments?post=125"}],"version-history":[{"count":47,"href":"https:\/\/tanovis.com\/de\/wp-json\/wp\/v2\/pages\/125\/revisions"}],"predecessor-version":[{"id":889,"href":"https:\/\/tanovis.com\/de\/wp-json\/wp\/v2\/pages\/125\/revisions\/889"}],"wp:featuredmedia":[{"embeddable":true,"href":"https:\/\/tanovis.com\/de\/wp-json\/wp\/v2\/media\/620"}],"wp:attachment":[{"href":"https:\/\/tanovis.com\/de\/wp-json\/wp\/v2\/media?parent=125"}],"curies":[{"name":"wp","href":"https:\/\/api.w.org\/{rel}","templated":true}]}}