{"id":129,"date":"2025-11-19T09:26:54","date_gmt":"2025-11-19T09:26:54","guid":{"rendered":"https:\/\/tanovis.linawang.se\/?page_id=129"},"modified":"2025-12-16T20:19:32","modified_gmt":"2025-12-16T20:19:32","slug":"partnerships","status":"publish","type":"page","link":"https:\/\/tanovis.com\/de\/partnerships\/","title":{"rendered":"Unsere Partnerschaften"},"content":{"rendered":"<section\n  class=\"tanovis_sub_hero  sub_hero--bg-default tanovis\"\n  >\n  <div class=\"hero__media\">\n              <img decoding=\"async\" class=\"hero__bg\" src=\"https:\/\/tanovis.com\/wp-content\/uploads\/2025\/11\/Tanovis-field-farmer-16-9.jpg\" alt=\"\" \/>\n    \n    <div class=\"hero__symbol-container tanovis\">\n      <div class=\"hero__symbol\">\n                  <img decoding=\"async\" class=\"hero__symbol\" src=\"https:\/\/tanovis.com\/wp-content\/uploads\/2025\/11\/Tanovis-street-9-16.jpg\"\n            alt=\"\" \/>\n              <\/div>\n    <\/div>\n  <\/div>\n\n  <div class=\"hero__content container\">\n          <h1 class=\"hero__title title-lg\">Aufbau einer breiteren Bewegung.<\/h1>\n      <\/div>\n<\/section>\n\n\n<section class=\"text container wysiwyg\" id=\"Lignopure\" >\n                                      <h2 class=\"text__title fade-up\">\n            Neben unseren eigenen Unternehmungen arbeiten wir mit Unternehmen zusammen, die Lignin-Innovationen vorantreiben, und investieren in diese. Diese Partnerschaften erweitern die Reichweite unserer Plattform auf neue Sektoren der Bio\u00f6konomie          <\/h2>\n                    \n<\/section>\n\n\n<section class=\"text container wysiwyg\" id=\"Lignopure\" >\n                                      <div class=\"text__image fade-up\">\n            <img loading=\"lazy\" decoding=\"async\" width=\"800\" height=\"600\" src=\"https:\/\/tanovis.com\/wp-content\/uploads\/2025\/12\/Lignopure-image-800.jpg\" class=\"text__image-img\" alt=\"\" srcset=\"https:\/\/tanovis.com\/wp-content\/uploads\/2025\/12\/Lignopure-image-800.jpg 800w, https:\/\/tanovis.com\/wp-content\/uploads\/2025\/12\/Lignopure-image-800-300x225.jpg 300w, https:\/\/tanovis.com\/wp-content\/uploads\/2025\/12\/Lignopure-image-800-768x576.jpg 768w\" sizes=\"auto, (max-width: 800px) 100vw, 800px\" \/>          <\/div>\n                                                  <h3 class=\"text__title fade-up\">\n            Lignopure          <\/h3>\n                                                  <div class=\"text__body fade-up\">\n            <p><span style=\"font-weight: 400\">Lignopure ist ein in Hamburg ans\u00e4ssiges Materialtechnologieunternehmen, das biobasierte Pulver und Partikel aus Lignin f\u00fcr Anwendungen in den Bereichen Kosmetik, Gesundheit und Materialwissenschaft entwickelt. Ihr Ansatz erg\u00e4nzt die Tanovis-Plattform, indem sie die nat\u00fcrliche Funktionalit\u00e4t von Lignin in eine greifbare Produktleistung umwandelt. Wir halten eine strategische Beteiligung an Lignopure und arbeiten eng zusammen, um hochreine Ligninanwendungen voranzutreiben und die gemeinsamen Ambitionen f\u00fcr eine skalierbare, kommerzielle Wirkung innerhalb der Kreislauf-Bio\u00f6konomie zu unterst\u00fctzen.<\/span><\/p>\n<p>&nbsp;<\/p>\n<p><em><a href=\"https:\/\/www.lignopure.com\/\">Website besuchen<\/a><\/em><\/p>\n          <\/div>\n                    \n<\/section>\n\n\n<section class=\"text container wysiwyg\" id=\"Fibenol\" >\n                                      <div class=\"text__image fade-up\">\n            <img loading=\"lazy\" decoding=\"async\" width=\"800\" height=\"600\" src=\"https:\/\/tanovis.com\/wp-content\/uploads\/2025\/12\/Fibenol-image-800.jpg\" class=\"text__image-img\" alt=\"\" srcset=\"https:\/\/tanovis.com\/wp-content\/uploads\/2025\/12\/Fibenol-image-800.jpg 800w, https:\/\/tanovis.com\/wp-content\/uploads\/2025\/12\/Fibenol-image-800-300x225.jpg 300w, https:\/\/tanovis.com\/wp-content\/uploads\/2025\/12\/Fibenol-image-800-768x576.jpg 768w\" sizes=\"auto, (max-width: 800px) 100vw, 800px\" \/>          <\/div>\n                                                  <h3 class=\"text__title fade-up\">\n            Fibenol          <\/h3>\n                                                  <div class=\"text__body fade-up\">\n            <p><span style=\"font-weight: 400\">Tanovis hat sich mit Fibenol Imavere O\u00dc zusammengeschlossen, um die kommerzielle Nutzung von Lignin zu beschleunigen. Bei der Zusammenarbeit geht es darum, \u00fcber das Potenzial hinaus in die Praxis zu gehen. Durch unsere Zusammenarbeit wollen wir die Komplexit\u00e4t rund um Lignin in den Griff bekommen und seine Rolle bei der F\u00f6rderung der Defossilisierung in allen Wertsch\u00f6pfungsketten beschleunigen. <\/span><span style=\"font-weight: 400\">Die Zusammenarbeit mit Fibenol erm\u00f6glicht es uns, das wissenschaftliche Versprechen von Lignin in marktreife L\u00f6sungen umzusetzen. Durch die verschiedenen Tochtergesellschaften von Tanovis und ihre gemeinsamen Bem\u00fchungen zielt diese Partnerschaft darauf ab, Kunden und Branchen, die nach fossilfreien Alternativen suchen, greifbare Nachhaltigkeitsvorteile zu bieten.<\/span><\/p>\n<p>&nbsp;<\/p>\n<p><a href=\"https:\/\/fibenol.com\/news\/fibenol-and-tanovis-partner-to-advance-commercial-applications-of-lignin\">Mehr lesen<\/a><\/p>\n          <\/div>\n                    \n<\/section>\n\n\n<section class=\"text container wysiwyg\" id=\"Collaborations\" >\n                                      <h3 class=\"text__title fade-up\">\n            Ein umfangreiches Netz von Mitarbeitern.          <\/h3>\n                                                  <div class=\"text__body fade-up\">\n            <p><span style=\"font-weight: 400\">Von Bioraffinerien und Faserherstellern bis hin zu bahnbrechenden Technologie-Start-ups und Universit\u00e4ten: Wir arbeiten aktiv mit einem breiten Netzwerk von Partnern zusammen, die die Zukunft von Lignin gestalten. Dazu geh\u00f6ren Red Leaf Pulp in Kanada, Fibenol in Estland und NordFuel in Finnland.  Jede Partnerschaft bringt einzigartiges Fachwissen, Ressourcen und Einblicke mit sich, die Lignin vom Nebenprodukt zum Eckpfeiler des Materials machen.<\/span><\/p>\n          <\/div>\n                    \n<\/section>\n\n\n<section class=\"text container wysiwyg\" >\n  \n<\/section>","protected":false},"excerpt":{"rendered":"","protected":false},"author":1,"featured_media":618,"parent":0,"menu_order":0,"comment_status":"closed","ping_status":"closed","template":"","meta":{"_acf_changed":false,"content-type":"","footnotes":""},"class_list":["post-129","page","type-page","status-publish","has-post-thumbnail","hentry"],"acf":[],"yoast_head":"<!-- This site is optimized with the Yoast SEO plugin v26.6 - https:\/\/yoast.com\/wordpress\/plugins\/seo\/ -->\n<title>Our Partnerships - Tanovis<\/title>\n<meta name=\"description\" content=\"Explore bioeconomy partnerships with Tanovis. Collaborate with us to co-create sustainable ventures, drive innovation and bring real-world lignin solutions to life.\" \/>\n<meta name=\"robots\" content=\"index, follow, max-snippet:-1, max-image-preview:large, max-video-preview:-1\" \/>\n<link rel=\"canonical\" href=\"https:\/\/tanovis.com\/de\/partnerships\/\" \/>\n<meta property=\"og:locale\" content=\"de_DE\" \/>\n<meta property=\"og:type\" content=\"article\" \/>\n<meta property=\"og:title\" content=\"Our Partnerships - Tanovis\" \/>\n<meta property=\"og:description\" content=\"Explore bioeconomy partnerships with Tanovis. Collaborate with us to co-create sustainable ventures, drive innovation and bring real-world lignin solutions to life.\" \/>\n<meta property=\"og:url\" content=\"https:\/\/tanovis.com\/de\/partnerships\/\" \/>\n<meta property=\"og:site_name\" content=\"Tanovis\" \/>\n<meta property=\"article:modified_time\" content=\"2025-12-16T20:19:32+00:00\" \/>\n<meta property=\"og:image\" content=\"https:\/\/tanovis.com\/wp-content\/uploads\/2025\/12\/Meta-4.jpg\" \/>\n\t<meta property=\"og:image:width\" content=\"1024\" \/>\n\t<meta property=\"og:image:height\" content=\"768\" \/>\n\t<meta property=\"og:image:type\" content=\"image\/jpeg\" \/>\n<meta name=\"twitter:card\" content=\"summary_large_image\" \/>\n<meta name=\"twitter:label1\" content=\"Gesch\u00e4tzte Lesezeit\" \/>\n\t<meta name=\"twitter:data1\" content=\"2\u00a0Minuten\" \/>\n<script type=\"application\/ld+json\" class=\"yoast-schema-graph\">{\"@context\":\"https:\/\/schema.org\",\"@graph\":[{\"@type\":\"WebPage\",\"@id\":\"https:\/\/tanovis.com\/partnerships\/\",\"url\":\"https:\/\/tanovis.com\/partnerships\/\",\"name\":\"Our Partnerships - Tanovis\",\"isPartOf\":{\"@id\":\"https:\/\/tanovis.com\/#website\"},\"primaryImageOfPage\":{\"@id\":\"https:\/\/tanovis.com\/partnerships\/#primaryimage\"},\"image\":{\"@id\":\"https:\/\/tanovis.com\/partnerships\/#primaryimage\"},\"thumbnailUrl\":\"https:\/\/tanovis.com\/wp-content\/uploads\/2025\/12\/Meta-4.jpg\",\"datePublished\":\"2025-11-19T09:26:54+00:00\",\"dateModified\":\"2025-12-16T20:19:32+00:00\",\"description\":\"Explore bioeconomy partnerships with Tanovis. Collaborate with us to co-create sustainable ventures, drive innovation and bring real-world lignin solutions to life.\",\"breadcrumb\":{\"@id\":\"https:\/\/tanovis.com\/partnerships\/#breadcrumb\"},\"inLanguage\":\"de\",\"potentialAction\":[{\"@type\":\"ReadAction\",\"target\":[\"https:\/\/tanovis.com\/partnerships\/\"]}]},{\"@type\":\"ImageObject\",\"inLanguage\":\"de\",\"@id\":\"https:\/\/tanovis.com\/partnerships\/#primaryimage\",\"url\":\"https:\/\/tanovis.com\/wp-content\/uploads\/2025\/12\/Meta-4.jpg\",\"contentUrl\":\"https:\/\/tanovis.com\/wp-content\/uploads\/2025\/12\/Meta-4.jpg\",\"width\":1024,\"height\":768},{\"@type\":\"BreadcrumbList\",\"@id\":\"https:\/\/tanovis.com\/partnerships\/#breadcrumb\",\"itemListElement\":[{\"@type\":\"ListItem\",\"position\":1,\"name\":\"Home\",\"item\":\"https:\/\/tanovis.com\/\"},{\"@type\":\"ListItem\",\"position\":2,\"name\":\"Our Partnerships\"}]},{\"@type\":\"WebSite\",\"@id\":\"https:\/\/tanovis.com\/#website\",\"url\":\"https:\/\/tanovis.com\/\",\"name\":\"Tanovis\",\"description\":\"Building lignin ventures\",\"potentialAction\":[{\"@type\":\"SearchAction\",\"target\":{\"@type\":\"EntryPoint\",\"urlTemplate\":\"https:\/\/tanovis.com\/?s={search_term_string}\"},\"query-input\":{\"@type\":\"PropertyValueSpecification\",\"valueRequired\":true,\"valueName\":\"search_term_string\"}}],\"inLanguage\":\"de\"}]}<\/script>\n<!-- \/ Yoast SEO plugin. -->","yoast_head_json":{"title":"Our Partnerships - Tanovis","description":"Explore bioeconomy partnerships with Tanovis. Collaborate with us to co-create sustainable ventures, drive innovation and bring real-world lignin solutions to life.","robots":{"index":"index","follow":"follow","max-snippet":"max-snippet:-1","max-image-preview":"max-image-preview:large","max-video-preview":"max-video-preview:-1"},"canonical":"https:\/\/tanovis.com\/de\/partnerships\/","og_locale":"de_DE","og_type":"article","og_title":"Our Partnerships - Tanovis","og_description":"Explore bioeconomy partnerships with Tanovis. Collaborate with us to co-create sustainable ventures, drive innovation and bring real-world lignin solutions to life.","og_url":"https:\/\/tanovis.com\/de\/partnerships\/","og_site_name":"Tanovis","article_modified_time":"2025-12-16T20:19:32+00:00","og_image":[{"width":1024,"height":768,"url":"https:\/\/tanovis.com\/wp-content\/uploads\/2025\/12\/Meta-4.jpg","type":"image\/jpeg"}],"twitter_card":"summary_large_image","twitter_misc":{"Gesch\u00e4tzte Lesezeit":"2\u00a0Minuten"},"schema":{"@context":"https:\/\/schema.org","@graph":[{"@type":"WebPage","@id":"https:\/\/tanovis.com\/partnerships\/","url":"https:\/\/tanovis.com\/partnerships\/","name":"Our Partnerships - Tanovis","isPartOf":{"@id":"https:\/\/tanovis.com\/#website"},"primaryImageOfPage":{"@id":"https:\/\/tanovis.com\/partnerships\/#primaryimage"},"image":{"@id":"https:\/\/tanovis.com\/partnerships\/#primaryimage"},"thumbnailUrl":"https:\/\/tanovis.com\/wp-content\/uploads\/2025\/12\/Meta-4.jpg","datePublished":"2025-11-19T09:26:54+00:00","dateModified":"2025-12-16T20:19:32+00:00","description":"Explore bioeconomy partnerships with Tanovis. Collaborate with us to co-create sustainable ventures, drive innovation and bring real-world lignin solutions to life.","breadcrumb":{"@id":"https:\/\/tanovis.com\/partnerships\/#breadcrumb"},"inLanguage":"de","potentialAction":[{"@type":"ReadAction","target":["https:\/\/tanovis.com\/partnerships\/"]}]},{"@type":"ImageObject","inLanguage":"de","@id":"https:\/\/tanovis.com\/partnerships\/#primaryimage","url":"https:\/\/tanovis.com\/wp-content\/uploads\/2025\/12\/Meta-4.jpg","contentUrl":"https:\/\/tanovis.com\/wp-content\/uploads\/2025\/12\/Meta-4.jpg","width":1024,"height":768},{"@type":"BreadcrumbList","@id":"https:\/\/tanovis.com\/partnerships\/#breadcrumb","itemListElement":[{"@type":"ListItem","position":1,"name":"Home","item":"https:\/\/tanovis.com\/"},{"@type":"ListItem","position":2,"name":"Our Partnerships"}]},{"@type":"WebSite","@id":"https:\/\/tanovis.com\/#website","url":"https:\/\/tanovis.com\/","name":"Tanovis","description":"Aufbau von Lignin-Unternehmen","potentialAction":[{"@type":"SearchAction","target":{"@type":"EntryPoint","urlTemplate":"https:\/\/tanovis.com\/?s={search_term_string}"},"query-input":{"@type":"PropertyValueSpecification","valueRequired":true,"valueName":"search_term_string"}}],"inLanguage":"de"}]}},"_links":{"self":[{"href":"https:\/\/tanovis.com\/de\/wp-json\/wp\/v2\/pages\/129","targetHints":{"allow":["GET"]}}],"collection":[{"href":"https:\/\/tanovis.com\/de\/wp-json\/wp\/v2\/pages"}],"about":[{"href":"https:\/\/tanovis.com\/de\/wp-json\/wp\/v2\/types\/page"}],"author":[{"embeddable":true,"href":"https:\/\/tanovis.com\/de\/wp-json\/wp\/v2\/users\/1"}],"replies":[{"embeddable":true,"href":"https:\/\/tanovis.com\/de\/wp-json\/wp\/v2\/comments?post=129"}],"version-history":[{"count":33,"href":"https:\/\/tanovis.com\/de\/wp-json\/wp\/v2\/pages\/129\/revisions"}],"predecessor-version":[{"id":877,"href":"https:\/\/tanovis.com\/de\/wp-json\/wp\/v2\/pages\/129\/revisions\/877"}],"wp:featuredmedia":[{"embeddable":true,"href":"https:\/\/tanovis.com\/de\/wp-json\/wp\/v2\/media\/618"}],"wp:attachment":[{"href":"https:\/\/tanovis.com\/de\/wp-json\/wp\/v2\/media?parent=129"}],"curies":[{"name":"wp","href":"https:\/\/api.w.org\/{rel}","templated":true}]}}