{"id":131,"date":"2025-11-19T09:27:25","date_gmt":"2025-11-19T09:27:25","guid":{"rendered":"https:\/\/tanovis.linawang.se\/?page_id=131"},"modified":"2025-12-16T20:21:33","modified_gmt":"2025-12-16T20:21:33","slug":"our-story","status":"publish","type":"page","link":"https:\/\/tanovis.com\/de\/our-story\/","title":{"rendered":"Unsere Geschichte"},"content":{"rendered":"<section\n  class=\"tanovis_sub_hero  sub_hero--bg-dark tanovis\"\n  >\n  <div class=\"hero__media\">\n              <img decoding=\"async\" class=\"hero__bg\" src=\"https:\/\/tanovis.com\/wp-content\/uploads\/2025\/11\/tanovis-field-animals-16-9.jpg\" alt=\"\" \/>\n    \n    <div class=\"hero__symbol-container tanovis\">\n      <div class=\"hero__symbol\">\n                  <img decoding=\"async\" class=\"hero__symbol\" src=\"https:\/\/tanovis.com\/wp-content\/uploads\/2025\/11\/Tanovis-city-9-16.jpg\"\n            alt=\"\" \/>\n              <\/div>\n    <\/div>\n  <\/div>\n\n  <div class=\"hero__content container\">\n          <h1 class=\"hero__title title-lg\">Bau der Materialien von morgen.<\/h1>\n      <\/div>\n<\/section>\n\n\n<section class=\"text container wysiwyg\" >\n                                      <h2 class=\"text__title fade-up\">\n            Von der Ligninchemie bis zu biobasierten Unternehmungen. Tanovis hat schon immer f\u00fcr das Kommende gebaut. Unsere Reise begann mit dem Glauben an das Potenzial des nat\u00fcrlichen Polymers und entwickelte sich zu einer Plattform, die an der Spitze der biobasierten Wirtschaft steht.          <\/h2>\n                    \n<\/section>\n\n\n<section class=\"timeline container  bg-default\" id=\"timeline\" >\n  <h2 class=\"timeline__title\">Wichtige Meilensteine<\/h2>\n  <div class=\"timeline__inner\">\n          <div class=\"timeline__item\">\n        <h3 class=\"timeline__item-title title-xxl animate-letters\">2025<\/h3>\n        <div class=\"timeline__item-text body-md fade-up-delay-600\"><h3><b>Bereit zum Skalieren<\/b><\/h3>\n<p>Die Tanovis-Gruppe ist branchen- und markt\u00fcbergreifend f\u00fchrend bei Innovationen auf Ligninbasis.<\/p>\n<\/div>\n      <\/div>\n          <div class=\"timeline__item\">\n        <h3 class=\"timeline__item-title title-xxl animate-letters\">2023<\/h3>\n        <div class=\"timeline__item-text body-md fade-up-delay-600\"><h3><b>Neue Allianzen<\/b><\/h3>\n<p><span style=\"font-weight: 400;\">Gr\u00fcndung von Partnerschaften mit Lignopure und Red Leaf Pulp zur Beschleunigung der Einf\u00fchrung.<\/span><\/p>\n<\/div>\n      <\/div>\n          <div class=\"timeline__item\">\n        <h3 class=\"timeline__item-title title-xxl animate-letters\">2020<\/h3>\n        <div class=\"timeline__item-text body-md fade-up-delay-600\"><h3><b>Erweiterung der Plattform<\/b><\/h3>\n<p><span style=\"font-weight: 400;\">Gr\u00fcndung der neuen Unternehmen PLT Innovations und Siranius in den Bereichen Materialien und menschliche Ern\u00e4hrung.<\/span><\/p>\n<\/div>\n      <\/div>\n          <div class=\"timeline__item\">\n        <h3 class=\"timeline__item-title title-xxl animate-letters\">2017<\/h3>\n        <div class=\"timeline__item-text body-md fade-up-delay-600\"><h3><b>Tanovis wird geboren<\/b><\/h3>\n<p><span style=\"font-weight: 400;\">Gr\u00fcndung der Tanovis AG zum Aufbau biobasierter Unternehmen in gro\u00dfem Ma\u00dfstab.<\/span><\/p>\n<\/div>\n      <\/div>\n          <div class=\"timeline__item\">\n        <h3 class=\"timeline__item-title title-xxl animate-letters\">2016<\/h3>\n        <div class=\"timeline__item-text body-md fade-up-delay-600\"><h3><b>Plattform f\u00fcr Innovation<\/b><\/h3>\n<p><span style=\"font-weight: 400;\">Vorbereitung des \u00dcbergangs von GreenValue zu einer breiteren Innovationsplattform.<\/span><\/p>\n<\/div>\n      <\/div>\n          <div class=\"timeline__item\">\n        <h3 class=\"timeline__item-title title-xxl animate-letters\">2008<\/h3>\n        <div class=\"timeline__item-text body-md fade-up-delay-600\"><h3><b>Erstes Unternehmen<\/b><\/h3>\n<p><span style=\"font-weight: 400;\">Start von Phytaxis zur Entwicklung von schwefelfreiem Lignin f\u00fcr die Tiergesundheit.<\/span><\/p>\n<\/div>\n      <\/div>\n          <div class=\"timeline__item\">\n        <h3 class=\"timeline__item-title title-xxl animate-letters\">2006<\/h3>\n        <div class=\"timeline__item-text body-md fade-up-delay-600\"><h3><b>Europ\u00e4ische Kooperationen<\/b><\/h3>\n<p><span style=\"font-weight: 400;\">Teilnahme an EU-Programmen zur Erforschung von Lignin und Biomasse in der Materialwissenschaft.<\/span><\/p>\n<\/div>\n      <\/div>\n          <div class=\"timeline__item\">\n        <h3 class=\"timeline__item-title title-xxl animate-letters\">2005<\/h3>\n        <div class=\"timeline__item-text body-md fade-up-delay-600\"><h3><b>Konzeptnachweis<\/b><\/h3>\n<p><span style=\"font-weight: 400;\">Einf\u00fchrung von Protobind\u00ae, Validierung von industriellen Anwendungen auf Ligninbasis.<\/span><\/p>\n<\/div>\n      <\/div>\n          <div class=\"timeline__item\">\n        <h3 class=\"timeline__item-title title-xxl animate-letters\">2004<\/h3>\n        <div class=\"timeline__item-text body-md fade-up-delay-600\"><h3><b>Der Anfang<\/b><\/h3>\n<p><span style=\"font-weight: 400;\">Er gr\u00fcndete das Forschungsunternehmen GreenValue und errichtete eine Industrieanlage in Indien, um das industrielle Potenzial von Lignin zu erschlie\u00dfen.<\/span><\/p>\n<\/div>\n      <\/div>\n    <\/section>\n\n\n<section class=\"quote   bg-default\" >\n    <img decoding=\"async\" class=\"quote__bg\" src=\"https:\/\/tanovis.com\/wp-content\/uploads\/2025\/11\/Tanovis-wheat-field-16-9.jpg\" alt=\"\" \/>\n  \n  <div class=\"container\">\n        <h3 class=\"quote__text animate-lines title-lg\">\n      \u201cNach einer Karriere in der Finanzbranche wollte ich etwas Greifbares schaffen - ein Produkt, das ich anfassen kann und das einen echten Beitrag zur Nachhaltigkeit leistet.\u201d    <\/h3>\n        <p class=\"quote__source font-heading body-lg fade-up\">Charles J. Walser, CEO &amp; Mitbegr\u00fcnder Tanovis AG<\/p>\n          <\/div>\n\n<\/section>\n\n\n<section class=\"text container wysiwyg\" id=\"production\" >\n                                      <h3 class=\"text__title fade-up\">\n            Ligninproduktion durch Greencone           <\/h3>\n                                                  <div class=\"text__body fade-up\">\n            <blockquote><p>Greencone, unser Joint-Venture-Unternehmen in Indien mit einem Partner aus der Papierindustrie, wendet die firmeneigene Lignin-Technologie von Tanovis an, die in zwei Jahrzehnten entwickelt und optimiert wurde, um verschiedene Biomasse-Rohstoffe zu verwerten. Durch enge technische Zusammenarbeit optimieren unsere Teams kontinuierlich die Prozesseffizienz und -leistung und st\u00e4rken damit unser gemeinsames Engagement f\u00fcr skalierbare, nachhaltige biobasierte Materialien.<b><\/b><\/p><\/blockquote>\n          <\/div>\n                    \n<\/section>\n\n\n<section\n  class=\"tanovis_sub_hero  sub_hero--bg-default none\"\n  >\n  <div class=\"hero__media\">\n          <video class=\"hero__video\" src=\"https:\/\/tanovis.com\/wp-content\/uploads\/2025\/11\/Tanovis_17sek.mp4\" autoplay muted loop playsinline><\/video>\n        \n    <div class=\"hero__symbol-container none\">\n      <div class=\"hero__symbol\">\n              <\/div>\n    <\/div>\n  <\/div>\n\n  <div class=\"hero__content container\">\n      <\/div>\n<\/section>\n\n\n<section class=\"text container wysiwyg\" >\n  \n<\/section>","protected":false},"excerpt":{"rendered":"","protected":false},"author":1,"featured_media":623,"parent":0,"menu_order":0,"comment_status":"closed","ping_status":"closed","template":"","meta":{"_acf_changed":false,"content-type":"","footnotes":""},"class_list":["post-131","page","type-page","status-publish","has-post-thumbnail","hentry"],"acf":[],"yoast_head":"<!-- This site is optimized with the Yoast SEO plugin v26.6 - https:\/\/yoast.com\/wordpress\/plugins\/seo\/ -->\n<title>Our story - Tanovis<\/title>\n<meta name=\"description\" content=\"Discover the story behind Tanovis \u2014 a bioeconomy venture builder shaping sustainable innovation from lignin. Learn why we exist and the impact we\u2019re creating.\" \/>\n<meta name=\"robots\" content=\"index, follow, max-snippet:-1, max-image-preview:large, max-video-preview:-1\" \/>\n<link rel=\"canonical\" href=\"https:\/\/tanovis.com\/de\/our-story\/\" \/>\n<meta property=\"og:locale\" content=\"de_DE\" \/>\n<meta property=\"og:type\" content=\"article\" \/>\n<meta property=\"og:title\" content=\"Our story - Tanovis\" \/>\n<meta property=\"og:description\" content=\"Discover the story behind Tanovis \u2014 a bioeconomy venture builder shaping sustainable innovation from lignin. Learn why we exist and the impact we\u2019re creating.\" \/>\n<meta property=\"og:url\" content=\"https:\/\/tanovis.com\/de\/our-story\/\" \/>\n<meta property=\"og:site_name\" content=\"Tanovis\" \/>\n<meta property=\"article:modified_time\" content=\"2025-12-16T20:21:33+00:00\" \/>\n<meta property=\"og:image\" content=\"https:\/\/tanovis.com\/wp-content\/uploads\/2025\/12\/Meta-9.jpg\" \/>\n\t<meta property=\"og:image:width\" content=\"1024\" \/>\n\t<meta property=\"og:image:height\" content=\"768\" \/>\n\t<meta property=\"og:image:type\" content=\"image\/jpeg\" \/>\n<meta name=\"twitter:card\" content=\"summary_large_image\" \/>\n<meta name=\"twitter:label1\" content=\"Gesch\u00e4tzte Lesezeit\" \/>\n\t<meta name=\"twitter:data1\" content=\"2\u00a0Minuten\" \/>\n<script type=\"application\/ld+json\" class=\"yoast-schema-graph\">{\"@context\":\"https:\/\/schema.org\",\"@graph\":[{\"@type\":\"WebPage\",\"@id\":\"https:\/\/tanovis.com\/our-story\/\",\"url\":\"https:\/\/tanovis.com\/our-story\/\",\"name\":\"Our story - Tanovis\",\"isPartOf\":{\"@id\":\"https:\/\/tanovis.com\/#website\"},\"primaryImageOfPage\":{\"@id\":\"https:\/\/tanovis.com\/our-story\/#primaryimage\"},\"image\":{\"@id\":\"https:\/\/tanovis.com\/our-story\/#primaryimage\"},\"thumbnailUrl\":\"https:\/\/tanovis.com\/wp-content\/uploads\/2025\/12\/Meta-9.jpg\",\"datePublished\":\"2025-11-19T09:27:25+00:00\",\"dateModified\":\"2025-12-16T20:21:33+00:00\",\"description\":\"Discover the story behind Tanovis \u2014 a bioeconomy venture builder shaping sustainable innovation from lignin. Learn why we exist and the impact we\u2019re creating.\",\"breadcrumb\":{\"@id\":\"https:\/\/tanovis.com\/our-story\/#breadcrumb\"},\"inLanguage\":\"de\",\"potentialAction\":[{\"@type\":\"ReadAction\",\"target\":[\"https:\/\/tanovis.com\/our-story\/\"]}]},{\"@type\":\"ImageObject\",\"inLanguage\":\"de\",\"@id\":\"https:\/\/tanovis.com\/our-story\/#primaryimage\",\"url\":\"https:\/\/tanovis.com\/wp-content\/uploads\/2025\/12\/Meta-9.jpg\",\"contentUrl\":\"https:\/\/tanovis.com\/wp-content\/uploads\/2025\/12\/Meta-9.jpg\",\"width\":1024,\"height\":768},{\"@type\":\"BreadcrumbList\",\"@id\":\"https:\/\/tanovis.com\/our-story\/#breadcrumb\",\"itemListElement\":[{\"@type\":\"ListItem\",\"position\":1,\"name\":\"Home\",\"item\":\"https:\/\/tanovis.com\/\"},{\"@type\":\"ListItem\",\"position\":2,\"name\":\"Our story\"}]},{\"@type\":\"WebSite\",\"@id\":\"https:\/\/tanovis.com\/#website\",\"url\":\"https:\/\/tanovis.com\/\",\"name\":\"Tanovis\",\"description\":\"Building lignin ventures\",\"potentialAction\":[{\"@type\":\"SearchAction\",\"target\":{\"@type\":\"EntryPoint\",\"urlTemplate\":\"https:\/\/tanovis.com\/?s={search_term_string}\"},\"query-input\":{\"@type\":\"PropertyValueSpecification\",\"valueRequired\":true,\"valueName\":\"search_term_string\"}}],\"inLanguage\":\"de\"}]}<\/script>\n<!-- \/ Yoast SEO plugin. -->","yoast_head_json":{"title":"Our story - Tanovis","description":"Discover the story behind Tanovis \u2014 a bioeconomy venture builder shaping sustainable innovation from lignin. Learn why we exist and the impact we\u2019re creating.","robots":{"index":"index","follow":"follow","max-snippet":"max-snippet:-1","max-image-preview":"max-image-preview:large","max-video-preview":"max-video-preview:-1"},"canonical":"https:\/\/tanovis.com\/de\/our-story\/","og_locale":"de_DE","og_type":"article","og_title":"Our story - Tanovis","og_description":"Discover the story behind Tanovis \u2014 a bioeconomy venture builder shaping sustainable innovation from lignin. Learn why we exist and the impact we\u2019re creating.","og_url":"https:\/\/tanovis.com\/de\/our-story\/","og_site_name":"Tanovis","article_modified_time":"2025-12-16T20:21:33+00:00","og_image":[{"width":1024,"height":768,"url":"https:\/\/tanovis.com\/wp-content\/uploads\/2025\/12\/Meta-9.jpg","type":"image\/jpeg"}],"twitter_card":"summary_large_image","twitter_misc":{"Gesch\u00e4tzte Lesezeit":"2\u00a0Minuten"},"schema":{"@context":"https:\/\/schema.org","@graph":[{"@type":"WebPage","@id":"https:\/\/tanovis.com\/our-story\/","url":"https:\/\/tanovis.com\/our-story\/","name":"Our story - Tanovis","isPartOf":{"@id":"https:\/\/tanovis.com\/#website"},"primaryImageOfPage":{"@id":"https:\/\/tanovis.com\/our-story\/#primaryimage"},"image":{"@id":"https:\/\/tanovis.com\/our-story\/#primaryimage"},"thumbnailUrl":"https:\/\/tanovis.com\/wp-content\/uploads\/2025\/12\/Meta-9.jpg","datePublished":"2025-11-19T09:27:25+00:00","dateModified":"2025-12-16T20:21:33+00:00","description":"Discover the story behind Tanovis \u2014 a bioeconomy venture builder shaping sustainable innovation from lignin. Learn why we exist and the impact we\u2019re creating.","breadcrumb":{"@id":"https:\/\/tanovis.com\/our-story\/#breadcrumb"},"inLanguage":"de","potentialAction":[{"@type":"ReadAction","target":["https:\/\/tanovis.com\/our-story\/"]}]},{"@type":"ImageObject","inLanguage":"de","@id":"https:\/\/tanovis.com\/our-story\/#primaryimage","url":"https:\/\/tanovis.com\/wp-content\/uploads\/2025\/12\/Meta-9.jpg","contentUrl":"https:\/\/tanovis.com\/wp-content\/uploads\/2025\/12\/Meta-9.jpg","width":1024,"height":768},{"@type":"BreadcrumbList","@id":"https:\/\/tanovis.com\/our-story\/#breadcrumb","itemListElement":[{"@type":"ListItem","position":1,"name":"Home","item":"https:\/\/tanovis.com\/"},{"@type":"ListItem","position":2,"name":"Our story"}]},{"@type":"WebSite","@id":"https:\/\/tanovis.com\/#website","url":"https:\/\/tanovis.com\/","name":"Tanovis","description":"Aufbau von Lignin-Unternehmen","potentialAction":[{"@type":"SearchAction","target":{"@type":"EntryPoint","urlTemplate":"https:\/\/tanovis.com\/?s={search_term_string}"},"query-input":{"@type":"PropertyValueSpecification","valueRequired":true,"valueName":"search_term_string"}}],"inLanguage":"de"}]}},"_links":{"self":[{"href":"https:\/\/tanovis.com\/de\/wp-json\/wp\/v2\/pages\/131","targetHints":{"allow":["GET"]}}],"collection":[{"href":"https:\/\/tanovis.com\/de\/wp-json\/wp\/v2\/pages"}],"about":[{"href":"https:\/\/tanovis.com\/de\/wp-json\/wp\/v2\/types\/page"}],"author":[{"embeddable":true,"href":"https:\/\/tanovis.com\/de\/wp-json\/wp\/v2\/users\/1"}],"replies":[{"embeddable":true,"href":"https:\/\/tanovis.com\/de\/wp-json\/wp\/v2\/comments?post=131"}],"version-history":[{"count":20,"href":"https:\/\/tanovis.com\/de\/wp-json\/wp\/v2\/pages\/131\/revisions"}],"predecessor-version":[{"id":916,"href":"https:\/\/tanovis.com\/de\/wp-json\/wp\/v2\/pages\/131\/revisions\/916"}],"wp:featuredmedia":[{"embeddable":true,"href":"https:\/\/tanovis.com\/de\/wp-json\/wp\/v2\/media\/623"}],"wp:attachment":[{"href":"https:\/\/tanovis.com\/de\/wp-json\/wp\/v2\/media?parent=131"}],"curies":[{"name":"wp","href":"https:\/\/api.w.org\/{rel}","templated":true}]}}