{"id":147,"date":"2025-11-19T11:46:22","date_gmt":"2025-11-19T11:46:22","guid":{"rendered":"https:\/\/tanovis.linawang.se\/?page_id=147"},"modified":"2025-12-17T16:43:09","modified_gmt":"2025-12-17T16:43:09","slug":"lignin-as-a-platform","status":"publish","type":"page","link":"https:\/\/tanovis.com\/de\/lignin-as-a-platform\/","title":{"rendered":"Lignin als Plattform"},"content":{"rendered":"<section\n  class=\"tanovis_sub_hero  sub_hero--bg-dark tanovis\"\n  >\n  <div class=\"hero__media\">\n              <img decoding=\"async\" class=\"hero__bg\" src=\"https:\/\/tanovis.com\/wp-content\/uploads\/2025\/11\/Tanovis-sea-underwater-16-9_A.jpg\" alt=\"\" \/>\n    \n    <div class=\"hero__symbol-container tanovis\">\n      <div class=\"hero__symbol\">\n                  <img decoding=\"async\" class=\"hero__symbol\" src=\"https:\/\/tanovis.com\/wp-content\/uploads\/2025\/11\/Tanovis-Industry-9-16.jpg\"\n            alt=\"\" \/>\n              <\/div>\n    <\/div>\n  <\/div>\n\n  <div class=\"hero__content container\">\n          <h1 class=\"hero__title title-lg\">Eine Plattform von heute f\u00fcr die Ware von morgen.<\/h1>\n      <\/div>\n<\/section>\n\n\n<section class=\"text container wysiwyg\" id=\"commodity\" >\n                                      <div class=\"text__preamble  fade-up\">\n            <p class=\"preamble\">Lignin entwickelt sich zu einem der vielversprechendsten Materialien unserer Zeit. Wir sehen es als eine Plattform, die neue Werte, neue Leistungen und neue M\u00f6glichkeiten f\u00fcr alle Branchen bietet. <\/p>\n          <\/div>\n                                                  <h3 class=\"text__title fade-up\">\n            Die neue Ware          <\/h3>\n                                                  <div class=\"text__body fade-up\">\n            <p><span style=\"font-weight: 400\">Heute: eine unzureichend genutzte nat\u00fcrliche Ressource. Morgen: eine Handelsware. Jahrelang wurde Lignin als Abfall behandelt. Etwas, das entsorgt oder verbrannt werden muss. Diese Sichtweise geh\u00f6rt der Vergangenheit an. W\u00e4hrend sich die Welt von der Petrochemie wegbewegt, wird Lignin zu einem erneuerbaren Material von echter Bedeutung.<\/span><\/p>\n<p>&nbsp;<\/p>\n<p><span style=\"font-weight: 400\">Bei Tanovis betrachten wir Lignin als einen strategischen Bestandteil. Es ist reichlich vorhanden. Es ist vielseitig. Und es ist von Natur aus funktional und bietet eine Chemie, die Leistung und Nachhaltigkeit gleicherma\u00dfen erm\u00f6glicht. Von fortschrittlichen Bindemitteln und Beschichtungen bis hin zu Bioaktivstoffen und Nahrungserg\u00e4nzungsmitteln - Lignin nimmt seinen Platz als Eckpfeiler der biobasierten Wirtschaft ein. Der neue Rohstoff in einer sich st\u00e4ndig ver\u00e4ndernden Welt.<\/span><\/p>\n          <\/div>\n                                          <div class=\"text__table fade-up\">\n                          <div class=\"text__table-column\">\n                                                  <p class=\"text__table-header body-md\">ANZEICHEN DAF\u00dcR, DASS LIGNIN IN DEN MITTELPUNKT DES INTERESSES R\u00dcCKT<\/p>\n                                                  <ul class=\"text__table-list\">\n                                                                                        <li class=\"text__table-item\">- Steigerung der Produktion<\/li>\n                                                                                                              <li class=\"text__table-item\">- Eine wachsende Zahl von Patenten im Zusammenhang mit Lignin<\/li>\n                                                                                                              <li class=\"text__table-item\">- Starke Zunahme der Ver\u00f6ffentlichungen in den letzten Jahren<\/li>\n                                                                                                              <li class=\"text__table-item\">- Anwendungen in allen wichtigen Industriesektoren<\/li>\n                                                            <\/ul>\n                              <\/div>\n                      <\/div>\n                    \n<\/section>\n\n\n<section class=\"text container wysiwyg\" id=\"value\" >\n                                      <h3 class=\"text__title fade-up\">\n            Wertsch\u00f6pfung          <\/h3>\n                                                  <div class=\"text__body fade-up\">\n            <p><span style=\"font-weight: 400\">Echter Wert entsteht durch Transformation. Wir schaffen ihn, indem wir zielgerichtet entwerfen, ausgehend von der Endanwendung und r\u00fcckw\u00e4rts. Durch unsere expandierende Gruppe verwandeln wir wissenschaftliches Potenzial in greifbare Ergebnisse. Jedes Projekt erweitert die Tanovis-Plattform auf einen neuen Bereich und wendet unsere Kerntechnologie auf eine Weise an, die die Tiergesundheit verbessert, die Leistungsf\u00e4higkeit von Materialien erh\u00f6ht und das menschliche Wohlbefinden steigert.<\/span><\/p>\n<p>&nbsp;<\/p>\n<p><span style=\"font-weight: 400\">Auf diese Weise w\u00e4chst unsere Plattform. Wir besitzen das Know-how, das geistige Eigentum und den Prozess. Durch Forschung und Entwicklung und die Gr\u00fcndung von Unternehmen erweitern wir die Reichweite von Lignin. Und zwar nicht als ein einzelnes Produkt, sondern als eine Familie von Innovationen mit branchen\u00fcbergreifender Wirkung. Durch unser integriertes Modell sind wir nah am Markt und gew\u00e4hrleisten Konsistenz vom Rohstoff bis zur Endanwendung. Und das Ergebnis ist messbar: L\u00f6sungen, die sich durch Leistung, wirtschaftliche Rentabilit\u00e4t und Nachhaltigkeit auszeichnen.<\/span><\/p>\n          <\/div>\n                                          <div class=\"text__table fade-up\">\n                          <div class=\"text__table-column\">\n                                                  <p class=\"text__table-header body-md\">UNSERE GEMEINSAME BASIS: NACHWACHSENDE ROHSTOFFE<\/p>\n                                              <\/div>\n                      <\/div>\n                                                  <div class=\"text__image fade-up\">\n            <img loading=\"lazy\" decoding=\"async\" width=\"1920\" height=\"580\" src=\"https:\/\/tanovis.com\/wp-content\/uploads\/2025\/12\/Our-base-model-beige.jpg\" class=\"text__image-img\" alt=\"\" srcset=\"https:\/\/tanovis.com\/wp-content\/uploads\/2025\/12\/Our-base-model-beige.jpg 1920w, https:\/\/tanovis.com\/wp-content\/uploads\/2025\/12\/Our-base-model-beige-300x91.jpg 300w, https:\/\/tanovis.com\/wp-content\/uploads\/2025\/12\/Our-base-model-beige-1024x309.jpg 1024w, https:\/\/tanovis.com\/wp-content\/uploads\/2025\/12\/Our-base-model-beige-768x232.jpg 768w, https:\/\/tanovis.com\/wp-content\/uploads\/2025\/12\/Our-base-model-beige-1536x464.jpg 1536w\" sizes=\"auto, (max-width: 1920px) 100vw, 1920px\" \/>          <\/div>\n                    \n<\/section>\n\n\n<section class=\"text container wysiwyg\" id=\"technology\" >\n                                      <h3 class=\"text__title fade-up\">\n            Unsere Technologie          <\/h3>\n                                                  <div class=\"text__body fade-up\">\n            <p class=\"p1\">Das Herzst\u00fcck von Tanovis ist eine vielseitige Technologieplattform, die auf jahrzehntelanger Erfahrung mit Lignin beruht. Wir verarbeiten verschiedene Biomasse-Rohstoffe unter Verwendung etablierter Aufschlussverfahren, einschlie\u00dflich Soda und Kraft, und wenden propriet\u00e4re nachgeschaltete Trenn- und Reinigungstechnologien an, um selektiv schwefelfreies Lignin von au\u00dfergew\u00f6hnlicher Qualit\u00e4t und Konsistenz zu isolieren. Durch gezielte chemische und physikalische Modifikationen passen wir die Eigenschaften von Lignin an die spezifischen Anforderungen von industriellen und biologischen Anwendungen an.<\/p>\n<p>&nbsp;<\/p>\n<p><span style=\"font-weight: 400\">Dieses Ma\u00df an Kontrolle macht Lignin zu einem echten Plattform-Inhaltsstoff. Anpassungsf\u00e4hig. Leistungsstark. Und bereit f\u00fcr den gro\u00dftechnischen Einsatz. In Kombination mit fundierten Prozesskenntnissen und einem kollaborativen Innovationsansatz verwandeln wir Chemie in K\u00f6nnen. Und F\u00e4higkeit in Wirkung. <\/span><\/p>\n          <\/div>\n                    \n<\/section>\n\n\n<section class=\"text container wysiwyg\" >\n  \n<\/section>","protected":false},"excerpt":{"rendered":"","protected":false},"author":1,"featured_media":624,"parent":0,"menu_order":0,"comment_status":"closed","ping_status":"closed","template":"","meta":{"_acf_changed":false,"content-type":"","footnotes":""},"class_list":["post-147","page","type-page","status-publish","has-post-thumbnail","hentry"],"acf":[],"yoast_head":"<!-- This site is optimized with the Yoast SEO plugin v26.6 - https:\/\/yoast.com\/wordpress\/plugins\/seo\/ -->\n<title>Lignin as a platform - Tanovis<\/title>\n<meta name=\"description\" content=\"Discover how lignin becomes a platform for sustainable innovation. Tanovis turns lignin into real-world solutions across materials, animal health and human nutrition.\" \/>\n<meta name=\"robots\" content=\"index, follow, max-snippet:-1, max-image-preview:large, max-video-preview:-1\" \/>\n<link rel=\"canonical\" href=\"https:\/\/tanovis.com\/de\/lignin-as-a-platform\/\" \/>\n<meta property=\"og:locale\" content=\"de_DE\" \/>\n<meta property=\"og:type\" content=\"article\" \/>\n<meta property=\"og:title\" content=\"Lignin as a platform - Tanovis\" \/>\n<meta property=\"og:description\" content=\"Discover how lignin becomes a platform for sustainable innovation. Tanovis turns lignin into real-world solutions across materials, animal health and human nutrition.\" \/>\n<meta property=\"og:url\" content=\"https:\/\/tanovis.com\/de\/lignin-as-a-platform\/\" \/>\n<meta property=\"og:site_name\" content=\"Tanovis\" \/>\n<meta property=\"article:modified_time\" content=\"2025-12-17T16:43:09+00:00\" \/>\n<meta property=\"og:image\" content=\"https:\/\/tanovis.com\/wp-content\/uploads\/2025\/12\/Meta-10.jpg\" \/>\n\t<meta property=\"og:image:width\" content=\"1024\" \/>\n\t<meta property=\"og:image:height\" content=\"768\" \/>\n\t<meta property=\"og:image:type\" content=\"image\/jpeg\" \/>\n<meta name=\"twitter:card\" content=\"summary_large_image\" \/>\n<meta name=\"twitter:label1\" content=\"Gesch\u00e4tzte Lesezeit\" \/>\n\t<meta name=\"twitter:data1\" content=\"3\u00a0Minuten\" \/>\n<script type=\"application\/ld+json\" class=\"yoast-schema-graph\">{\"@context\":\"https:\/\/schema.org\",\"@graph\":[{\"@type\":\"WebPage\",\"@id\":\"https:\/\/tanovis.com\/lignin-as-a-platform\/\",\"url\":\"https:\/\/tanovis.com\/lignin-as-a-platform\/\",\"name\":\"Lignin as a platform - Tanovis\",\"isPartOf\":{\"@id\":\"https:\/\/tanovis.com\/#website\"},\"primaryImageOfPage\":{\"@id\":\"https:\/\/tanovis.com\/lignin-as-a-platform\/#primaryimage\"},\"image\":{\"@id\":\"https:\/\/tanovis.com\/lignin-as-a-platform\/#primaryimage\"},\"thumbnailUrl\":\"https:\/\/tanovis.com\/wp-content\/uploads\/2025\/12\/Meta-10.jpg\",\"datePublished\":\"2025-11-19T11:46:22+00:00\",\"dateModified\":\"2025-12-17T16:43:09+00:00\",\"description\":\"Discover how lignin becomes a platform for sustainable innovation. Tanovis turns lignin into real-world solutions across materials, animal health and human nutrition.\",\"breadcrumb\":{\"@id\":\"https:\/\/tanovis.com\/lignin-as-a-platform\/#breadcrumb\"},\"inLanguage\":\"de\",\"potentialAction\":[{\"@type\":\"ReadAction\",\"target\":[\"https:\/\/tanovis.com\/lignin-as-a-platform\/\"]}]},{\"@type\":\"ImageObject\",\"inLanguage\":\"de\",\"@id\":\"https:\/\/tanovis.com\/lignin-as-a-platform\/#primaryimage\",\"url\":\"https:\/\/tanovis.com\/wp-content\/uploads\/2025\/12\/Meta-10.jpg\",\"contentUrl\":\"https:\/\/tanovis.com\/wp-content\/uploads\/2025\/12\/Meta-10.jpg\",\"width\":1024,\"height\":768},{\"@type\":\"BreadcrumbList\",\"@id\":\"https:\/\/tanovis.com\/lignin-as-a-platform\/#breadcrumb\",\"itemListElement\":[{\"@type\":\"ListItem\",\"position\":1,\"name\":\"Home\",\"item\":\"https:\/\/tanovis.com\/\"},{\"@type\":\"ListItem\",\"position\":2,\"name\":\"Lignin as a platform\"}]},{\"@type\":\"WebSite\",\"@id\":\"https:\/\/tanovis.com\/#website\",\"url\":\"https:\/\/tanovis.com\/\",\"name\":\"Tanovis\",\"description\":\"Building lignin ventures\",\"potentialAction\":[{\"@type\":\"SearchAction\",\"target\":{\"@type\":\"EntryPoint\",\"urlTemplate\":\"https:\/\/tanovis.com\/?s={search_term_string}\"},\"query-input\":{\"@type\":\"PropertyValueSpecification\",\"valueRequired\":true,\"valueName\":\"search_term_string\"}}],\"inLanguage\":\"de\"}]}<\/script>\n<!-- \/ Yoast SEO plugin. -->","yoast_head_json":{"title":"Lignin as a platform - Tanovis","description":"Discover how lignin becomes a platform for sustainable innovation. Tanovis turns lignin into real-world solutions across materials, animal health and human nutrition.","robots":{"index":"index","follow":"follow","max-snippet":"max-snippet:-1","max-image-preview":"max-image-preview:large","max-video-preview":"max-video-preview:-1"},"canonical":"https:\/\/tanovis.com\/de\/lignin-as-a-platform\/","og_locale":"de_DE","og_type":"article","og_title":"Lignin as a platform - Tanovis","og_description":"Discover how lignin becomes a platform for sustainable innovation. Tanovis turns lignin into real-world solutions across materials, animal health and human nutrition.","og_url":"https:\/\/tanovis.com\/de\/lignin-as-a-platform\/","og_site_name":"Tanovis","article_modified_time":"2025-12-17T16:43:09+00:00","og_image":[{"width":1024,"height":768,"url":"https:\/\/tanovis.com\/wp-content\/uploads\/2025\/12\/Meta-10.jpg","type":"image\/jpeg"}],"twitter_card":"summary_large_image","twitter_misc":{"Gesch\u00e4tzte Lesezeit":"3\u00a0Minuten"},"schema":{"@context":"https:\/\/schema.org","@graph":[{"@type":"WebPage","@id":"https:\/\/tanovis.com\/lignin-as-a-platform\/","url":"https:\/\/tanovis.com\/lignin-as-a-platform\/","name":"Lignin as a platform - Tanovis","isPartOf":{"@id":"https:\/\/tanovis.com\/#website"},"primaryImageOfPage":{"@id":"https:\/\/tanovis.com\/lignin-as-a-platform\/#primaryimage"},"image":{"@id":"https:\/\/tanovis.com\/lignin-as-a-platform\/#primaryimage"},"thumbnailUrl":"https:\/\/tanovis.com\/wp-content\/uploads\/2025\/12\/Meta-10.jpg","datePublished":"2025-11-19T11:46:22+00:00","dateModified":"2025-12-17T16:43:09+00:00","description":"Discover how lignin becomes a platform for sustainable innovation. Tanovis turns lignin into real-world solutions across materials, animal health and human nutrition.","breadcrumb":{"@id":"https:\/\/tanovis.com\/lignin-as-a-platform\/#breadcrumb"},"inLanguage":"de","potentialAction":[{"@type":"ReadAction","target":["https:\/\/tanovis.com\/lignin-as-a-platform\/"]}]},{"@type":"ImageObject","inLanguage":"de","@id":"https:\/\/tanovis.com\/lignin-as-a-platform\/#primaryimage","url":"https:\/\/tanovis.com\/wp-content\/uploads\/2025\/12\/Meta-10.jpg","contentUrl":"https:\/\/tanovis.com\/wp-content\/uploads\/2025\/12\/Meta-10.jpg","width":1024,"height":768},{"@type":"BreadcrumbList","@id":"https:\/\/tanovis.com\/lignin-as-a-platform\/#breadcrumb","itemListElement":[{"@type":"ListItem","position":1,"name":"Home","item":"https:\/\/tanovis.com\/"},{"@type":"ListItem","position":2,"name":"Lignin as a platform"}]},{"@type":"WebSite","@id":"https:\/\/tanovis.com\/#website","url":"https:\/\/tanovis.com\/","name":"Tanovis","description":"Aufbau von Lignin-Unternehmen","potentialAction":[{"@type":"SearchAction","target":{"@type":"EntryPoint","urlTemplate":"https:\/\/tanovis.com\/?s={search_term_string}"},"query-input":{"@type":"PropertyValueSpecification","valueRequired":true,"valueName":"search_term_string"}}],"inLanguage":"de"}]}},"_links":{"self":[{"href":"https:\/\/tanovis.com\/de\/wp-json\/wp\/v2\/pages\/147","targetHints":{"allow":["GET"]}}],"collection":[{"href":"https:\/\/tanovis.com\/de\/wp-json\/wp\/v2\/pages"}],"about":[{"href":"https:\/\/tanovis.com\/de\/wp-json\/wp\/v2\/types\/page"}],"author":[{"embeddable":true,"href":"https:\/\/tanovis.com\/de\/wp-json\/wp\/v2\/users\/1"}],"replies":[{"embeddable":true,"href":"https:\/\/tanovis.com\/de\/wp-json\/wp\/v2\/comments?post=147"}],"version-history":[{"count":103,"href":"https:\/\/tanovis.com\/de\/wp-json\/wp\/v2\/pages\/147\/revisions"}],"predecessor-version":[{"id":942,"href":"https:\/\/tanovis.com\/de\/wp-json\/wp\/v2\/pages\/147\/revisions\/942"}],"wp:featuredmedia":[{"embeddable":true,"href":"https:\/\/tanovis.com\/de\/wp-json\/wp\/v2\/media\/624"}],"wp:attachment":[{"href":"https:\/\/tanovis.com\/de\/wp-json\/wp\/v2\/media?parent=147"}],"curies":[{"name":"wp","href":"https:\/\/api.w.org\/{rel}","templated":true}]}}