{"id":2,"date":"2025-10-30T10:48:48","date_gmt":"2025-10-30T10:48:48","guid":{"rendered":"https:\/\/tanovis.linawang.se\/?page_id=2"},"modified":"2026-03-04T14:37:32","modified_gmt":"2026-03-04T14:37:32","slug":"sample-page","status":"publish","type":"page","link":"https:\/\/tanovis.com\/de\/","title":{"rendered":"Tanovis"},"content":{"rendered":"<section class=\"tanovis_hero  bg-default\" >\n  <div class=\"hero__media\">\n          <video class=\"hero__video\" src=\"https:\/\/tanovis.com\/wp-content\/uploads\/2025\/11\/Tanovis-Hero-5.mp4\" autoplay muted loop playsinline><\/video>\n              <img decoding=\"async\" class=\"hero__bg\" src=\"https:\/\/tanovis.com\/wp-content\/uploads\/2025\/12\/Tanovis-color-16-9.jpg\" alt=\"\" \/>\n    \n    <div class=\"hero__symbol-container\">\n              <video class=\"hero__symbol\" src=\"https:\/\/tanovis.com\/wp-content\/uploads\/2025\/11\/Tanovis-Hero-symbol.mp4\" autoplay muted loop\n playsinline><\/video>\n          <\/div>\n  <\/div>\n\n  <div class=\"hero__content container\">\n    \n          <h1 class=\"hero__title title-lg\">Wir sind ein missionsorientierter Venture Builder, der eine leistungsstarke Plattform f\u00fcr die biobasierte Zukunft schafft.<\/h1>\n    \n          <ul class=\"hero__posts\">\n                  <li class=\"hero__post\">\n            <span class=\"bg-decorator\"><\/span>\n            <a href=\"https:\/\/tanovis.com\/de\/2026\/02\/27\/phytaxis-at-blue-food-innovation-summit\/\" class=\"hero__post-link\">\n              <p class=\"hero__eyebrow eyebrow\">\n                                  <span class=\"hero__post-date\">27. Februar 2026<\/span>\n                              <\/p>\n              <p class=\"hero__post-title body-md\">Phytaxis auf dem Blue Food Innovation Gipfel<\/p>\n            <\/a>\n          <\/li>\n                  <li class=\"hero__post\">\n            <span class=\"bg-decorator\"><\/span>\n            <a href=\"https:\/\/tanovis.com\/de\/2025\/11\/09\/tanovis-and-fibenol-partnership\/\" class=\"hero__post-link\">\n              <p class=\"hero__eyebrow eyebrow\">\n                                  <span class=\"hero__post-date\">November 9, 2025<\/span>\n                              <\/p>\n              <p class=\"hero__post-title body-md\">Fibenol und Tanovis kooperieren, um kommerzielle Anwendungen von Lignin voranzutreiben<\/p>\n            <\/a>\n          <\/li>\n              <\/ul>\n    \n  <\/div>\n<\/section>\n\n\n<section class=\"quote   bg-default\" >\n  \n  <div class=\"container\">\n        <h3 class=\"quote__text animate-lines preamble\">\n      Ein in der Schweiz ans\u00e4ssiger Venture Builder. Und ein Plattform-Unternehmen. Mit Lignin als Plattform f\u00fcr Ver\u00e4nderungen sind wir an der Spitze der biobasierten Wirtschaft t\u00e4tig. Unsere Unternehmen bringen neue, leistungsstarke L\u00f6sungen in die M\u00e4rkte und Industrien ein, um den \u00dcbergang in eine biobasierte Zukunft schneller zu vollziehen. Und das in gr\u00f6\u00dferem Ma\u00dfstab.<br \/>\r\n    <\/h3>\n          <\/div>\n\n<\/section>\n\n\n<section class=\"gallery  bg-default\" >\n  <div class=\"gallery__images layout-three\">\n          <div class=\"grid-item\">\n        <div class=\"image-1 cutout cutout-image aspect-ratio-16-9 cutout-top-right\" data-speed=\"1.1\">\n          <img decoding=\"async\" src=\"https:\/\/tanovis.com\/wp-content\/uploads\/2025\/11\/Tanovis-city-1-1.jpg\" alt=\"\" data-speed=\"1.1\">\n        <\/div>\n        <h3 class=\"gallery__text title-md\" data-speed=\"1.1\">\n          Wir bauen heute eine Plattform f\u00fcr die Ware von morgen.        <\/h3>\n        <div class=\"image-2 cutout cutout-image aspect-ratio-16-9 cutout-top-right\" data-speed=\"1.3\">\n          <img decoding=\"async\" src=\"https:\/\/tanovis.com\/wp-content\/uploads\/2025\/11\/Tanovis-Industry-3-4.jpg\" alt=\"\" data-speed=\"0.9\">\n        <\/div>\n      <\/div>\n\n      <div class=\"grid-item\" data-speed=\"0.9\">\n        <div class=\"image-3 cutout cutout-image aspect-ratio-16-9 cutout-top-right\">\n          <img decoding=\"async\" src=\"https:\/\/tanovis.com\/wp-content\/uploads\/2025\/11\/tanovis-field-animals-4-3.jpg\" alt=\"\" data-speed=\"0.9\">\n        <\/div>\n        <div class=\"image-4 cutout cutout-image aspect-ratio-3-4 cutout-top-right\">\n          <img decoding=\"async\" src=\"https:\/\/tanovis.com\/wp-content\/uploads\/2025\/11\/Tanovis-street-16-9_A.jpg\" alt=\"\" data-speed=\"1.1\">\n        <\/div>\n      <\/div>\n\n\n      <\/div>\n\n      <div class=\"gallery__link container\">\n          <a href=\"https:\/\/tanovis.com\/de\/lignin-as-a-platform\/\" class=\"link\" >\n      Lignin entdecken <span class=\"link__arrow\"><svg width=\"14\" height=\"17\" viewbox=\"0 0 14 17\" fill=\"none\"\n          xmlns=\"http:\/\/www.w3.org\/2000\/svg\">\n          <path d=\"M0 17V0L14 8.5L0 17Z\" fill=\"currentColor\" \/>\n        <\/svg>\n      <\/span>\n    <\/a>\n    <\/div>\n  <\/section>\n\n<section class=\"horizontal-posts\" >\n\n  <div class=\"horizontal-posts__background\">\n                        <img decoding=\"async\" class=\"horizontal-posts__background-image\" src=\"https:\/\/tanovis.com\/wp-content\/uploads\/2025\/11\/Tanovis-sea-above-16-9.jpg\" alt=\"\" \/>\n            <\/div>\n\n  <div class=\"container\">\n    <h2 class=\"horizontal-posts__title title-md\">Neueste Nachrichten<\/h2>\n  <\/div>\n\n      <div class=\"horizontal-posts__inner\" style=\"width: 500vw;\">\n              <div class=\"horizontal-posts__item-wrapper\">\n          \n<article class=\"post-card cutout aspect-ratio-9-16 cutout-bottom-right\">\n  <a class=\"post-card__content\" href=\"https:\/\/tanovis.com\/de\/2026\/02\/27\/phytaxis-at-blue-food-innovation-summit\/\">\n    <h3 class=\"post-card__title\">Phytaxis auf dem Blue Food Innovation Gipfel<\/h3>\n\n    <p class=\"post-card__excerpt body-md\">\n      Nachdem Phytaxis zwei Jahre lang als Delegierter an der Veranstaltung teilgenommen hat, ist es dieses Jahr als Gold-Partner dabei.    <\/p>\n  <\/a>\n<\/article>        <\/div>\n              <div class=\"horizontal-posts__item-wrapper\">\n          \n<article class=\"post-card cutout aspect-ratio-9-16 cutout-bottom-right\">\n  <a class=\"post-card__content\" href=\"https:\/\/tanovis.com\/de\/2025\/12\/09\/phytaxis-is-expanding-the-business-networks-in-latin-america-europe-and-asia\/\">\n    <h3 class=\"post-card__title\">Phytaxis erweitert die Gesch\u00e4ftsnetzwerke in Lateinamerika, Europa und Asien<\/h3>\n\n    <p class=\"post-card__excerpt body-md\">\n      Im Laufe des Jahres hat Phytaxis sein Netzwerk \u00fcberregional ausgebaut und neue Gesch\u00e4ftsm\u00f6glichkeiten im Bereich nachhaltiger Tiergesundheitsl\u00f6sungen erschlossen.    <\/p>\n  <\/a>\n<\/article>        <\/div>\n              <div class=\"horizontal-posts__item-wrapper\">\n          \n<article class=\"post-card cutout aspect-ratio-9-16 cutout-bottom-right\">\n  <a class=\"post-card__content\" href=\"https:\/\/tanovis.com\/de\/2025\/11\/09\/tanovis-and-fibenol-partnership\/\">\n    <h3 class=\"post-card__title\">Fibenol und Tanovis kooperieren, um kommerzielle Anwendungen von Lignin voranzutreiben<\/h3>\n\n    <p class=\"post-card__excerpt body-md\">\n      Das estnische Cleantech-Unternehmen Fibenol Imavere O\u00dc und die in der Schweiz ans\u00e4ssige Tanovis AG b\u00fcndeln ihre Kr\u00e4fte, um die kommerzielle Nutzung von Lignin zu beschleunigen. Lignin ist ein erneuerbares, fossilfreies Biomaterial mit einem enormen Potenzial f\u00fcr verschiedene Branchen.    <\/p>\n  <\/a>\n<\/article>        <\/div>\n              <div class=\"horizontal-posts__item-wrapper\">\n          \n<article class=\"post-card cutout aspect-ratio-9-16 cutout-bottom-right\">\n  <a class=\"post-card__content\" href=\"https:\/\/tanovis.com\/de\/2025\/02\/02\/making-the-transition-into-a-bio-based-future-happen-faster\/\">\n    <h3 class=\"post-card__title\">Phytaxis bietet eine breitere Perspektive f\u00fcr die Fischzucht.<\/h3>\n\n    <p class=\"post-card__excerpt body-md\">\n      In diesem Interview in der Zeitschrift International Aqua Feed erkl\u00e4rt Charles Walser, CEO von Phytaxis, dass das Unternehmen den \u00dcbergang zu einer nachhaltigeren Fischzucht beschleunigt, wobei der Schwerpunkt auf der Reduzierung des Antibiotikaeinsatzes und der Verbesserung der Leistung liegt.    <\/p>\n  <\/a>\n<\/article>        <\/div>\n              <div class=\"horizontal-posts__item-wrapper\">\n          \n<article class=\"post-card cutout aspect-ratio-9-16 cutout-bottom-right\">\n  <a class=\"post-card__content\" href=\"https:\/\/tanovis.com\/de\/2025\/01\/09\/animal-health-sustainable-demand\/\">\n    <h3 class=\"post-card__title\">Wachsende Nachfrage nach neuen nachhaltigen L\u00f6sungen im Bereich der Tiergesundheit.<\/h3>\n\n    <p class=\"post-card__excerpt body-md\">\n      Da in den Medien immer h\u00e4ufiger \u00fcber diese Trends berichtet wird, k\u00f6nnte man den Eindruck gewinnen, dass die Nachfrage nach Eiwei\u00df aus Nutztieren zur\u00fcckgeht.  Doch die Prognosen der Ern\u00e4hrungs- und Landwirtschaftsorganisation der Vereinten Nationen sprechen eine andere Sprache.    <\/p>\n  <\/a>\n<\/article>        <\/div>\n          <\/div>\n  \n<\/section>\n\n\n<section class=\"text container wysiwyg\" >\n  \n<\/section>","protected":false},"excerpt":{"rendered":"","protected":false},"author":1,"featured_media":615,"parent":0,"menu_order":0,"comment_status":"closed","ping_status":"open","template":"","meta":{"_acf_changed":false,"content-type":"","footnotes":""},"class_list":["post-2","page","type-page","status-publish","has-post-thumbnail","hentry"],"acf":[],"yoast_head":"<!-- This site is optimized with the Yoast SEO plugin v26.6 - https:\/\/yoast.com\/wordpress\/plugins\/seo\/ -->\n<title>Tanovis - Tanovis<\/title>\n<meta name=\"description\" content=\"A Swiss-based venture builder. And a platform company. With lignin as a platformfor change, we operate at the forefront of the bio-based economy. Our venturesbring new high-performance solutions to markets and industries, making thetransition into a bio-based future happen faster. And on a broader scale.\" \/>\n<meta name=\"robots\" content=\"index, follow, max-snippet:-1, max-image-preview:large, max-video-preview:-1\" \/>\n<link rel=\"canonical\" href=\"https:\/\/tanovis.com\/de\/\" \/>\n<meta property=\"og:locale\" content=\"de_DE\" \/>\n<meta property=\"og:type\" content=\"article\" \/>\n<meta property=\"og:title\" content=\"Tanovis - Tanovis\" \/>\n<meta property=\"og:description\" content=\"A Swiss-based venture builder. And a platform company. With lignin as a platformfor change, we operate at the forefront of the bio-based economy. Our venturesbring new high-performance solutions to markets and industries, making thetransition into a bio-based future happen faster. And on a broader scale.\" \/>\n<meta property=\"og:url\" content=\"https:\/\/tanovis.com\/de\/\" \/>\n<meta property=\"og:site_name\" content=\"Tanovis\" \/>\n<meta property=\"article:modified_time\" content=\"2026-03-04T14:37:32+00:00\" \/>\n<meta property=\"og:image\" content=\"https:\/\/tanovis.com\/wp-content\/uploads\/2025\/12\/Meta-1.jpg\" \/>\n\t<meta property=\"og:image:width\" content=\"1024\" \/>\n\t<meta property=\"og:image:height\" content=\"768\" \/>\n\t<meta property=\"og:image:type\" content=\"image\/jpeg\" \/>\n<meta name=\"twitter:card\" content=\"summary_large_image\" \/>\n<meta name=\"twitter:label1\" content=\"Gesch\u00e4tzte Lesezeit\" \/>\n\t<meta name=\"twitter:data1\" content=\"2\u00a0Minuten\" \/>\n<script type=\"application\/ld+json\" class=\"yoast-schema-graph\">{\"@context\":\"https:\/\/schema.org\",\"@graph\":[{\"@type\":\"WebPage\",\"@id\":\"https:\/\/tanovis.com\/\",\"url\":\"https:\/\/tanovis.com\/\",\"name\":\"Tanovis - Tanovis\",\"isPartOf\":{\"@id\":\"https:\/\/tanovis.com\/#website\"},\"primaryImageOfPage\":{\"@id\":\"https:\/\/tanovis.com\/#primaryimage\"},\"image\":{\"@id\":\"https:\/\/tanovis.com\/#primaryimage\"},\"thumbnailUrl\":\"https:\/\/tanovis.com\/wp-content\/uploads\/2025\/12\/Meta-1.jpg\",\"datePublished\":\"2025-10-30T10:48:48+00:00\",\"dateModified\":\"2026-03-04T14:37:32+00:00\",\"description\":\"A Swiss-based venture builder. And a platform company. With lignin as a platformfor change, we operate at the forefront of the bio-based economy. Our venturesbring new high-performance solutions to markets and industries, making thetransition into a bio-based future happen faster. And on a broader scale.\",\"breadcrumb\":{\"@id\":\"https:\/\/tanovis.com\/#breadcrumb\"},\"inLanguage\":\"de\",\"potentialAction\":[{\"@type\":\"ReadAction\",\"target\":[\"https:\/\/tanovis.com\/\"]}]},{\"@type\":\"ImageObject\",\"inLanguage\":\"de\",\"@id\":\"https:\/\/tanovis.com\/#primaryimage\",\"url\":\"https:\/\/tanovis.com\/wp-content\/uploads\/2025\/12\/Meta-1.jpg\",\"contentUrl\":\"https:\/\/tanovis.com\/wp-content\/uploads\/2025\/12\/Meta-1.jpg\",\"width\":1024,\"height\":768,\"caption\":\"Tanovis startpage\"},{\"@type\":\"BreadcrumbList\",\"@id\":\"https:\/\/tanovis.com\/#breadcrumb\",\"itemListElement\":[{\"@type\":\"ListItem\",\"position\":1,\"name\":\"Home\",\"item\":\"https:\/\/tanovis.com\/\"},{\"@type\":\"ListItem\",\"position\":2,\"name\":\"Tanovis\"}]},{\"@type\":\"WebSite\",\"@id\":\"https:\/\/tanovis.com\/#website\",\"url\":\"https:\/\/tanovis.com\/\",\"name\":\"Tanovis\",\"description\":\"Building lignin ventures\",\"potentialAction\":[{\"@type\":\"SearchAction\",\"target\":{\"@type\":\"EntryPoint\",\"urlTemplate\":\"https:\/\/tanovis.com\/?s={search_term_string}\"},\"query-input\":{\"@type\":\"PropertyValueSpecification\",\"valueRequired\":true,\"valueName\":\"search_term_string\"}}],\"inLanguage\":\"de\"}]}<\/script>\n<!-- \/ Yoast SEO plugin. -->","yoast_head_json":{"title":"Tanovis - Tanovis","description":"A Swiss-based venture builder. And a platform company. With lignin as a platformfor change, we operate at the forefront of the bio-based economy. Our venturesbring new high-performance solutions to markets and industries, making thetransition into a bio-based future happen faster. And on a broader scale.","robots":{"index":"index","follow":"follow","max-snippet":"max-snippet:-1","max-image-preview":"max-image-preview:large","max-video-preview":"max-video-preview:-1"},"canonical":"https:\/\/tanovis.com\/de\/","og_locale":"de_DE","og_type":"article","og_title":"Tanovis - Tanovis","og_description":"A Swiss-based venture builder. And a platform company. With lignin as a platformfor change, we operate at the forefront of the bio-based economy. Our venturesbring new high-performance solutions to markets and industries, making thetransition into a bio-based future happen faster. And on a broader scale.","og_url":"https:\/\/tanovis.com\/de\/","og_site_name":"Tanovis","article_modified_time":"2026-03-04T14:37:32+00:00","og_image":[{"width":1024,"height":768,"url":"https:\/\/tanovis.com\/wp-content\/uploads\/2025\/12\/Meta-1.jpg","type":"image\/jpeg"}],"twitter_card":"summary_large_image","twitter_misc":{"Gesch\u00e4tzte Lesezeit":"2\u00a0Minuten"},"schema":{"@context":"https:\/\/schema.org","@graph":[{"@type":"WebPage","@id":"https:\/\/tanovis.com\/","url":"https:\/\/tanovis.com\/","name":"Tanovis - Tanovis","isPartOf":{"@id":"https:\/\/tanovis.com\/#website"},"primaryImageOfPage":{"@id":"https:\/\/tanovis.com\/#primaryimage"},"image":{"@id":"https:\/\/tanovis.com\/#primaryimage"},"thumbnailUrl":"https:\/\/tanovis.com\/wp-content\/uploads\/2025\/12\/Meta-1.jpg","datePublished":"2025-10-30T10:48:48+00:00","dateModified":"2026-03-04T14:37:32+00:00","description":"A Swiss-based venture builder. And a platform company. With lignin as a platformfor change, we operate at the forefront of the bio-based economy. Our venturesbring new high-performance solutions to markets and industries, making thetransition into a bio-based future happen faster. And on a broader scale.","breadcrumb":{"@id":"https:\/\/tanovis.com\/#breadcrumb"},"inLanguage":"de","potentialAction":[{"@type":"ReadAction","target":["https:\/\/tanovis.com\/"]}]},{"@type":"ImageObject","inLanguage":"de","@id":"https:\/\/tanovis.com\/#primaryimage","url":"https:\/\/tanovis.com\/wp-content\/uploads\/2025\/12\/Meta-1.jpg","contentUrl":"https:\/\/tanovis.com\/wp-content\/uploads\/2025\/12\/Meta-1.jpg","width":1024,"height":768,"caption":"Tanovis startpage"},{"@type":"BreadcrumbList","@id":"https:\/\/tanovis.com\/#breadcrumb","itemListElement":[{"@type":"ListItem","position":1,"name":"Home","item":"https:\/\/tanovis.com\/"},{"@type":"ListItem","position":2,"name":"Tanovis"}]},{"@type":"WebSite","@id":"https:\/\/tanovis.com\/#website","url":"https:\/\/tanovis.com\/","name":"Tanovis","description":"Aufbau von Lignin-Unternehmen","potentialAction":[{"@type":"SearchAction","target":{"@type":"EntryPoint","urlTemplate":"https:\/\/tanovis.com\/?s={search_term_string}"},"query-input":{"@type":"PropertyValueSpecification","valueRequired":true,"valueName":"search_term_string"}}],"inLanguage":"de"}]}},"_links":{"self":[{"href":"https:\/\/tanovis.com\/de\/wp-json\/wp\/v2\/pages\/2","targetHints":{"allow":["GET"]}}],"collection":[{"href":"https:\/\/tanovis.com\/de\/wp-json\/wp\/v2\/pages"}],"about":[{"href":"https:\/\/tanovis.com\/de\/wp-json\/wp\/v2\/types\/page"}],"author":[{"embeddable":true,"href":"https:\/\/tanovis.com\/de\/wp-json\/wp\/v2\/users\/1"}],"replies":[{"embeddable":true,"href":"https:\/\/tanovis.com\/de\/wp-json\/wp\/v2\/comments?post=2"}],"version-history":[{"count":72,"href":"https:\/\/tanovis.com\/de\/wp-json\/wp\/v2\/pages\/2\/revisions"}],"predecessor-version":[{"id":1029,"href":"https:\/\/tanovis.com\/de\/wp-json\/wp\/v2\/pages\/2\/revisions\/1029"}],"wp:featuredmedia":[{"embeddable":true,"href":"https:\/\/tanovis.com\/de\/wp-json\/wp\/v2\/media\/615"}],"wp:attachment":[{"href":"https:\/\/tanovis.com\/de\/wp-json\/wp\/v2\/media?parent=2"}],"curies":[{"name":"wp","href":"https:\/\/api.w.org\/{rel}","templated":true}]}}