{"id":123,"date":"2025-11-19T09:23:20","date_gmt":"2025-11-19T09:23:20","guid":{"rendered":"https:\/\/tanovis.linawang.se\/?page_id=123"},"modified":"2025-12-16T20:27:16","modified_gmt":"2025-12-16T20:27:16","slug":"responsibility","status":"publish","type":"page","link":"https:\/\/tanovis.com\/es\/responsibility\/","title":{"rendered":"Responsabilidad"},"content":{"rendered":"<section\n  class=\"tanovis_sub_hero  sub_hero--bg-default tanovis\"\n  >\n  <div class=\"hero__media\">\n              <img decoding=\"async\" class=\"hero__bg\" src=\"https:\/\/tanovis.com\/wp-content\/uploads\/2025\/11\/Tanovis-street-16-9_A.jpg\" alt=\"\" \/>\n    \n    <div class=\"hero__symbol-container tanovis\">\n      <div class=\"hero__symbol\">\n                  <img decoding=\"async\" class=\"hero__symbol\" src=\"https:\/\/tanovis.com\/wp-content\/uploads\/2025\/11\/Tanovis-sea-above-9-16.jpg\"\n            alt=\"\" \/>\n              <\/div>\n    <\/div>\n  <\/div>\n\n  <div class=\"hero__content container\">\n          <h1 class=\"hero__title title-lg\">Creando proyectos para el mundo pospetroqu\u00edmico.<\/h1>\n      <\/div>\n<\/section>\n\n\n<section class=\"text container wysiwyg\" >\n                                      <div class=\"text__preamble  fade-up\">\n            <p class=\"preamble\">Para nosotros, la responsabilidad no es una ambici\u00f3n. Es la arquitectura sobre la que construimos. Como creadores de empresas, hacemos que la responsabilidad sea escalable a trav\u00e9s de iniciativas que cambian la forma en que las industrias se abastecen, producen y funcionan.<\/p>\n          <\/div>\n                    \n<\/section>\n\n\n<section id=\"tab-image-text-69e2ff1e69526\"\n  class=\"tab-image-text container  bg-default\" >\n  <div class=\"tab-image-text__title\">\n    <h2 class=\"tab-image-text__title-text title-lg animate-words\">Comprometidos con los objetivos de la ONU<\/h2>\n  <\/div>\n\n  <div class=\"tab-image-text__buttons fade\">\n                  <button class=\"tab-image-text__button\">\n          ODS n.\u00ba 3 de las Naciones Unidas        <\/button>\n              <button class=\"tab-image-text__button\">\n          ODS n.\u00ba 9 de las Naciones Unidas        <\/button>\n              <button class=\"tab-image-text__button\">\n          ODS n.\u00ba 12 de las Naciones Unidas        <\/button>\n              <button class=\"tab-image-text__button\">\n          ODS n.\u00ba 15 de las Naciones Unidas        <\/button>\n              <button class=\"tab-image-text__button\">\n                  <\/button>\n              <button class=\"tab-image-text__button\">\n                  <\/button>\n              <button class=\"tab-image-text__button\">\n                  <\/button>\n            <\/div>\n\n  <div class=\"tab-image-text__tabs fade-up-delay-200\">\n                  <div class=\"tab-image-text__tab\">\n\n          <div class=\"tab-image-text__tab-content\">\n            <h3 class=\"tab-image-text__tab-title title-md\">Buena salud y bienestar \u2013 Siranius<\/h3>\n            <div class=\"tab-image-text__content\"><p><span style=\"font-weight: 400;\">Siranius es pionera en una nueva categor\u00eda de soluciones para la salud humana, promoviendo la nutrici\u00f3n bioactiva para el bienestar humano y abordando al mismo tiempo los principales retos de salud relacionados con la salud intestinal.<\/span><\/p>\n<\/div>\n          <\/div>\n\n          <div class=\"tab-image-text__tab-image cutout aspect-ratio-4-3 cutout-top-left\">\n            <img decoding=\"async\" src=\"https:\/\/tanovis.com\/wp-content\/uploads\/2025\/12\/UN-3-goals.jpg\" alt=\"\" \/>\n          <\/div>\n\n        <\/div>\n              <div class=\"tab-image-text__tab is-active\">\n\n          <div class=\"tab-image-text__tab-content\">\n            <h3 class=\"tab-image-text__tab-title title-md\"> Innovaci\u00f3n e infraestructura de la industria \u2013 PLT Innovations<\/h3>\n            <div class=\"tab-image-text__content\"><p><span style=\"font-weight: 400;\">PLT Innovations est\u00e1 desarrollando materiales industriales de alto rendimiento que sustituyen los ingredientes nocivos derivados del petr\u00f3leo por soluciones naturales y recicladas.<\/span><\/p>\n<\/div>\n          <\/div>\n\n          <div class=\"tab-image-text__tab-image cutout aspect-ratio-4-3 cutout-top-left\">\n            <img decoding=\"async\" src=\"https:\/\/tanovis.com\/wp-content\/uploads\/2025\/12\/UN-9-goals.jpg\" alt=\"\" \/>\n          <\/div>\n\n        <\/div>\n              <div class=\"tab-image-text__tab\">\n\n          <div class=\"tab-image-text__tab-content\">\n            <h3 class=\"tab-image-text__tab-title title-md\"> Consumo y producci\u00f3n responsables: Siranius, PLT Innovations y Phytaxis.<\/h3>\n            <div class=\"tab-image-text__content\"><p>Nuestro impacto no se mide en toneladas de lignina extra\u00edda. <span style=\"font-weight: 400;\">Reside en las iniciativas que desarrollamos y en el cambio que generan. Cada iniciativa dentro de nuestro grupo convierte una faceta diferente de la qu\u00edmica de la lignina en un avance tangible. <\/span><span style=\"font-weight: 400;\">Todos ellos demuestran c\u00f3mo una sola plataforma puede generar un impacto en todos los sectores, sustituyendo la extracci\u00f3n para la eliminaci\u00f3n por la innovaci\u00f3n para la renovaci\u00f3n.\u00a0<\/span><\/p>\n<\/div>\n          <\/div>\n\n          <div class=\"tab-image-text__tab-image cutout aspect-ratio-4-3 cutout-top-left\">\n            <img decoding=\"async\" src=\"https:\/\/tanovis.com\/wp-content\/uploads\/2025\/12\/UN-12-goals.jpg\" alt=\"\" \/>\n          <\/div>\n\n        <\/div>\n              <div class=\"tab-image-text__tab\">\n\n          <div class=\"tab-image-text__tab-content\">\n            <h3 class=\"tab-image-text__tab-title title-md\">La vida en tierra firme \u2013 Phytaxis<\/h3>\n            <div class=\"tab-image-text__content\"><p><span style=\"font-weight: 400;\">Phytaxis est\u00e1 replanteando la salud animal y el valor que aporta. Sus ingredientes alimenticios reciclados reducen los antibi\u00f3ticos en los piensos, lo que hace que la salud animal sea m\u00e1s rentable y sostenible.<\/span><\/p>\n<\/div>\n          <\/div>\n\n          <div class=\"tab-image-text__tab-image cutout aspect-ratio-4-3 cutout-top-left\">\n            <img decoding=\"async\" src=\"https:\/\/tanovis.com\/wp-content\/uploads\/2025\/12\/UN-15-goals.jpg\" alt=\"\" \/>\n          <\/div>\n\n        <\/div>\n              <div class=\"tab-image-text__tab\">\n\n          <div class=\"tab-image-text__tab-content\">\n            <h3 class=\"tab-image-text__tab-title title-md\"><\/h3>\n            <div class=\"tab-image-text__content\"><\/div>\n          <\/div>\n\n          <div class=\"tab-image-text__tab-image cutout aspect-ratio-4-3 cutout-top-left\">\n            <img decoding=\"async\" src=\"https:\/\/tanovis.com\/wp-content\/uploads\/2025\/12\/UN-9-goals.jpg\" alt=\"\" \/>\n          <\/div>\n\n        <\/div>\n              <div class=\"tab-image-text__tab\">\n\n          <div class=\"tab-image-text__tab-content\">\n            <h3 class=\"tab-image-text__tab-title title-md\"><\/h3>\n            <div class=\"tab-image-text__content\"><\/div>\n          <\/div>\n\n          <div class=\"tab-image-text__tab-image cutout aspect-ratio-4-3 cutout-top-left\">\n            <img decoding=\"async\" src=\"https:\/\/tanovis.com\/wp-content\/uploads\/2025\/12\/UN-12-goals.jpg\" alt=\"\" \/>\n          <\/div>\n\n        <\/div>\n              <div class=\"tab-image-text__tab\">\n\n          <div class=\"tab-image-text__tab-content\">\n            <h3 class=\"tab-image-text__tab-title title-md\"><\/h3>\n            <div class=\"tab-image-text__content\"><\/div>\n          <\/div>\n\n          <div class=\"tab-image-text__tab-image cutout aspect-ratio-4-3 cutout-top-left\">\n            <img decoding=\"async\" src=\"https:\/\/tanovis.com\/wp-content\/uploads\/2025\/12\/UN-15-goals.jpg\" alt=\"\" \/>\n          <\/div>\n\n        <\/div>\n            <\/div>\n<\/section>\n\n\n<section class=\"text container wysiwyg\" id=\"Production\" >\n                                      <h3 class=\"text__title fade-up\">\n            Tecnolog\u00eda y producci\u00f3n compartidas.          <\/h3>\n                                                  <div class=\"text__body fade-up\">\n            <p><span style=\"font-weight: 400\">Todas las iniciativas de Tanovis comparten una base com\u00fan: una plataforma de producci\u00f3n basada en la qu\u00edmica avanzada de la lignina y el procesamiento de precisi\u00f3n. Desde la extracci\u00f3n y purificaci\u00f3n hasta el ajuste del rendimiento, la misma tecnolog\u00eda central sustenta cada nueva iniciativa que desarrollamos. Esto garantiza la consistencia, la calidad y una ventaja medible en materia de sostenibilidad en todas las aplicaciones.<\/span><\/p>\n<p>&nbsp;<\/p>\n<p><span style=\"font-weight: 400\">Mediante procesos sin azufre y ligninas de alta reactividad, reemplazamos los insumos convencionales por otros renovables, lo que permite una producci\u00f3n m\u00e1s limpia y eficiente sin concesiones. Esta plataforma compartida permite que cada empresa crezca de manera responsable, convirtiendo una \u00fanica fuente de innovaci\u00f3n en m\u00faltiples v\u00edas hacia la fabricaci\u00f3n circular.<\/span><\/p>\n<p>&nbsp;<\/p>\n<p>&nbsp;<\/p>\n          <\/div>\n                                          <div class=\"text__table fade-up\">\n                          <div class=\"text__table-column\">\n                                                  <p class=\"text__table-header body-md\">DE LA MATERIA PRIMA RENOVABLE A LAS APLICACIONES<\/p>\n                                              <\/div>\n                      <\/div>\n                                                  <div class=\"text__image fade-up\">\n            <img loading=\"lazy\" decoding=\"async\" width=\"1920\" height=\"580\" src=\"https:\/\/tanovis.com\/wp-content\/uploads\/2025\/12\/From-renewable-agro-model-turquise.jpg\" class=\"text__image-img\" alt=\"\" srcset=\"https:\/\/tanovis.com\/wp-content\/uploads\/2025\/12\/From-renewable-agro-model-turquise.jpg 1920w, https:\/\/tanovis.com\/wp-content\/uploads\/2025\/12\/From-renewable-agro-model-turquise-300x91.jpg 300w, https:\/\/tanovis.com\/wp-content\/uploads\/2025\/12\/From-renewable-agro-model-turquise-1024x309.jpg 1024w, https:\/\/tanovis.com\/wp-content\/uploads\/2025\/12\/From-renewable-agro-model-turquise-768x232.jpg 768w, https:\/\/tanovis.com\/wp-content\/uploads\/2025\/12\/From-renewable-agro-model-turquise-1536x464.jpg 1536w\" sizes=\"auto, (max-width: 1920px) 100vw, 1920px\" \/>          <\/div>\n                    \n<\/section>\n\n\n<section class=\"text container wysiwyg\" id=\"Upcycling\" >\n                                      <h3 class=\"text__title fade-up\">\n            Reciclaje creativo y creaci\u00f3n de nuevo valor.          <\/h3>\n                                                  <div class=\"text__body fade-up\">\n            <p><span style=\"font-weight: 400\">El reciclaje creativo de la lignina para convertirla en nuevos ingredientes fortalece toda la cadena de valor. Transforma los subproductos de la silvicultura, la agricultura y la fabricaci\u00f3n de pasta de papel en fuentes de innovaci\u00f3n, reduciendo la dependencia de las materias primas v\u00edrgenes y los productos intermedios derivados de combustibles f\u00f3siles. Nuestro modelo integrado verticalmente garantiza la trazabilidad y la consistencia desde la extracci\u00f3n hasta la aplicaci\u00f3n, lo que permite a nuestros socios cumplir sus objetivos de sostenibilidad al tiempo que mejora la resiliencia y la transparencia en toda la cadena de suministro.<\/span><\/p>\n          <\/div>\n                    \n<\/section>\n\n\n<section class=\"text container wysiwyg\" id=\"End-usage\" >\n                                      <h3 class=\"text__title fade-up\">\n            Rendimiento que sostiene el progreso.          <\/h3>\n                                                  <div class=\"text__body fade-up\">\n            <p>La responsabilidad no termina en la producci\u00f3n. Se extiende al rendimiento de los productos durante su uso y a c\u00f3mo afectan a las personas, los animales y los ecosistemas en su conjunto. Las propiedades antioxidantes y antimicrobianas naturales de la lignina la convierten en un potente facilitador de productos m\u00e1s seguros, duraderos y eficientes. Ya sea mejorando el bienestar animal, potenciando la salud humana o prolongando la vida \u00fatil de los materiales de origen biol\u00f3gico, el resultado es el mismo: un rendimiento que sostiene el progreso.<\/p>\n          <\/div>\n                    \n<\/section>\n\n\n<section class=\"text container wysiwyg\" >\n  \n<\/section>","protected":false},"excerpt":{"rendered":"","protected":false},"author":1,"featured_media":616,"parent":0,"menu_order":0,"comment_status":"closed","ping_status":"closed","template":"","meta":{"_acf_changed":false,"content-type":"","footnotes":""},"class_list":["post-123","page","type-page","status-publish","has-post-thumbnail","hentry"],"acf":[],"yoast_head":"<!-- This site is optimized with the Yoast SEO plugin v26.6 - https:\/\/yoast.com\/wordpress\/plugins\/seo\/ -->\n<title>Responsibility - Tanovis<\/title>\n<meta name=\"description\" content=\"Discover Tanovis\u2019 approach to responsibility and impact in the bioeconomy \u2014 from sustainability commitments to real-world actions shaping people and planet.\" \/>\n<meta name=\"robots\" content=\"index, follow, max-snippet:-1, max-image-preview:large, max-video-preview:-1\" \/>\n<link rel=\"canonical\" href=\"https:\/\/tanovis.com\/es\/responsibility\/\" \/>\n<meta property=\"og:locale\" content=\"es_MX\" \/>\n<meta property=\"og:type\" content=\"article\" \/>\n<meta property=\"og:title\" content=\"Responsibility - Tanovis\" \/>\n<meta property=\"og:description\" content=\"Discover Tanovis\u2019 approach to responsibility and impact in the bioeconomy \u2014 from sustainability commitments to real-world actions shaping people and planet.\" \/>\n<meta property=\"og:url\" content=\"https:\/\/tanovis.com\/es\/responsibility\/\" \/>\n<meta property=\"og:site_name\" content=\"Tanovis\" \/>\n<meta property=\"article:modified_time\" content=\"2025-12-16T20:27:16+00:00\" \/>\n<meta property=\"og:image\" content=\"https:\/\/tanovis.com\/wp-content\/uploads\/2025\/12\/Meta-2.jpg\" \/>\n\t<meta property=\"og:image:width\" content=\"1024\" \/>\n\t<meta property=\"og:image:height\" content=\"768\" \/>\n\t<meta property=\"og:image:type\" content=\"image\/jpeg\" \/>\n<meta name=\"twitter:card\" content=\"summary_large_image\" \/>\n<meta name=\"twitter:label1\" content=\"Tiempo de lectura\" \/>\n\t<meta name=\"twitter:data1\" content=\"4 minutos\" \/>\n<script type=\"application\/ld+json\" class=\"yoast-schema-graph\">{\"@context\":\"https:\/\/schema.org\",\"@graph\":[{\"@type\":\"WebPage\",\"@id\":\"https:\/\/tanovis.com\/responsibility\/\",\"url\":\"https:\/\/tanovis.com\/responsibility\/\",\"name\":\"Responsibility - Tanovis\",\"isPartOf\":{\"@id\":\"https:\/\/tanovis.com\/#website\"},\"primaryImageOfPage\":{\"@id\":\"https:\/\/tanovis.com\/responsibility\/#primaryimage\"},\"image\":{\"@id\":\"https:\/\/tanovis.com\/responsibility\/#primaryimage\"},\"thumbnailUrl\":\"https:\/\/tanovis.com\/wp-content\/uploads\/2025\/12\/Meta-2.jpg\",\"datePublished\":\"2025-11-19T09:23:20+00:00\",\"dateModified\":\"2025-12-16T20:27:16+00:00\",\"description\":\"Discover Tanovis\u2019 approach to responsibility and impact in the bioeconomy \u2014 from sustainability commitments to real-world actions shaping people and planet.\",\"breadcrumb\":{\"@id\":\"https:\/\/tanovis.com\/responsibility\/#breadcrumb\"},\"inLanguage\":\"es\",\"potentialAction\":[{\"@type\":\"ReadAction\",\"target\":[\"https:\/\/tanovis.com\/responsibility\/\"]}]},{\"@type\":\"ImageObject\",\"inLanguage\":\"es\",\"@id\":\"https:\/\/tanovis.com\/responsibility\/#primaryimage\",\"url\":\"https:\/\/tanovis.com\/wp-content\/uploads\/2025\/12\/Meta-2.jpg\",\"contentUrl\":\"https:\/\/tanovis.com\/wp-content\/uploads\/2025\/12\/Meta-2.jpg\",\"width\":1024,\"height\":768,\"caption\":\"Responsibility\"},{\"@type\":\"BreadcrumbList\",\"@id\":\"https:\/\/tanovis.com\/responsibility\/#breadcrumb\",\"itemListElement\":[{\"@type\":\"ListItem\",\"position\":1,\"name\":\"Home\",\"item\":\"https:\/\/tanovis.com\/\"},{\"@type\":\"ListItem\",\"position\":2,\"name\":\"Responsibility\"}]},{\"@type\":\"WebSite\",\"@id\":\"https:\/\/tanovis.com\/#website\",\"url\":\"https:\/\/tanovis.com\/\",\"name\":\"Tanovis\",\"description\":\"Building lignin ventures\",\"potentialAction\":[{\"@type\":\"SearchAction\",\"target\":{\"@type\":\"EntryPoint\",\"urlTemplate\":\"https:\/\/tanovis.com\/?s={search_term_string}\"},\"query-input\":{\"@type\":\"PropertyValueSpecification\",\"valueRequired\":true,\"valueName\":\"search_term_string\"}}],\"inLanguage\":\"es\"}]}<\/script>\n<!-- \/ Yoast SEO plugin. -->","yoast_head_json":{"title":"Responsibility - Tanovis","description":"Discover Tanovis\u2019 approach to responsibility and impact in the bioeconomy \u2014 from sustainability commitments to real-world actions shaping people and planet.","robots":{"index":"index","follow":"follow","max-snippet":"max-snippet:-1","max-image-preview":"max-image-preview:large","max-video-preview":"max-video-preview:-1"},"canonical":"https:\/\/tanovis.com\/es\/responsibility\/","og_locale":"es_MX","og_type":"article","og_title":"Responsibility - Tanovis","og_description":"Discover Tanovis\u2019 approach to responsibility and impact in the bioeconomy \u2014 from sustainability commitments to real-world actions shaping people and planet.","og_url":"https:\/\/tanovis.com\/es\/responsibility\/","og_site_name":"Tanovis","article_modified_time":"2025-12-16T20:27:16+00:00","og_image":[{"width":1024,"height":768,"url":"https:\/\/tanovis.com\/wp-content\/uploads\/2025\/12\/Meta-2.jpg","type":"image\/jpeg"}],"twitter_card":"summary_large_image","twitter_misc":{"Tiempo de lectura":"4 minutos"},"schema":{"@context":"https:\/\/schema.org","@graph":[{"@type":"WebPage","@id":"https:\/\/tanovis.com\/responsibility\/","url":"https:\/\/tanovis.com\/responsibility\/","name":"Responsibility - Tanovis","isPartOf":{"@id":"https:\/\/tanovis.com\/#website"},"primaryImageOfPage":{"@id":"https:\/\/tanovis.com\/responsibility\/#primaryimage"},"image":{"@id":"https:\/\/tanovis.com\/responsibility\/#primaryimage"},"thumbnailUrl":"https:\/\/tanovis.com\/wp-content\/uploads\/2025\/12\/Meta-2.jpg","datePublished":"2025-11-19T09:23:20+00:00","dateModified":"2025-12-16T20:27:16+00:00","description":"Discover Tanovis\u2019 approach to responsibility and impact in the bioeconomy \u2014 from sustainability commitments to real-world actions shaping people and planet.","breadcrumb":{"@id":"https:\/\/tanovis.com\/responsibility\/#breadcrumb"},"inLanguage":"es","potentialAction":[{"@type":"ReadAction","target":["https:\/\/tanovis.com\/responsibility\/"]}]},{"@type":"ImageObject","inLanguage":"es","@id":"https:\/\/tanovis.com\/responsibility\/#primaryimage","url":"https:\/\/tanovis.com\/wp-content\/uploads\/2025\/12\/Meta-2.jpg","contentUrl":"https:\/\/tanovis.com\/wp-content\/uploads\/2025\/12\/Meta-2.jpg","width":1024,"height":768,"caption":"Responsibility"},{"@type":"BreadcrumbList","@id":"https:\/\/tanovis.com\/responsibility\/#breadcrumb","itemListElement":[{"@type":"ListItem","position":1,"name":"Home","item":"https:\/\/tanovis.com\/"},{"@type":"ListItem","position":2,"name":"Responsibility"}]},{"@type":"WebSite","@id":"https:\/\/tanovis.com\/#website","url":"https:\/\/tanovis.com\/","name":"Tanovis","description":"Creaci\u00f3n de empresas dedicadas a la lignina","potentialAction":[{"@type":"SearchAction","target":{"@type":"EntryPoint","urlTemplate":"https:\/\/tanovis.com\/?s={search_term_string}"},"query-input":{"@type":"PropertyValueSpecification","valueRequired":true,"valueName":"search_term_string"}}],"inLanguage":"es"}]}},"_links":{"self":[{"href":"https:\/\/tanovis.com\/es\/wp-json\/wp\/v2\/pages\/123","targetHints":{"allow":["GET"]}}],"collection":[{"href":"https:\/\/tanovis.com\/es\/wp-json\/wp\/v2\/pages"}],"about":[{"href":"https:\/\/tanovis.com\/es\/wp-json\/wp\/v2\/types\/page"}],"author":[{"embeddable":true,"href":"https:\/\/tanovis.com\/es\/wp-json\/wp\/v2\/users\/1"}],"replies":[{"embeddable":true,"href":"https:\/\/tanovis.com\/es\/wp-json\/wp\/v2\/comments?post=123"}],"version-history":[{"count":54,"href":"https:\/\/tanovis.com\/es\/wp-json\/wp\/v2\/pages\/123\/revisions"}],"predecessor-version":[{"id":887,"href":"https:\/\/tanovis.com\/es\/wp-json\/wp\/v2\/pages\/123\/revisions\/887"}],"wp:featuredmedia":[{"embeddable":true,"href":"https:\/\/tanovis.com\/es\/wp-json\/wp\/v2\/media\/616"}],"wp:attachment":[{"href":"https:\/\/tanovis.com\/es\/wp-json\/wp\/v2\/media?parent=123"}],"curies":[{"name":"wp","href":"https:\/\/api.w.org\/{rel}","templated":true}]}}