{"id":129,"date":"2025-11-19T09:26:54","date_gmt":"2025-11-19T09:26:54","guid":{"rendered":"https:\/\/tanovis.linawang.se\/?page_id=129"},"modified":"2025-12-16T20:19:32","modified_gmt":"2025-12-16T20:19:32","slug":"partnerships","status":"publish","type":"page","link":"https:\/\/tanovis.com\/es\/partnerships\/","title":{"rendered":"Nuestras alianzas"},"content":{"rendered":"<section\n  class=\"tanovis_sub_hero  sub_hero--bg-default tanovis\"\n  >\n  <div class=\"hero__media\">\n              <img decoding=\"async\" class=\"hero__bg\" src=\"https:\/\/tanovis.com\/wp-content\/uploads\/2025\/11\/Tanovis-field-farmer-16-9.jpg\" alt=\"\" \/>\n    \n    <div class=\"hero__symbol-container tanovis\">\n      <div class=\"hero__symbol\">\n                  <img decoding=\"async\" class=\"hero__symbol\" src=\"https:\/\/tanovis.com\/wp-content\/uploads\/2025\/11\/Tanovis-street-9-16.jpg\"\n            alt=\"\" \/>\n              <\/div>\n    <\/div>\n  <\/div>\n\n  <div class=\"hero__content container\">\n          <h1 class=\"hero__title title-lg\">Construyendo un movimiento m\u00e1s amplio.<\/h1>\n      <\/div>\n<\/section>\n\n\n<section class=\"text container wysiwyg\" id=\"Lignopure\" >\n                                      <h2 class=\"text__title fade-up\">\n            M\u00e1s all\u00e1 de nuestras propias iniciativas, colaboramos e invertimos en empresas que impulsan la innovaci\u00f3n en el campo de la lignina. Estas alianzas ampl\u00edan el alcance de nuestra plataforma a nuevos sectores de la bioeconom\u00eda.          <\/h2>\n                    \n<\/section>\n\n\n<section class=\"text container wysiwyg\" id=\"Lignopure\" >\n                                      <div class=\"text__image fade-up\">\n            <img loading=\"lazy\" decoding=\"async\" width=\"800\" height=\"600\" src=\"https:\/\/tanovis.com\/wp-content\/uploads\/2025\/12\/Lignopure-image-800.jpg\" class=\"text__image-img\" alt=\"\" srcset=\"https:\/\/tanovis.com\/wp-content\/uploads\/2025\/12\/Lignopure-image-800.jpg 800w, https:\/\/tanovis.com\/wp-content\/uploads\/2025\/12\/Lignopure-image-800-300x225.jpg 300w, https:\/\/tanovis.com\/wp-content\/uploads\/2025\/12\/Lignopure-image-800-768x576.jpg 768w\" sizes=\"auto, (max-width: 800px) 100vw, 800px\" \/>          <\/div>\n                                                  <h3 class=\"text__title fade-up\">\n            Lignopure          <\/h3>\n                                                  <div class=\"text__body fade-up\">\n            <p><span style=\"font-weight: 400\">Lignopure es una empresa de tecnolog\u00eda de materiales con sede en Hamburgo que desarrolla polvos y part\u00edculas de origen biol\u00f3gico a partir de lignina para aplicaciones en cosm\u00e9tica, salud y ciencia de los materiales. Su enfoque complementa la plataforma Tanovis, convirtiendo la funcionalidad natural de la lignina en un rendimiento tangible del producto. Tenemos una inversi\u00f3n estrat\u00e9gica en Lignopure y colaboramos estrechamente en el avance de las aplicaciones de lignina de alta pureza, apoyando las ambiciones compartidas de lograr un impacto comercial escalable dentro de la bioeconom\u00eda circular.<\/span><\/p>\n<p>&nbsp;<\/p>\n<p><em><a href=\"https:\/\/www.lignopure.com\/\">Visitar el sitio web<\/a><\/em><\/p>\n          <\/div>\n                    \n<\/section>\n\n\n<section class=\"text container wysiwyg\" id=\"Fibenol\" >\n                                      <div class=\"text__image fade-up\">\n            <img loading=\"lazy\" decoding=\"async\" width=\"800\" height=\"600\" src=\"https:\/\/tanovis.com\/wp-content\/uploads\/2025\/12\/Fibenol-image-800.jpg\" class=\"text__image-img\" alt=\"\" srcset=\"https:\/\/tanovis.com\/wp-content\/uploads\/2025\/12\/Fibenol-image-800.jpg 800w, https:\/\/tanovis.com\/wp-content\/uploads\/2025\/12\/Fibenol-image-800-300x225.jpg 300w, https:\/\/tanovis.com\/wp-content\/uploads\/2025\/12\/Fibenol-image-800-768x576.jpg 768w\" sizes=\"auto, (max-width: 800px) 100vw, 800px\" \/>          <\/div>\n                                                  <h3 class=\"text__title fade-up\">\n            Fibenol          <\/h3>\n                                                  <div class=\"text__body fade-up\">\n            <p><span style=\"font-weight: 400\">Tanovis se ha unido a Fibenol Imavere O\u00dc para acelerar el uso comercial de la lignina. La colaboraci\u00f3n tiene como objetivo ir m\u00e1s all\u00e1 del potencial y pasar a la pr\u00e1ctica. Al trabajar juntos, pretendemos abordar la complejidad que rodea a la lignina y acelerar su papel en la desfosilizaci\u00f3n de las cadenas de valor. <\/span><span style=\"font-weight: 400\">Trabajar con Fibenol nos permite convertir el potencial cient\u00edfico de la lignina en soluciones listas para salir al mercado. A trav\u00e9s de las diversas filiales de Tanovis y sus esfuerzos conjuntos, esta colaboraci\u00f3n tiene como objetivo ofrecer beneficios tangibles en materia de sostenibilidad a los clientes y las industrias que buscan alternativas libres de combustibles f\u00f3siles.<\/span><\/p>\n<p>&nbsp;<\/p>\n<p><a href=\"https:\/\/fibenol.com\/news\/fibenol-and-tanovis-partner-to-advance-commercial-applications-of-lignin\">Leer m\u00e1s<\/a><\/p>\n          <\/div>\n                    \n<\/section>\n\n\n<section class=\"text container wysiwyg\" id=\"Collaborations\" >\n                                      <h3 class=\"text__title fade-up\">\n            Una amplia red de colaboradores.          <\/h3>\n                                                  <div class=\"text__body fade-up\">\n            <p><span style=\"font-weight: 400\">Desde biorrefiner\u00edas y productores de fibra hasta empresas emergentes tecnol\u00f3gicas pioneras y universidades: colaboramos activamente con una amplia red de socios que est\u00e1n dando forma al futuro de la lignina. Entre ellos se encuentran Red Leaf Pulp en Canad\u00e1, Fibenol en Estonia y NordFuel en Finlandia. Cada asociaci\u00f3n aporta conocimientos, recursos y perspectivas \u00fanicos, lo que permite que la lignina pase de ser un subproducto a convertirse en un material fundamental.<\/span><\/p>\n          <\/div>\n                    \n<\/section>\n\n\n<section class=\"text container wysiwyg\" >\n  \n<\/section>","protected":false},"excerpt":{"rendered":"","protected":false},"author":1,"featured_media":618,"parent":0,"menu_order":0,"comment_status":"closed","ping_status":"closed","template":"","meta":{"_acf_changed":false,"content-type":"","footnotes":""},"class_list":["post-129","page","type-page","status-publish","has-post-thumbnail","hentry"],"acf":[],"yoast_head":"<!-- This site is optimized with the Yoast SEO plugin v26.6 - https:\/\/yoast.com\/wordpress\/plugins\/seo\/ -->\n<title>Our Partnerships - Tanovis<\/title>\n<meta name=\"description\" content=\"Explore bioeconomy partnerships with Tanovis. Collaborate with us to co-create sustainable ventures, drive innovation and bring real-world lignin solutions to life.\" \/>\n<meta name=\"robots\" content=\"index, follow, max-snippet:-1, max-image-preview:large, max-video-preview:-1\" \/>\n<link rel=\"canonical\" href=\"https:\/\/tanovis.com\/es\/partnerships\/\" \/>\n<meta property=\"og:locale\" content=\"es_MX\" \/>\n<meta property=\"og:type\" content=\"article\" \/>\n<meta property=\"og:title\" content=\"Our Partnerships - Tanovis\" \/>\n<meta property=\"og:description\" content=\"Explore bioeconomy partnerships with Tanovis. Collaborate with us to co-create sustainable ventures, drive innovation and bring real-world lignin solutions to life.\" \/>\n<meta property=\"og:url\" content=\"https:\/\/tanovis.com\/es\/partnerships\/\" \/>\n<meta property=\"og:site_name\" content=\"Tanovis\" \/>\n<meta property=\"article:modified_time\" content=\"2025-12-16T20:19:32+00:00\" \/>\n<meta property=\"og:image\" content=\"https:\/\/tanovis.com\/wp-content\/uploads\/2025\/12\/Meta-4.jpg\" \/>\n\t<meta property=\"og:image:width\" content=\"1024\" \/>\n\t<meta property=\"og:image:height\" content=\"768\" \/>\n\t<meta property=\"og:image:type\" content=\"image\/jpeg\" \/>\n<meta name=\"twitter:card\" content=\"summary_large_image\" \/>\n<meta name=\"twitter:label1\" content=\"Tiempo de lectura\" \/>\n\t<meta name=\"twitter:data1\" content=\"2 minutos\" \/>\n<script type=\"application\/ld+json\" class=\"yoast-schema-graph\">{\"@context\":\"https:\/\/schema.org\",\"@graph\":[{\"@type\":\"WebPage\",\"@id\":\"https:\/\/tanovis.com\/partnerships\/\",\"url\":\"https:\/\/tanovis.com\/partnerships\/\",\"name\":\"Our Partnerships - Tanovis\",\"isPartOf\":{\"@id\":\"https:\/\/tanovis.com\/#website\"},\"primaryImageOfPage\":{\"@id\":\"https:\/\/tanovis.com\/partnerships\/#primaryimage\"},\"image\":{\"@id\":\"https:\/\/tanovis.com\/partnerships\/#primaryimage\"},\"thumbnailUrl\":\"https:\/\/tanovis.com\/wp-content\/uploads\/2025\/12\/Meta-4.jpg\",\"datePublished\":\"2025-11-19T09:26:54+00:00\",\"dateModified\":\"2025-12-16T20:19:32+00:00\",\"description\":\"Explore bioeconomy partnerships with Tanovis. Collaborate with us to co-create sustainable ventures, drive innovation and bring real-world lignin solutions to life.\",\"breadcrumb\":{\"@id\":\"https:\/\/tanovis.com\/partnerships\/#breadcrumb\"},\"inLanguage\":\"es\",\"potentialAction\":[{\"@type\":\"ReadAction\",\"target\":[\"https:\/\/tanovis.com\/partnerships\/\"]}]},{\"@type\":\"ImageObject\",\"inLanguage\":\"es\",\"@id\":\"https:\/\/tanovis.com\/partnerships\/#primaryimage\",\"url\":\"https:\/\/tanovis.com\/wp-content\/uploads\/2025\/12\/Meta-4.jpg\",\"contentUrl\":\"https:\/\/tanovis.com\/wp-content\/uploads\/2025\/12\/Meta-4.jpg\",\"width\":1024,\"height\":768},{\"@type\":\"BreadcrumbList\",\"@id\":\"https:\/\/tanovis.com\/partnerships\/#breadcrumb\",\"itemListElement\":[{\"@type\":\"ListItem\",\"position\":1,\"name\":\"Home\",\"item\":\"https:\/\/tanovis.com\/\"},{\"@type\":\"ListItem\",\"position\":2,\"name\":\"Our Partnerships\"}]},{\"@type\":\"WebSite\",\"@id\":\"https:\/\/tanovis.com\/#website\",\"url\":\"https:\/\/tanovis.com\/\",\"name\":\"Tanovis\",\"description\":\"Building lignin ventures\",\"potentialAction\":[{\"@type\":\"SearchAction\",\"target\":{\"@type\":\"EntryPoint\",\"urlTemplate\":\"https:\/\/tanovis.com\/?s={search_term_string}\"},\"query-input\":{\"@type\":\"PropertyValueSpecification\",\"valueRequired\":true,\"valueName\":\"search_term_string\"}}],\"inLanguage\":\"es\"}]}<\/script>\n<!-- \/ Yoast SEO plugin. -->","yoast_head_json":{"title":"Our Partnerships - Tanovis","description":"Explore bioeconomy partnerships with Tanovis. Collaborate with us to co-create sustainable ventures, drive innovation and bring real-world lignin solutions to life.","robots":{"index":"index","follow":"follow","max-snippet":"max-snippet:-1","max-image-preview":"max-image-preview:large","max-video-preview":"max-video-preview:-1"},"canonical":"https:\/\/tanovis.com\/es\/partnerships\/","og_locale":"es_MX","og_type":"article","og_title":"Our Partnerships - Tanovis","og_description":"Explore bioeconomy partnerships with Tanovis. Collaborate with us to co-create sustainable ventures, drive innovation and bring real-world lignin solutions to life.","og_url":"https:\/\/tanovis.com\/es\/partnerships\/","og_site_name":"Tanovis","article_modified_time":"2025-12-16T20:19:32+00:00","og_image":[{"width":1024,"height":768,"url":"https:\/\/tanovis.com\/wp-content\/uploads\/2025\/12\/Meta-4.jpg","type":"image\/jpeg"}],"twitter_card":"summary_large_image","twitter_misc":{"Tiempo de lectura":"2 minutos"},"schema":{"@context":"https:\/\/schema.org","@graph":[{"@type":"WebPage","@id":"https:\/\/tanovis.com\/partnerships\/","url":"https:\/\/tanovis.com\/partnerships\/","name":"Our Partnerships - Tanovis","isPartOf":{"@id":"https:\/\/tanovis.com\/#website"},"primaryImageOfPage":{"@id":"https:\/\/tanovis.com\/partnerships\/#primaryimage"},"image":{"@id":"https:\/\/tanovis.com\/partnerships\/#primaryimage"},"thumbnailUrl":"https:\/\/tanovis.com\/wp-content\/uploads\/2025\/12\/Meta-4.jpg","datePublished":"2025-11-19T09:26:54+00:00","dateModified":"2025-12-16T20:19:32+00:00","description":"Explore bioeconomy partnerships with Tanovis. Collaborate with us to co-create sustainable ventures, drive innovation and bring real-world lignin solutions to life.","breadcrumb":{"@id":"https:\/\/tanovis.com\/partnerships\/#breadcrumb"},"inLanguage":"es","potentialAction":[{"@type":"ReadAction","target":["https:\/\/tanovis.com\/partnerships\/"]}]},{"@type":"ImageObject","inLanguage":"es","@id":"https:\/\/tanovis.com\/partnerships\/#primaryimage","url":"https:\/\/tanovis.com\/wp-content\/uploads\/2025\/12\/Meta-4.jpg","contentUrl":"https:\/\/tanovis.com\/wp-content\/uploads\/2025\/12\/Meta-4.jpg","width":1024,"height":768},{"@type":"BreadcrumbList","@id":"https:\/\/tanovis.com\/partnerships\/#breadcrumb","itemListElement":[{"@type":"ListItem","position":1,"name":"Home","item":"https:\/\/tanovis.com\/"},{"@type":"ListItem","position":2,"name":"Our Partnerships"}]},{"@type":"WebSite","@id":"https:\/\/tanovis.com\/#website","url":"https:\/\/tanovis.com\/","name":"Tanovis","description":"Creaci\u00f3n de empresas dedicadas a la lignina","potentialAction":[{"@type":"SearchAction","target":{"@type":"EntryPoint","urlTemplate":"https:\/\/tanovis.com\/?s={search_term_string}"},"query-input":{"@type":"PropertyValueSpecification","valueRequired":true,"valueName":"search_term_string"}}],"inLanguage":"es"}]}},"_links":{"self":[{"href":"https:\/\/tanovis.com\/es\/wp-json\/wp\/v2\/pages\/129","targetHints":{"allow":["GET"]}}],"collection":[{"href":"https:\/\/tanovis.com\/es\/wp-json\/wp\/v2\/pages"}],"about":[{"href":"https:\/\/tanovis.com\/es\/wp-json\/wp\/v2\/types\/page"}],"author":[{"embeddable":true,"href":"https:\/\/tanovis.com\/es\/wp-json\/wp\/v2\/users\/1"}],"replies":[{"embeddable":true,"href":"https:\/\/tanovis.com\/es\/wp-json\/wp\/v2\/comments?post=129"}],"version-history":[{"count":33,"href":"https:\/\/tanovis.com\/es\/wp-json\/wp\/v2\/pages\/129\/revisions"}],"predecessor-version":[{"id":877,"href":"https:\/\/tanovis.com\/es\/wp-json\/wp\/v2\/pages\/129\/revisions\/877"}],"wp:featuredmedia":[{"embeddable":true,"href":"https:\/\/tanovis.com\/es\/wp-json\/wp\/v2\/media\/618"}],"wp:attachment":[{"href":"https:\/\/tanovis.com\/es\/wp-json\/wp\/v2\/media?parent=129"}],"curies":[{"name":"wp","href":"https:\/\/api.w.org\/{rel}","templated":true}]}}