{"id":131,"date":"2025-11-19T09:27:25","date_gmt":"2025-11-19T09:27:25","guid":{"rendered":"https:\/\/tanovis.linawang.se\/?page_id=131"},"modified":"2025-12-16T20:21:33","modified_gmt":"2025-12-16T20:21:33","slug":"our-story","status":"publish","type":"page","link":"https:\/\/tanovis.com\/es\/our-story\/","title":{"rendered":"Nuestra historia"},"content":{"rendered":"<section\n  class=\"tanovis_sub_hero  sub_hero--bg-dark tanovis\"\n  >\n  <div class=\"hero__media\">\n              <img decoding=\"async\" class=\"hero__bg\" src=\"https:\/\/tanovis.com\/wp-content\/uploads\/2025\/11\/tanovis-field-animals-16-9.jpg\" alt=\"\" \/>\n    \n    <div class=\"hero__symbol-container tanovis\">\n      <div class=\"hero__symbol\">\n                  <img decoding=\"async\" class=\"hero__symbol\" src=\"https:\/\/tanovis.com\/wp-content\/uploads\/2025\/11\/Tanovis-city-9-16.jpg\"\n            alt=\"\" \/>\n              <\/div>\n    <\/div>\n  <\/div>\n\n  <div class=\"hero__content container\">\n          <h1 class=\"hero__title title-lg\">Construyendo los materiales del ma\u00f1ana.<\/h1>\n      <\/div>\n<\/section>\n\n\n<section class=\"text container wysiwyg\" >\n                                      <h2 class=\"text__title fade-up\">\n            Desde la qu\u00edmica de la lignina hasta las empresas de base biol\u00f3gica. Tanovis siempre ha apostado por el futuro. Nuestra andadura comenz\u00f3 con la convicci\u00f3n del potencial del pol\u00edmero natural y se ha convertido en una plataforma que opera a la vanguardia de la econom\u00eda de base biol\u00f3gica.          <\/h2>\n                    \n<\/section>\n\n\n<section class=\"timeline container  bg-default\" id=\"timeline\" >\n  <h2 class=\"timeline__title\">Hitos clave<\/h2>\n  <div class=\"timeline__inner\">\n          <div class=\"timeline__item\">\n        <h3 class=\"timeline__item-title title-xxl animate-letters\">2025<\/h3>\n        <div class=\"timeline__item-text body-md fade-up-delay-600\"><h3><b>Listo para escalar<\/b><\/h3>\n<p>El grupo Tanovis lidera la innovaci\u00f3n basada en la lignina en todos los sectores y mercados.<\/p>\n<\/div>\n      <\/div>\n          <div class=\"timeline__item\">\n        <h3 class=\"timeline__item-title title-xxl animate-letters\">2023<\/h3>\n        <div class=\"timeline__item-text body-md fade-up-delay-600\"><h3><b>Nuevas alianzas<\/b><\/h3>\n<p><span style=\"font-weight: 400;\">Se formaron alianzas con Lignopure y Red Leaf Pulp para acelerar la adopci\u00f3n.<\/span><\/p>\n<\/div>\n      <\/div>\n          <div class=\"timeline__item\">\n        <h3 class=\"timeline__item-title title-xxl animate-letters\">2020<\/h3>\n        <div class=\"timeline__item-text body-md fade-up-delay-600\"><h3><b>Ampliaci\u00f3n de la plataforma<\/b><\/h3>\n<p><span style=\"font-weight: 400;\">Lanzamiento de las nuevas empresas PLT Innovations y Siranius en el \u00e1mbito de los materiales y la nutrici\u00f3n humana.<\/span><\/p>\n<\/div>\n      <\/div>\n          <div class=\"timeline__item\">\n        <h3 class=\"timeline__item-title title-xxl animate-letters\">2017<\/h3>\n        <div class=\"timeline__item-text body-md fade-up-delay-600\"><h3><b>Nace Tanovis<\/b><\/h3>\n<p><span style=\"font-weight: 400;\">Fund\u00f3 Tanovis AG para crear empresas de base biol\u00f3gica a gran escala.<\/span><\/p>\n<\/div>\n      <\/div>\n          <div class=\"timeline__item\">\n        <h3 class=\"timeline__item-title title-xxl animate-letters\">2016<\/h3>\n        <div class=\"timeline__item-text body-md fade-up-delay-600\"><h3><b>Plataforma de innovaci\u00f3n<\/b><\/h3>\n<p><span style=\"font-weight: 400;\">Prepar\u00f3 la transici\u00f3n de GreenValue a una plataforma de innovaci\u00f3n m\u00e1s amplia.<\/span><\/p>\n<\/div>\n      <\/div>\n          <div class=\"timeline__item\">\n        <h3 class=\"timeline__item-title title-xxl animate-letters\">2008<\/h3>\n        <div class=\"timeline__item-text body-md fade-up-delay-600\"><h3><b>Primera aventura<\/b><\/h3>\n<p><span style=\"font-weight: 400;\">Lanzamiento de Phytaxis para desarrollar lignina sin azufre para la salud animal.<\/span><\/p>\n<\/div>\n      <\/div>\n          <div class=\"timeline__item\">\n        <h3 class=\"timeline__item-title title-xxl animate-letters\">2006<\/h3>\n        <div class=\"timeline__item-text body-md fade-up-delay-600\"><h3><b>Colaboraciones europeas<\/b><\/h3>\n<p><span style=\"font-weight: 400;\">Particip\u00f3 en programas de la UE que investigaban la lignina y la biomasa en la ciencia de los materiales.<\/span><\/p>\n<\/div>\n      <\/div>\n          <div class=\"timeline__item\">\n        <h3 class=\"timeline__item-title title-xxl animate-letters\">2005<\/h3>\n        <div class=\"timeline__item-text body-md fade-up-delay-600\"><h3><b>Prueba de concepto<\/b><\/h3>\n<p><span style=\"font-weight: 400;\">Presentaci\u00f3n de Protobind\u00ae, que valida las aplicaciones industriales basadas en la lignina.<\/span><\/p>\n<\/div>\n      <\/div>\n          <div class=\"timeline__item\">\n        <h3 class=\"timeline__item-title title-xxl animate-letters\">2004<\/h3>\n        <div class=\"timeline__item-text body-md fade-up-delay-600\"><h3><b>El principio<\/b><\/h3>\n<p><span style=\"font-weight: 400;\">Fund\u00f3 la empresa de investigaci\u00f3n GreenValue y estableci\u00f3 una planta industrial en la India para aprovechar el potencial industrial de la lignina.<\/span><\/p>\n<\/div>\n      <\/div>\n    <\/section>\n\n\n<section class=\"quote   bg-default\" >\n    <img decoding=\"async\" class=\"quote__bg\" src=\"https:\/\/tanovis.com\/wp-content\/uploads\/2025\/11\/Tanovis-wheat-field-16-9.jpg\" alt=\"\" \/>\n  \n  <div class=\"container\">\n        <h3 class=\"quote__text animate-lines title-lg\">\n      \u201cTras una carrera en el sector financiero, quer\u00eda crear algo tangible, un producto que pudiera tocar y que contribuyera de verdad a la sostenibilidad\u201d.\u201d    <\/h3>\n        <p class=\"quote__source font-heading body-lg fade-up\">Charles J Walser, director ejecutivo y cofundador de Tanovis AG<\/p>\n          <\/div>\n\n<\/section>\n\n\n<section class=\"text container wysiwyg\" id=\"production\" >\n                                      <h3 class=\"text__title fade-up\">\n            Producci\u00f3n de lignina mediante Greencone           <\/h3>\n                                                  <div class=\"text__body fade-up\">\n            <blockquote><p>Greencone, nuestra empresa conjunta en la India con un socio fabricante de papel, aplica la tecnolog\u00eda patentada de Tanovis para el tratamiento de la lignina, desarrollada y perfeccionada a lo largo de dos d\u00e9cadas, con el fin de valorizar diversas materias primas de biomasa. A trav\u00e9s de una estrecha colaboraci\u00f3n t\u00e9cnica, nuestros equipos optimizan continuamente la eficiencia y el rendimiento de los procesos, reforzando nuestro compromiso compartido con los materiales biol\u00f3gicos escalables y sostenibles.<b><\/b><\/p><\/blockquote>\n          <\/div>\n                    \n<\/section>\n\n\n<section\n  class=\"tanovis_sub_hero  sub_hero--bg-default none\"\n  >\n  <div class=\"hero__media\">\n          <video class=\"hero__video\" src=\"https:\/\/tanovis.com\/wp-content\/uploads\/2025\/11\/Tanovis_17sek.mp4\" autoplay muted loop playsinline><\/video>\n        \n    <div class=\"hero__symbol-container none\">\n      <div class=\"hero__symbol\">\n              <\/div>\n    <\/div>\n  <\/div>\n\n  <div class=\"hero__content container\">\n      <\/div>\n<\/section>\n\n\n<section class=\"text container wysiwyg\" >\n  \n<\/section>","protected":false},"excerpt":{"rendered":"","protected":false},"author":1,"featured_media":623,"parent":0,"menu_order":0,"comment_status":"closed","ping_status":"closed","template":"","meta":{"_acf_changed":false,"content-type":"","footnotes":""},"class_list":["post-131","page","type-page","status-publish","has-post-thumbnail","hentry"],"acf":[],"yoast_head":"<!-- This site is optimized with the Yoast SEO plugin v26.6 - https:\/\/yoast.com\/wordpress\/plugins\/seo\/ -->\n<title>Our story - Tanovis<\/title>\n<meta name=\"description\" content=\"Discover the story behind Tanovis \u2014 a bioeconomy venture builder shaping sustainable innovation from lignin. Learn why we exist and the impact we\u2019re creating.\" \/>\n<meta name=\"robots\" content=\"index, follow, max-snippet:-1, max-image-preview:large, max-video-preview:-1\" \/>\n<link rel=\"canonical\" href=\"https:\/\/tanovis.com\/es\/our-story\/\" \/>\n<meta property=\"og:locale\" content=\"es_MX\" \/>\n<meta property=\"og:type\" content=\"article\" \/>\n<meta property=\"og:title\" content=\"Our story - Tanovis\" \/>\n<meta property=\"og:description\" content=\"Discover the story behind Tanovis \u2014 a bioeconomy venture builder shaping sustainable innovation from lignin. Learn why we exist and the impact we\u2019re creating.\" \/>\n<meta property=\"og:url\" content=\"https:\/\/tanovis.com\/es\/our-story\/\" \/>\n<meta property=\"og:site_name\" content=\"Tanovis\" \/>\n<meta property=\"article:modified_time\" content=\"2025-12-16T20:21:33+00:00\" \/>\n<meta property=\"og:image\" content=\"https:\/\/tanovis.com\/wp-content\/uploads\/2025\/12\/Meta-9.jpg\" \/>\n\t<meta property=\"og:image:width\" content=\"1024\" \/>\n\t<meta property=\"og:image:height\" content=\"768\" \/>\n\t<meta property=\"og:image:type\" content=\"image\/jpeg\" \/>\n<meta name=\"twitter:card\" content=\"summary_large_image\" \/>\n<meta name=\"twitter:label1\" content=\"Tiempo de lectura\" \/>\n\t<meta name=\"twitter:data1\" content=\"2 minutos\" \/>\n<script type=\"application\/ld+json\" class=\"yoast-schema-graph\">{\"@context\":\"https:\/\/schema.org\",\"@graph\":[{\"@type\":\"WebPage\",\"@id\":\"https:\/\/tanovis.com\/our-story\/\",\"url\":\"https:\/\/tanovis.com\/our-story\/\",\"name\":\"Our story - Tanovis\",\"isPartOf\":{\"@id\":\"https:\/\/tanovis.com\/#website\"},\"primaryImageOfPage\":{\"@id\":\"https:\/\/tanovis.com\/our-story\/#primaryimage\"},\"image\":{\"@id\":\"https:\/\/tanovis.com\/our-story\/#primaryimage\"},\"thumbnailUrl\":\"https:\/\/tanovis.com\/wp-content\/uploads\/2025\/12\/Meta-9.jpg\",\"datePublished\":\"2025-11-19T09:27:25+00:00\",\"dateModified\":\"2025-12-16T20:21:33+00:00\",\"description\":\"Discover the story behind Tanovis \u2014 a bioeconomy venture builder shaping sustainable innovation from lignin. Learn why we exist and the impact we\u2019re creating.\",\"breadcrumb\":{\"@id\":\"https:\/\/tanovis.com\/our-story\/#breadcrumb\"},\"inLanguage\":\"es\",\"potentialAction\":[{\"@type\":\"ReadAction\",\"target\":[\"https:\/\/tanovis.com\/our-story\/\"]}]},{\"@type\":\"ImageObject\",\"inLanguage\":\"es\",\"@id\":\"https:\/\/tanovis.com\/our-story\/#primaryimage\",\"url\":\"https:\/\/tanovis.com\/wp-content\/uploads\/2025\/12\/Meta-9.jpg\",\"contentUrl\":\"https:\/\/tanovis.com\/wp-content\/uploads\/2025\/12\/Meta-9.jpg\",\"width\":1024,\"height\":768},{\"@type\":\"BreadcrumbList\",\"@id\":\"https:\/\/tanovis.com\/our-story\/#breadcrumb\",\"itemListElement\":[{\"@type\":\"ListItem\",\"position\":1,\"name\":\"Home\",\"item\":\"https:\/\/tanovis.com\/\"},{\"@type\":\"ListItem\",\"position\":2,\"name\":\"Our story\"}]},{\"@type\":\"WebSite\",\"@id\":\"https:\/\/tanovis.com\/#website\",\"url\":\"https:\/\/tanovis.com\/\",\"name\":\"Tanovis\",\"description\":\"Building lignin ventures\",\"potentialAction\":[{\"@type\":\"SearchAction\",\"target\":{\"@type\":\"EntryPoint\",\"urlTemplate\":\"https:\/\/tanovis.com\/?s={search_term_string}\"},\"query-input\":{\"@type\":\"PropertyValueSpecification\",\"valueRequired\":true,\"valueName\":\"search_term_string\"}}],\"inLanguage\":\"es\"}]}<\/script>\n<!-- \/ Yoast SEO plugin. -->","yoast_head_json":{"title":"Our story - Tanovis","description":"Discover the story behind Tanovis \u2014 a bioeconomy venture builder shaping sustainable innovation from lignin. Learn why we exist and the impact we\u2019re creating.","robots":{"index":"index","follow":"follow","max-snippet":"max-snippet:-1","max-image-preview":"max-image-preview:large","max-video-preview":"max-video-preview:-1"},"canonical":"https:\/\/tanovis.com\/es\/our-story\/","og_locale":"es_MX","og_type":"article","og_title":"Our story - Tanovis","og_description":"Discover the story behind Tanovis \u2014 a bioeconomy venture builder shaping sustainable innovation from lignin. Learn why we exist and the impact we\u2019re creating.","og_url":"https:\/\/tanovis.com\/es\/our-story\/","og_site_name":"Tanovis","article_modified_time":"2025-12-16T20:21:33+00:00","og_image":[{"width":1024,"height":768,"url":"https:\/\/tanovis.com\/wp-content\/uploads\/2025\/12\/Meta-9.jpg","type":"image\/jpeg"}],"twitter_card":"summary_large_image","twitter_misc":{"Tiempo de lectura":"2 minutos"},"schema":{"@context":"https:\/\/schema.org","@graph":[{"@type":"WebPage","@id":"https:\/\/tanovis.com\/our-story\/","url":"https:\/\/tanovis.com\/our-story\/","name":"Our story - Tanovis","isPartOf":{"@id":"https:\/\/tanovis.com\/#website"},"primaryImageOfPage":{"@id":"https:\/\/tanovis.com\/our-story\/#primaryimage"},"image":{"@id":"https:\/\/tanovis.com\/our-story\/#primaryimage"},"thumbnailUrl":"https:\/\/tanovis.com\/wp-content\/uploads\/2025\/12\/Meta-9.jpg","datePublished":"2025-11-19T09:27:25+00:00","dateModified":"2025-12-16T20:21:33+00:00","description":"Discover the story behind Tanovis \u2014 a bioeconomy venture builder shaping sustainable innovation from lignin. Learn why we exist and the impact we\u2019re creating.","breadcrumb":{"@id":"https:\/\/tanovis.com\/our-story\/#breadcrumb"},"inLanguage":"es","potentialAction":[{"@type":"ReadAction","target":["https:\/\/tanovis.com\/our-story\/"]}]},{"@type":"ImageObject","inLanguage":"es","@id":"https:\/\/tanovis.com\/our-story\/#primaryimage","url":"https:\/\/tanovis.com\/wp-content\/uploads\/2025\/12\/Meta-9.jpg","contentUrl":"https:\/\/tanovis.com\/wp-content\/uploads\/2025\/12\/Meta-9.jpg","width":1024,"height":768},{"@type":"BreadcrumbList","@id":"https:\/\/tanovis.com\/our-story\/#breadcrumb","itemListElement":[{"@type":"ListItem","position":1,"name":"Home","item":"https:\/\/tanovis.com\/"},{"@type":"ListItem","position":2,"name":"Our story"}]},{"@type":"WebSite","@id":"https:\/\/tanovis.com\/#website","url":"https:\/\/tanovis.com\/","name":"Tanovis","description":"Creaci\u00f3n de empresas dedicadas a la lignina","potentialAction":[{"@type":"SearchAction","target":{"@type":"EntryPoint","urlTemplate":"https:\/\/tanovis.com\/?s={search_term_string}"},"query-input":{"@type":"PropertyValueSpecification","valueRequired":true,"valueName":"search_term_string"}}],"inLanguage":"es"}]}},"_links":{"self":[{"href":"https:\/\/tanovis.com\/es\/wp-json\/wp\/v2\/pages\/131","targetHints":{"allow":["GET"]}}],"collection":[{"href":"https:\/\/tanovis.com\/es\/wp-json\/wp\/v2\/pages"}],"about":[{"href":"https:\/\/tanovis.com\/es\/wp-json\/wp\/v2\/types\/page"}],"author":[{"embeddable":true,"href":"https:\/\/tanovis.com\/es\/wp-json\/wp\/v2\/users\/1"}],"replies":[{"embeddable":true,"href":"https:\/\/tanovis.com\/es\/wp-json\/wp\/v2\/comments?post=131"}],"version-history":[{"count":20,"href":"https:\/\/tanovis.com\/es\/wp-json\/wp\/v2\/pages\/131\/revisions"}],"predecessor-version":[{"id":916,"href":"https:\/\/tanovis.com\/es\/wp-json\/wp\/v2\/pages\/131\/revisions\/916"}],"wp:featuredmedia":[{"embeddable":true,"href":"https:\/\/tanovis.com\/es\/wp-json\/wp\/v2\/media\/623"}],"wp:attachment":[{"href":"https:\/\/tanovis.com\/es\/wp-json\/wp\/v2\/media?parent=131"}],"curies":[{"name":"wp","href":"https:\/\/api.w.org\/{rel}","templated":true}]}}