{"id":147,"date":"2025-11-19T11:46:22","date_gmt":"2025-11-19T11:46:22","guid":{"rendered":"https:\/\/tanovis.linawang.se\/?page_id=147"},"modified":"2025-12-17T16:43:09","modified_gmt":"2025-12-17T16:43:09","slug":"lignin-as-a-platform","status":"publish","type":"page","link":"https:\/\/tanovis.com\/es\/lignin-as-a-platform\/","title":{"rendered":"La lignina como plataforma"},"content":{"rendered":"<section\n  class=\"tanovis_sub_hero  sub_hero--bg-dark tanovis\"\n  >\n  <div class=\"hero__media\">\n              <img decoding=\"async\" class=\"hero__bg\" src=\"https:\/\/tanovis.com\/wp-content\/uploads\/2025\/11\/Tanovis-sea-underwater-16-9_A.jpg\" alt=\"\" \/>\n    \n    <div class=\"hero__symbol-container tanovis\">\n      <div class=\"hero__symbol\">\n                  <img decoding=\"async\" class=\"hero__symbol\" src=\"https:\/\/tanovis.com\/wp-content\/uploads\/2025\/11\/Tanovis-Industry-9-16.jpg\"\n            alt=\"\" \/>\n              <\/div>\n    <\/div>\n  <\/div>\n\n  <div class=\"hero__content container\">\n          <h1 class=\"hero__title title-lg\">Una plataforma hoy para el producto b\u00e1sico del ma\u00f1ana.<\/h1>\n      <\/div>\n<\/section>\n\n\n<section class=\"text container wysiwyg\" id=\"commodity\" >\n                                      <div class=\"text__preamble  fade-up\">\n            <p class=\"preamble\">La lignina se est\u00e1 convirtiendo en uno de los materiales m\u00e1s prometedores de nuestro tiempo. La consideramos una plataforma que permite crear nuevo valor, nuevo rendimiento y nuevas posibilidades en todos los sectores. <\/p>\n          <\/div>\n                                                  <h3 class=\"text__title fade-up\">\n            El nuevo producto b\u00e1sico          <\/h3>\n                                                  <div class=\"text__body fade-up\">\n            <p><span style=\"font-weight: 400\">Hoy: un recurso natural infrautilizado. Ma\u00f1ana: una materia prima. Durante a\u00f1os, la lignina se consider\u00f3 un residuo, algo que hab\u00eda que desechar o quemar. Esa visi\u00f3n pertenece al pasado. A medida que el mundo deja atr\u00e1s los productos petroqu\u00edmicos, la lignina est\u00e1 ganando terreno como material renovable de gran importancia.<\/span><\/p>\n<p>&nbsp;<\/p>\n<p><span style=\"font-weight: 400\">En Tanovis, consideramos la lignina como un ingrediente estrat\u00e9gico. Es abundante. Es vers\u00e1til. Y es intr\u00ednsecamente funcional, ya que ofrece una qu\u00edmica que potencia el rendimiento y la sostenibilidad por igual. Desde aglutinantes y recubrimientos avanzados hasta bioactivos y nutrac\u00e9uticos, la lignina est\u00e1 ocupando su lugar como piedra angular de la econom\u00eda de base biol\u00f3gica. La nueva materia prima en un mundo en constante cambio.<\/span><\/p>\n          <\/div>\n                                          <div class=\"text__table fade-up\">\n                          <div class=\"text__table-column\">\n                                                  <p class=\"text__table-header body-md\">SE\u00d1ALES DE QUE LA LIGNINA EST\u00c1 PASANDO A PRIMER PLANO<\/p>\n                                                  <ul class=\"text__table-list\">\n                                                                                        <li class=\"text__table-item\">\u2022 Aumento de la producci\u00f3n.<\/li>\n                                                                                                              <li class=\"text__table-item\">\u2022 Un n\u00famero creciente de patentes relacionadas con la lignina.<\/li>\n                                                                                                              <li class=\"text__table-item\">\u2022 Fuerte aumento de las publicaciones en los \u00faltimos a\u00f1os.<\/li>\n                                                                                                              <li class=\"text__table-item\">\u2022 Aplicaciones en todos los principales sectores industriales.<\/li>\n                                                            <\/ul>\n                              <\/div>\n                      <\/div>\n                    \n<\/section>\n\n\n<section class=\"text container wysiwyg\" id=\"value\" >\n                                      <h3 class=\"text__title fade-up\">\n            Creaci\u00f3n de valor          <\/h3>\n                                                  <div class=\"text__body fade-up\">\n            <p><span style=\"font-weight: 400\">El valor real proviene de la transformaci\u00f3n. Lo creamos dise\u00f1ando con un prop\u00f3sito, comenzando por el uso final y trabajando hacia atr\u00e1s. A trav\u00e9s de nuestro grupo en expansi\u00f3n, convertimos el potencial cient\u00edfico en resultados tangibles. Cada empresa ampl\u00eda la plataforma Tanovis a un nuevo campo, aplicando nuestra tecnolog\u00eda central de manera que mejora la salud animal, avanza el rendimiento de los materiales y mejora el bienestar humano.<\/span><\/p>\n<p>&nbsp;<\/p>\n<p><span style=\"font-weight: 400\">As\u00ed es como crece nuestra plataforma. Somos due\u00f1os del conocimiento, la propiedad intelectual y el proceso. A trav\u00e9s de la investigaci\u00f3n y el desarrollo y la creaci\u00f3n de empresas, ampliamos el alcance de la lignina. Y no como un producto \u00fanico, sino como una familia de innovaciones con impacto en todas las industrias. Nuestro modelo integrado nos mantiene cerca de los mercados, garantizando la coherencia desde la materia prima hasta la aplicaci\u00f3n final. Y el resultado es medible: soluciones que ofrecen rendimiento, rentabilidad comercial y sostenibilidad.<\/span><\/p>\n          <\/div>\n                                          <div class=\"text__table fade-up\">\n                          <div class=\"text__table-column\">\n                                                  <p class=\"text__table-header body-md\">NUESTRA BASE COM\u00daN: MATERIAS PRIMAS RENOVABLES<\/p>\n                                              <\/div>\n                      <\/div>\n                                                  <div class=\"text__image fade-up\">\n            <img loading=\"lazy\" decoding=\"async\" width=\"1920\" height=\"580\" src=\"https:\/\/tanovis.com\/wp-content\/uploads\/2025\/12\/Our-base-model-beige.jpg\" class=\"text__image-img\" alt=\"\" srcset=\"https:\/\/tanovis.com\/wp-content\/uploads\/2025\/12\/Our-base-model-beige.jpg 1920w, https:\/\/tanovis.com\/wp-content\/uploads\/2025\/12\/Our-base-model-beige-300x91.jpg 300w, https:\/\/tanovis.com\/wp-content\/uploads\/2025\/12\/Our-base-model-beige-1024x309.jpg 1024w, https:\/\/tanovis.com\/wp-content\/uploads\/2025\/12\/Our-base-model-beige-768x232.jpg 768w, https:\/\/tanovis.com\/wp-content\/uploads\/2025\/12\/Our-base-model-beige-1536x464.jpg 1536w\" sizes=\"auto, (max-width: 1920px) 100vw, 1920px\" \/>          <\/div>\n                    \n<\/section>\n\n\n<section class=\"text container wysiwyg\" id=\"technology\" >\n                                      <h3 class=\"text__title fade-up\">\n            Nuestra tecnolog\u00eda          <\/h3>\n                                                  <div class=\"text__body fade-up\">\n            <p class=\"p1\">La esencia de Tanovis es una plataforma tecnol\u00f3gica vers\u00e1til basada en d\u00e9cadas de experiencia en lignina. Procesamos diversas materias primas de biomasa utilizando rutas de fabricaci\u00f3n de pasta de papel establecidas, incluidas las de soda y kraft, y aplicamos tecnolog\u00edas patentadas de separaci\u00f3n y purificaci\u00f3n para aislar selectivamente lignina sin azufre de una calidad y consistencia excepcionales. Mediante modificaciones qu\u00edmicas y f\u00edsicas espec\u00edficas, adaptamos las propiedades de la lignina para satisfacer los requisitos espec\u00edficos de las aplicaciones industriales y biol\u00f3gicas.<\/p>\n<p>&nbsp;<\/p>\n<p><span style=\"font-weight: 400\">Este nivel de control es lo que convierte a la lignina en un verdadero ingrediente base. Adaptable. De alto rendimiento. Y listo para su aplicaci\u00f3n a gran escala. Combinado con un profundo conocimiento de los procesos y un enfoque colaborativo de la innovaci\u00f3n, convertimos la qu\u00edmica en capacidad. Y la capacidad en impacto. <\/span><\/p>\n          <\/div>\n                    \n<\/section>\n\n\n<section class=\"text container wysiwyg\" >\n  \n<\/section>","protected":false},"excerpt":{"rendered":"","protected":false},"author":1,"featured_media":624,"parent":0,"menu_order":0,"comment_status":"closed","ping_status":"closed","template":"","meta":{"_acf_changed":false,"content-type":"","footnotes":""},"class_list":["post-147","page","type-page","status-publish","has-post-thumbnail","hentry"],"acf":[],"yoast_head":"<!-- This site is optimized with the Yoast SEO plugin v26.6 - https:\/\/yoast.com\/wordpress\/plugins\/seo\/ -->\n<title>Lignin as a platform - Tanovis<\/title>\n<meta name=\"description\" content=\"Discover how lignin becomes a platform for sustainable innovation. Tanovis turns lignin into real-world solutions across materials, animal health and human nutrition.\" \/>\n<meta name=\"robots\" content=\"index, follow, max-snippet:-1, max-image-preview:large, max-video-preview:-1\" \/>\n<link rel=\"canonical\" href=\"https:\/\/tanovis.com\/es\/lignin-as-a-platform\/\" \/>\n<meta property=\"og:locale\" content=\"es_MX\" \/>\n<meta property=\"og:type\" content=\"article\" \/>\n<meta property=\"og:title\" content=\"Lignin as a platform - Tanovis\" \/>\n<meta property=\"og:description\" content=\"Discover how lignin becomes a platform for sustainable innovation. Tanovis turns lignin into real-world solutions across materials, animal health and human nutrition.\" \/>\n<meta property=\"og:url\" content=\"https:\/\/tanovis.com\/es\/lignin-as-a-platform\/\" \/>\n<meta property=\"og:site_name\" content=\"Tanovis\" \/>\n<meta property=\"article:modified_time\" content=\"2025-12-17T16:43:09+00:00\" \/>\n<meta property=\"og:image\" content=\"https:\/\/tanovis.com\/wp-content\/uploads\/2025\/12\/Meta-10.jpg\" \/>\n\t<meta property=\"og:image:width\" content=\"1024\" \/>\n\t<meta property=\"og:image:height\" content=\"768\" \/>\n\t<meta property=\"og:image:type\" content=\"image\/jpeg\" \/>\n<meta name=\"twitter:card\" content=\"summary_large_image\" \/>\n<meta name=\"twitter:label1\" content=\"Tiempo de lectura\" \/>\n\t<meta name=\"twitter:data1\" content=\"3 minutos\" \/>\n<script type=\"application\/ld+json\" class=\"yoast-schema-graph\">{\"@context\":\"https:\/\/schema.org\",\"@graph\":[{\"@type\":\"WebPage\",\"@id\":\"https:\/\/tanovis.com\/lignin-as-a-platform\/\",\"url\":\"https:\/\/tanovis.com\/lignin-as-a-platform\/\",\"name\":\"Lignin as a platform - Tanovis\",\"isPartOf\":{\"@id\":\"https:\/\/tanovis.com\/#website\"},\"primaryImageOfPage\":{\"@id\":\"https:\/\/tanovis.com\/lignin-as-a-platform\/#primaryimage\"},\"image\":{\"@id\":\"https:\/\/tanovis.com\/lignin-as-a-platform\/#primaryimage\"},\"thumbnailUrl\":\"https:\/\/tanovis.com\/wp-content\/uploads\/2025\/12\/Meta-10.jpg\",\"datePublished\":\"2025-11-19T11:46:22+00:00\",\"dateModified\":\"2025-12-17T16:43:09+00:00\",\"description\":\"Discover how lignin becomes a platform for sustainable innovation. Tanovis turns lignin into real-world solutions across materials, animal health and human nutrition.\",\"breadcrumb\":{\"@id\":\"https:\/\/tanovis.com\/lignin-as-a-platform\/#breadcrumb\"},\"inLanguage\":\"es\",\"potentialAction\":[{\"@type\":\"ReadAction\",\"target\":[\"https:\/\/tanovis.com\/lignin-as-a-platform\/\"]}]},{\"@type\":\"ImageObject\",\"inLanguage\":\"es\",\"@id\":\"https:\/\/tanovis.com\/lignin-as-a-platform\/#primaryimage\",\"url\":\"https:\/\/tanovis.com\/wp-content\/uploads\/2025\/12\/Meta-10.jpg\",\"contentUrl\":\"https:\/\/tanovis.com\/wp-content\/uploads\/2025\/12\/Meta-10.jpg\",\"width\":1024,\"height\":768},{\"@type\":\"BreadcrumbList\",\"@id\":\"https:\/\/tanovis.com\/lignin-as-a-platform\/#breadcrumb\",\"itemListElement\":[{\"@type\":\"ListItem\",\"position\":1,\"name\":\"Home\",\"item\":\"https:\/\/tanovis.com\/\"},{\"@type\":\"ListItem\",\"position\":2,\"name\":\"Lignin as a platform\"}]},{\"@type\":\"WebSite\",\"@id\":\"https:\/\/tanovis.com\/#website\",\"url\":\"https:\/\/tanovis.com\/\",\"name\":\"Tanovis\",\"description\":\"Building lignin ventures\",\"potentialAction\":[{\"@type\":\"SearchAction\",\"target\":{\"@type\":\"EntryPoint\",\"urlTemplate\":\"https:\/\/tanovis.com\/?s={search_term_string}\"},\"query-input\":{\"@type\":\"PropertyValueSpecification\",\"valueRequired\":true,\"valueName\":\"search_term_string\"}}],\"inLanguage\":\"es\"}]}<\/script>\n<!-- \/ Yoast SEO plugin. -->","yoast_head_json":{"title":"Lignin as a platform - Tanovis","description":"Discover how lignin becomes a platform for sustainable innovation. Tanovis turns lignin into real-world solutions across materials, animal health and human nutrition.","robots":{"index":"index","follow":"follow","max-snippet":"max-snippet:-1","max-image-preview":"max-image-preview:large","max-video-preview":"max-video-preview:-1"},"canonical":"https:\/\/tanovis.com\/es\/lignin-as-a-platform\/","og_locale":"es_MX","og_type":"article","og_title":"Lignin as a platform - Tanovis","og_description":"Discover how lignin becomes a platform for sustainable innovation. Tanovis turns lignin into real-world solutions across materials, animal health and human nutrition.","og_url":"https:\/\/tanovis.com\/es\/lignin-as-a-platform\/","og_site_name":"Tanovis","article_modified_time":"2025-12-17T16:43:09+00:00","og_image":[{"width":1024,"height":768,"url":"https:\/\/tanovis.com\/wp-content\/uploads\/2025\/12\/Meta-10.jpg","type":"image\/jpeg"}],"twitter_card":"summary_large_image","twitter_misc":{"Tiempo de lectura":"3 minutos"},"schema":{"@context":"https:\/\/schema.org","@graph":[{"@type":"WebPage","@id":"https:\/\/tanovis.com\/lignin-as-a-platform\/","url":"https:\/\/tanovis.com\/lignin-as-a-platform\/","name":"Lignin as a platform - Tanovis","isPartOf":{"@id":"https:\/\/tanovis.com\/#website"},"primaryImageOfPage":{"@id":"https:\/\/tanovis.com\/lignin-as-a-platform\/#primaryimage"},"image":{"@id":"https:\/\/tanovis.com\/lignin-as-a-platform\/#primaryimage"},"thumbnailUrl":"https:\/\/tanovis.com\/wp-content\/uploads\/2025\/12\/Meta-10.jpg","datePublished":"2025-11-19T11:46:22+00:00","dateModified":"2025-12-17T16:43:09+00:00","description":"Discover how lignin becomes a platform for sustainable innovation. Tanovis turns lignin into real-world solutions across materials, animal health and human nutrition.","breadcrumb":{"@id":"https:\/\/tanovis.com\/lignin-as-a-platform\/#breadcrumb"},"inLanguage":"es","potentialAction":[{"@type":"ReadAction","target":["https:\/\/tanovis.com\/lignin-as-a-platform\/"]}]},{"@type":"ImageObject","inLanguage":"es","@id":"https:\/\/tanovis.com\/lignin-as-a-platform\/#primaryimage","url":"https:\/\/tanovis.com\/wp-content\/uploads\/2025\/12\/Meta-10.jpg","contentUrl":"https:\/\/tanovis.com\/wp-content\/uploads\/2025\/12\/Meta-10.jpg","width":1024,"height":768},{"@type":"BreadcrumbList","@id":"https:\/\/tanovis.com\/lignin-as-a-platform\/#breadcrumb","itemListElement":[{"@type":"ListItem","position":1,"name":"Home","item":"https:\/\/tanovis.com\/"},{"@type":"ListItem","position":2,"name":"Lignin as a platform"}]},{"@type":"WebSite","@id":"https:\/\/tanovis.com\/#website","url":"https:\/\/tanovis.com\/","name":"Tanovis","description":"Creaci\u00f3n de empresas dedicadas a la lignina","potentialAction":[{"@type":"SearchAction","target":{"@type":"EntryPoint","urlTemplate":"https:\/\/tanovis.com\/?s={search_term_string}"},"query-input":{"@type":"PropertyValueSpecification","valueRequired":true,"valueName":"search_term_string"}}],"inLanguage":"es"}]}},"_links":{"self":[{"href":"https:\/\/tanovis.com\/es\/wp-json\/wp\/v2\/pages\/147","targetHints":{"allow":["GET"]}}],"collection":[{"href":"https:\/\/tanovis.com\/es\/wp-json\/wp\/v2\/pages"}],"about":[{"href":"https:\/\/tanovis.com\/es\/wp-json\/wp\/v2\/types\/page"}],"author":[{"embeddable":true,"href":"https:\/\/tanovis.com\/es\/wp-json\/wp\/v2\/users\/1"}],"replies":[{"embeddable":true,"href":"https:\/\/tanovis.com\/es\/wp-json\/wp\/v2\/comments?post=147"}],"version-history":[{"count":103,"href":"https:\/\/tanovis.com\/es\/wp-json\/wp\/v2\/pages\/147\/revisions"}],"predecessor-version":[{"id":942,"href":"https:\/\/tanovis.com\/es\/wp-json\/wp\/v2\/pages\/147\/revisions\/942"}],"wp:featuredmedia":[{"embeddable":true,"href":"https:\/\/tanovis.com\/es\/wp-json\/wp\/v2\/media\/624"}],"wp:attachment":[{"href":"https:\/\/tanovis.com\/es\/wp-json\/wp\/v2\/media?parent=147"}],"curies":[{"name":"wp","href":"https:\/\/api.w.org\/{rel}","templated":true}]}}