{"id":2,"date":"2025-10-30T10:48:48","date_gmt":"2025-10-30T10:48:48","guid":{"rendered":"https:\/\/tanovis.linawang.se\/?page_id=2"},"modified":"2026-03-04T14:37:32","modified_gmt":"2026-03-04T14:37:32","slug":"sample-page","status":"publish","type":"page","link":"https:\/\/tanovis.com\/es\/","title":{"rendered":"Tanovis"},"content":{"rendered":"<section class=\"tanovis_hero  bg-default\" >\n  <div class=\"hero__media\">\n          <video class=\"hero__video\" src=\"https:\/\/tanovis.com\/wp-content\/uploads\/2025\/11\/Tanovis-Hero-5.mp4\" autoplay muted loop playsinline><\/video>\n              <img decoding=\"async\" class=\"hero__bg\" src=\"https:\/\/tanovis.com\/wp-content\/uploads\/2025\/12\/Tanovis-color-16-9.jpg\" alt=\"\" \/>\n    \n    <div class=\"hero__symbol-container\">\n              <video class=\"hero__symbol\" src=\"https:\/\/tanovis.com\/wp-content\/uploads\/2025\/11\/Tanovis-Hero-symbol.mp4\" autoplay muted loop\n playsinline><\/video>\n          <\/div>\n  <\/div>\n\n  <div class=\"hero__content container\">\n    \n          <h1 class=\"hero__title title-lg\">Somos una empresa impulsada por una misi\u00f3n, que crea una potente plataforma para un futuro basado en la biotecnolog\u00eda.<\/h1>\n    \n          <ul class=\"hero__posts\">\n                  <li class=\"hero__post\">\n            <span class=\"bg-decorator\"><\/span>\n            <a href=\"https:\/\/tanovis.com\/es\/2026\/02\/27\/phytaxis-at-blue-food-innovation-summit\/\" class=\"hero__post-link\">\n              <p class=\"hero__eyebrow eyebrow\">\n                                  <span class=\"hero__post-date\">27 de febrero de 2026<\/span>\n                              <\/p>\n              <p class=\"hero__post-title body-md\">Phytaxis en la cumbre Blue Food Innovation<\/p>\n            <\/a>\n          <\/li>\n                  <li class=\"hero__post\">\n            <span class=\"bg-decorator\"><\/span>\n            <a href=\"https:\/\/tanovis.com\/es\/2025\/11\/09\/tanovis-and-fibenol-partnership\/\" class=\"hero__post-link\">\n              <p class=\"hero__eyebrow eyebrow\">\n                                  <span class=\"hero__post-date\">9 de noviembre de 2025<\/span>\n                              <\/p>\n              <p class=\"hero__post-title body-md\">Fibenol y Tanovis se asocian para impulsar las aplicaciones comerciales de la lignina<\/p>\n            <\/a>\n          <\/li>\n              <\/ul>\n    \n  <\/div>\n<\/section>\n\n\n<section class=\"quote   bg-default\" >\n  \n  <div class=\"container\">\n        <h3 class=\"quote__text animate-lines preamble\">\n      Una empresa emergente con sede en Suiza. Y una empresa plataforma. Con la lignina como plataforma para el cambio, operamos a la vanguardia de la econom\u00eda basada en la biotecnolog\u00eda. Nuestras empresas aportan nuevas soluciones de alto rendimiento a los mercados y las industrias, lo que acelera la transici\u00f3n hacia un futuro basado en la biotecnolog\u00eda. Y a una escala m\u00e1s amplia.<br \/>\r\n    <\/h3>\n          <\/div>\n\n<\/section>\n\n\n<section class=\"gallery  bg-default\" >\n  <div class=\"gallery__images layout-three\">\n          <div class=\"grid-item\">\n        <div class=\"image-1 cutout cutout-image aspect-ratio-16-9 cutout-top-right\" data-speed=\"1.1\">\n          <img decoding=\"async\" src=\"https:\/\/tanovis.com\/wp-content\/uploads\/2025\/11\/Tanovis-city-1-1.jpg\" alt=\"\" data-speed=\"1.1\">\n        <\/div>\n        <h3 class=\"gallery__text title-md\" data-speed=\"1.1\">\n          Construyendo hoy una plataforma para los productos b\u00e1sicos del ma\u00f1ana.        <\/h3>\n        <div class=\"image-2 cutout cutout-image aspect-ratio-16-9 cutout-top-right\" data-speed=\"1.3\">\n          <img decoding=\"async\" src=\"https:\/\/tanovis.com\/wp-content\/uploads\/2025\/11\/Tanovis-Industry-3-4.jpg\" alt=\"\" data-speed=\"0.9\">\n        <\/div>\n      <\/div>\n\n      <div class=\"grid-item\" data-speed=\"0.9\">\n        <div class=\"image-3 cutout cutout-image aspect-ratio-16-9 cutout-top-right\">\n          <img decoding=\"async\" src=\"https:\/\/tanovis.com\/wp-content\/uploads\/2025\/11\/tanovis-field-animals-4-3.jpg\" alt=\"\" data-speed=\"0.9\">\n        <\/div>\n        <div class=\"image-4 cutout cutout-image aspect-ratio-3-4 cutout-top-right\">\n          <img decoding=\"async\" src=\"https:\/\/tanovis.com\/wp-content\/uploads\/2025\/11\/Tanovis-street-16-9_A.jpg\" alt=\"\" data-speed=\"1.1\">\n        <\/div>\n      <\/div>\n\n\n      <\/div>\n\n      <div class=\"gallery__link container\">\n          <a href=\"https:\/\/tanovis.com\/es\/lignin-as-a-platform\/\" class=\"link\" >\n      Descubre la lignina <span class=\"link__arrow\"><svg width=\"14\" height=\"17\" viewbox=\"0 0 14 17\" fill=\"none\"\n          xmlns=\"http:\/\/www.w3.org\/2000\/svg\">\n          <path d=\"M0 17V0L14 8.5L0 17Z\" fill=\"currentColor\" \/>\n        <\/svg>\n      <\/span>\n    <\/a>\n    <\/div>\n  <\/section>\n\n<section class=\"horizontal-posts\" >\n\n  <div class=\"horizontal-posts__background\">\n                        <img decoding=\"async\" class=\"horizontal-posts__background-image\" src=\"https:\/\/tanovis.com\/wp-content\/uploads\/2025\/11\/Tanovis-sea-above-16-9.jpg\" alt=\"\" \/>\n            <\/div>\n\n  <div class=\"container\">\n    <h2 class=\"horizontal-posts__title title-md\">\u00daltimas noticias<\/h2>\n  <\/div>\n\n      <div class=\"horizontal-posts__inner\" style=\"width: 500vw;\">\n              <div class=\"horizontal-posts__item-wrapper\">\n          \n<article class=\"post-card cutout aspect-ratio-9-16 cutout-bottom-right\">\n  <a class=\"post-card__content\" href=\"https:\/\/tanovis.com\/es\/2026\/02\/27\/phytaxis-at-blue-food-innovation-summit\/\">\n    <h3 class=\"post-card__title\">Phytaxis en la cumbre Blue Food Innovation<\/h3>\n\n    <p class=\"post-card__excerpt body-md\">\n      Despu\u00e9s de dos a\u00f1os asistiendo al evento como delegados, Phytaxis se une este a\u00f1o como socio Gold.    <\/p>\n  <\/a>\n<\/article>        <\/div>\n              <div class=\"horizontal-posts__item-wrapper\">\n          \n<article class=\"post-card cutout aspect-ratio-9-16 cutout-bottom-right\">\n  <a class=\"post-card__content\" href=\"https:\/\/tanovis.com\/es\/2025\/12\/09\/phytaxis-is-expanding-the-business-networks-in-latin-america-europe-and-asia\/\">\n    <h3 class=\"post-card__title\">Phytaxis est\u00e1 ampliando sus redes comerciales en Am\u00e9rica Latina, Europa y Asia.<\/h3>\n\n    <p class=\"post-card__excerpt body-md\">\n      Durante el a\u00f1o, Phytaxis se ha dedicado a ampliar su red en todas las regiones y a obtener nuevas oportunidades de negocio en el \u00e1mbito de las soluciones sostenibles para la salud animal.    <\/p>\n  <\/a>\n<\/article>        <\/div>\n              <div class=\"horizontal-posts__item-wrapper\">\n          \n<article class=\"post-card cutout aspect-ratio-9-16 cutout-bottom-right\">\n  <a class=\"post-card__content\" href=\"https:\/\/tanovis.com\/es\/2025\/11\/09\/tanovis-and-fibenol-partnership\/\">\n    <h3 class=\"post-card__title\">Fibenol y Tanovis se asocian para impulsar las aplicaciones comerciales de la lignina<\/h3>\n\n    <p class=\"post-card__excerpt body-md\">\n      La empresa estonia de tecnolog\u00eda limpia Fibenol Imavere O\u00dc y la suiza Tanovis AG unen fuerzas para acelerar el uso comercial de la lignina, un biomaterial renovable y libre de f\u00f3siles con un enorme potencial en diversos sectores.    <\/p>\n  <\/a>\n<\/article>        <\/div>\n              <div class=\"horizontal-posts__item-wrapper\">\n          \n<article class=\"post-card cutout aspect-ratio-9-16 cutout-bottom-right\">\n  <a class=\"post-card__content\" href=\"https:\/\/tanovis.com\/es\/2025\/02\/02\/making-the-transition-into-a-bio-based-future-happen-faster\/\">\n    <h3 class=\"post-card__title\">Phytaxis aporta una perspectiva m\u00e1s amplia sobre la piscicultura.<\/h3>\n\n    <p class=\"post-card__excerpt body-md\">\n      En esta entrevista publicada en International Aqua Feed, Charles Walser, director ejecutivo de Phytaxis, explica que est\u00e1n acelerando la transici\u00f3n hacia una piscicultura m\u00e1s sostenible, centr\u00e1ndose especialmente en reducir el uso de antibi\u00f3ticos y mejorar el rendimiento.    <\/p>\n  <\/a>\n<\/article>        <\/div>\n              <div class=\"horizontal-posts__item-wrapper\">\n          \n<article class=\"post-card cutout aspect-ratio-9-16 cutout-bottom-right\">\n  <a class=\"post-card__content\" href=\"https:\/\/tanovis.com\/es\/2025\/01\/09\/animal-health-sustainable-demand\/\">\n    <h3 class=\"post-card__title\">Creciente demanda de nuevas soluciones sostenibles en el \u00e1mbito de la salud animal.<\/h3>\n\n    <p class=\"post-card__excerpt body-md\">\n      Con el creciente n\u00famero de informes en los medios de comunicaci\u00f3n sobre estas tendencias, se podr\u00eda tener la impresi\u00f3n de que la demanda de prote\u00ednas procedentes de animales de granja est\u00e1 disminuyendo. Sin embargo, las previsiones de la Organizaci\u00f3n de las Naciones Unidas para la Alimentaci\u00f3n y la Agricultura cuentan una historia diferente.    <\/p>\n  <\/a>\n<\/article>        <\/div>\n          <\/div>\n  \n<\/section>\n\n\n<section class=\"text container wysiwyg\" >\n  \n<\/section>","protected":false},"excerpt":{"rendered":"","protected":false},"author":1,"featured_media":615,"parent":0,"menu_order":0,"comment_status":"closed","ping_status":"open","template":"","meta":{"_acf_changed":false,"content-type":"","footnotes":""},"class_list":["post-2","page","type-page","status-publish","has-post-thumbnail","hentry"],"acf":[],"yoast_head":"<!-- This site is optimized with the Yoast SEO plugin v26.6 - https:\/\/yoast.com\/wordpress\/plugins\/seo\/ -->\n<title>Tanovis - Tanovis<\/title>\n<meta name=\"description\" content=\"A Swiss-based venture builder. And a platform company. With lignin as a platformfor change, we operate at the forefront of the bio-based economy. Our venturesbring new high-performance solutions to markets and industries, making thetransition into a bio-based future happen faster. And on a broader scale.\" \/>\n<meta name=\"robots\" content=\"index, follow, max-snippet:-1, max-image-preview:large, max-video-preview:-1\" \/>\n<link rel=\"canonical\" href=\"https:\/\/tanovis.com\/es\/\" \/>\n<meta property=\"og:locale\" content=\"es_MX\" \/>\n<meta property=\"og:type\" content=\"article\" \/>\n<meta property=\"og:title\" content=\"Tanovis - Tanovis\" \/>\n<meta property=\"og:description\" content=\"A Swiss-based venture builder. And a platform company. With lignin as a platformfor change, we operate at the forefront of the bio-based economy. Our venturesbring new high-performance solutions to markets and industries, making thetransition into a bio-based future happen faster. And on a broader scale.\" \/>\n<meta property=\"og:url\" content=\"https:\/\/tanovis.com\/es\/\" \/>\n<meta property=\"og:site_name\" content=\"Tanovis\" \/>\n<meta property=\"article:modified_time\" content=\"2026-03-04T14:37:32+00:00\" \/>\n<meta property=\"og:image\" content=\"https:\/\/tanovis.com\/wp-content\/uploads\/2025\/12\/Meta-1.jpg\" \/>\n\t<meta property=\"og:image:width\" content=\"1024\" \/>\n\t<meta property=\"og:image:height\" content=\"768\" \/>\n\t<meta property=\"og:image:type\" content=\"image\/jpeg\" \/>\n<meta name=\"twitter:card\" content=\"summary_large_image\" \/>\n<meta name=\"twitter:label1\" content=\"Tiempo de lectura\" \/>\n\t<meta name=\"twitter:data1\" content=\"2 minutos\" \/>\n<script type=\"application\/ld+json\" class=\"yoast-schema-graph\">{\"@context\":\"https:\/\/schema.org\",\"@graph\":[{\"@type\":\"WebPage\",\"@id\":\"https:\/\/tanovis.com\/\",\"url\":\"https:\/\/tanovis.com\/\",\"name\":\"Tanovis - Tanovis\",\"isPartOf\":{\"@id\":\"https:\/\/tanovis.com\/#website\"},\"primaryImageOfPage\":{\"@id\":\"https:\/\/tanovis.com\/#primaryimage\"},\"image\":{\"@id\":\"https:\/\/tanovis.com\/#primaryimage\"},\"thumbnailUrl\":\"https:\/\/tanovis.com\/wp-content\/uploads\/2025\/12\/Meta-1.jpg\",\"datePublished\":\"2025-10-30T10:48:48+00:00\",\"dateModified\":\"2026-03-04T14:37:32+00:00\",\"description\":\"A Swiss-based venture builder. And a platform company. With lignin as a platformfor change, we operate at the forefront of the bio-based economy. Our venturesbring new high-performance solutions to markets and industries, making thetransition into a bio-based future happen faster. And on a broader scale.\",\"breadcrumb\":{\"@id\":\"https:\/\/tanovis.com\/#breadcrumb\"},\"inLanguage\":\"es\",\"potentialAction\":[{\"@type\":\"ReadAction\",\"target\":[\"https:\/\/tanovis.com\/\"]}]},{\"@type\":\"ImageObject\",\"inLanguage\":\"es\",\"@id\":\"https:\/\/tanovis.com\/#primaryimage\",\"url\":\"https:\/\/tanovis.com\/wp-content\/uploads\/2025\/12\/Meta-1.jpg\",\"contentUrl\":\"https:\/\/tanovis.com\/wp-content\/uploads\/2025\/12\/Meta-1.jpg\",\"width\":1024,\"height\":768,\"caption\":\"Tanovis startpage\"},{\"@type\":\"BreadcrumbList\",\"@id\":\"https:\/\/tanovis.com\/#breadcrumb\",\"itemListElement\":[{\"@type\":\"ListItem\",\"position\":1,\"name\":\"Home\",\"item\":\"https:\/\/tanovis.com\/\"},{\"@type\":\"ListItem\",\"position\":2,\"name\":\"Tanovis\"}]},{\"@type\":\"WebSite\",\"@id\":\"https:\/\/tanovis.com\/#website\",\"url\":\"https:\/\/tanovis.com\/\",\"name\":\"Tanovis\",\"description\":\"Building lignin ventures\",\"potentialAction\":[{\"@type\":\"SearchAction\",\"target\":{\"@type\":\"EntryPoint\",\"urlTemplate\":\"https:\/\/tanovis.com\/?s={search_term_string}\"},\"query-input\":{\"@type\":\"PropertyValueSpecification\",\"valueRequired\":true,\"valueName\":\"search_term_string\"}}],\"inLanguage\":\"es\"}]}<\/script>\n<!-- \/ Yoast SEO plugin. -->","yoast_head_json":{"title":"Tanovis - Tanovis","description":"A Swiss-based venture builder. And a platform company. With lignin as a platformfor change, we operate at the forefront of the bio-based economy. Our venturesbring new high-performance solutions to markets and industries, making thetransition into a bio-based future happen faster. And on a broader scale.","robots":{"index":"index","follow":"follow","max-snippet":"max-snippet:-1","max-image-preview":"max-image-preview:large","max-video-preview":"max-video-preview:-1"},"canonical":"https:\/\/tanovis.com\/es\/","og_locale":"es_MX","og_type":"article","og_title":"Tanovis - Tanovis","og_description":"A Swiss-based venture builder. And a platform company. With lignin as a platformfor change, we operate at the forefront of the bio-based economy. Our venturesbring new high-performance solutions to markets and industries, making thetransition into a bio-based future happen faster. And on a broader scale.","og_url":"https:\/\/tanovis.com\/es\/","og_site_name":"Tanovis","article_modified_time":"2026-03-04T14:37:32+00:00","og_image":[{"width":1024,"height":768,"url":"https:\/\/tanovis.com\/wp-content\/uploads\/2025\/12\/Meta-1.jpg","type":"image\/jpeg"}],"twitter_card":"summary_large_image","twitter_misc":{"Tiempo de lectura":"2 minutos"},"schema":{"@context":"https:\/\/schema.org","@graph":[{"@type":"WebPage","@id":"https:\/\/tanovis.com\/","url":"https:\/\/tanovis.com\/","name":"Tanovis - Tanovis","isPartOf":{"@id":"https:\/\/tanovis.com\/#website"},"primaryImageOfPage":{"@id":"https:\/\/tanovis.com\/#primaryimage"},"image":{"@id":"https:\/\/tanovis.com\/#primaryimage"},"thumbnailUrl":"https:\/\/tanovis.com\/wp-content\/uploads\/2025\/12\/Meta-1.jpg","datePublished":"2025-10-30T10:48:48+00:00","dateModified":"2026-03-04T14:37:32+00:00","description":"A Swiss-based venture builder. And a platform company. With lignin as a platformfor change, we operate at the forefront of the bio-based economy. Our venturesbring new high-performance solutions to markets and industries, making thetransition into a bio-based future happen faster. And on a broader scale.","breadcrumb":{"@id":"https:\/\/tanovis.com\/#breadcrumb"},"inLanguage":"es","potentialAction":[{"@type":"ReadAction","target":["https:\/\/tanovis.com\/"]}]},{"@type":"ImageObject","inLanguage":"es","@id":"https:\/\/tanovis.com\/#primaryimage","url":"https:\/\/tanovis.com\/wp-content\/uploads\/2025\/12\/Meta-1.jpg","contentUrl":"https:\/\/tanovis.com\/wp-content\/uploads\/2025\/12\/Meta-1.jpg","width":1024,"height":768,"caption":"Tanovis startpage"},{"@type":"BreadcrumbList","@id":"https:\/\/tanovis.com\/#breadcrumb","itemListElement":[{"@type":"ListItem","position":1,"name":"Home","item":"https:\/\/tanovis.com\/"},{"@type":"ListItem","position":2,"name":"Tanovis"}]},{"@type":"WebSite","@id":"https:\/\/tanovis.com\/#website","url":"https:\/\/tanovis.com\/","name":"Tanovis","description":"Creaci\u00f3n de empresas dedicadas a la lignina","potentialAction":[{"@type":"SearchAction","target":{"@type":"EntryPoint","urlTemplate":"https:\/\/tanovis.com\/?s={search_term_string}"},"query-input":{"@type":"PropertyValueSpecification","valueRequired":true,"valueName":"search_term_string"}}],"inLanguage":"es"}]}},"_links":{"self":[{"href":"https:\/\/tanovis.com\/es\/wp-json\/wp\/v2\/pages\/2","targetHints":{"allow":["GET"]}}],"collection":[{"href":"https:\/\/tanovis.com\/es\/wp-json\/wp\/v2\/pages"}],"about":[{"href":"https:\/\/tanovis.com\/es\/wp-json\/wp\/v2\/types\/page"}],"author":[{"embeddable":true,"href":"https:\/\/tanovis.com\/es\/wp-json\/wp\/v2\/users\/1"}],"replies":[{"embeddable":true,"href":"https:\/\/tanovis.com\/es\/wp-json\/wp\/v2\/comments?post=2"}],"version-history":[{"count":72,"href":"https:\/\/tanovis.com\/es\/wp-json\/wp\/v2\/pages\/2\/revisions"}],"predecessor-version":[{"id":1029,"href":"https:\/\/tanovis.com\/es\/wp-json\/wp\/v2\/pages\/2\/revisions\/1029"}],"wp:featuredmedia":[{"embeddable":true,"href":"https:\/\/tanovis.com\/es\/wp-json\/wp\/v2\/media\/615"}],"wp:attachment":[{"href":"https:\/\/tanovis.com\/es\/wp-json\/wp\/v2\/media?parent=2"}],"curies":[{"name":"wp","href":"https:\/\/api.w.org\/{rel}","templated":true}]}}