{"id":123,"date":"2025-11-19T09:23:20","date_gmt":"2025-11-19T09:23:20","guid":{"rendered":"https:\/\/tanovis.linawang.se\/?page_id=123"},"modified":"2025-12-16T20:27:16","modified_gmt":"2025-12-16T20:27:16","slug":"responsibility","status":"publish","type":"page","link":"https:\/\/tanovis.com\/pt\/responsibility\/","title":{"rendered":"Responsabilidade"},"content":{"rendered":"<section\n  class=\"tanovis_sub_hero  sub_hero--bg-default tanovis\"\n  >\n  <div class=\"hero__media\">\n              <img decoding=\"async\" class=\"hero__bg\" src=\"https:\/\/tanovis.com\/wp-content\/uploads\/2025\/11\/Tanovis-street-16-9_A.jpg\" alt=\"\" \/>\n    \n    <div class=\"hero__symbol-container tanovis\">\n      <div class=\"hero__symbol\">\n                  <img decoding=\"async\" class=\"hero__symbol\" src=\"https:\/\/tanovis.com\/wp-content\/uploads\/2025\/11\/Tanovis-sea-above-9-16.jpg\"\n            alt=\"\" \/>\n              <\/div>\n    <\/div>\n  <\/div>\n\n  <div class=\"hero__content container\">\n          <h1 class=\"hero__title title-lg\">Construindo empreendimentos para o mundo p\u00f3s-petroqu\u00edmico.<\/h1>\n      <\/div>\n<\/section>\n\n\n<section class=\"text container wysiwyg\" >\n                                      <div class=\"text__preamble  fade-up\">\n            <p class=\"preamble\">Para n\u00f3s, responsabilidade n\u00e3o \u00e9 uma ambi\u00e7\u00e3o. \u00c9 a arquitetura de como constru\u00edmos. Como criadores de empreendimentos, tornamos a responsabilidade escal\u00e1vel por meio de empreendimentos que mudam a forma como as ind\u00fastrias se abastecem, produzem e atuam.<\/p>\n          <\/div>\n                    \n<\/section>\n\n\n<section id=\"tab-image-text-69e2ff1529aee\"\n  class=\"tab-image-text container  bg-default\" >\n  <div class=\"tab-image-text__title\">\n    <h2 class=\"tab-image-text__title-text title-lg animate-words\">Comprometidos com os objetivos da ONU<\/h2>\n  <\/div>\n\n  <div class=\"tab-image-text__buttons fade\">\n                  <button class=\"tab-image-text__button\">\n          ODS n\u00ba 3 da ONU        <\/button>\n              <button class=\"tab-image-text__button\">\n          ODS n\u00ba 9 da ONU        <\/button>\n              <button class=\"tab-image-text__button\">\n          ODS n\u00ba 12 da ONU        <\/button>\n              <button class=\"tab-image-text__button\">\n          ODS n\u00ba 15 da ONU        <\/button>\n              <button class=\"tab-image-text__button\">\n                  <\/button>\n              <button class=\"tab-image-text__button\">\n                  <\/button>\n              <button class=\"tab-image-text__button\">\n                  <\/button>\n            <\/div>\n\n  <div class=\"tab-image-text__tabs fade-up-delay-200\">\n                  <div class=\"tab-image-text__tab\">\n\n          <div class=\"tab-image-text__tab-content\">\n            <h3 class=\"tab-image-text__tab-title title-md\">Boa sa\u00fade e bem-estar \u2013 Siranius<\/h3>\n            <div class=\"tab-image-text__content\"><p><span style=\"font-weight: 400;\">A Siranius \u00e9 pioneira em uma nova categoria de solu\u00e7\u00f5es para a sa\u00fade humana, promovendo a nutri\u00e7\u00e3o bioativa para o bem-estar humano e, ao mesmo tempo, abordando os principais desafios de sa\u00fade relacionados \u00e0 sa\u00fade intestinal.<\/span><\/p>\n<\/div>\n          <\/div>\n\n          <div class=\"tab-image-text__tab-image cutout aspect-ratio-4-3 cutout-top-left\">\n            <img decoding=\"async\" src=\"https:\/\/tanovis.com\/wp-content\/uploads\/2025\/12\/UN-3-goals.jpg\" alt=\"\" \/>\n          <\/div>\n\n        <\/div>\n              <div class=\"tab-image-text__tab is-active\">\n\n          <div class=\"tab-image-text__tab-content\">\n            <h3 class=\"tab-image-text__tab-title title-md\"> Inova\u00e7\u00e3o e infraestrutura industrial \u2013 PLT Innovations<\/h3>\n            <div class=\"tab-image-text__content\"><p><span style=\"font-weight: 400;\">A PLT Innovations est\u00e1 desenvolvendo materiais industriais de alto desempenho, substituindo ingredientes prejudiciais \u00e0 base de petr\u00f3leo por solu\u00e7\u00f5es naturais e recicladas.<\/span><\/p>\n<\/div>\n          <\/div>\n\n          <div class=\"tab-image-text__tab-image cutout aspect-ratio-4-3 cutout-top-left\">\n            <img decoding=\"async\" src=\"https:\/\/tanovis.com\/wp-content\/uploads\/2025\/12\/UN-9-goals.jpg\" alt=\"\" \/>\n          <\/div>\n\n        <\/div>\n              <div class=\"tab-image-text__tab\">\n\n          <div class=\"tab-image-text__tab-content\">\n            <h3 class=\"tab-image-text__tab-title title-md\"> Consumo e produ\u00e7\u00e3o respons\u00e1veis \u2013 Siranius, PLT Innovations &amp; Phytaxis<\/h3>\n            <div class=\"tab-image-text__content\"><p>Nosso impacto n\u00e3o \u00e9 medido em toneladas de lignina extra\u00edda. <span style=\"font-weight: 400;\">Est\u00e1 nos empreendimentos que constru\u00edmos e nas mudan\u00e7as que eles geram. Cada empreendimento dentro do nosso grupo transforma uma faceta diferente da qu\u00edmica da lignina em progresso tang\u00edvel. <\/span><span style=\"font-weight: 400;\">Todos eles demonstram como uma \u00fanica plataforma pode gerar impacto em v\u00e1rios setores, substituindo a extra\u00e7\u00e3o para descarte pela inova\u00e7\u00e3o para renova\u00e7\u00e3o.\u00a0<\/span><\/p>\n<\/div>\n          <\/div>\n\n          <div class=\"tab-image-text__tab-image cutout aspect-ratio-4-3 cutout-top-left\">\n            <img decoding=\"async\" src=\"https:\/\/tanovis.com\/wp-content\/uploads\/2025\/12\/UN-12-goals.jpg\" alt=\"\" \/>\n          <\/div>\n\n        <\/div>\n              <div class=\"tab-image-text__tab\">\n\n          <div class=\"tab-image-text__tab-content\">\n            <h3 class=\"tab-image-text__tab-title title-md\">Vida na terra \u2013 Phytaxis<\/h3>\n            <div class=\"tab-image-text__content\"><p><span style=\"font-weight: 400;\">A Phytaxis est\u00e1 repensando a sa\u00fade animal e o valor que ela traz. Seus ingredientes alimentares reciclados reduzem o uso de antibi\u00f3ticos na alimenta\u00e7\u00e3o, tornando a sa\u00fade animal mais econ\u00f4mica e sustent\u00e1vel.<\/span><\/p>\n<\/div>\n          <\/div>\n\n          <div class=\"tab-image-text__tab-image cutout aspect-ratio-4-3 cutout-top-left\">\n            <img decoding=\"async\" src=\"https:\/\/tanovis.com\/wp-content\/uploads\/2025\/12\/UN-15-goals.jpg\" alt=\"\" \/>\n          <\/div>\n\n        <\/div>\n              <div class=\"tab-image-text__tab\">\n\n          <div class=\"tab-image-text__tab-content\">\n            <h3 class=\"tab-image-text__tab-title title-md\"><\/h3>\n            <div class=\"tab-image-text__content\"><\/div>\n          <\/div>\n\n          <div class=\"tab-image-text__tab-image cutout aspect-ratio-4-3 cutout-top-left\">\n            <img decoding=\"async\" src=\"https:\/\/tanovis.com\/wp-content\/uploads\/2025\/12\/UN-9-goals.jpg\" alt=\"\" \/>\n          <\/div>\n\n        <\/div>\n              <div class=\"tab-image-text__tab\">\n\n          <div class=\"tab-image-text__tab-content\">\n            <h3 class=\"tab-image-text__tab-title title-md\"><\/h3>\n            <div class=\"tab-image-text__content\"><\/div>\n          <\/div>\n\n          <div class=\"tab-image-text__tab-image cutout aspect-ratio-4-3 cutout-top-left\">\n            <img decoding=\"async\" src=\"https:\/\/tanovis.com\/wp-content\/uploads\/2025\/12\/UN-12-goals.jpg\" alt=\"\" \/>\n          <\/div>\n\n        <\/div>\n              <div class=\"tab-image-text__tab\">\n\n          <div class=\"tab-image-text__tab-content\">\n            <h3 class=\"tab-image-text__tab-title title-md\"><\/h3>\n            <div class=\"tab-image-text__content\"><\/div>\n          <\/div>\n\n          <div class=\"tab-image-text__tab-image cutout aspect-ratio-4-3 cutout-top-left\">\n            <img decoding=\"async\" src=\"https:\/\/tanovis.com\/wp-content\/uploads\/2025\/12\/UN-15-goals.jpg\" alt=\"\" \/>\n          <\/div>\n\n        <\/div>\n            <\/div>\n<\/section>\n\n\n<section class=\"text container wysiwyg\" id=\"Production\" >\n                                      <h3 class=\"text__title fade-up\">\n            Tecnologia e produ\u00e7\u00e3o compartilhadas.          <\/h3>\n                                                  <div class=\"text__body fade-up\">\n            <p><span style=\"font-weight: 400\">Todos os empreendimentos da Tanovis compartilham uma base comum: uma plataforma de produ\u00e7\u00e3o constru\u00edda com base em qu\u00edmica avan\u00e7ada de lignina e processamento de precis\u00e3o. Da extra\u00e7\u00e3o e purifica\u00e7\u00e3o ao ajuste de desempenho, a mesma tecnologia central sustenta todos os novos empreendimentos que constru\u00edmos. Ela garante consist\u00eancia, qualidade e uma vantagem mensur\u00e1vel em termos de sustentabilidade em todas as aplica\u00e7\u00f5es.<\/span><\/p>\n<p>&nbsp;<\/p>\n<p><span style=\"font-weight: 400\">Por meio de processos sem enxofre e ligninas de alta reatividade, substitu\u00edmos insumos convencionais por insumos renov\u00e1veis, permitindo uma produ\u00e7\u00e3o mais limpa e eficiente, sem comprometer a qualidade. Essa plataforma compartilhada permite que cada empreendimento cres\u00e7a de forma respons\u00e1vel, transformando uma \u00fanica fonte de inova\u00e7\u00e3o em v\u00e1rios caminhos para a fabrica\u00e7\u00e3o circular.<\/span><\/p>\n<p>&nbsp;<\/p>\n<p>&nbsp;<\/p>\n          <\/div>\n                                          <div class=\"text__table fade-up\">\n                          <div class=\"text__table-column\">\n                                                  <p class=\"text__table-header body-md\">DA MAT\u00c9RIA-PRIMA RENOV\u00c1VEL \u00c0S APLICA\u00c7\u00d5ES<\/p>\n                                              <\/div>\n                      <\/div>\n                                                  <div class=\"text__image fade-up\">\n            <img loading=\"lazy\" decoding=\"async\" width=\"1920\" height=\"580\" src=\"https:\/\/tanovis.com\/wp-content\/uploads\/2025\/12\/From-renewable-agro-model-turquise.jpg\" class=\"text__image-img\" alt=\"\" srcset=\"https:\/\/tanovis.com\/wp-content\/uploads\/2025\/12\/From-renewable-agro-model-turquise.jpg 1920w, https:\/\/tanovis.com\/wp-content\/uploads\/2025\/12\/From-renewable-agro-model-turquise-300x91.jpg 300w, https:\/\/tanovis.com\/wp-content\/uploads\/2025\/12\/From-renewable-agro-model-turquise-1024x309.jpg 1024w, https:\/\/tanovis.com\/wp-content\/uploads\/2025\/12\/From-renewable-agro-model-turquise-768x232.jpg 768w, https:\/\/tanovis.com\/wp-content\/uploads\/2025\/12\/From-renewable-agro-model-turquise-1536x464.jpg 1536w\" sizes=\"auto, (max-width: 1920px) 100vw, 1920px\" \/>          <\/div>\n                    \n<\/section>\n\n\n<section class=\"text container wysiwyg\" id=\"Upcycling\" >\n                                      <h3 class=\"text__title fade-up\">\n            Upcycling e cria\u00e7\u00e3o de novo valor.          <\/h3>\n                                                  <div class=\"text__body fade-up\">\n            <p><span style=\"font-weight: 400\">A reciclagem da lignina em novos ingredientes fortalece toda a cadeia de valor. Ela transforma subprodutos da silvicultura, agricultura e fabrica\u00e7\u00e3o de celulose em fontes de inova\u00e7\u00e3o, reduzindo a depend\u00eancia de mat\u00e9rias-primas virgens e intermedi\u00e1rios \u00e0 base de combust\u00edveis f\u00f3sseis. Nosso modelo verticalmente integrado garante rastreabilidade e consist\u00eancia desde a extra\u00e7\u00e3o at\u00e9 a aplica\u00e7\u00e3o, permitindo que os parceiros cumpram as metas de sustentabilidade e, ao mesmo tempo, melhorem a resili\u00eancia e a transpar\u00eancia em toda a cadeia de suprimentos.<\/span><\/p>\n          <\/div>\n                    \n<\/section>\n\n\n<section class=\"text container wysiwyg\" id=\"End-usage\" >\n                                      <h3 class=\"text__title fade-up\">\n            Desempenho que sustenta o progresso.          <\/h3>\n                                                  <div class=\"text__body fade-up\">\n            <p>A responsabilidade n\u00e3o termina na produ\u00e7\u00e3o. Ela se estende ao desempenho dos produtos em uso e como eles afetam as pessoas, os animais e ecossistemas inteiros. As propriedades antioxidantes e antimicrobianas naturais da lignina a tornam um poderoso facilitador de produtos mais seguros, duradouros e eficientes. Seja melhorando o bem-estar animal, promovendo a sa\u00fade humana ou prolongando a vida \u00fatil de materiais de base biol\u00f3gica, o resultado \u00e9 o mesmo: desempenho que sustenta o progresso.<\/p>\n          <\/div>\n                    \n<\/section>\n\n\n<section class=\"text container wysiwyg\" >\n  \n<\/section>","protected":false},"excerpt":{"rendered":"","protected":false},"author":1,"featured_media":616,"parent":0,"menu_order":0,"comment_status":"closed","ping_status":"closed","template":"","meta":{"_acf_changed":false,"content-type":"","footnotes":""},"class_list":["post-123","page","type-page","status-publish","has-post-thumbnail","hentry"],"acf":[],"yoast_head":"<!-- This site is optimized with the Yoast SEO plugin v26.6 - https:\/\/yoast.com\/wordpress\/plugins\/seo\/ -->\n<title>Responsibility - Tanovis<\/title>\n<meta name=\"description\" content=\"Discover Tanovis\u2019 approach to responsibility and impact in the bioeconomy \u2014 from sustainability commitments to real-world actions shaping people and planet.\" \/>\n<meta name=\"robots\" content=\"index, follow, max-snippet:-1, max-image-preview:large, max-video-preview:-1\" \/>\n<link rel=\"canonical\" href=\"https:\/\/tanovis.com\/pt\/responsibility\/\" \/>\n<meta property=\"og:locale\" content=\"pt_BR\" \/>\n<meta property=\"og:type\" content=\"article\" \/>\n<meta property=\"og:title\" content=\"Responsibility - Tanovis\" \/>\n<meta property=\"og:description\" content=\"Discover Tanovis\u2019 approach to responsibility and impact in the bioeconomy \u2014 from sustainability commitments to real-world actions shaping people and planet.\" \/>\n<meta property=\"og:url\" content=\"https:\/\/tanovis.com\/pt\/responsibility\/\" \/>\n<meta property=\"og:site_name\" content=\"Tanovis\" \/>\n<meta property=\"article:modified_time\" content=\"2025-12-16T20:27:16+00:00\" \/>\n<meta property=\"og:image\" content=\"https:\/\/tanovis.com\/wp-content\/uploads\/2025\/12\/Meta-2.jpg\" \/>\n\t<meta property=\"og:image:width\" content=\"1024\" \/>\n\t<meta property=\"og:image:height\" content=\"768\" \/>\n\t<meta property=\"og:image:type\" content=\"image\/jpeg\" \/>\n<meta name=\"twitter:card\" content=\"summary_large_image\" \/>\n<meta name=\"twitter:label1\" content=\"Est. tempo de leitura\" \/>\n\t<meta name=\"twitter:data1\" content=\"4 minutos\" \/>\n<script type=\"application\/ld+json\" class=\"yoast-schema-graph\">{\"@context\":\"https:\/\/schema.org\",\"@graph\":[{\"@type\":\"WebPage\",\"@id\":\"https:\/\/tanovis.com\/responsibility\/\",\"url\":\"https:\/\/tanovis.com\/responsibility\/\",\"name\":\"Responsibility - Tanovis\",\"isPartOf\":{\"@id\":\"https:\/\/tanovis.com\/#website\"},\"primaryImageOfPage\":{\"@id\":\"https:\/\/tanovis.com\/responsibility\/#primaryimage\"},\"image\":{\"@id\":\"https:\/\/tanovis.com\/responsibility\/#primaryimage\"},\"thumbnailUrl\":\"https:\/\/tanovis.com\/wp-content\/uploads\/2025\/12\/Meta-2.jpg\",\"datePublished\":\"2025-11-19T09:23:20+00:00\",\"dateModified\":\"2025-12-16T20:27:16+00:00\",\"description\":\"Discover Tanovis\u2019 approach to responsibility and impact in the bioeconomy \u2014 from sustainability commitments to real-world actions shaping people and planet.\",\"breadcrumb\":{\"@id\":\"https:\/\/tanovis.com\/responsibility\/#breadcrumb\"},\"inLanguage\":\"pt-BR\",\"potentialAction\":[{\"@type\":\"ReadAction\",\"target\":[\"https:\/\/tanovis.com\/responsibility\/\"]}]},{\"@type\":\"ImageObject\",\"inLanguage\":\"pt-BR\",\"@id\":\"https:\/\/tanovis.com\/responsibility\/#primaryimage\",\"url\":\"https:\/\/tanovis.com\/wp-content\/uploads\/2025\/12\/Meta-2.jpg\",\"contentUrl\":\"https:\/\/tanovis.com\/wp-content\/uploads\/2025\/12\/Meta-2.jpg\",\"width\":1024,\"height\":768,\"caption\":\"Responsibility\"},{\"@type\":\"BreadcrumbList\",\"@id\":\"https:\/\/tanovis.com\/responsibility\/#breadcrumb\",\"itemListElement\":[{\"@type\":\"ListItem\",\"position\":1,\"name\":\"Home\",\"item\":\"https:\/\/tanovis.com\/\"},{\"@type\":\"ListItem\",\"position\":2,\"name\":\"Responsibility\"}]},{\"@type\":\"WebSite\",\"@id\":\"https:\/\/tanovis.com\/#website\",\"url\":\"https:\/\/tanovis.com\/\",\"name\":\"Tanovis\",\"description\":\"Building lignin ventures\",\"potentialAction\":[{\"@type\":\"SearchAction\",\"target\":{\"@type\":\"EntryPoint\",\"urlTemplate\":\"https:\/\/tanovis.com\/?s={search_term_string}\"},\"query-input\":{\"@type\":\"PropertyValueSpecification\",\"valueRequired\":true,\"valueName\":\"search_term_string\"}}],\"inLanguage\":\"pt-BR\"}]}<\/script>\n<!-- \/ Yoast SEO plugin. -->","yoast_head_json":{"title":"Responsibility - Tanovis","description":"Discover Tanovis\u2019 approach to responsibility and impact in the bioeconomy \u2014 from sustainability commitments to real-world actions shaping people and planet.","robots":{"index":"index","follow":"follow","max-snippet":"max-snippet:-1","max-image-preview":"max-image-preview:large","max-video-preview":"max-video-preview:-1"},"canonical":"https:\/\/tanovis.com\/pt\/responsibility\/","og_locale":"pt_BR","og_type":"article","og_title":"Responsibility - Tanovis","og_description":"Discover Tanovis\u2019 approach to responsibility and impact in the bioeconomy \u2014 from sustainability commitments to real-world actions shaping people and planet.","og_url":"https:\/\/tanovis.com\/pt\/responsibility\/","og_site_name":"Tanovis","article_modified_time":"2025-12-16T20:27:16+00:00","og_image":[{"width":1024,"height":768,"url":"https:\/\/tanovis.com\/wp-content\/uploads\/2025\/12\/Meta-2.jpg","type":"image\/jpeg"}],"twitter_card":"summary_large_image","twitter_misc":{"Est. tempo de leitura":"4 minutos"},"schema":{"@context":"https:\/\/schema.org","@graph":[{"@type":"WebPage","@id":"https:\/\/tanovis.com\/responsibility\/","url":"https:\/\/tanovis.com\/responsibility\/","name":"Responsibility - Tanovis","isPartOf":{"@id":"https:\/\/tanovis.com\/#website"},"primaryImageOfPage":{"@id":"https:\/\/tanovis.com\/responsibility\/#primaryimage"},"image":{"@id":"https:\/\/tanovis.com\/responsibility\/#primaryimage"},"thumbnailUrl":"https:\/\/tanovis.com\/wp-content\/uploads\/2025\/12\/Meta-2.jpg","datePublished":"2025-11-19T09:23:20+00:00","dateModified":"2025-12-16T20:27:16+00:00","description":"Discover Tanovis\u2019 approach to responsibility and impact in the bioeconomy \u2014 from sustainability commitments to real-world actions shaping people and planet.","breadcrumb":{"@id":"https:\/\/tanovis.com\/responsibility\/#breadcrumb"},"inLanguage":"pt-BR","potentialAction":[{"@type":"ReadAction","target":["https:\/\/tanovis.com\/responsibility\/"]}]},{"@type":"ImageObject","inLanguage":"pt-BR","@id":"https:\/\/tanovis.com\/responsibility\/#primaryimage","url":"https:\/\/tanovis.com\/wp-content\/uploads\/2025\/12\/Meta-2.jpg","contentUrl":"https:\/\/tanovis.com\/wp-content\/uploads\/2025\/12\/Meta-2.jpg","width":1024,"height":768,"caption":"Responsibility"},{"@type":"BreadcrumbList","@id":"https:\/\/tanovis.com\/responsibility\/#breadcrumb","itemListElement":[{"@type":"ListItem","position":1,"name":"Home","item":"https:\/\/tanovis.com\/"},{"@type":"ListItem","position":2,"name":"Responsibility"}]},{"@type":"WebSite","@id":"https:\/\/tanovis.com\/#website","url":"https:\/\/tanovis.com\/","name":"Tanovis","description":"Cria\u00e7\u00e3o de empreendimentos de lignina","potentialAction":[{"@type":"SearchAction","target":{"@type":"EntryPoint","urlTemplate":"https:\/\/tanovis.com\/?s={search_term_string}"},"query-input":{"@type":"PropertyValueSpecification","valueRequired":true,"valueName":"search_term_string"}}],"inLanguage":"pt-BR"}]}},"_links":{"self":[{"href":"https:\/\/tanovis.com\/pt\/wp-json\/wp\/v2\/pages\/123","targetHints":{"allow":["GET"]}}],"collection":[{"href":"https:\/\/tanovis.com\/pt\/wp-json\/wp\/v2\/pages"}],"about":[{"href":"https:\/\/tanovis.com\/pt\/wp-json\/wp\/v2\/types\/page"}],"author":[{"embeddable":true,"href":"https:\/\/tanovis.com\/pt\/wp-json\/wp\/v2\/users\/1"}],"replies":[{"embeddable":true,"href":"https:\/\/tanovis.com\/pt\/wp-json\/wp\/v2\/comments?post=123"}],"version-history":[{"count":54,"href":"https:\/\/tanovis.com\/pt\/wp-json\/wp\/v2\/pages\/123\/revisions"}],"predecessor-version":[{"id":887,"href":"https:\/\/tanovis.com\/pt\/wp-json\/wp\/v2\/pages\/123\/revisions\/887"}],"wp:featuredmedia":[{"embeddable":true,"href":"https:\/\/tanovis.com\/pt\/wp-json\/wp\/v2\/media\/616"}],"wp:attachment":[{"href":"https:\/\/tanovis.com\/pt\/wp-json\/wp\/v2\/media?parent=123"}],"curies":[{"name":"wp","href":"https:\/\/api.w.org\/{rel}","templated":true}]}}