{"id":127,"date":"2025-11-19T09:26:03","date_gmt":"2025-11-19T09:26:03","guid":{"rendered":"https:\/\/tanovis.linawang.se\/?page_id=127"},"modified":"2025-12-21T18:51:45","modified_gmt":"2025-12-21T18:51:45","slug":"our-ventures","status":"publish","type":"page","link":"https:\/\/tanovis.com\/pt\/our-ventures\/","title":{"rendered":"Nossos empreendimentos"},"content":{"rendered":"<section\n  class=\"tanovis_sub_hero  sub_hero--bg-default tanovis\"\n  >\n  <div class=\"hero__media\">\n              <img decoding=\"async\" class=\"hero__bg\" src=\"https:\/\/tanovis.com\/wp-content\/uploads\/2025\/11\/Tanovis-industry-roof-16-9.jpg\" alt=\"\" \/>\n    \n    <div class=\"hero__symbol-container tanovis\">\n      <div class=\"hero__symbol\">\n                  <img decoding=\"async\" class=\"hero__symbol\" src=\"https:\/\/tanovis.com\/wp-content\/uploads\/2025\/11\/tanovis-field-animals-1-1.jpg\"\n            alt=\"\" \/>\n              <\/div>\n    <\/div>\n  <\/div>\n\n  <div class=\"hero__content container\">\n          <h1 class=\"hero__title title-lg\">Operando na vanguarda da economia de base biol\u00f3gica.<\/h1>\n      <\/div>\n<\/section>\n\n\n<section class=\"text container wysiwyg\" >\n                                      <h2 class=\"text__title fade-up\">\n            Unidos por nossa plataforma comum em qu\u00edmica da lignina, nossos empreendimentos transformam o conhecimento cient\u00edfico em inova\u00e7\u00e3o escal\u00e1vel em todos os mercados e setores.          <\/h2>\n                    \n<\/section>\n\n\n<section id=\"tab-image-text-69e2ff1f7d85a\"\n  class=\"tab-image-text container  bg-default\" >\n  <div class=\"tab-image-text__title\">\n    <h2 class=\"tab-image-text__title-text title-lg animate-words\">Phytaxis<\/h2>\n  <\/div>\n\n  <div class=\"tab-image-text__buttons fade\">\n                  <button class=\"tab-image-text__button\">\n          Sobre        <\/button>\n              <button class=\"tab-image-text__button\">\n          Informa\u00e7\u00f5es sobre a empresa        <\/button>\n            <\/div>\n\n  <div class=\"tab-image-text__tabs fade-up-delay-200\">\n                  <div class=\"tab-image-text__tab\">\n\n          <div class=\"tab-image-text__tab-content\">\n            <h3 class=\"tab-image-text__tab-title title-md\">Repensando a sa\u00fade animal<\/h3>\n            <div class=\"tab-image-text__content\"><p><span style=\"font-weight: 400;\">A Phytaxis desenvolve ingredientes bioativos para a sa\u00fade e nutri\u00e7\u00e3o animal, abordando um dos desafios globais mais urgentes: a resist\u00eancia antimicrobiana. Com a expectativa de um crescimento acentuado da demanda por aditivos alimentares n\u00e3o medicinais em todo o mundo, a Phytaxis est\u00e1 se expandindo para novas esp\u00e9cies e regi\u00f5es, incluindo a aquicultura. <\/span><\/p>\n<p>&nbsp;<\/p>\n<p><span style=\"font-weight: 400;\">Os ingredientes de lignina sem enxofre da empresa melhoram a digestibilidade, o crescimento e a resist\u00eancia a doen\u00e7as, oferecendo aos fabricantes de ra\u00e7\u00f5es um caminho comprovado para uma produ\u00e7\u00e3o pecu\u00e1ria mais eficiente e sustent\u00e1vel.<\/span><\/p>\n<\/div>\n          <\/div>\n\n          <div class=\"tab-image-text__tab-image cutout aspect-ratio-4-3 cutout-top-left\">\n            <img decoding=\"async\" src=\"https:\/\/tanovis.com\/wp-content\/uploads\/2025\/12\/cow-4-3.jpg\" alt=\"\" \/>\n          <\/div>\n\n        <\/div>\n              <div class=\"tab-image-text__tab is-active\">\n\n          <div class=\"tab-image-text__tab-content\">\n            <h3 class=\"tab-image-text__tab-title title-md\"><\/h3>\n            <div class=\"tab-image-text__content\"><ul>\n<li>\u2013 Empresa: Phytaxis SA, Su\u00ed\u00e7a<\/li>\n<\/ul>\n<p class=\"p1\">\u2013 Sede e P&amp;D: Su\u00ed\u00e7a<\/p>\n<p class=\"p1\">\u2013 Filiais na Holanda, M\u00e9xico e Turquia<\/p>\n<p class=\"p1\">\u2013 Principais mercados: Am\u00e9rica Latina, Europa, \u00c1sia<\/p>\n<p class=\"p1\">\u2013 Certifica\u00e7\u00e3o: GMP+<\/p>\n<p>&nbsp;<\/p>\n<p>&nbsp;<\/p>\n<ul>\n<li><strong><em><a href=\"https:\/\/www.phytaxis.com\/\" target=\"_blank\" rel=\"noopener\">Visite o site da Phytaxis<\/a><\/em><\/strong><\/li>\n<\/ul>\n<\/div>\n          <\/div>\n\n          <div class=\"tab-image-text__tab-image cutout aspect-ratio-4-3 cutout-top-left\">\n            <img decoding=\"async\" src=\"https:\/\/tanovis.com\/wp-content\/uploads\/2025\/12\/cow-4-3.jpg\" alt=\"\" \/>\n          <\/div>\n\n        <\/div>\n            <\/div>\n<\/section>\n\n\n<section id=\"tab-image-text-69e2ff1f7e644\"\n  class=\"tab-image-text container  bg-default\" >\n  <div class=\"tab-image-text__title\">\n    <h2 class=\"tab-image-text__title-text title-lg animate-words\">Inova\u00e7\u00f5es PLT<\/h2>\n  <\/div>\n\n  <div class=\"tab-image-text__buttons fade\">\n                  <button class=\"tab-image-text__button\">\n          Sobre        <\/button>\n              <button class=\"tab-image-text__button\">\n          Informa\u00e7\u00f5es sobre a empresa        <\/button>\n            <\/div>\n\n  <div class=\"tab-image-text__tabs fade-up-delay-200\">\n                  <div class=\"tab-image-text__tab\">\n\n          <div class=\"tab-image-text__tab-content\">\n            <h3 class=\"tab-image-text__tab-title title-md\">Materiais avan\u00e7ados \u00e0 base de lignina e produtos bioqu\u00edmicos industriais<\/h3>\n            <div class=\"tab-image-text__content\"><p><span style=\"font-weight: 400;\">Com a demanda por materiais de alto desempenho e baixo carbono crescendo globalmente, o empreendimento se concentra no desenvolvimento orientado para aplica\u00e7\u00f5es, projetando com nossa lignina modificada para funcionalidades espec\u00edficas e vantagens de custo. <\/span><\/p>\n<p>&nbsp;<\/p>\n<p><span style=\"font-weight: 400;\">Por meio de parcerias com a ind\u00fastria e biorrefinarias, a PLT Innovations acelera a transi\u00e7\u00e3o da depend\u00eancia petroqu\u00edmica para materiais de desempenho escal\u00e1veis e de base biol\u00f3gica.\u00a0<\/span><\/p>\n<\/div>\n          <\/div>\n\n          <div class=\"tab-image-text__tab-image cutout aspect-ratio-4-3 cutout-top-left\">\n            <img decoding=\"async\" src=\"https:\/\/tanovis.com\/wp-content\/uploads\/2025\/12\/PLT-image-B-4-3.jpg\" alt=\"\" \/>\n          <\/div>\n\n        <\/div>\n              <div class=\"tab-image-text__tab is-active\">\n\n          <div class=\"tab-image-text__tab-content\">\n            <h3 class=\"tab-image-text__tab-title title-md\"><\/h3>\n            <div class=\"tab-image-text__content\"><ul>\n<li>Empresa: PLT Innovations AG, Su\u00ed\u00e7a<\/li>\n<li class=\"p1\">Sede e P&amp;D: Su\u00ed\u00e7a<\/li>\n<li class=\"p1\">Principais mercados: \u00c1sia, Europa, Am\u00e9rica do Norte<\/li>\n<li class=\"p1\">Produtos: Lignina de soda, Lignina Kraft<\/li>\n<li class=\"p1\">Servi\u00e7os: Consultoria em extra\u00e7\u00e3o de lignina a partir de licor negro<\/li>\n<\/ul>\n<p>&nbsp;<\/p>\n<p><a href=\"https:\/\/www.plt-innovations.com\" target=\"_blank\" rel=\"noopener\"><strong><em>Visite o site da PLT Innovations<\/em><\/strong><\/a><\/p>\n<\/div>\n          <\/div>\n\n          <div class=\"tab-image-text__tab-image cutout aspect-ratio-4-3 cutout-top-left\">\n            <img decoding=\"async\" src=\"https:\/\/tanovis.com\/wp-content\/uploads\/2025\/12\/PLT-image-B-4-3.jpg\" alt=\"\" \/>\n          <\/div>\n\n        <\/div>\n            <\/div>\n<\/section>\n\n\n<section id=\"tab-image-text-69e2ff1f7f167\"\n  class=\"tab-image-text container  bg-default\" >\n  <div class=\"tab-image-text__title\">\n    <h2 class=\"tab-image-text__title-text title-lg animate-words\">Siranius<\/h2>\n  <\/div>\n\n  <div class=\"tab-image-text__buttons fade\">\n                  <button class=\"tab-image-text__button\">\n          Sobre        <\/button>\n              <button class=\"tab-image-text__button\">\n          Informa\u00e7\u00f5es sobre a empresa        <\/button>\n            <\/div>\n\n  <div class=\"tab-image-text__tabs fade-up-delay-200\">\n                  <div class=\"tab-image-text__tab\">\n\n          <div class=\"tab-image-text__tab-content\">\n            <h3 class=\"tab-image-text__tab-title title-md\">Solu\u00e7\u00f5es para a sa\u00fade humana \u00e0 base de lignina<\/h3>\n            <div class=\"tab-image-text__content\"><p><span style=\"font-weight: 400;\">A Siranius traz inova\u00e7\u00e3o para o mercado nutrac\u00eautico em r\u00e1pido crescimento. \u00c0 medida que a demanda dos consumidores muda para a sa\u00fade preventiva e bioativos naturais, a Siranius apresenta uma nova classe de ingredientes para a sa\u00fade intestinal, imunidade e resist\u00eancia a toxinas. <\/span><\/p>\n<p>&nbsp;<\/p>\n<p><span style=\"font-weight: 400;\">Posicionada na intersec\u00e7\u00e3o entre os setores aliment\u00edcio e farmac\u00eautico, a empresa se baseia em pesquisa e desenvolvimento avan\u00e7ados e bioatividade validada para fornecer ao mercado global solu\u00e7\u00f5es nutricionais inovadoras e baseadas na ci\u00eancia.<\/span><\/p>\n<\/div>\n          <\/div>\n\n          <div class=\"tab-image-text__tab-image cutout aspect-ratio-4-3 cutout-top-left\">\n            <img decoding=\"async\" src=\"https:\/\/tanovis.com\/wp-content\/uploads\/2025\/12\/Siranius-mage.jpg\" alt=\"\" \/>\n          <\/div>\n\n        <\/div>\n              <div class=\"tab-image-text__tab is-active\">\n\n          <div class=\"tab-image-text__tab-content\">\n            <h3 class=\"tab-image-text__tab-title title-md\"><\/h3>\n            <div class=\"tab-image-text__content\"><ol>\n<li class=\"p1\">Empresa: Siranius AG, Su\u00ed\u00e7a<\/li>\n<li class=\"p1\">Sede e P&amp;D: Su\u00ed\u00e7a<\/li>\n<li class=\"p1\">Principais mercados: Am\u00e9rica Latina, EUA<\/li>\n<li class=\"p1\">Produtos: Nutrac\u00eauticos \u00e0 base de plantas<\/li>\n<\/ol>\n<p>&nbsp;<\/p>\n<p><strong><em><a href=\"https:\/\/siranius.com\/\" target=\"_blank\" rel=\"noopener\">Visite o site da Siranius<\/a><\/em><\/strong><\/p>\n<\/div>\n          <\/div>\n\n          <div class=\"tab-image-text__tab-image cutout aspect-ratio-4-3 cutout-top-left\">\n            <img decoding=\"async\" src=\"https:\/\/tanovis.com\/wp-content\/uploads\/2025\/12\/Siranius-mage.jpg\" alt=\"\" \/>\n          <\/div>\n\n        <\/div>\n            <\/div>\n<\/section>\n\n\n<section class=\"text container wysiwyg\" >\n  \n<\/section>","protected":false},"excerpt":{"rendered":"","protected":false},"author":1,"featured_media":320,"parent":0,"menu_order":0,"comment_status":"closed","ping_status":"closed","template":"","meta":{"_acf_changed":false,"content-type":"","footnotes":""},"class_list":["post-127","page","type-page","status-publish","has-post-thumbnail","hentry"],"acf":[],"yoast_head":"<!-- This site is optimized with the Yoast SEO plugin v26.6 - https:\/\/yoast.com\/wordpress\/plugins\/seo\/ -->\n<title>Our ventures - Tanovis<\/title>\n<meta name=\"description\" content=\"Explore Tanovis\u2019 bioeconomy ventures. From materials to animal and human health, our portfolio turns lignin into scalable solutions with real-world impact.\" \/>\n<meta name=\"robots\" content=\"index, follow, max-snippet:-1, max-image-preview:large, max-video-preview:-1\" \/>\n<link rel=\"canonical\" href=\"https:\/\/tanovis.com\/pt\/our-ventures\/\" \/>\n<meta property=\"og:locale\" content=\"pt_BR\" \/>\n<meta property=\"og:type\" content=\"article\" \/>\n<meta property=\"og:title\" content=\"Our ventures - Tanovis\" \/>\n<meta property=\"og:description\" content=\"Explore Tanovis\u2019 bioeconomy ventures. From materials to animal and human health, our portfolio turns lignin into scalable solutions with real-world impact.\" \/>\n<meta property=\"og:url\" content=\"https:\/\/tanovis.com\/pt\/our-ventures\/\" \/>\n<meta property=\"og:site_name\" content=\"Tanovis\" \/>\n<meta property=\"article:modified_time\" content=\"2025-12-21T18:51:45+00:00\" \/>\n<meta property=\"og:image\" content=\"https:\/\/tanovis.com\/wp-content\/uploads\/2025\/11\/Tanovis-industry-roof-4-3.jpg\" \/>\n\t<meta property=\"og:image:width\" content=\"1440\" \/>\n\t<meta property=\"og:image:height\" content=\"1080\" \/>\n\t<meta property=\"og:image:type\" content=\"image\/jpeg\" \/>\n<meta name=\"twitter:card\" content=\"summary_large_image\" \/>\n<meta name=\"twitter:label1\" content=\"Est. tempo de leitura\" \/>\n\t<meta name=\"twitter:data1\" content=\"3 minutos\" \/>\n<script type=\"application\/ld+json\" class=\"yoast-schema-graph\">{\"@context\":\"https:\/\/schema.org\",\"@graph\":[{\"@type\":\"WebPage\",\"@id\":\"https:\/\/tanovis.com\/our-ventures\/\",\"url\":\"https:\/\/tanovis.com\/our-ventures\/\",\"name\":\"Our ventures - Tanovis\",\"isPartOf\":{\"@id\":\"https:\/\/tanovis.com\/#website\"},\"primaryImageOfPage\":{\"@id\":\"https:\/\/tanovis.com\/our-ventures\/#primaryimage\"},\"image\":{\"@id\":\"https:\/\/tanovis.com\/our-ventures\/#primaryimage\"},\"thumbnailUrl\":\"https:\/\/tanovis.com\/wp-content\/uploads\/2025\/11\/Tanovis-industry-roof-4-3.jpg\",\"datePublished\":\"2025-11-19T09:26:03+00:00\",\"dateModified\":\"2025-12-21T18:51:45+00:00\",\"description\":\"Explore Tanovis\u2019 bioeconomy ventures. From materials to animal and human health, our portfolio turns lignin into scalable solutions with real-world impact.\",\"breadcrumb\":{\"@id\":\"https:\/\/tanovis.com\/our-ventures\/#breadcrumb\"},\"inLanguage\":\"pt-BR\",\"potentialAction\":[{\"@type\":\"ReadAction\",\"target\":[\"https:\/\/tanovis.com\/our-ventures\/\"]}]},{\"@type\":\"ImageObject\",\"inLanguage\":\"pt-BR\",\"@id\":\"https:\/\/tanovis.com\/our-ventures\/#primaryimage\",\"url\":\"https:\/\/tanovis.com\/wp-content\/uploads\/2025\/11\/Tanovis-industry-roof-4-3.jpg\",\"contentUrl\":\"https:\/\/tanovis.com\/wp-content\/uploads\/2025\/11\/Tanovis-industry-roof-4-3.jpg\",\"width\":1440,\"height\":1080},{\"@type\":\"BreadcrumbList\",\"@id\":\"https:\/\/tanovis.com\/our-ventures\/#breadcrumb\",\"itemListElement\":[{\"@type\":\"ListItem\",\"position\":1,\"name\":\"Home\",\"item\":\"https:\/\/tanovis.com\/\"},{\"@type\":\"ListItem\",\"position\":2,\"name\":\"Our ventures\"}]},{\"@type\":\"WebSite\",\"@id\":\"https:\/\/tanovis.com\/#website\",\"url\":\"https:\/\/tanovis.com\/\",\"name\":\"Tanovis\",\"description\":\"Building lignin ventures\",\"potentialAction\":[{\"@type\":\"SearchAction\",\"target\":{\"@type\":\"EntryPoint\",\"urlTemplate\":\"https:\/\/tanovis.com\/?s={search_term_string}\"},\"query-input\":{\"@type\":\"PropertyValueSpecification\",\"valueRequired\":true,\"valueName\":\"search_term_string\"}}],\"inLanguage\":\"pt-BR\"}]}<\/script>\n<!-- \/ Yoast SEO plugin. -->","yoast_head_json":{"title":"Our ventures - Tanovis","description":"Explore Tanovis\u2019 bioeconomy ventures. From materials to animal and human health, our portfolio turns lignin into scalable solutions with real-world impact.","robots":{"index":"index","follow":"follow","max-snippet":"max-snippet:-1","max-image-preview":"max-image-preview:large","max-video-preview":"max-video-preview:-1"},"canonical":"https:\/\/tanovis.com\/pt\/our-ventures\/","og_locale":"pt_BR","og_type":"article","og_title":"Our ventures - Tanovis","og_description":"Explore Tanovis\u2019 bioeconomy ventures. From materials to animal and human health, our portfolio turns lignin into scalable solutions with real-world impact.","og_url":"https:\/\/tanovis.com\/pt\/our-ventures\/","og_site_name":"Tanovis","article_modified_time":"2025-12-21T18:51:45+00:00","og_image":[{"width":1440,"height":1080,"url":"https:\/\/tanovis.com\/wp-content\/uploads\/2025\/11\/Tanovis-industry-roof-4-3.jpg","type":"image\/jpeg"}],"twitter_card":"summary_large_image","twitter_misc":{"Est. tempo de leitura":"3 minutos"},"schema":{"@context":"https:\/\/schema.org","@graph":[{"@type":"WebPage","@id":"https:\/\/tanovis.com\/our-ventures\/","url":"https:\/\/tanovis.com\/our-ventures\/","name":"Our ventures - Tanovis","isPartOf":{"@id":"https:\/\/tanovis.com\/#website"},"primaryImageOfPage":{"@id":"https:\/\/tanovis.com\/our-ventures\/#primaryimage"},"image":{"@id":"https:\/\/tanovis.com\/our-ventures\/#primaryimage"},"thumbnailUrl":"https:\/\/tanovis.com\/wp-content\/uploads\/2025\/11\/Tanovis-industry-roof-4-3.jpg","datePublished":"2025-11-19T09:26:03+00:00","dateModified":"2025-12-21T18:51:45+00:00","description":"Explore Tanovis\u2019 bioeconomy ventures. From materials to animal and human health, our portfolio turns lignin into scalable solutions with real-world impact.","breadcrumb":{"@id":"https:\/\/tanovis.com\/our-ventures\/#breadcrumb"},"inLanguage":"pt-BR","potentialAction":[{"@type":"ReadAction","target":["https:\/\/tanovis.com\/our-ventures\/"]}]},{"@type":"ImageObject","inLanguage":"pt-BR","@id":"https:\/\/tanovis.com\/our-ventures\/#primaryimage","url":"https:\/\/tanovis.com\/wp-content\/uploads\/2025\/11\/Tanovis-industry-roof-4-3.jpg","contentUrl":"https:\/\/tanovis.com\/wp-content\/uploads\/2025\/11\/Tanovis-industry-roof-4-3.jpg","width":1440,"height":1080},{"@type":"BreadcrumbList","@id":"https:\/\/tanovis.com\/our-ventures\/#breadcrumb","itemListElement":[{"@type":"ListItem","position":1,"name":"Home","item":"https:\/\/tanovis.com\/"},{"@type":"ListItem","position":2,"name":"Our ventures"}]},{"@type":"WebSite","@id":"https:\/\/tanovis.com\/#website","url":"https:\/\/tanovis.com\/","name":"Tanovis","description":"Cria\u00e7\u00e3o de empreendimentos de lignina","potentialAction":[{"@type":"SearchAction","target":{"@type":"EntryPoint","urlTemplate":"https:\/\/tanovis.com\/?s={search_term_string}"},"query-input":{"@type":"PropertyValueSpecification","valueRequired":true,"valueName":"search_term_string"}}],"inLanguage":"pt-BR"}]}},"_links":{"self":[{"href":"https:\/\/tanovis.com\/pt\/wp-json\/wp\/v2\/pages\/127","targetHints":{"allow":["GET"]}}],"collection":[{"href":"https:\/\/tanovis.com\/pt\/wp-json\/wp\/v2\/pages"}],"about":[{"href":"https:\/\/tanovis.com\/pt\/wp-json\/wp\/v2\/types\/page"}],"author":[{"embeddable":true,"href":"https:\/\/tanovis.com\/pt\/wp-json\/wp\/v2\/users\/1"}],"replies":[{"embeddable":true,"href":"https:\/\/tanovis.com\/pt\/wp-json\/wp\/v2\/comments?post=127"}],"version-history":[{"count":58,"href":"https:\/\/tanovis.com\/pt\/wp-json\/wp\/v2\/pages\/127\/revisions"}],"predecessor-version":[{"id":950,"href":"https:\/\/tanovis.com\/pt\/wp-json\/wp\/v2\/pages\/127\/revisions\/950"}],"wp:featuredmedia":[{"embeddable":true,"href":"https:\/\/tanovis.com\/pt\/wp-json\/wp\/v2\/media\/320"}],"wp:attachment":[{"href":"https:\/\/tanovis.com\/pt\/wp-json\/wp\/v2\/media?parent=127"}],"curies":[{"name":"wp","href":"https:\/\/api.w.org\/{rel}","templated":true}]}}