{"id":131,"date":"2025-11-19T09:27:25","date_gmt":"2025-11-19T09:27:25","guid":{"rendered":"https:\/\/tanovis.linawang.se\/?page_id=131"},"modified":"2025-12-16T20:21:33","modified_gmt":"2025-12-16T20:21:33","slug":"our-story","status":"publish","type":"page","link":"https:\/\/tanovis.com\/pt\/our-story\/","title":{"rendered":"Nossa hist\u00f3ria"},"content":{"rendered":"<section\n  class=\"tanovis_sub_hero  sub_hero--bg-dark tanovis\"\n  >\n  <div class=\"hero__media\">\n              <img decoding=\"async\" class=\"hero__bg\" src=\"https:\/\/tanovis.com\/wp-content\/uploads\/2025\/11\/tanovis-field-animals-16-9.jpg\" alt=\"\" \/>\n    \n    <div class=\"hero__symbol-container tanovis\">\n      <div class=\"hero__symbol\">\n                  <img decoding=\"async\" class=\"hero__symbol\" src=\"https:\/\/tanovis.com\/wp-content\/uploads\/2025\/11\/Tanovis-city-9-16.jpg\"\n            alt=\"\" \/>\n              <\/div>\n    <\/div>\n  <\/div>\n\n  <div class=\"hero__content container\">\n          <h1 class=\"hero__title title-lg\">Construindo os materiais do futuro.<\/h1>\n      <\/div>\n<\/section>\n\n\n<section class=\"text container wysiwyg\" >\n                                      <h2 class=\"text__title fade-up\">\n            Da qu\u00edmica da lignina aos empreendimentos de base biol\u00f3gica. A Tanovis sempre se preparou para o futuro. Nossa jornada come\u00e7ou com a cren\u00e7a no potencial do pol\u00edmero natural e cresceu at\u00e9 se tornar uma plataforma que opera na vanguarda da economia de base biol\u00f3gica.          <\/h2>\n                    \n<\/section>\n\n\n<section class=\"timeline container  bg-default\" id=\"timeline\" >\n  <h2 class=\"timeline__title\">Principais marcos<\/h2>\n  <div class=\"timeline__inner\">\n          <div class=\"timeline__item\">\n        <h3 class=\"timeline__item-title title-xxl animate-letters\">2025<\/h3>\n        <div class=\"timeline__item-text body-md fade-up-delay-600\"><h3><b>Pronto para escalar<\/b><\/h3>\n<p>O grupo Tanovis lidera a inova\u00e7\u00e3o baseada na lignina em todos os setores e mercados.<\/p>\n<\/div>\n      <\/div>\n          <div class=\"timeline__item\">\n        <h3 class=\"timeline__item-title title-xxl animate-letters\">2023<\/h3>\n        <div class=\"timeline__item-text body-md fade-up-delay-600\"><h3><b>Novas alian\u00e7as<\/b><\/h3>\n<p><span style=\"font-weight: 400;\">Formou parcerias com a Lignopure e a Red Leaf Pulp para acelerar a ado\u00e7\u00e3o.<\/span><\/p>\n<\/div>\n      <\/div>\n          <div class=\"timeline__item\">\n        <h3 class=\"timeline__item-title title-xxl animate-letters\">2020<\/h3>\n        <div class=\"timeline__item-text body-md fade-up-delay-600\"><h3><b>Expans\u00e3o da plataforma<\/b><\/h3>\n<p><span style=\"font-weight: 400;\">Lan\u00e7ou novos empreendimentos, PLT Innovations e Siranius, nas \u00e1reas de materiais e nutri\u00e7\u00e3o humana.<\/span><\/p>\n<\/div>\n      <\/div>\n          <div class=\"timeline__item\">\n        <h3 class=\"timeline__item-title title-xxl animate-letters\">2017<\/h3>\n        <div class=\"timeline__item-text body-md fade-up-delay-600\"><h3><b>Nasce a Tanovis<\/b><\/h3>\n<p><span style=\"font-weight: 400;\">Fundou a Tanovis AG para desenvolver empreendimentos de base biol\u00f3gica em grande escala.<\/span><\/p>\n<\/div>\n      <\/div>\n          <div class=\"timeline__item\">\n        <h3 class=\"timeline__item-title title-xxl animate-letters\">2016<\/h3>\n        <div class=\"timeline__item-text body-md fade-up-delay-600\"><h3><b>Plataforma de inova\u00e7\u00e3o<\/b><\/h3>\n<p><span style=\"font-weight: 400;\">Preparou a transi\u00e7\u00e3o da GreenValue para uma plataforma de inova\u00e7\u00e3o mais ampla.<\/span><\/p>\n<\/div>\n      <\/div>\n          <div class=\"timeline__item\">\n        <h3 class=\"timeline__item-title title-xxl animate-letters\">2008<\/h3>\n        <div class=\"timeline__item-text body-md fade-up-delay-600\"><h3><b>Primeiro empreendimento<\/b><\/h3>\n<p><span style=\"font-weight: 400;\">Lan\u00e7ou a Phytaxis para desenvolver lignina sem enxofre para a sa\u00fade animal.<\/span><\/p>\n<\/div>\n      <\/div>\n          <div class=\"timeline__item\">\n        <h3 class=\"timeline__item-title title-xxl animate-letters\">2006<\/h3>\n        <div class=\"timeline__item-text body-md fade-up-delay-600\"><h3><b>Colabora\u00e7\u00f5es europeias<\/b><\/h3>\n<p><span style=\"font-weight: 400;\">Participou em programas da UE que exploram a lignina e a biomassa na ci\u00eancia dos materiais.<\/span><\/p>\n<\/div>\n      <\/div>\n          <div class=\"timeline__item\">\n        <h3 class=\"timeline__item-title title-xxl animate-letters\">2005<\/h3>\n        <div class=\"timeline__item-text body-md fade-up-delay-600\"><h3><b>Prova de conceito<\/b><\/h3>\n<p><span style=\"font-weight: 400;\">Apresenta\u00e7\u00e3o do Protobind\u00ae, validando aplica\u00e7\u00f5es industriais \u00e0 base de lignina.<\/span><\/p>\n<\/div>\n      <\/div>\n          <div class=\"timeline__item\">\n        <h3 class=\"timeline__item-title title-xxl animate-letters\">2004<\/h3>\n        <div class=\"timeline__item-text body-md fade-up-delay-600\"><h3><b>O in\u00edcio<\/b><\/h3>\n<p><span style=\"font-weight: 400;\">Fundou a empresa de pesquisa GreenValue e criou uma planta industrial na \u00cdndia para explorar o potencial industrial da lignina.<\/span><\/p>\n<\/div>\n      <\/div>\n    <\/section>\n\n\n<section class=\"quote   bg-default\" >\n    <img decoding=\"async\" class=\"quote__bg\" src=\"https:\/\/tanovis.com\/wp-content\/uploads\/2025\/11\/Tanovis-wheat-field-16-9.jpg\" alt=\"\" \/>\n  \n  <div class=\"container\">\n        <h3 class=\"quote__text animate-lines title-lg\">\n      \u201cAp\u00f3s uma carreira no setor financeiro, eu queria criar algo tang\u00edvel \u2014 um produto que eu pudesse tocar e que contribu\u00edsse genuinamente para a sustentabilidade.\u201d    <\/h3>\n        <p class=\"quote__source font-heading body-lg fade-up\">Charles J Walser, CEO e cofundador da Tanovis AG<\/p>\n          <\/div>\n\n<\/section>\n\n\n<section class=\"text container wysiwyg\" id=\"production\" >\n                                      <h3 class=\"text__title fade-up\">\n            Produ\u00e7\u00e3o de lignina atrav\u00e9s da Greencone           <\/h3>\n                                                  <div class=\"text__body fade-up\">\n            <blockquote><p>A Greencone, nossa joint venture na \u00cdndia com um parceiro fabricante de papel, aplica a tecnologia de lignina exclusiva da Tanovis \u2014 desenvolvida e aperfei\u00e7oada ao longo de duas d\u00e9cadas \u2014 para valorizar diversas mat\u00e9rias-primas de biomassa. Por meio de uma estreita colabora\u00e7\u00e3o t\u00e9cnica, nossas equipes otimizam continuamente a efici\u00eancia e o desempenho do processo, fortalecendo nosso compromisso comum com materiais de base biol\u00f3gica escal\u00e1veis e sustent\u00e1veis.<b><\/b><\/p><\/blockquote>\n          <\/div>\n                    \n<\/section>\n\n\n<section\n  class=\"tanovis_sub_hero  sub_hero--bg-default none\"\n  >\n  <div class=\"hero__media\">\n          <video class=\"hero__video\" src=\"https:\/\/tanovis.com\/wp-content\/uploads\/2025\/11\/Tanovis_17sek.mp4\" autoplay muted loop playsinline><\/video>\n        \n    <div class=\"hero__symbol-container none\">\n      <div class=\"hero__symbol\">\n              <\/div>\n    <\/div>\n  <\/div>\n\n  <div class=\"hero__content container\">\n      <\/div>\n<\/section>\n\n\n<section class=\"text container wysiwyg\" >\n  \n<\/section>","protected":false},"excerpt":{"rendered":"","protected":false},"author":1,"featured_media":623,"parent":0,"menu_order":0,"comment_status":"closed","ping_status":"closed","template":"","meta":{"_acf_changed":false,"content-type":"","footnotes":""},"class_list":["post-131","page","type-page","status-publish","has-post-thumbnail","hentry"],"acf":[],"yoast_head":"<!-- This site is optimized with the Yoast SEO plugin v26.6 - https:\/\/yoast.com\/wordpress\/plugins\/seo\/ -->\n<title>Our story - Tanovis<\/title>\n<meta name=\"description\" content=\"Discover the story behind Tanovis \u2014 a bioeconomy venture builder shaping sustainable innovation from lignin. Learn why we exist and the impact we\u2019re creating.\" \/>\n<meta name=\"robots\" content=\"index, follow, max-snippet:-1, max-image-preview:large, max-video-preview:-1\" \/>\n<link rel=\"canonical\" href=\"https:\/\/tanovis.com\/pt\/our-story\/\" \/>\n<meta property=\"og:locale\" content=\"pt_BR\" \/>\n<meta property=\"og:type\" content=\"article\" \/>\n<meta property=\"og:title\" content=\"Our story - Tanovis\" \/>\n<meta property=\"og:description\" content=\"Discover the story behind Tanovis \u2014 a bioeconomy venture builder shaping sustainable innovation from lignin. Learn why we exist and the impact we\u2019re creating.\" \/>\n<meta property=\"og:url\" content=\"https:\/\/tanovis.com\/pt\/our-story\/\" \/>\n<meta property=\"og:site_name\" content=\"Tanovis\" \/>\n<meta property=\"article:modified_time\" content=\"2025-12-16T20:21:33+00:00\" \/>\n<meta property=\"og:image\" content=\"https:\/\/tanovis.com\/wp-content\/uploads\/2025\/12\/Meta-9.jpg\" \/>\n\t<meta property=\"og:image:width\" content=\"1024\" \/>\n\t<meta property=\"og:image:height\" content=\"768\" \/>\n\t<meta property=\"og:image:type\" content=\"image\/jpeg\" \/>\n<meta name=\"twitter:card\" content=\"summary_large_image\" \/>\n<meta name=\"twitter:label1\" content=\"Est. tempo de leitura\" \/>\n\t<meta name=\"twitter:data1\" content=\"2 minutos\" \/>\n<script type=\"application\/ld+json\" class=\"yoast-schema-graph\">{\"@context\":\"https:\/\/schema.org\",\"@graph\":[{\"@type\":\"WebPage\",\"@id\":\"https:\/\/tanovis.com\/our-story\/\",\"url\":\"https:\/\/tanovis.com\/our-story\/\",\"name\":\"Our story - Tanovis\",\"isPartOf\":{\"@id\":\"https:\/\/tanovis.com\/#website\"},\"primaryImageOfPage\":{\"@id\":\"https:\/\/tanovis.com\/our-story\/#primaryimage\"},\"image\":{\"@id\":\"https:\/\/tanovis.com\/our-story\/#primaryimage\"},\"thumbnailUrl\":\"https:\/\/tanovis.com\/wp-content\/uploads\/2025\/12\/Meta-9.jpg\",\"datePublished\":\"2025-11-19T09:27:25+00:00\",\"dateModified\":\"2025-12-16T20:21:33+00:00\",\"description\":\"Discover the story behind Tanovis \u2014 a bioeconomy venture builder shaping sustainable innovation from lignin. Learn why we exist and the impact we\u2019re creating.\",\"breadcrumb\":{\"@id\":\"https:\/\/tanovis.com\/our-story\/#breadcrumb\"},\"inLanguage\":\"pt-BR\",\"potentialAction\":[{\"@type\":\"ReadAction\",\"target\":[\"https:\/\/tanovis.com\/our-story\/\"]}]},{\"@type\":\"ImageObject\",\"inLanguage\":\"pt-BR\",\"@id\":\"https:\/\/tanovis.com\/our-story\/#primaryimage\",\"url\":\"https:\/\/tanovis.com\/wp-content\/uploads\/2025\/12\/Meta-9.jpg\",\"contentUrl\":\"https:\/\/tanovis.com\/wp-content\/uploads\/2025\/12\/Meta-9.jpg\",\"width\":1024,\"height\":768},{\"@type\":\"BreadcrumbList\",\"@id\":\"https:\/\/tanovis.com\/our-story\/#breadcrumb\",\"itemListElement\":[{\"@type\":\"ListItem\",\"position\":1,\"name\":\"Home\",\"item\":\"https:\/\/tanovis.com\/\"},{\"@type\":\"ListItem\",\"position\":2,\"name\":\"Our story\"}]},{\"@type\":\"WebSite\",\"@id\":\"https:\/\/tanovis.com\/#website\",\"url\":\"https:\/\/tanovis.com\/\",\"name\":\"Tanovis\",\"description\":\"Building lignin ventures\",\"potentialAction\":[{\"@type\":\"SearchAction\",\"target\":{\"@type\":\"EntryPoint\",\"urlTemplate\":\"https:\/\/tanovis.com\/?s={search_term_string}\"},\"query-input\":{\"@type\":\"PropertyValueSpecification\",\"valueRequired\":true,\"valueName\":\"search_term_string\"}}],\"inLanguage\":\"pt-BR\"}]}<\/script>\n<!-- \/ Yoast SEO plugin. -->","yoast_head_json":{"title":"Our story - Tanovis","description":"Discover the story behind Tanovis \u2014 a bioeconomy venture builder shaping sustainable innovation from lignin. Learn why we exist and the impact we\u2019re creating.","robots":{"index":"index","follow":"follow","max-snippet":"max-snippet:-1","max-image-preview":"max-image-preview:large","max-video-preview":"max-video-preview:-1"},"canonical":"https:\/\/tanovis.com\/pt\/our-story\/","og_locale":"pt_BR","og_type":"article","og_title":"Our story - Tanovis","og_description":"Discover the story behind Tanovis \u2014 a bioeconomy venture builder shaping sustainable innovation from lignin. Learn why we exist and the impact we\u2019re creating.","og_url":"https:\/\/tanovis.com\/pt\/our-story\/","og_site_name":"Tanovis","article_modified_time":"2025-12-16T20:21:33+00:00","og_image":[{"width":1024,"height":768,"url":"https:\/\/tanovis.com\/wp-content\/uploads\/2025\/12\/Meta-9.jpg","type":"image\/jpeg"}],"twitter_card":"summary_large_image","twitter_misc":{"Est. tempo de leitura":"2 minutos"},"schema":{"@context":"https:\/\/schema.org","@graph":[{"@type":"WebPage","@id":"https:\/\/tanovis.com\/our-story\/","url":"https:\/\/tanovis.com\/our-story\/","name":"Our story - Tanovis","isPartOf":{"@id":"https:\/\/tanovis.com\/#website"},"primaryImageOfPage":{"@id":"https:\/\/tanovis.com\/our-story\/#primaryimage"},"image":{"@id":"https:\/\/tanovis.com\/our-story\/#primaryimage"},"thumbnailUrl":"https:\/\/tanovis.com\/wp-content\/uploads\/2025\/12\/Meta-9.jpg","datePublished":"2025-11-19T09:27:25+00:00","dateModified":"2025-12-16T20:21:33+00:00","description":"Discover the story behind Tanovis \u2014 a bioeconomy venture builder shaping sustainable innovation from lignin. Learn why we exist and the impact we\u2019re creating.","breadcrumb":{"@id":"https:\/\/tanovis.com\/our-story\/#breadcrumb"},"inLanguage":"pt-BR","potentialAction":[{"@type":"ReadAction","target":["https:\/\/tanovis.com\/our-story\/"]}]},{"@type":"ImageObject","inLanguage":"pt-BR","@id":"https:\/\/tanovis.com\/our-story\/#primaryimage","url":"https:\/\/tanovis.com\/wp-content\/uploads\/2025\/12\/Meta-9.jpg","contentUrl":"https:\/\/tanovis.com\/wp-content\/uploads\/2025\/12\/Meta-9.jpg","width":1024,"height":768},{"@type":"BreadcrumbList","@id":"https:\/\/tanovis.com\/our-story\/#breadcrumb","itemListElement":[{"@type":"ListItem","position":1,"name":"Home","item":"https:\/\/tanovis.com\/"},{"@type":"ListItem","position":2,"name":"Our story"}]},{"@type":"WebSite","@id":"https:\/\/tanovis.com\/#website","url":"https:\/\/tanovis.com\/","name":"Tanovis","description":"Cria\u00e7\u00e3o de empreendimentos de lignina","potentialAction":[{"@type":"SearchAction","target":{"@type":"EntryPoint","urlTemplate":"https:\/\/tanovis.com\/?s={search_term_string}"},"query-input":{"@type":"PropertyValueSpecification","valueRequired":true,"valueName":"search_term_string"}}],"inLanguage":"pt-BR"}]}},"_links":{"self":[{"href":"https:\/\/tanovis.com\/pt\/wp-json\/wp\/v2\/pages\/131","targetHints":{"allow":["GET"]}}],"collection":[{"href":"https:\/\/tanovis.com\/pt\/wp-json\/wp\/v2\/pages"}],"about":[{"href":"https:\/\/tanovis.com\/pt\/wp-json\/wp\/v2\/types\/page"}],"author":[{"embeddable":true,"href":"https:\/\/tanovis.com\/pt\/wp-json\/wp\/v2\/users\/1"}],"replies":[{"embeddable":true,"href":"https:\/\/tanovis.com\/pt\/wp-json\/wp\/v2\/comments?post=131"}],"version-history":[{"count":20,"href":"https:\/\/tanovis.com\/pt\/wp-json\/wp\/v2\/pages\/131\/revisions"}],"predecessor-version":[{"id":916,"href":"https:\/\/tanovis.com\/pt\/wp-json\/wp\/v2\/pages\/131\/revisions\/916"}],"wp:featuredmedia":[{"embeddable":true,"href":"https:\/\/tanovis.com\/pt\/wp-json\/wp\/v2\/media\/623"}],"wp:attachment":[{"href":"https:\/\/tanovis.com\/pt\/wp-json\/wp\/v2\/media?parent=131"}],"curies":[{"name":"wp","href":"https:\/\/api.w.org\/{rel}","templated":true}]}}