{"id":147,"date":"2025-11-19T11:46:22","date_gmt":"2025-11-19T11:46:22","guid":{"rendered":"https:\/\/tanovis.linawang.se\/?page_id=147"},"modified":"2025-12-17T16:43:09","modified_gmt":"2025-12-17T16:43:09","slug":"lignin-as-a-platform","status":"publish","type":"page","link":"https:\/\/tanovis.com\/pt\/lignin-as-a-platform\/","title":{"rendered":"A lignina como plataforma"},"content":{"rendered":"<section\n  class=\"tanovis_sub_hero  sub_hero--bg-dark tanovis\"\n  >\n  <div class=\"hero__media\">\n              <img decoding=\"async\" class=\"hero__bg\" src=\"https:\/\/tanovis.com\/wp-content\/uploads\/2025\/11\/Tanovis-sea-underwater-16-9_A.jpg\" alt=\"\" \/>\n    \n    <div class=\"hero__symbol-container tanovis\">\n      <div class=\"hero__symbol\">\n                  <img decoding=\"async\" class=\"hero__symbol\" src=\"https:\/\/tanovis.com\/wp-content\/uploads\/2025\/11\/Tanovis-Industry-9-16.jpg\"\n            alt=\"\" \/>\n              <\/div>\n    <\/div>\n  <\/div>\n\n  <div class=\"hero__content container\">\n          <h1 class=\"hero__title title-lg\">Uma plataforma hoje para a mercadoria de amanh\u00e3.<\/h1>\n      <\/div>\n<\/section>\n\n\n<section class=\"text container wysiwyg\" id=\"commodity\" >\n                                      <div class=\"text__preamble  fade-up\">\n            <p class=\"preamble\">A lignina est\u00e1 se tornando um dos materiais mais promissores da nossa \u00e9poca. N\u00f3s a vemos como uma plataforma que possibilita novos valores, novos desempenhos e novas possibilidades em todos os setores. <\/p>\n          <\/div>\n                                                  <h3 class=\"text__title fade-up\">\n            A nova mercadoria          <\/h3>\n                                                  <div class=\"text__body fade-up\">\n            <p><span style=\"font-weight: 400\">Hoje: um recurso natural subutilizado. Amanh\u00e3: uma mercadoria. Durante anos, a lignina foi tratada como res\u00edduo. Algo a ser descartado ou queimado. Essa vis\u00e3o pertence ao passado. \u00c0 medida que o mundo avan\u00e7a para al\u00e9m dos petroqu\u00edmicos, a lignina surge como um material renov\u00e1vel de grande import\u00e2ncia.<\/span><\/p>\n<p>&nbsp;<\/p>\n<p><span style=\"font-weight: 400\">Na Tanovis, tratamos a lignina como um ingrediente estrat\u00e9gico. \u00c9 abundante. \u00c9 vers\u00e1til. E inerentemente funcional, oferecendo uma qu\u00edmica que revela desempenho e sustentabilidade em igual medida. De aglutinantes e revestimentos avan\u00e7ados a bioativos e nutrac\u00eauticos, a lignina est\u00e1 assumindo seu lugar como um pilar da economia de base biol\u00f3gica. A nova commodity em um mundo em constante mudan\u00e7a.<\/span><\/p>\n          <\/div>\n                                          <div class=\"text__table fade-up\">\n                          <div class=\"text__table-column\">\n                                                  <p class=\"text__table-header body-md\">SINAIS DE QUE A LIGNINA EST\u00c1 GANHANDO DESTAQUE<\/p>\n                                                  <ul class=\"text__table-list\">\n                                                                                        <li class=\"text__table-item\">\u2022 Aumento da produ\u00e7\u00e3o<\/li>\n                                                                                                              <li class=\"text__table-item\">\u2022 Um n\u00famero crescente de patentes relacionadas \u00e0 lignina<\/li>\n                                                                                                              <li class=\"text__table-item\">\u2022 Forte aumento nas publica\u00e7\u00f5es nos \u00faltimos anos<\/li>\n                                                                                                              <li class=\"text__table-item\">\u2022 Aplica\u00e7\u00f5es em todos os principais setores industriais<\/li>\n                                                            <\/ul>\n                              <\/div>\n                      <\/div>\n                    \n<\/section>\n\n\n<section class=\"text container wysiwyg\" id=\"value\" >\n                                      <h3 class=\"text__title fade-up\">\n            Cria\u00e7\u00e3o de valor          <\/h3>\n                                                  <div class=\"text__body fade-up\">\n            <p><span style=\"font-weight: 400\">O verdadeiro valor vem da transforma\u00e7\u00e3o. N\u00f3s o criamos projetando com prop\u00f3sito, come\u00e7ando pelo uso final e trabalhando de tr\u00e1s para frente. Por meio de nosso grupo em expans\u00e3o, transformamos o potencial cient\u00edfico em resultados tang\u00edveis. Cada empreendimento amplia a plataforma Tanovis para um novo campo, aplicando nossa tecnologia central de maneiras que melhoram a sa\u00fade animal, aprimoram o desempenho dos materiais e aumentam o bem-estar humano.<\/span><\/p>\n<p>&nbsp;<\/p>\n<p><span style=\"font-weight: 400\">\u00c9 assim que nossa plataforma cresce. Possu\u00edmos o know-how, a propriedade intelectual e o processo. Por meio de P&amp;D e cria\u00e7\u00e3o de empreendimentos, expandimos o alcance da lignina. E n\u00e3o como um \u00fanico produto, mas como uma fam\u00edlia de inova\u00e7\u00f5es com impacto em todos os setores. Nosso modelo integrado nos mant\u00e9m pr\u00f3ximos aos mercados, garantindo consist\u00eancia desde a mat\u00e9ria-prima at\u00e9 a aplica\u00e7\u00e3o final. E o resultado \u00e9 mensur\u00e1vel: solu\u00e7\u00f5es que oferecem desempenho, retorno comercial e sustentabilidade.<\/span><\/p>\n          <\/div>\n                                          <div class=\"text__table fade-up\">\n                          <div class=\"text__table-column\">\n                                                  <p class=\"text__table-header body-md\">NOSSA BASE COMUM: MAT\u00c9RIAS-PRIMAS RENOV\u00c1VEIS<\/p>\n                                              <\/div>\n                      <\/div>\n                                                  <div class=\"text__image fade-up\">\n            <img loading=\"lazy\" decoding=\"async\" width=\"1920\" height=\"580\" src=\"https:\/\/tanovis.com\/wp-content\/uploads\/2025\/12\/Our-base-model-beige.jpg\" class=\"text__image-img\" alt=\"\" srcset=\"https:\/\/tanovis.com\/wp-content\/uploads\/2025\/12\/Our-base-model-beige.jpg 1920w, https:\/\/tanovis.com\/wp-content\/uploads\/2025\/12\/Our-base-model-beige-300x91.jpg 300w, https:\/\/tanovis.com\/wp-content\/uploads\/2025\/12\/Our-base-model-beige-1024x309.jpg 1024w, https:\/\/tanovis.com\/wp-content\/uploads\/2025\/12\/Our-base-model-beige-768x232.jpg 768w, https:\/\/tanovis.com\/wp-content\/uploads\/2025\/12\/Our-base-model-beige-1536x464.jpg 1536w\" sizes=\"auto, (max-width: 1920px) 100vw, 1920px\" \/>          <\/div>\n                    \n<\/section>\n\n\n<section class=\"text container wysiwyg\" id=\"technology\" >\n                                      <h3 class=\"text__title fade-up\">\n            Nossa tecnologia          <\/h3>\n                                                  <div class=\"text__body fade-up\">\n            <p class=\"p1\">No centro da Tanovis est\u00e1 uma plataforma tecnol\u00f3gica vers\u00e1til, constru\u00edda com base em d\u00e9cadas de experi\u00eancia em lignina. Processamos diversas mat\u00e9rias-primas de biomassa utilizando rotas de polpa\u00e7\u00e3o estabelecidas, incluindo soda e kraft, e aplicamos tecnologias propriet\u00e1rias de separa\u00e7\u00e3o e purifica\u00e7\u00e3o a jusante para isolar seletivamente lignina sem enxofre de qualidade e consist\u00eancia excepcionais. Atrav\u00e9s de modifica\u00e7\u00f5es qu\u00edmicas e f\u00edsicas direcionadas, adaptamos as propriedades da lignina para atender aos requisitos espec\u00edficos de aplica\u00e7\u00f5es industriais e biol\u00f3gicas.<\/p>\n<p>&nbsp;<\/p>\n<p><span style=\"font-weight: 400\">Esse n\u00edvel de controle \u00e9 o que transforma a lignina em um verdadeiro ingrediente de plataforma. Adapt\u00e1vel. De alto desempenho. E pronto para aplica\u00e7\u00e3o em larga escala. Combinando profundo conhecimento do processo e uma abordagem colaborativa \u00e0 inova\u00e7\u00e3o, transformamos a qu\u00edmica em capacidade. E a capacidade em impacto. <\/span><\/p>\n          <\/div>\n                    \n<\/section>\n\n\n<section class=\"text container wysiwyg\" >\n  \n<\/section>","protected":false},"excerpt":{"rendered":"","protected":false},"author":1,"featured_media":624,"parent":0,"menu_order":0,"comment_status":"closed","ping_status":"closed","template":"","meta":{"_acf_changed":false,"content-type":"","footnotes":""},"class_list":["post-147","page","type-page","status-publish","has-post-thumbnail","hentry"],"acf":[],"yoast_head":"<!-- This site is optimized with the Yoast SEO plugin v26.6 - https:\/\/yoast.com\/wordpress\/plugins\/seo\/ -->\n<title>Lignin as a platform - Tanovis<\/title>\n<meta name=\"description\" content=\"Discover how lignin becomes a platform for sustainable innovation. Tanovis turns lignin into real-world solutions across materials, animal health and human nutrition.\" \/>\n<meta name=\"robots\" content=\"index, follow, max-snippet:-1, max-image-preview:large, max-video-preview:-1\" \/>\n<link rel=\"canonical\" href=\"https:\/\/tanovis.com\/pt\/lignin-as-a-platform\/\" \/>\n<meta property=\"og:locale\" content=\"pt_BR\" \/>\n<meta property=\"og:type\" content=\"article\" \/>\n<meta property=\"og:title\" content=\"Lignin as a platform - Tanovis\" \/>\n<meta property=\"og:description\" content=\"Discover how lignin becomes a platform for sustainable innovation. Tanovis turns lignin into real-world solutions across materials, animal health and human nutrition.\" \/>\n<meta property=\"og:url\" content=\"https:\/\/tanovis.com\/pt\/lignin-as-a-platform\/\" \/>\n<meta property=\"og:site_name\" content=\"Tanovis\" \/>\n<meta property=\"article:modified_time\" content=\"2025-12-17T16:43:09+00:00\" \/>\n<meta property=\"og:image\" content=\"https:\/\/tanovis.com\/wp-content\/uploads\/2025\/12\/Meta-10.jpg\" \/>\n\t<meta property=\"og:image:width\" content=\"1024\" \/>\n\t<meta property=\"og:image:height\" content=\"768\" \/>\n\t<meta property=\"og:image:type\" content=\"image\/jpeg\" \/>\n<meta name=\"twitter:card\" content=\"summary_large_image\" \/>\n<meta name=\"twitter:label1\" content=\"Est. tempo de leitura\" \/>\n\t<meta name=\"twitter:data1\" content=\"3 minutos\" \/>\n<script type=\"application\/ld+json\" class=\"yoast-schema-graph\">{\"@context\":\"https:\/\/schema.org\",\"@graph\":[{\"@type\":\"WebPage\",\"@id\":\"https:\/\/tanovis.com\/lignin-as-a-platform\/\",\"url\":\"https:\/\/tanovis.com\/lignin-as-a-platform\/\",\"name\":\"Lignin as a platform - Tanovis\",\"isPartOf\":{\"@id\":\"https:\/\/tanovis.com\/#website\"},\"primaryImageOfPage\":{\"@id\":\"https:\/\/tanovis.com\/lignin-as-a-platform\/#primaryimage\"},\"image\":{\"@id\":\"https:\/\/tanovis.com\/lignin-as-a-platform\/#primaryimage\"},\"thumbnailUrl\":\"https:\/\/tanovis.com\/wp-content\/uploads\/2025\/12\/Meta-10.jpg\",\"datePublished\":\"2025-11-19T11:46:22+00:00\",\"dateModified\":\"2025-12-17T16:43:09+00:00\",\"description\":\"Discover how lignin becomes a platform for sustainable innovation. Tanovis turns lignin into real-world solutions across materials, animal health and human nutrition.\",\"breadcrumb\":{\"@id\":\"https:\/\/tanovis.com\/lignin-as-a-platform\/#breadcrumb\"},\"inLanguage\":\"pt-BR\",\"potentialAction\":[{\"@type\":\"ReadAction\",\"target\":[\"https:\/\/tanovis.com\/lignin-as-a-platform\/\"]}]},{\"@type\":\"ImageObject\",\"inLanguage\":\"pt-BR\",\"@id\":\"https:\/\/tanovis.com\/lignin-as-a-platform\/#primaryimage\",\"url\":\"https:\/\/tanovis.com\/wp-content\/uploads\/2025\/12\/Meta-10.jpg\",\"contentUrl\":\"https:\/\/tanovis.com\/wp-content\/uploads\/2025\/12\/Meta-10.jpg\",\"width\":1024,\"height\":768},{\"@type\":\"BreadcrumbList\",\"@id\":\"https:\/\/tanovis.com\/lignin-as-a-platform\/#breadcrumb\",\"itemListElement\":[{\"@type\":\"ListItem\",\"position\":1,\"name\":\"Home\",\"item\":\"https:\/\/tanovis.com\/\"},{\"@type\":\"ListItem\",\"position\":2,\"name\":\"Lignin as a platform\"}]},{\"@type\":\"WebSite\",\"@id\":\"https:\/\/tanovis.com\/#website\",\"url\":\"https:\/\/tanovis.com\/\",\"name\":\"Tanovis\",\"description\":\"Building lignin ventures\",\"potentialAction\":[{\"@type\":\"SearchAction\",\"target\":{\"@type\":\"EntryPoint\",\"urlTemplate\":\"https:\/\/tanovis.com\/?s={search_term_string}\"},\"query-input\":{\"@type\":\"PropertyValueSpecification\",\"valueRequired\":true,\"valueName\":\"search_term_string\"}}],\"inLanguage\":\"pt-BR\"}]}<\/script>\n<!-- \/ Yoast SEO plugin. -->","yoast_head_json":{"title":"Lignin as a platform - Tanovis","description":"Discover how lignin becomes a platform for sustainable innovation. Tanovis turns lignin into real-world solutions across materials, animal health and human nutrition.","robots":{"index":"index","follow":"follow","max-snippet":"max-snippet:-1","max-image-preview":"max-image-preview:large","max-video-preview":"max-video-preview:-1"},"canonical":"https:\/\/tanovis.com\/pt\/lignin-as-a-platform\/","og_locale":"pt_BR","og_type":"article","og_title":"Lignin as a platform - Tanovis","og_description":"Discover how lignin becomes a platform for sustainable innovation. Tanovis turns lignin into real-world solutions across materials, animal health and human nutrition.","og_url":"https:\/\/tanovis.com\/pt\/lignin-as-a-platform\/","og_site_name":"Tanovis","article_modified_time":"2025-12-17T16:43:09+00:00","og_image":[{"width":1024,"height":768,"url":"https:\/\/tanovis.com\/wp-content\/uploads\/2025\/12\/Meta-10.jpg","type":"image\/jpeg"}],"twitter_card":"summary_large_image","twitter_misc":{"Est. tempo de leitura":"3 minutos"},"schema":{"@context":"https:\/\/schema.org","@graph":[{"@type":"WebPage","@id":"https:\/\/tanovis.com\/lignin-as-a-platform\/","url":"https:\/\/tanovis.com\/lignin-as-a-platform\/","name":"Lignin as a platform - Tanovis","isPartOf":{"@id":"https:\/\/tanovis.com\/#website"},"primaryImageOfPage":{"@id":"https:\/\/tanovis.com\/lignin-as-a-platform\/#primaryimage"},"image":{"@id":"https:\/\/tanovis.com\/lignin-as-a-platform\/#primaryimage"},"thumbnailUrl":"https:\/\/tanovis.com\/wp-content\/uploads\/2025\/12\/Meta-10.jpg","datePublished":"2025-11-19T11:46:22+00:00","dateModified":"2025-12-17T16:43:09+00:00","description":"Discover how lignin becomes a platform for sustainable innovation. Tanovis turns lignin into real-world solutions across materials, animal health and human nutrition.","breadcrumb":{"@id":"https:\/\/tanovis.com\/lignin-as-a-platform\/#breadcrumb"},"inLanguage":"pt-BR","potentialAction":[{"@type":"ReadAction","target":["https:\/\/tanovis.com\/lignin-as-a-platform\/"]}]},{"@type":"ImageObject","inLanguage":"pt-BR","@id":"https:\/\/tanovis.com\/lignin-as-a-platform\/#primaryimage","url":"https:\/\/tanovis.com\/wp-content\/uploads\/2025\/12\/Meta-10.jpg","contentUrl":"https:\/\/tanovis.com\/wp-content\/uploads\/2025\/12\/Meta-10.jpg","width":1024,"height":768},{"@type":"BreadcrumbList","@id":"https:\/\/tanovis.com\/lignin-as-a-platform\/#breadcrumb","itemListElement":[{"@type":"ListItem","position":1,"name":"Home","item":"https:\/\/tanovis.com\/"},{"@type":"ListItem","position":2,"name":"Lignin as a platform"}]},{"@type":"WebSite","@id":"https:\/\/tanovis.com\/#website","url":"https:\/\/tanovis.com\/","name":"Tanovis","description":"Cria\u00e7\u00e3o de empreendimentos de lignina","potentialAction":[{"@type":"SearchAction","target":{"@type":"EntryPoint","urlTemplate":"https:\/\/tanovis.com\/?s={search_term_string}"},"query-input":{"@type":"PropertyValueSpecification","valueRequired":true,"valueName":"search_term_string"}}],"inLanguage":"pt-BR"}]}},"_links":{"self":[{"href":"https:\/\/tanovis.com\/pt\/wp-json\/wp\/v2\/pages\/147","targetHints":{"allow":["GET"]}}],"collection":[{"href":"https:\/\/tanovis.com\/pt\/wp-json\/wp\/v2\/pages"}],"about":[{"href":"https:\/\/tanovis.com\/pt\/wp-json\/wp\/v2\/types\/page"}],"author":[{"embeddable":true,"href":"https:\/\/tanovis.com\/pt\/wp-json\/wp\/v2\/users\/1"}],"replies":[{"embeddable":true,"href":"https:\/\/tanovis.com\/pt\/wp-json\/wp\/v2\/comments?post=147"}],"version-history":[{"count":103,"href":"https:\/\/tanovis.com\/pt\/wp-json\/wp\/v2\/pages\/147\/revisions"}],"predecessor-version":[{"id":942,"href":"https:\/\/tanovis.com\/pt\/wp-json\/wp\/v2\/pages\/147\/revisions\/942"}],"wp:featuredmedia":[{"embeddable":true,"href":"https:\/\/tanovis.com\/pt\/wp-json\/wp\/v2\/media\/624"}],"wp:attachment":[{"href":"https:\/\/tanovis.com\/pt\/wp-json\/wp\/v2\/media?parent=147"}],"curies":[{"name":"wp","href":"https:\/\/api.w.org\/{rel}","templated":true}]}}