{"id":123,"date":"2025-11-19T09:23:20","date_gmt":"2025-11-19T09:23:20","guid":{"rendered":"https:\/\/tanovis.linawang.se\/?page_id=123"},"modified":"2025-12-16T20:27:16","modified_gmt":"2025-12-16T20:27:16","slug":"responsibility","status":"publish","type":"page","link":"https:\/\/tanovis.com\/tr\/responsibility\/","title":{"rendered":"Sorumluluk"},"content":{"rendered":"<section\n  class=\"tanovis_sub_hero  sub_hero--bg-default tanovis\"\n  >\n  <div class=\"hero__media\">\n              <img decoding=\"async\" class=\"hero__bg\" src=\"https:\/\/tanovis.com\/wp-content\/uploads\/2025\/11\/Tanovis-street-16-9_A.jpg\" alt=\"\" \/>\n    \n    <div class=\"hero__symbol-container tanovis\">\n      <div class=\"hero__symbol\">\n                  <img decoding=\"async\" class=\"hero__symbol\" src=\"https:\/\/tanovis.com\/wp-content\/uploads\/2025\/11\/Tanovis-sea-above-9-16.jpg\"\n            alt=\"\" \/>\n              <\/div>\n    <\/div>\n  <\/div>\n\n  <div class=\"hero__content container\">\n          <h1 class=\"hero__title title-lg\">Petrokimya sonras\u0131 d\u00fcnya i\u00e7in giri\u015fimler olu\u015fturmak.<\/h1>\n      <\/div>\n<\/section>\n\n\n<section class=\"text container wysiwyg\" >\n                                      <div class=\"text__preamble  fade-up\">\n            <p class=\"preamble\">Bizim i\u00e7in sorumluluk bir h\u0131rs de\u011fildir. Bu, nas\u0131l in\u015fa etti\u011fimizin mimarisidir. Bir giri\u015fim kurucusu olarak, sekt\u00f6rlerin kaynak sa\u011flama, \u00fcretim ve performans bi\u00e7imlerini de\u011fi\u015ftiren giri\u015fimler arac\u0131l\u0131\u011f\u0131yla sorumlulu\u011fu \u00f6l\u00e7eklenebilir hale getiriyoruz<\/p>\n          <\/div>\n                    \n<\/section>\n\n\n<section id=\"tab-image-text-69e2ff1f20b33\"\n  class=\"tab-image-text container  bg-default\" >\n  <div class=\"tab-image-text__title\">\n    <h2 class=\"tab-image-text__title-text title-lg animate-words\">BM hedeflerine ba\u011fl\u0131l\u0131k<\/h2>\n  <\/div>\n\n  <div class=\"tab-image-text__buttons fade\">\n                  <button class=\"tab-image-text__button\">\n          BM SKA no 3        <\/button>\n              <button class=\"tab-image-text__button\">\n          BM SKA no 9        <\/button>\n              <button class=\"tab-image-text__button\">\n          BM SKA no 12        <\/button>\n              <button class=\"tab-image-text__button\">\n          BM SKA no 15        <\/button>\n              <button class=\"tab-image-text__button\">\n                  <\/button>\n              <button class=\"tab-image-text__button\">\n                  <\/button>\n              <button class=\"tab-image-text__button\">\n                  <\/button>\n            <\/div>\n\n  <div class=\"tab-image-text__tabs fade-up-delay-200\">\n                  <div class=\"tab-image-text__tab\">\n\n          <div class=\"tab-image-text__tab-content\">\n            <h3 class=\"tab-image-text__tab-title title-md\">Sa\u011fl\u0131k ve esenlik - Siranius<\/h3>\n            <div class=\"tab-image-text__content\"><p><span style=\"font-weight: 400;\">Siranius, ba\u011f\u0131rsak sa\u011fl\u0131\u011f\u0131yla ilgili \u00f6nemli sa\u011fl\u0131k sorunlar\u0131n\u0131 ele al\u0131rken, insan refah\u0131 i\u00e7in biyoaktif beslenmeyi geli\u015ftirerek yeni bir insan sa\u011fl\u0131\u011f\u0131 \u00e7\u00f6z\u00fcmleri kategorisine \u00f6nc\u00fcl\u00fck ediyor.<\/span><\/p>\n<\/div>\n          <\/div>\n\n          <div class=\"tab-image-text__tab-image cutout aspect-ratio-4-3 cutout-top-left\">\n            <img decoding=\"async\" src=\"https:\/\/tanovis.com\/wp-content\/uploads\/2025\/12\/UN-3-goals.jpg\" alt=\"\" \/>\n          <\/div>\n\n        <\/div>\n              <div class=\"tab-image-text__tab is-active\">\n\n          <div class=\"tab-image-text__tab-content\">\n            <h3 class=\"tab-image-text__tab-title title-md\"> Sekt\u00f6rel inovasyon ve altyap\u0131 - PLT Innovations<\/h3>\n            <div class=\"tab-image-text__content\"><p><span style=\"font-weight: 400;\">PLT Innovations, zararl\u0131 petrol bazl\u0131 bile\u015fenleri do\u011fal ve ileri d\u00f6n\u00fc\u015f\u00fcml\u00fc \u00e7\u00f6z\u00fcmlerle de\u011fi\u015ftiren y\u00fcksek performansl\u0131 end\u00fcstriyel malzemeler geli\u015ftirmektedir.<\/span><\/p>\n<\/div>\n          <\/div>\n\n          <div class=\"tab-image-text__tab-image cutout aspect-ratio-4-3 cutout-top-left\">\n            <img decoding=\"async\" src=\"https:\/\/tanovis.com\/wp-content\/uploads\/2025\/12\/UN-9-goals.jpg\" alt=\"\" \/>\n          <\/div>\n\n        <\/div>\n              <div class=\"tab-image-text__tab\">\n\n          <div class=\"tab-image-text__tab-content\">\n            <h3 class=\"tab-image-text__tab-title title-md\"> Sorumlu t\u00fcketim ve \u00fcretim - Siranius, PLT Innovations &amp; Phytaxis<\/h3>\n            <div class=\"tab-image-text__content\"><p>Etkimiz, \u00e7\u0131kar\u0131lan tonlarca lignin ile \u00f6l\u00e7\u00fclmemektedir. <span style=\"font-weight: 400;\">Bu, in\u015fa etti\u011fimiz giri\u015fimlerde ve yaratt\u0131klar\u0131 de\u011fi\u015fimde yat\u0131yor. Grubumuzdaki her bir giri\u015fim, lignin kimyas\u0131n\u0131n farkl\u0131 bir y\u00f6n\u00fcn\u00fc somut ilerlemeye d\u00f6n\u00fc\u015ft\u00fcr\u00fcyor. <\/span><span style=\"font-weight: 400;\">Hepsi de tek bir platformun sekt\u00f6rler aras\u0131nda nas\u0131l etki yaratabilece\u011fini, bertaraf i\u00e7in \u00e7\u0131karman\u0131n yerini yenileme i\u00e7in inovasyonun nas\u0131l alabilece\u011fini g\u00f6steriyor.\u00a0<\/span><\/p>\n<\/div>\n          <\/div>\n\n          <div class=\"tab-image-text__tab-image cutout aspect-ratio-4-3 cutout-top-left\">\n            <img decoding=\"async\" src=\"https:\/\/tanovis.com\/wp-content\/uploads\/2025\/12\/UN-12-goals.jpg\" alt=\"\" \/>\n          <\/div>\n\n        <\/div>\n              <div class=\"tab-image-text__tab\">\n\n          <div class=\"tab-image-text__tab-content\">\n            <h3 class=\"tab-image-text__tab-title title-md\">Karada ya\u015fam - Phytaxis<\/h3>\n            <div class=\"tab-image-text__content\"><p><span style=\"font-weight: 400;\">Phytaxis hayvan sa\u011fl\u0131\u011f\u0131 ve bunun getirdi\u011fi de\u011fer \u00fczerine yeniden d\u00fc\u015f\u00fcn\u00fcyor. Geri d\u00f6n\u00fc\u015ft\u00fcr\u00fclm\u00fc\u015f yem i\u00e7erikleri, yemdeki antibiyotikleri azaltarak hayvan sa\u011fl\u0131\u011f\u0131n\u0131 hem daha uygun maliyetli hem de daha s\u00fcrd\u00fcr\u00fclebilir hale getiriyor.<\/span><\/p>\n<\/div>\n          <\/div>\n\n          <div class=\"tab-image-text__tab-image cutout aspect-ratio-4-3 cutout-top-left\">\n            <img decoding=\"async\" src=\"https:\/\/tanovis.com\/wp-content\/uploads\/2025\/12\/UN-15-goals.jpg\" alt=\"\" \/>\n          <\/div>\n\n        <\/div>\n              <div class=\"tab-image-text__tab\">\n\n          <div class=\"tab-image-text__tab-content\">\n            <h3 class=\"tab-image-text__tab-title title-md\"><\/h3>\n            <div class=\"tab-image-text__content\"><\/div>\n          <\/div>\n\n          <div class=\"tab-image-text__tab-image cutout aspect-ratio-4-3 cutout-top-left\">\n            <img decoding=\"async\" src=\"https:\/\/tanovis.com\/wp-content\/uploads\/2025\/12\/UN-9-goals.jpg\" alt=\"\" \/>\n          <\/div>\n\n        <\/div>\n              <div class=\"tab-image-text__tab\">\n\n          <div class=\"tab-image-text__tab-content\">\n            <h3 class=\"tab-image-text__tab-title title-md\"><\/h3>\n            <div class=\"tab-image-text__content\"><\/div>\n          <\/div>\n\n          <div class=\"tab-image-text__tab-image cutout aspect-ratio-4-3 cutout-top-left\">\n            <img decoding=\"async\" src=\"https:\/\/tanovis.com\/wp-content\/uploads\/2025\/12\/UN-12-goals.jpg\" alt=\"\" \/>\n          <\/div>\n\n        <\/div>\n              <div class=\"tab-image-text__tab\">\n\n          <div class=\"tab-image-text__tab-content\">\n            <h3 class=\"tab-image-text__tab-title title-md\"><\/h3>\n            <div class=\"tab-image-text__content\"><\/div>\n          <\/div>\n\n          <div class=\"tab-image-text__tab-image cutout aspect-ratio-4-3 cutout-top-left\">\n            <img decoding=\"async\" src=\"https:\/\/tanovis.com\/wp-content\/uploads\/2025\/12\/UN-15-goals.jpg\" alt=\"\" \/>\n          <\/div>\n\n        <\/div>\n            <\/div>\n<\/section>\n\n\n<section class=\"text container wysiwyg\" id=\"Production\" >\n                                      <h3 class=\"text__title fade-up\">\n            Ortak teknoloji ve \u00fcretim.          <\/h3>\n                                                  <div class=\"text__body fade-up\">\n            <p><span style=\"font-weight: 400\">T\u00fcm Tanovis giri\u015fimleri tek bir temeli payla\u015f\u0131r: geli\u015fmi\u015f lignin kimyas\u0131 ve hassas i\u015fleme \u00fczerine kurulu bir \u00fcretim platformu. Ekstraksiyon ve safla\u015ft\u0131rmadan performans ayarlamas\u0131na kadar, in\u015fa etti\u011fimiz her yeni giri\u015fimin temelinde ayn\u0131 \u00e7ekirdek teknoloji yatmaktad\u0131r. Bu da uygulamalar aras\u0131nda tutarl\u0131l\u0131k, kalite ve \u00f6l\u00e7\u00fclebilir bir s\u00fcrd\u00fcr\u00fclebilirlik avantaj\u0131 sa\u011fl\u0131yor.<\/span><\/p>\n<p>&nbsp;<\/p>\n<p><span style=\"font-weight: 400\">K\u00fck\u00fcrts\u00fcz s\u00fcre\u00e7ler ve y\u00fcksek reaktiviteli ligninler sayesinde geleneksel girdileri yenilenebilir girdilerle de\u011fi\u015ftirerek \u00f6d\u00fcn vermeden daha temiz, daha verimli \u00fcretim sa\u011fl\u0131yoruz. Bu ortak platform, her bir giri\u015fimin sorumlu bir \u015fekilde \u00f6l\u00e7eklenmesine olanak tan\u0131yarak tek bir inovasyon kayna\u011f\u0131n\u0131 d\u00f6ng\u00fcsel \u00fcretime giden \u00e7oklu yollara d\u00f6n\u00fc\u015ft\u00fcr\u00fcyor.<\/span><\/p>\n<p>&nbsp;<\/p>\n<p>&nbsp;<\/p>\n          <\/div>\n                                          <div class=\"text__table fade-up\">\n                          <div class=\"text__table-column\">\n                                                  <p class=\"text__table-header body-md\">YENILENEBILIR HAMMADDEDEN UYGULAMALARA<\/p>\n                                              <\/div>\n                      <\/div>\n                                                  <div class=\"text__image fade-up\">\n            <img loading=\"lazy\" decoding=\"async\" width=\"1920\" height=\"580\" src=\"https:\/\/tanovis.com\/wp-content\/uploads\/2025\/12\/From-renewable-agro-model-turquise.jpg\" class=\"text__image-img\" alt=\"\" srcset=\"https:\/\/tanovis.com\/wp-content\/uploads\/2025\/12\/From-renewable-agro-model-turquise.jpg 1920w, https:\/\/tanovis.com\/wp-content\/uploads\/2025\/12\/From-renewable-agro-model-turquise-300x91.jpg 300w, https:\/\/tanovis.com\/wp-content\/uploads\/2025\/12\/From-renewable-agro-model-turquise-1024x309.jpg 1024w, https:\/\/tanovis.com\/wp-content\/uploads\/2025\/12\/From-renewable-agro-model-turquise-768x232.jpg 768w, https:\/\/tanovis.com\/wp-content\/uploads\/2025\/12\/From-renewable-agro-model-turquise-1536x464.jpg 1536w\" sizes=\"auto, (max-width: 1920px) 100vw, 1920px\" \/>          <\/div>\n                    \n<\/section>\n\n\n<section class=\"text container wysiwyg\" id=\"Upcycling\" >\n                                      <h3 class=\"text__title fade-up\">\n            \u0130leri d\u00f6n\u00fc\u015f\u00fcm ve yeni de\u011fer yaratma.          <\/h3>\n                                                  <div class=\"text__body fade-up\">\n            <p><span style=\"font-weight: 400\">Ligninin yeni bile\u015fenlere d\u00f6n\u00fc\u015ft\u00fcr\u00fclmesi t\u00fcm de\u011fer zincirlerini g\u00fc\u00e7lendirir. Ormanc\u0131l\u0131k, tar\u0131m ve ka\u011f\u0131t hamurundan elde edilen yan \u00fcr\u00fcnleri inovasyon kaynaklar\u0131na d\u00f6n\u00fc\u015ft\u00fcrerek i\u015flenmemi\u015f hammaddelere ve fosil bazl\u0131 ara \u00fcr\u00fcnlere olan ba\u011f\u0131ml\u0131l\u0131\u011f\u0131 azalt\u0131r. Dikey olarak entegre modelimiz, ekstraksiyondan uygulamaya kadar izlenebilirlik ve tutarl\u0131l\u0131k sa\u011flayarak ortaklar\u0131n s\u00fcrd\u00fcr\u00fclebilirlik hedeflerine ula\u015fmas\u0131n\u0131 sa\u011flarken tedarik zinciri boyunca esnekli\u011fi ve \u015feffafl\u0131\u011f\u0131 art\u0131r\u0131r.<\/span><\/p>\n          <\/div>\n                    \n<\/section>\n\n\n<section class=\"text container wysiwyg\" id=\"End-usage\" >\n                                      <h3 class=\"text__title fade-up\">\n            \u0130lerlemeyi s\u00fcrd\u00fcren performans.          <\/h3>\n                                                  <div class=\"text__body fade-up\">\n            <p>Sorumluluk \u00fcretimle bitmez. \u00dcr\u00fcnlerin kullan\u0131mda nas\u0131l performans g\u00f6sterdi\u011fine ve insanlar\u0131, hayvanlar\u0131 ve t\u00fcm ekosistemleri nas\u0131l etkiledi\u011fine kadar uzan\u0131r. Ligninin do\u011fal antioksidan ve antimikrobiyal \u00f6zellikleri onu daha g\u00fcvenli, daha uzun \u00f6m\u00fcrl\u00fc ve daha verimli \u00fcr\u00fcnlerin g\u00fc\u00e7l\u00fc bir sa\u011flay\u0131c\u0131s\u0131 haline getirmektedir. \u0130ster hayvan refah\u0131n\u0131 iyile\u015ftirmek, ister insan sa\u011fl\u0131\u011f\u0131n\u0131 geli\u015ftirmek, ister biyo-bazl\u0131 malzemelerin \u00f6mr\u00fcn\u00fc uzatmak olsun, sonu\u00e7 ayn\u0131d\u0131r: ilerlemeyi s\u00fcrd\u00fcren performans.<\/p>\n          <\/div>\n                    \n<\/section>\n\n\n<section class=\"text container wysiwyg\" >\n  \n<\/section>","protected":false},"excerpt":{"rendered":"","protected":false},"author":1,"featured_media":616,"parent":0,"menu_order":0,"comment_status":"closed","ping_status":"closed","template":"","meta":{"_acf_changed":false,"content-type":"","footnotes":""},"class_list":["post-123","page","type-page","status-publish","has-post-thumbnail","hentry"],"acf":[],"yoast_head":"<!-- This site is optimized with the Yoast SEO plugin v26.6 - https:\/\/yoast.com\/wordpress\/plugins\/seo\/ -->\n<title>Responsibility - Tanovis<\/title>\n<meta name=\"description\" content=\"Discover Tanovis\u2019 approach to responsibility and impact in the bioeconomy \u2014 from sustainability commitments to real-world actions shaping people and planet.\" \/>\n<meta name=\"robots\" content=\"index, follow, max-snippet:-1, max-image-preview:large, max-video-preview:-1\" \/>\n<link rel=\"canonical\" href=\"https:\/\/tanovis.com\/tr\/responsibility\/\" \/>\n<meta property=\"og:locale\" content=\"tr_TR\" \/>\n<meta property=\"og:type\" content=\"article\" \/>\n<meta property=\"og:title\" content=\"Responsibility - Tanovis\" \/>\n<meta property=\"og:description\" content=\"Discover Tanovis\u2019 approach to responsibility and impact in the bioeconomy \u2014 from sustainability commitments to real-world actions shaping people and planet.\" \/>\n<meta property=\"og:url\" content=\"https:\/\/tanovis.com\/tr\/responsibility\/\" \/>\n<meta property=\"og:site_name\" content=\"Tanovis\" \/>\n<meta property=\"article:modified_time\" content=\"2025-12-16T20:27:16+00:00\" \/>\n<meta property=\"og:image\" content=\"https:\/\/tanovis.com\/wp-content\/uploads\/2025\/12\/Meta-2.jpg\" \/>\n\t<meta property=\"og:image:width\" content=\"1024\" \/>\n\t<meta property=\"og:image:height\" content=\"768\" \/>\n\t<meta property=\"og:image:type\" content=\"image\/jpeg\" \/>\n<meta name=\"twitter:card\" content=\"summary_large_image\" \/>\n<meta name=\"twitter:label1\" content=\"Tahmini okuma s\u00fcresi\" \/>\n\t<meta name=\"twitter:data1\" content=\"4 dakika\" \/>\n<script type=\"application\/ld+json\" class=\"yoast-schema-graph\">{\"@context\":\"https:\/\/schema.org\",\"@graph\":[{\"@type\":\"WebPage\",\"@id\":\"https:\/\/tanovis.com\/responsibility\/\",\"url\":\"https:\/\/tanovis.com\/responsibility\/\",\"name\":\"Responsibility - Tanovis\",\"isPartOf\":{\"@id\":\"https:\/\/tanovis.com\/#website\"},\"primaryImageOfPage\":{\"@id\":\"https:\/\/tanovis.com\/responsibility\/#primaryimage\"},\"image\":{\"@id\":\"https:\/\/tanovis.com\/responsibility\/#primaryimage\"},\"thumbnailUrl\":\"https:\/\/tanovis.com\/wp-content\/uploads\/2025\/12\/Meta-2.jpg\",\"datePublished\":\"2025-11-19T09:23:20+00:00\",\"dateModified\":\"2025-12-16T20:27:16+00:00\",\"description\":\"Discover Tanovis\u2019 approach to responsibility and impact in the bioeconomy \u2014 from sustainability commitments to real-world actions shaping people and planet.\",\"breadcrumb\":{\"@id\":\"https:\/\/tanovis.com\/responsibility\/#breadcrumb\"},\"inLanguage\":\"tr\",\"potentialAction\":[{\"@type\":\"ReadAction\",\"target\":[\"https:\/\/tanovis.com\/responsibility\/\"]}]},{\"@type\":\"ImageObject\",\"inLanguage\":\"tr\",\"@id\":\"https:\/\/tanovis.com\/responsibility\/#primaryimage\",\"url\":\"https:\/\/tanovis.com\/wp-content\/uploads\/2025\/12\/Meta-2.jpg\",\"contentUrl\":\"https:\/\/tanovis.com\/wp-content\/uploads\/2025\/12\/Meta-2.jpg\",\"width\":1024,\"height\":768,\"caption\":\"Responsibility\"},{\"@type\":\"BreadcrumbList\",\"@id\":\"https:\/\/tanovis.com\/responsibility\/#breadcrumb\",\"itemListElement\":[{\"@type\":\"ListItem\",\"position\":1,\"name\":\"Home\",\"item\":\"https:\/\/tanovis.com\/\"},{\"@type\":\"ListItem\",\"position\":2,\"name\":\"Responsibility\"}]},{\"@type\":\"WebSite\",\"@id\":\"https:\/\/tanovis.com\/#website\",\"url\":\"https:\/\/tanovis.com\/\",\"name\":\"Tanovis\",\"description\":\"Building lignin ventures\",\"potentialAction\":[{\"@type\":\"SearchAction\",\"target\":{\"@type\":\"EntryPoint\",\"urlTemplate\":\"https:\/\/tanovis.com\/?s={search_term_string}\"},\"query-input\":{\"@type\":\"PropertyValueSpecification\",\"valueRequired\":true,\"valueName\":\"search_term_string\"}}],\"inLanguage\":\"tr\"}]}<\/script>\n<!-- \/ Yoast SEO plugin. -->","yoast_head_json":{"title":"Responsibility - Tanovis","description":"Discover Tanovis\u2019 approach to responsibility and impact in the bioeconomy \u2014 from sustainability commitments to real-world actions shaping people and planet.","robots":{"index":"index","follow":"follow","max-snippet":"max-snippet:-1","max-image-preview":"max-image-preview:large","max-video-preview":"max-video-preview:-1"},"canonical":"https:\/\/tanovis.com\/tr\/responsibility\/","og_locale":"tr_TR","og_type":"article","og_title":"Responsibility - Tanovis","og_description":"Discover Tanovis\u2019 approach to responsibility and impact in the bioeconomy \u2014 from sustainability commitments to real-world actions shaping people and planet.","og_url":"https:\/\/tanovis.com\/tr\/responsibility\/","og_site_name":"Tanovis","article_modified_time":"2025-12-16T20:27:16+00:00","og_image":[{"width":1024,"height":768,"url":"https:\/\/tanovis.com\/wp-content\/uploads\/2025\/12\/Meta-2.jpg","type":"image\/jpeg"}],"twitter_card":"summary_large_image","twitter_misc":{"Tahmini okuma s\u00fcresi":"4 dakika"},"schema":{"@context":"https:\/\/schema.org","@graph":[{"@type":"WebPage","@id":"https:\/\/tanovis.com\/responsibility\/","url":"https:\/\/tanovis.com\/responsibility\/","name":"Responsibility - Tanovis","isPartOf":{"@id":"https:\/\/tanovis.com\/#website"},"primaryImageOfPage":{"@id":"https:\/\/tanovis.com\/responsibility\/#primaryimage"},"image":{"@id":"https:\/\/tanovis.com\/responsibility\/#primaryimage"},"thumbnailUrl":"https:\/\/tanovis.com\/wp-content\/uploads\/2025\/12\/Meta-2.jpg","datePublished":"2025-11-19T09:23:20+00:00","dateModified":"2025-12-16T20:27:16+00:00","description":"Discover Tanovis\u2019 approach to responsibility and impact in the bioeconomy \u2014 from sustainability commitments to real-world actions shaping people and planet.","breadcrumb":{"@id":"https:\/\/tanovis.com\/responsibility\/#breadcrumb"},"inLanguage":"tr","potentialAction":[{"@type":"ReadAction","target":["https:\/\/tanovis.com\/responsibility\/"]}]},{"@type":"ImageObject","inLanguage":"tr","@id":"https:\/\/tanovis.com\/responsibility\/#primaryimage","url":"https:\/\/tanovis.com\/wp-content\/uploads\/2025\/12\/Meta-2.jpg","contentUrl":"https:\/\/tanovis.com\/wp-content\/uploads\/2025\/12\/Meta-2.jpg","width":1024,"height":768,"caption":"Responsibility"},{"@type":"BreadcrumbList","@id":"https:\/\/tanovis.com\/responsibility\/#breadcrumb","itemListElement":[{"@type":"ListItem","position":1,"name":"Home","item":"https:\/\/tanovis.com\/"},{"@type":"ListItem","position":2,"name":"Responsibility"}]},{"@type":"WebSite","@id":"https:\/\/tanovis.com\/#website","url":"https:\/\/tanovis.com\/","name":"Tanovis","description":"Lignin giri\u015fimleri olu\u015fturma","potentialAction":[{"@type":"SearchAction","target":{"@type":"EntryPoint","urlTemplate":"https:\/\/tanovis.com\/?s={search_term_string}"},"query-input":{"@type":"PropertyValueSpecification","valueRequired":true,"valueName":"search_term_string"}}],"inLanguage":"tr"}]}},"_links":{"self":[{"href":"https:\/\/tanovis.com\/tr\/wp-json\/wp\/v2\/pages\/123","targetHints":{"allow":["GET"]}}],"collection":[{"href":"https:\/\/tanovis.com\/tr\/wp-json\/wp\/v2\/pages"}],"about":[{"href":"https:\/\/tanovis.com\/tr\/wp-json\/wp\/v2\/types\/page"}],"author":[{"embeddable":true,"href":"https:\/\/tanovis.com\/tr\/wp-json\/wp\/v2\/users\/1"}],"replies":[{"embeddable":true,"href":"https:\/\/tanovis.com\/tr\/wp-json\/wp\/v2\/comments?post=123"}],"version-history":[{"count":54,"href":"https:\/\/tanovis.com\/tr\/wp-json\/wp\/v2\/pages\/123\/revisions"}],"predecessor-version":[{"id":887,"href":"https:\/\/tanovis.com\/tr\/wp-json\/wp\/v2\/pages\/123\/revisions\/887"}],"wp:featuredmedia":[{"embeddable":true,"href":"https:\/\/tanovis.com\/tr\/wp-json\/wp\/v2\/media\/616"}],"wp:attachment":[{"href":"https:\/\/tanovis.com\/tr\/wp-json\/wp\/v2\/media?parent=123"}],"curies":[{"name":"wp","href":"https:\/\/api.w.org\/{rel}","templated":true}]}}