{"id":125,"date":"2025-11-19T09:24:02","date_gmt":"2025-11-19T09:24:02","guid":{"rendered":"https:\/\/tanovis.linawang.se\/?page_id=125"},"modified":"2025-12-16T20:23:30","modified_gmt":"2025-12-16T20:23:30","slug":"our-strategy","status":"publish","type":"page","link":"https:\/\/tanovis.com\/tr\/our-strategy\/","title":{"rendered":"Stratejimiz"},"content":{"rendered":"<section\n  class=\"tanovis_sub_hero  sub_hero--bg-dark tanovis\"\n  >\n  <div class=\"hero__media\">\n              <img decoding=\"async\" class=\"hero__bg\" src=\"https:\/\/tanovis.com\/wp-content\/uploads\/2025\/12\/Tanovis-industry-building-16-9-B.jpg\" alt=\"\" \/>\n    \n    <div class=\"hero__symbol-container tanovis\">\n      <div class=\"hero__symbol\">\n                  <img decoding=\"async\" class=\"hero__symbol\" src=\"https:\/\/tanovis.com\/wp-content\/uploads\/2025\/11\/Tanovis-sea-underwater-1-1.jpg\"\n            alt=\"\" \/>\n              <\/div>\n    <\/div>\n  <\/div>\n\n  <div class=\"hero__content container\">\n          <h1 class=\"hero__title title-lg\">Ticari etki i\u00e7in tasarland\u0131. B\u00fcy\u00fck \u00f6l\u00e7ekte.<\/h1>\n      <\/div>\n<\/section>\n\n\n<section class=\"text container wysiwyg\" id=\"The-platform\" >\n                                      <h2 class=\"text__title fade-up\">\n            Tanovis bir giri\u015fim kurucusu ve platform \u015firketidir. Tek bir temeli payla\u015fan giri\u015fimler geli\u015ftirerek uzun vadeli de\u011fer yarat\u0131yoruz: ortak bir lignin tabanl\u0131 teknoloji platformu.          <\/h2>\n                                                  <h3 class=\"text__title fade-up\">\n            Bir grup giri\u015fim. Tek bir platform.          <\/h3>\n                                                  <div class=\"text__body fade-up\">\n            <p><span style=\"font-weight: 400\">Vizyonumuz lignini yar\u0131n\u0131n emtias\u0131 haline getirmektir. Stratejimiz ise kolektif olarak in\u015fa etmektir. Her Tanovis giri\u015fimi ayn\u0131 bilimsel ve teknolojik temelden, lignin platformumuzdan b\u00fcy\u00fcyor. Bu entegre model, her \u015firketin daha h\u0131zl\u0131 \u00f6l\u00e7eklenmesini, i\u00e7g\u00f6r\u00fclerini payla\u015fmas\u0131n\u0131 ve grubu bir b\u00fct\u00fcn olarak g\u00fc\u00e7lendirmesini sa\u011flar. Ar-Ge, \u00fcretim ve pazar bilgisini birbirine ba\u011flayarak, b\u00fcy\u00fcme i\u00e7in in\u015fa edilmi\u015f bir yap\u0131 olu\u015fturuyoruz. Ve kal\u0131c\u0131 etki i\u00e7in.<\/span><\/p>\n          <\/div>\n                    \n<\/section>\n\n\n<section class=\"stacked-texts container  bg-light\" >\n  <h2 class=\"stacked-texts__title body-md\">STRATEJI\u0307K HEDEFLERI\u0307MI\u0307Z<\/h2>\n  <div class=\"stacked-texts__inner\">\n            <div class=\"stacked-texts__section fade-up\">\n      <h3 class=\"stacked-texts__section-title title-md animate-words\">Vizyonumuz<\/h3>\n      <div class=\"stacked-texts__section-text body-md fade-up-delay-600\"><p><span style=\"font-weight: 400;\">Bir platform olarak lignine dayal\u0131 \u00fcr\u00fcn geli\u015ftirme, ortakl\u0131klar ve spinout giri\u015fimleri yoluyla \u00e7\u0131\u011f\u0131r a\u00e7an ara\u015ft\u0131rmalar\u0131 ticari ba\u015far\u0131ya d\u00f6n\u00fc\u015ft\u00fcrmek.<\/span><\/p>\n<\/div>\n    <\/div>\n        <div class=\"stacked-texts__section fade-up\">\n      <h3 class=\"stacked-texts__section-title title-md animate-words\">Misyonumuz<\/h3>\n      <div class=\"stacked-texts__section-text body-md fade-up-delay-600\"><p><span style=\"font-weight: 400;\">Lignin bazl\u0131 \u00e7\u00f6z\u00fcmlerin standart oldu\u011fu bir d\u00fcnya. Sadece s\u00fcrd\u00fcr\u00fclebilirlik nedenleriyle de\u011fil, ayn\u0131 zamanda sekt\u00f6rlere getirdi\u011fi performans, \u00e7ok y\u00f6nl\u00fcl\u00fck ve de\u011fer i\u00e7in.<\/span><\/p>\n<\/div>\n    <\/div>\n          <\/div>\n<\/section>\n\n\n<section class=\"text container wysiwyg\" id=\"Triple-imapct\" >\n                                      <h3 class=\"text__title fade-up\">\n            \u00dc\u00e7 etki seviyesi.          <\/h3>\n                                                  <div class=\"text__body fade-up\">\n            <p><span style=\"font-weight: 400\">\u00dc\u00e7 d\u00fczeyde de\u011fer yarat\u0131yoruz: finansal, toplumsal ve \u00e7evresel. Finansal olarak, kan\u0131tlanm\u0131\u015f ticari potansiyele sahip \u00f6l\u00e7eklenebilir giri\u015fimler in\u015fa ederek. Toplumsal olarak, daha s\u00fcrd\u00fcr\u00fclebilir end\u00fcstriler ve daha sa\u011fl\u0131kl\u0131 bir ya\u015fam sa\u011flayan inovasyonu geli\u015ftirerek. \u00c7evresel olarak, s\u0131n\u0131rl\u0131 kaynaklar\u0131 yenilenebilir kaynaklarla de\u011fi\u015ftirerek ve az kullan\u0131lan biyok\u00fctleyi yeni y\u00fcksek performansl\u0131 malzemelere d\u00f6n\u00fc\u015ft\u00fcrerek.<\/span><\/p>\n<p>&nbsp;<\/p>\n<p>&nbsp;<\/p>\n          <\/div>\n                                          <div class=\"text__table fade-up\">\n                          <div class=\"text__table-column\">\n                                                  <p class=\"text__table-header body-md\">ETKI\u0307 MODELI\u0307MI\u0307Z<\/p>\n                                              <\/div>\n                      <\/div>\n                                                  <div class=\"text__image fade-up\">\n            <img loading=\"lazy\" decoding=\"async\" width=\"800\" height=\"600\" src=\"https:\/\/tanovis.com\/wp-content\/uploads\/2025\/12\/Our-impact-model-beige-4-3-800px.jpg\" class=\"text__image-img\" alt=\"\" srcset=\"https:\/\/tanovis.com\/wp-content\/uploads\/2025\/12\/Our-impact-model-beige-4-3-800px.jpg 800w, https:\/\/tanovis.com\/wp-content\/uploads\/2025\/12\/Our-impact-model-beige-4-3-800px-300x225.jpg 300w, https:\/\/tanovis.com\/wp-content\/uploads\/2025\/12\/Our-impact-model-beige-4-3-800px-768x576.jpg 768w\" sizes=\"auto, (max-width: 800px) 100vw, 800px\" \/>          <\/div>\n                    \n<\/section>\n\n\n<section class=\"text container wysiwyg\" >\n                                      <h3 class=\"text__title fade-up\">\n            De\u011ferlerimiz          <\/h3>\n                                                  <div class=\"text__body fade-up\">\n            <p><span style=\"font-weight: 400\">\u0130\u015fbirlik\u00e7i. Bilime dayan\u0131r. Ve etki odakl\u0131. De\u011ferlerimiz nas\u0131l in\u015fa etti\u011fimize ve nas\u0131l b\u00fcy\u00fcd\u00fc\u011f\u00fcm\u00fcze rehberlik eder: a\u00e7\u0131k fikirli, \u015feffaf ve sonu\u00e7lara odakl\u0131. Niyetle hareket eder, bir b\u00fct\u00fcn olarak \u00e7al\u0131\u015f\u0131r ve daima ileriye bakar\u0131z.<\/span><\/p>\n          <\/div>\n                    \n<\/section>\n\n\n<section class=\"marquee\" id=\"Our-values\" >\n      <h2 class=\"marquee__text title-xxl font-alt\">\n      A\u00c7IK F\u0130K\u0130RL\u0130.   \u015eEFFAF.   SONU\u00c7LARA ODAKLI.    <\/h2>\n  <\/section>\n\n\n<section class=\"text container wysiwyg\" >\n  \n<\/section>","protected":false},"excerpt":{"rendered":"","protected":false},"author":1,"featured_media":620,"parent":0,"menu_order":0,"comment_status":"closed","ping_status":"closed","template":"","meta":{"_acf_changed":false,"content-type":"","footnotes":""},"class_list":["post-125","page","type-page","status-publish","has-post-thumbnail","hentry"],"acf":[],"yoast_head":"<!-- This site is optimized with the Yoast SEO plugin v26.6 - https:\/\/yoast.com\/wordpress\/plugins\/seo\/ -->\n<title>Our strategy - Tanovis<\/title>\n<meta name=\"description\" content=\"Explore Tanovis\u2019 bioeconomy venture strategy. See how we build sustainable innovation from lignin with a clear, purpose-driven approach that creates real impact.\" \/>\n<meta name=\"robots\" content=\"index, follow, max-snippet:-1, max-image-preview:large, max-video-preview:-1\" \/>\n<link rel=\"canonical\" href=\"https:\/\/tanovis.com\/tr\/our-strategy\/\" \/>\n<meta property=\"og:locale\" content=\"tr_TR\" \/>\n<meta property=\"og:type\" content=\"article\" \/>\n<meta property=\"og:title\" content=\"Our strategy - Tanovis\" \/>\n<meta property=\"og:description\" content=\"Explore Tanovis\u2019 bioeconomy venture strategy. See how we build sustainable innovation from lignin with a clear, purpose-driven approach that creates real impact.\" \/>\n<meta property=\"og:url\" content=\"https:\/\/tanovis.com\/tr\/our-strategy\/\" \/>\n<meta property=\"og:site_name\" content=\"Tanovis\" \/>\n<meta property=\"article:modified_time\" content=\"2025-12-16T20:23:30+00:00\" \/>\n<meta property=\"og:image\" content=\"https:\/\/tanovis.com\/wp-content\/uploads\/2025\/12\/Meta-6.jpg\" \/>\n\t<meta property=\"og:image:width\" content=\"1024\" \/>\n\t<meta property=\"og:image:height\" content=\"768\" \/>\n\t<meta property=\"og:image:type\" content=\"image\/jpeg\" \/>\n<meta name=\"twitter:card\" content=\"summary_large_image\" \/>\n<meta name=\"twitter:label1\" content=\"Tahmini okuma s\u00fcresi\" \/>\n\t<meta name=\"twitter:data1\" content=\"2 dakika\" \/>\n<script type=\"application\/ld+json\" class=\"yoast-schema-graph\">{\"@context\":\"https:\/\/schema.org\",\"@graph\":[{\"@type\":\"WebPage\",\"@id\":\"https:\/\/tanovis.com\/our-strategy\/\",\"url\":\"https:\/\/tanovis.com\/our-strategy\/\",\"name\":\"Our strategy - Tanovis\",\"isPartOf\":{\"@id\":\"https:\/\/tanovis.com\/#website\"},\"primaryImageOfPage\":{\"@id\":\"https:\/\/tanovis.com\/our-strategy\/#primaryimage\"},\"image\":{\"@id\":\"https:\/\/tanovis.com\/our-strategy\/#primaryimage\"},\"thumbnailUrl\":\"https:\/\/tanovis.com\/wp-content\/uploads\/2025\/12\/Meta-6.jpg\",\"datePublished\":\"2025-11-19T09:24:02+00:00\",\"dateModified\":\"2025-12-16T20:23:30+00:00\",\"description\":\"Explore Tanovis\u2019 bioeconomy venture strategy. See how we build sustainable innovation from lignin with a clear, purpose-driven approach that creates real impact.\",\"breadcrumb\":{\"@id\":\"https:\/\/tanovis.com\/our-strategy\/#breadcrumb\"},\"inLanguage\":\"tr\",\"potentialAction\":[{\"@type\":\"ReadAction\",\"target\":[\"https:\/\/tanovis.com\/our-strategy\/\"]}]},{\"@type\":\"ImageObject\",\"inLanguage\":\"tr\",\"@id\":\"https:\/\/tanovis.com\/our-strategy\/#primaryimage\",\"url\":\"https:\/\/tanovis.com\/wp-content\/uploads\/2025\/12\/Meta-6.jpg\",\"contentUrl\":\"https:\/\/tanovis.com\/wp-content\/uploads\/2025\/12\/Meta-6.jpg\",\"width\":1024,\"height\":768},{\"@type\":\"BreadcrumbList\",\"@id\":\"https:\/\/tanovis.com\/our-strategy\/#breadcrumb\",\"itemListElement\":[{\"@type\":\"ListItem\",\"position\":1,\"name\":\"Home\",\"item\":\"https:\/\/tanovis.com\/\"},{\"@type\":\"ListItem\",\"position\":2,\"name\":\"Our strategy\"}]},{\"@type\":\"WebSite\",\"@id\":\"https:\/\/tanovis.com\/#website\",\"url\":\"https:\/\/tanovis.com\/\",\"name\":\"Tanovis\",\"description\":\"Building lignin ventures\",\"potentialAction\":[{\"@type\":\"SearchAction\",\"target\":{\"@type\":\"EntryPoint\",\"urlTemplate\":\"https:\/\/tanovis.com\/?s={search_term_string}\"},\"query-input\":{\"@type\":\"PropertyValueSpecification\",\"valueRequired\":true,\"valueName\":\"search_term_string\"}}],\"inLanguage\":\"tr\"}]}<\/script>\n<!-- \/ Yoast SEO plugin. -->","yoast_head_json":{"title":"Our strategy - Tanovis","description":"Explore Tanovis\u2019 bioeconomy venture strategy. See how we build sustainable innovation from lignin with a clear, purpose-driven approach that creates real impact.","robots":{"index":"index","follow":"follow","max-snippet":"max-snippet:-1","max-image-preview":"max-image-preview:large","max-video-preview":"max-video-preview:-1"},"canonical":"https:\/\/tanovis.com\/tr\/our-strategy\/","og_locale":"tr_TR","og_type":"article","og_title":"Our strategy - Tanovis","og_description":"Explore Tanovis\u2019 bioeconomy venture strategy. See how we build sustainable innovation from lignin with a clear, purpose-driven approach that creates real impact.","og_url":"https:\/\/tanovis.com\/tr\/our-strategy\/","og_site_name":"Tanovis","article_modified_time":"2025-12-16T20:23:30+00:00","og_image":[{"width":1024,"height":768,"url":"https:\/\/tanovis.com\/wp-content\/uploads\/2025\/12\/Meta-6.jpg","type":"image\/jpeg"}],"twitter_card":"summary_large_image","twitter_misc":{"Tahmini okuma s\u00fcresi":"2 dakika"},"schema":{"@context":"https:\/\/schema.org","@graph":[{"@type":"WebPage","@id":"https:\/\/tanovis.com\/our-strategy\/","url":"https:\/\/tanovis.com\/our-strategy\/","name":"Our strategy - Tanovis","isPartOf":{"@id":"https:\/\/tanovis.com\/#website"},"primaryImageOfPage":{"@id":"https:\/\/tanovis.com\/our-strategy\/#primaryimage"},"image":{"@id":"https:\/\/tanovis.com\/our-strategy\/#primaryimage"},"thumbnailUrl":"https:\/\/tanovis.com\/wp-content\/uploads\/2025\/12\/Meta-6.jpg","datePublished":"2025-11-19T09:24:02+00:00","dateModified":"2025-12-16T20:23:30+00:00","description":"Explore Tanovis\u2019 bioeconomy venture strategy. See how we build sustainable innovation from lignin with a clear, purpose-driven approach that creates real impact.","breadcrumb":{"@id":"https:\/\/tanovis.com\/our-strategy\/#breadcrumb"},"inLanguage":"tr","potentialAction":[{"@type":"ReadAction","target":["https:\/\/tanovis.com\/our-strategy\/"]}]},{"@type":"ImageObject","inLanguage":"tr","@id":"https:\/\/tanovis.com\/our-strategy\/#primaryimage","url":"https:\/\/tanovis.com\/wp-content\/uploads\/2025\/12\/Meta-6.jpg","contentUrl":"https:\/\/tanovis.com\/wp-content\/uploads\/2025\/12\/Meta-6.jpg","width":1024,"height":768},{"@type":"BreadcrumbList","@id":"https:\/\/tanovis.com\/our-strategy\/#breadcrumb","itemListElement":[{"@type":"ListItem","position":1,"name":"Home","item":"https:\/\/tanovis.com\/"},{"@type":"ListItem","position":2,"name":"Our strategy"}]},{"@type":"WebSite","@id":"https:\/\/tanovis.com\/#website","url":"https:\/\/tanovis.com\/","name":"Tanovis","description":"Lignin giri\u015fimleri olu\u015fturma","potentialAction":[{"@type":"SearchAction","target":{"@type":"EntryPoint","urlTemplate":"https:\/\/tanovis.com\/?s={search_term_string}"},"query-input":{"@type":"PropertyValueSpecification","valueRequired":true,"valueName":"search_term_string"}}],"inLanguage":"tr"}]}},"_links":{"self":[{"href":"https:\/\/tanovis.com\/tr\/wp-json\/wp\/v2\/pages\/125","targetHints":{"allow":["GET"]}}],"collection":[{"href":"https:\/\/tanovis.com\/tr\/wp-json\/wp\/v2\/pages"}],"about":[{"href":"https:\/\/tanovis.com\/tr\/wp-json\/wp\/v2\/types\/page"}],"author":[{"embeddable":true,"href":"https:\/\/tanovis.com\/tr\/wp-json\/wp\/v2\/users\/1"}],"replies":[{"embeddable":true,"href":"https:\/\/tanovis.com\/tr\/wp-json\/wp\/v2\/comments?post=125"}],"version-history":[{"count":47,"href":"https:\/\/tanovis.com\/tr\/wp-json\/wp\/v2\/pages\/125\/revisions"}],"predecessor-version":[{"id":889,"href":"https:\/\/tanovis.com\/tr\/wp-json\/wp\/v2\/pages\/125\/revisions\/889"}],"wp:featuredmedia":[{"embeddable":true,"href":"https:\/\/tanovis.com\/tr\/wp-json\/wp\/v2\/media\/620"}],"wp:attachment":[{"href":"https:\/\/tanovis.com\/tr\/wp-json\/wp\/v2\/media?parent=125"}],"curies":[{"name":"wp","href":"https:\/\/api.w.org\/{rel}","templated":true}]}}