{"id":127,"date":"2025-11-19T09:26:03","date_gmt":"2025-11-19T09:26:03","guid":{"rendered":"https:\/\/tanovis.linawang.se\/?page_id=127"},"modified":"2025-12-21T18:51:45","modified_gmt":"2025-12-21T18:51:45","slug":"our-ventures","status":"publish","type":"page","link":"https:\/\/tanovis.com\/tr\/our-ventures\/","title":{"rendered":"Giri\u015fimlerimiz"},"content":{"rendered":"<section\n  class=\"tanovis_sub_hero  sub_hero--bg-default tanovis\"\n  >\n  <div class=\"hero__media\">\n              <img decoding=\"async\" class=\"hero__bg\" src=\"https:\/\/tanovis.com\/wp-content\/uploads\/2025\/11\/Tanovis-industry-roof-16-9.jpg\" alt=\"\" \/>\n    \n    <div class=\"hero__symbol-container tanovis\">\n      <div class=\"hero__symbol\">\n                  <img decoding=\"async\" class=\"hero__symbol\" src=\"https:\/\/tanovis.com\/wp-content\/uploads\/2025\/11\/tanovis-field-animals-1-1.jpg\"\n            alt=\"\" \/>\n              <\/div>\n    <\/div>\n  <\/div>\n\n  <div class=\"hero__content container\">\n          <h1 class=\"hero__title title-lg\">Biyobazl\u0131 ekonominin \u00f6n saflar\u0131nda faaliyet g\u00f6steriyoruz.<\/h1>\n      <\/div>\n<\/section>\n\n\n<section class=\"text container wysiwyg\" >\n                                      <h2 class=\"text__title fade-up\">\n            Lignin kimyas\u0131ndaki ortak platformumuzla birle\u015fen giri\u015fimlerimiz, bilimsel i\u00e7g\u00f6r\u00fcy\u00fc pazarlar ve end\u00fcstriler genelinde \u00f6l\u00e7eklenebilir yenili\u011fe d\u00f6n\u00fc\u015ft\u00fcr\u00fcyor.          <\/h2>\n                    \n<\/section>\n\n\n<section id=\"tab-image-text-69e312bbaf09e\"\n  class=\"tab-image-text container  bg-default\" >\n  <div class=\"tab-image-text__title\">\n    <h2 class=\"tab-image-text__title-text title-lg animate-words\">Phytaxis<\/h2>\n  <\/div>\n\n  <div class=\"tab-image-text__buttons fade\">\n                  <button class=\"tab-image-text__button\">\n          Hakk\u0131nda        <\/button>\n              <button class=\"tab-image-text__button\">\n          \u015eirket Bilgileri        <\/button>\n            <\/div>\n\n  <div class=\"tab-image-text__tabs fade-up-delay-200\">\n                  <div class=\"tab-image-text__tab\">\n\n          <div class=\"tab-image-text__tab-content\">\n            <h3 class=\"tab-image-text__tab-title title-md\">Hayvan sa\u011fl\u0131\u011f\u0131n\u0131 yeniden d\u00fc\u015f\u00fcnmek<\/h3>\n            <div class=\"tab-image-text__content\"><p><span style=\"font-weight: 400;\">Phytaxis, en acil k\u00fcresel sorunlardan biri olan antimikrobiyal direnci ele alarak hayvan sa\u011fl\u0131\u011f\u0131 ve beslenmesi i\u00e7in biyoaktif bile\u015fenler geli\u015ftirmektedir. T\u0131bbi olmayan yem katk\u0131 maddelerine olan talebin d\u00fcnya \u00e7ap\u0131nda h\u0131zla artmas\u0131 beklenirken, Phytaxis su \u00fcr\u00fcnleri yeti\u015ftiricili\u011fi de dahil olmak \u00fczere yeni t\u00fcrlere ve b\u00f6lgelere do\u011fru geni\u015flemektedir. <\/span><\/p>\n<p>&nbsp;<\/p>\n<p><span style=\"font-weight: 400;\">Giri\u015fimin s\u00fclf\u00fcr i\u00e7ermeyen lignin bile\u015fenleri sindirilebilirli\u011fi, b\u00fcy\u00fcmeyi ve hastal\u0131k direncini art\u0131rarak yem \u00fcreticilerine daha verimli ve s\u00fcrd\u00fcr\u00fclebilir hayvanc\u0131l\u0131k \u00fcretimi i\u00e7in kan\u0131tlanm\u0131\u015f bir yol sunuyor.<\/span><\/p>\n<\/div>\n          <\/div>\n\n          <div class=\"tab-image-text__tab-image cutout aspect-ratio-4-3 cutout-top-left\">\n            <img decoding=\"async\" src=\"https:\/\/tanovis.com\/wp-content\/uploads\/2025\/12\/cow-4-3.jpg\" alt=\"\" \/>\n          <\/div>\n\n        <\/div>\n              <div class=\"tab-image-text__tab is-active\">\n\n          <div class=\"tab-image-text__tab-content\">\n            <h3 class=\"tab-image-text__tab-title title-md\"><\/h3>\n            <div class=\"tab-image-text__content\"><ul>\n<li>\u2013 \u015eirket: Phytaxis SA, \u0130svi\u00e7re<\/li>\n<\/ul>\n<p class=\"p1\">\u2013 Genel merkez ve Ar-Ge: \u0130svi\u00e7re<\/p>\n<p class=\"p1\">\u2013 Hollanda, Meksika ve T\u00fcrkiye'deki i\u015ftirakler<\/p>\n<p class=\"p1\">\u2013 Anahtar pazarlar: Latin Amerika, Avrupa, Asya<\/p>\n<p class=\"p1\">\u2013 Sertifikasyon: GMP+<\/p>\n<p>&nbsp;<\/p>\n<p>&nbsp;<\/p>\n<ul>\n<li><strong><em><a href=\"https:\/\/www.phytaxis.com\/\" target=\"_blank\" rel=\"noopener\">Phytaxis web sitesini ziyaret edin<\/a><\/em><\/strong><\/li>\n<\/ul>\n<\/div>\n          <\/div>\n\n          <div class=\"tab-image-text__tab-image cutout aspect-ratio-4-3 cutout-top-left\">\n            <img decoding=\"async\" src=\"https:\/\/tanovis.com\/wp-content\/uploads\/2025\/12\/cow-4-3.jpg\" alt=\"\" \/>\n          <\/div>\n\n        <\/div>\n            <\/div>\n<\/section>\n\n\n<section id=\"tab-image-text-69e312bbafdb0\"\n  class=\"tab-image-text container  bg-default\" >\n  <div class=\"tab-image-text__title\">\n    <h2 class=\"tab-image-text__title-text title-lg animate-words\">PLT Yenilikleri<\/h2>\n  <\/div>\n\n  <div class=\"tab-image-text__buttons fade\">\n                  <button class=\"tab-image-text__button\">\n          Hakk\u0131nda        <\/button>\n              <button class=\"tab-image-text__button\">\n          \u015eirket Bilgileri        <\/button>\n            <\/div>\n\n  <div class=\"tab-image-text__tabs fade-up-delay-200\">\n                  <div class=\"tab-image-text__tab\">\n\n          <div class=\"tab-image-text__tab-content\">\n            <h3 class=\"tab-image-text__tab-title title-md\">\u0130leri lignin bazl\u0131 malzemeler ve end\u00fcstriyel biyokimyasallar<\/h3>\n            <div class=\"tab-image-text__content\"><p><span style=\"font-weight: 400;\">Y\u00fcksek performansl\u0131, d\u00fc\u015f\u00fck karbonlu malzemelere olan talebin k\u00fcresel olarak artmas\u0131yla birlikte giri\u015fim, \u00f6zel i\u015flevsellik ve maliyet avantaj\u0131 i\u00e7in modifiye ligninimizle tasar\u0131m yaparak uygulama odakl\u0131 geli\u015ftirmeye odaklan\u0131yor. <\/span><\/p>\n<p>&nbsp;<\/p>\n<p><span style=\"font-weight: 400;\">PLT Innovations, end\u00fcstri ve biyorafinerilerle kurdu\u011fu ortakl\u0131klar sayesinde petrokimyasal ba\u011f\u0131ml\u0131l\u0131ktan \u00f6l\u00e7eklenebilir, biyo-bazl\u0131 performans malzemelerine ge\u00e7i\u015fi h\u0131zland\u0131rmaktad\u0131r.\u00a0<\/span><\/p>\n<\/div>\n          <\/div>\n\n          <div class=\"tab-image-text__tab-image cutout aspect-ratio-4-3 cutout-top-left\">\n            <img decoding=\"async\" src=\"https:\/\/tanovis.com\/wp-content\/uploads\/2025\/12\/PLT-image-B-4-3.jpg\" alt=\"\" \/>\n          <\/div>\n\n        <\/div>\n              <div class=\"tab-image-text__tab is-active\">\n\n          <div class=\"tab-image-text__tab-content\">\n            <h3 class=\"tab-image-text__tab-title title-md\"><\/h3>\n            <div class=\"tab-image-text__content\"><ul>\n<li>\u015eirket: PLT Innovations AG, \u0130svi\u00e7re<\/li>\n<li class=\"p1\">Merkez ve Ar-Ge: \u0130svi\u00e7re<\/li>\n<li class=\"p1\">Anahtar Pazarlar: Asya, Avrupa, Kuzey Amerika<\/li>\n<li class=\"p1\">\u00dcr\u00fcnler: Soda Lignin, Kraft Lignin<\/li>\n<li class=\"p1\">Hizmetler: Kara S\u0131v\u0131dan Lignin Ekstraksiyonu Dan\u0131\u015fmanl\u0131\u011f\u0131<\/li>\n<\/ul>\n<p>&nbsp;<\/p>\n<p><a href=\"https:\/\/www.plt-innovations.com\" target=\"_blank\" rel=\"noopener\"><strong><em>PLT Innovations web sitesini ziyaret edin<\/em><\/strong><\/a><\/p>\n<\/div>\n          <\/div>\n\n          <div class=\"tab-image-text__tab-image cutout aspect-ratio-4-3 cutout-top-left\">\n            <img decoding=\"async\" src=\"https:\/\/tanovis.com\/wp-content\/uploads\/2025\/12\/PLT-image-B-4-3.jpg\" alt=\"\" \/>\n          <\/div>\n\n        <\/div>\n            <\/div>\n<\/section>\n\n\n<section id=\"tab-image-text-69e312bbb089c\"\n  class=\"tab-image-text container  bg-default\" >\n  <div class=\"tab-image-text__title\">\n    <h2 class=\"tab-image-text__title-text title-lg animate-words\">Siranius<\/h2>\n  <\/div>\n\n  <div class=\"tab-image-text__buttons fade\">\n                  <button class=\"tab-image-text__button\">\n          Hakk\u0131nda        <\/button>\n              <button class=\"tab-image-text__button\">\n          \u015eirket Bilgileri        <\/button>\n            <\/div>\n\n  <div class=\"tab-image-text__tabs fade-up-delay-200\">\n                  <div class=\"tab-image-text__tab\">\n\n          <div class=\"tab-image-text__tab-content\">\n            <h3 class=\"tab-image-text__tab-title title-md\">Lignin destekli insan sa\u011fl\u0131\u011f\u0131 \u00e7\u00f6z\u00fcmleri<\/h3>\n            <div class=\"tab-image-text__content\"><p><span style=\"font-weight: 400;\">Siranius h\u0131zla b\u00fcy\u00fcyen nutras\u00f6tik pazar\u0131na yenilik getiriyor. T\u00fcketici talebi \u00f6nleyici sa\u011fl\u0131k ve do\u011fal biyoaktiflere do\u011fru kayarken, Siranius ba\u011f\u0131rsak sa\u011fl\u0131\u011f\u0131, ba\u011f\u0131\u015f\u0131kl\u0131k ve toksinlere kar\u015f\u0131 dayan\u0131kl\u0131l\u0131k i\u00e7in yeni bir bile\u015fen s\u0131n\u0131f\u0131 sunuyor. <\/span><\/p>\n<p>&nbsp;<\/p>\n<p><span style=\"font-weight: 400;\">G\u0131da ve ilac\u0131n kesi\u015fti\u011fi noktada konumlanan giri\u015fim, k\u00fcresel pazara yeni, bilimsel temelli beslenme \u00e7\u00f6z\u00fcmleri sunmak i\u00e7in geli\u015fmi\u015f Ar-Ge ve do\u011frulanm\u0131\u015f biyoaktiviteye dayanmaktad\u0131r.<\/span><\/p>\n<\/div>\n          <\/div>\n\n          <div class=\"tab-image-text__tab-image cutout aspect-ratio-4-3 cutout-top-left\">\n            <img decoding=\"async\" src=\"https:\/\/tanovis.com\/wp-content\/uploads\/2025\/12\/Siranius-mage.jpg\" alt=\"\" \/>\n          <\/div>\n\n        <\/div>\n              <div class=\"tab-image-text__tab is-active\">\n\n          <div class=\"tab-image-text__tab-content\">\n            <h3 class=\"tab-image-text__tab-title title-md\"><\/h3>\n            <div class=\"tab-image-text__content\"><ol>\n<li class=\"p1\">\u015eirket: Siranius AG, \u0130svi\u00e7re<\/li>\n<li class=\"p1\">Merkez ve Ar-Ge: \u0130svi\u00e7re<\/li>\n<li class=\"p1\">Anahtar Pazarlar: Latin Amerika, ABD<\/li>\n<li class=\"p1\">\u00dcr\u00fcnler: Bitki bazl\u0131 nutras\u00f6tikler<\/li>\n<\/ol>\n<p>&nbsp;<\/p>\n<p><strong><em><a href=\"https:\/\/siranius.com\/\" target=\"_blank\" rel=\"noopener\">Siranius web sitesini ziyaret edin<\/a><\/em><\/strong><\/p>\n<\/div>\n          <\/div>\n\n          <div class=\"tab-image-text__tab-image cutout aspect-ratio-4-3 cutout-top-left\">\n            <img decoding=\"async\" src=\"https:\/\/tanovis.com\/wp-content\/uploads\/2025\/12\/Siranius-mage.jpg\" alt=\"\" \/>\n          <\/div>\n\n        <\/div>\n            <\/div>\n<\/section>\n\n\n<section class=\"text container wysiwyg\" >\n  \n<\/section>","protected":false},"excerpt":{"rendered":"","protected":false},"author":1,"featured_media":320,"parent":0,"menu_order":0,"comment_status":"closed","ping_status":"closed","template":"","meta":{"_acf_changed":false,"content-type":"","footnotes":""},"class_list":["post-127","page","type-page","status-publish","has-post-thumbnail","hentry"],"acf":[],"yoast_head":"<!-- This site is optimized with the Yoast SEO plugin v26.6 - https:\/\/yoast.com\/wordpress\/plugins\/seo\/ -->\n<title>Our ventures - Tanovis<\/title>\n<meta name=\"description\" content=\"Explore Tanovis\u2019 bioeconomy ventures. From materials to animal and human health, our portfolio turns lignin into scalable solutions with real-world impact.\" \/>\n<meta name=\"robots\" content=\"index, follow, max-snippet:-1, max-image-preview:large, max-video-preview:-1\" \/>\n<link rel=\"canonical\" href=\"https:\/\/tanovis.com\/tr\/our-ventures\/\" \/>\n<meta property=\"og:locale\" content=\"tr_TR\" \/>\n<meta property=\"og:type\" content=\"article\" \/>\n<meta property=\"og:title\" content=\"Our ventures - Tanovis\" \/>\n<meta property=\"og:description\" content=\"Explore Tanovis\u2019 bioeconomy ventures. From materials to animal and human health, our portfolio turns lignin into scalable solutions with real-world impact.\" \/>\n<meta property=\"og:url\" content=\"https:\/\/tanovis.com\/tr\/our-ventures\/\" \/>\n<meta property=\"og:site_name\" content=\"Tanovis\" \/>\n<meta property=\"article:modified_time\" content=\"2025-12-21T18:51:45+00:00\" \/>\n<meta property=\"og:image\" content=\"https:\/\/tanovis.com\/wp-content\/uploads\/2025\/11\/Tanovis-industry-roof-4-3.jpg\" \/>\n\t<meta property=\"og:image:width\" content=\"1440\" \/>\n\t<meta property=\"og:image:height\" content=\"1080\" \/>\n\t<meta property=\"og:image:type\" content=\"image\/jpeg\" \/>\n<meta name=\"twitter:card\" content=\"summary_large_image\" \/>\n<meta name=\"twitter:label1\" content=\"Tahmini okuma s\u00fcresi\" \/>\n\t<meta name=\"twitter:data1\" content=\"3 dakika\" \/>\n<script type=\"application\/ld+json\" class=\"yoast-schema-graph\">{\"@context\":\"https:\/\/schema.org\",\"@graph\":[{\"@type\":\"WebPage\",\"@id\":\"https:\/\/tanovis.com\/our-ventures\/\",\"url\":\"https:\/\/tanovis.com\/our-ventures\/\",\"name\":\"Our ventures - Tanovis\",\"isPartOf\":{\"@id\":\"https:\/\/tanovis.com\/#website\"},\"primaryImageOfPage\":{\"@id\":\"https:\/\/tanovis.com\/our-ventures\/#primaryimage\"},\"image\":{\"@id\":\"https:\/\/tanovis.com\/our-ventures\/#primaryimage\"},\"thumbnailUrl\":\"https:\/\/tanovis.com\/wp-content\/uploads\/2025\/11\/Tanovis-industry-roof-4-3.jpg\",\"datePublished\":\"2025-11-19T09:26:03+00:00\",\"dateModified\":\"2025-12-21T18:51:45+00:00\",\"description\":\"Explore Tanovis\u2019 bioeconomy ventures. From materials to animal and human health, our portfolio turns lignin into scalable solutions with real-world impact.\",\"breadcrumb\":{\"@id\":\"https:\/\/tanovis.com\/our-ventures\/#breadcrumb\"},\"inLanguage\":\"tr\",\"potentialAction\":[{\"@type\":\"ReadAction\",\"target\":[\"https:\/\/tanovis.com\/our-ventures\/\"]}]},{\"@type\":\"ImageObject\",\"inLanguage\":\"tr\",\"@id\":\"https:\/\/tanovis.com\/our-ventures\/#primaryimage\",\"url\":\"https:\/\/tanovis.com\/wp-content\/uploads\/2025\/11\/Tanovis-industry-roof-4-3.jpg\",\"contentUrl\":\"https:\/\/tanovis.com\/wp-content\/uploads\/2025\/11\/Tanovis-industry-roof-4-3.jpg\",\"width\":1440,\"height\":1080},{\"@type\":\"BreadcrumbList\",\"@id\":\"https:\/\/tanovis.com\/our-ventures\/#breadcrumb\",\"itemListElement\":[{\"@type\":\"ListItem\",\"position\":1,\"name\":\"Home\",\"item\":\"https:\/\/tanovis.com\/\"},{\"@type\":\"ListItem\",\"position\":2,\"name\":\"Our ventures\"}]},{\"@type\":\"WebSite\",\"@id\":\"https:\/\/tanovis.com\/#website\",\"url\":\"https:\/\/tanovis.com\/\",\"name\":\"Tanovis\",\"description\":\"Building lignin ventures\",\"potentialAction\":[{\"@type\":\"SearchAction\",\"target\":{\"@type\":\"EntryPoint\",\"urlTemplate\":\"https:\/\/tanovis.com\/?s={search_term_string}\"},\"query-input\":{\"@type\":\"PropertyValueSpecification\",\"valueRequired\":true,\"valueName\":\"search_term_string\"}}],\"inLanguage\":\"tr\"}]}<\/script>\n<!-- \/ Yoast SEO plugin. -->","yoast_head_json":{"title":"Our ventures - Tanovis","description":"Explore Tanovis\u2019 bioeconomy ventures. From materials to animal and human health, our portfolio turns lignin into scalable solutions with real-world impact.","robots":{"index":"index","follow":"follow","max-snippet":"max-snippet:-1","max-image-preview":"max-image-preview:large","max-video-preview":"max-video-preview:-1"},"canonical":"https:\/\/tanovis.com\/tr\/our-ventures\/","og_locale":"tr_TR","og_type":"article","og_title":"Our ventures - Tanovis","og_description":"Explore Tanovis\u2019 bioeconomy ventures. From materials to animal and human health, our portfolio turns lignin into scalable solutions with real-world impact.","og_url":"https:\/\/tanovis.com\/tr\/our-ventures\/","og_site_name":"Tanovis","article_modified_time":"2025-12-21T18:51:45+00:00","og_image":[{"width":1440,"height":1080,"url":"https:\/\/tanovis.com\/wp-content\/uploads\/2025\/11\/Tanovis-industry-roof-4-3.jpg","type":"image\/jpeg"}],"twitter_card":"summary_large_image","twitter_misc":{"Tahmini okuma s\u00fcresi":"3 dakika"},"schema":{"@context":"https:\/\/schema.org","@graph":[{"@type":"WebPage","@id":"https:\/\/tanovis.com\/our-ventures\/","url":"https:\/\/tanovis.com\/our-ventures\/","name":"Our ventures - Tanovis","isPartOf":{"@id":"https:\/\/tanovis.com\/#website"},"primaryImageOfPage":{"@id":"https:\/\/tanovis.com\/our-ventures\/#primaryimage"},"image":{"@id":"https:\/\/tanovis.com\/our-ventures\/#primaryimage"},"thumbnailUrl":"https:\/\/tanovis.com\/wp-content\/uploads\/2025\/11\/Tanovis-industry-roof-4-3.jpg","datePublished":"2025-11-19T09:26:03+00:00","dateModified":"2025-12-21T18:51:45+00:00","description":"Explore Tanovis\u2019 bioeconomy ventures. From materials to animal and human health, our portfolio turns lignin into scalable solutions with real-world impact.","breadcrumb":{"@id":"https:\/\/tanovis.com\/our-ventures\/#breadcrumb"},"inLanguage":"tr","potentialAction":[{"@type":"ReadAction","target":["https:\/\/tanovis.com\/our-ventures\/"]}]},{"@type":"ImageObject","inLanguage":"tr","@id":"https:\/\/tanovis.com\/our-ventures\/#primaryimage","url":"https:\/\/tanovis.com\/wp-content\/uploads\/2025\/11\/Tanovis-industry-roof-4-3.jpg","contentUrl":"https:\/\/tanovis.com\/wp-content\/uploads\/2025\/11\/Tanovis-industry-roof-4-3.jpg","width":1440,"height":1080},{"@type":"BreadcrumbList","@id":"https:\/\/tanovis.com\/our-ventures\/#breadcrumb","itemListElement":[{"@type":"ListItem","position":1,"name":"Home","item":"https:\/\/tanovis.com\/"},{"@type":"ListItem","position":2,"name":"Our ventures"}]},{"@type":"WebSite","@id":"https:\/\/tanovis.com\/#website","url":"https:\/\/tanovis.com\/","name":"Tanovis","description":"Lignin giri\u015fimleri olu\u015fturma","potentialAction":[{"@type":"SearchAction","target":{"@type":"EntryPoint","urlTemplate":"https:\/\/tanovis.com\/?s={search_term_string}"},"query-input":{"@type":"PropertyValueSpecification","valueRequired":true,"valueName":"search_term_string"}}],"inLanguage":"tr"}]}},"_links":{"self":[{"href":"https:\/\/tanovis.com\/tr\/wp-json\/wp\/v2\/pages\/127","targetHints":{"allow":["GET"]}}],"collection":[{"href":"https:\/\/tanovis.com\/tr\/wp-json\/wp\/v2\/pages"}],"about":[{"href":"https:\/\/tanovis.com\/tr\/wp-json\/wp\/v2\/types\/page"}],"author":[{"embeddable":true,"href":"https:\/\/tanovis.com\/tr\/wp-json\/wp\/v2\/users\/1"}],"replies":[{"embeddable":true,"href":"https:\/\/tanovis.com\/tr\/wp-json\/wp\/v2\/comments?post=127"}],"version-history":[{"count":58,"href":"https:\/\/tanovis.com\/tr\/wp-json\/wp\/v2\/pages\/127\/revisions"}],"predecessor-version":[{"id":950,"href":"https:\/\/tanovis.com\/tr\/wp-json\/wp\/v2\/pages\/127\/revisions\/950"}],"wp:featuredmedia":[{"embeddable":true,"href":"https:\/\/tanovis.com\/tr\/wp-json\/wp\/v2\/media\/320"}],"wp:attachment":[{"href":"https:\/\/tanovis.com\/tr\/wp-json\/wp\/v2\/media?parent=127"}],"curies":[{"name":"wp","href":"https:\/\/api.w.org\/{rel}","templated":true}]}}