{"id":129,"date":"2025-11-19T09:26:54","date_gmt":"2025-11-19T09:26:54","guid":{"rendered":"https:\/\/tanovis.linawang.se\/?page_id=129"},"modified":"2025-12-16T20:19:32","modified_gmt":"2025-12-16T20:19:32","slug":"partnerships","status":"publish","type":"page","link":"https:\/\/tanovis.com\/tr\/partnerships\/","title":{"rendered":"Ortakl\u0131klar\u0131m\u0131z"},"content":{"rendered":"<section\n  class=\"tanovis_sub_hero  sub_hero--bg-default tanovis\"\n  >\n  <div class=\"hero__media\">\n              <img decoding=\"async\" class=\"hero__bg\" src=\"https:\/\/tanovis.com\/wp-content\/uploads\/2025\/11\/Tanovis-field-farmer-16-9.jpg\" alt=\"\" \/>\n    \n    <div class=\"hero__symbol-container tanovis\">\n      <div class=\"hero__symbol\">\n                  <img decoding=\"async\" class=\"hero__symbol\" src=\"https:\/\/tanovis.com\/wp-content\/uploads\/2025\/11\/Tanovis-street-9-16.jpg\"\n            alt=\"\" \/>\n              <\/div>\n    <\/div>\n  <\/div>\n\n  <div class=\"hero__content container\">\n          <h1 class=\"hero__title title-lg\">Daha geni\u015f bir hareket in\u015fa etmek.<\/h1>\n      <\/div>\n<\/section>\n\n\n<section class=\"text container wysiwyg\" id=\"Lignopure\" >\n                                      <h2 class=\"text__title fade-up\">\n            Kendi giri\u015fimlerimizin \u00f6tesinde, lignin inovasyonunu ileriye ta\u015f\u0131yan \u015firketlerle i\u015fbirli\u011fi yap\u0131yor ve onlara yat\u0131r\u0131m yap\u0131yoruz. Bu ortakl\u0131klar, biyoekonominin yeni sekt\u00f6rlerinde platformumuzun eri\u015fim alan\u0131n\u0131 geni\u015fletiyor          <\/h2>\n                    \n<\/section>\n\n\n<section class=\"text container wysiwyg\" id=\"Lignopure\" >\n                                      <div class=\"text__image fade-up\">\n            <img loading=\"lazy\" decoding=\"async\" width=\"800\" height=\"600\" src=\"https:\/\/tanovis.com\/wp-content\/uploads\/2025\/12\/Lignopure-image-800.jpg\" class=\"text__image-img\" alt=\"\" srcset=\"https:\/\/tanovis.com\/wp-content\/uploads\/2025\/12\/Lignopure-image-800.jpg 800w, https:\/\/tanovis.com\/wp-content\/uploads\/2025\/12\/Lignopure-image-800-300x225.jpg 300w, https:\/\/tanovis.com\/wp-content\/uploads\/2025\/12\/Lignopure-image-800-768x576.jpg 768w\" sizes=\"auto, (max-width: 800px) 100vw, 800px\" \/>          <\/div>\n                                                  <h3 class=\"text__title fade-up\">\n            Lignopure          <\/h3>\n                                                  <div class=\"text__body fade-up\">\n            <p><span style=\"font-weight: 400\">Lignopure, kozmetik, sa\u011fl\u0131k ve malzeme bilimi alanlar\u0131ndaki uygulamalar i\u00e7in ligninden biyo-bazl\u0131 tozlar ve partik\u00fcller geli\u015ftiren Hamburg merkezli bir malzeme teknolojisi \u015firketidir. Yakla\u015f\u0131mlar\u0131 Tanovis platformunu tamamlamakta ve ligninin do\u011fal i\u015flevselli\u011fini somut \u00fcr\u00fcn performans\u0131na d\u00f6n\u00fc\u015ft\u00fcrmektedir. Lignopure'da stratejik bir yat\u0131r\u0131ma sahibiz ve y\u00fcksek safl\u0131kta lignin uygulamalar\u0131n\u0131 ilerletme konusunda yak\u0131n i\u015fbirli\u011fi i\u00e7indeyiz ve d\u00f6ng\u00fcsel biyoekonomi i\u00e7inde \u00f6l\u00e7eklenebilir, ticari etki i\u00e7in ortak hedefleri destekliyoruz.<\/span><\/p>\n<p>&nbsp;<\/p>\n<p><em><a href=\"https:\/\/www.lignopure.com\/\">Web sitesini ziyaret edin<\/a><\/em><\/p>\n          <\/div>\n                    \n<\/section>\n\n\n<section class=\"text container wysiwyg\" id=\"Fibenol\" >\n                                      <div class=\"text__image fade-up\">\n            <img loading=\"lazy\" decoding=\"async\" width=\"800\" height=\"600\" src=\"https:\/\/tanovis.com\/wp-content\/uploads\/2025\/12\/Fibenol-image-800.jpg\" class=\"text__image-img\" alt=\"\" srcset=\"https:\/\/tanovis.com\/wp-content\/uploads\/2025\/12\/Fibenol-image-800.jpg 800w, https:\/\/tanovis.com\/wp-content\/uploads\/2025\/12\/Fibenol-image-800-300x225.jpg 300w, https:\/\/tanovis.com\/wp-content\/uploads\/2025\/12\/Fibenol-image-800-768x576.jpg 768w\" sizes=\"auto, (max-width: 800px) 100vw, 800px\" \/>          <\/div>\n                                                  <h3 class=\"text__title fade-up\">\n            Fibenol          <\/h3>\n                                                  <div class=\"text__body fade-up\">\n            <p><span style=\"font-weight: 400\">Tanovis, ligninin ticari kullan\u0131m\u0131n\u0131 h\u0131zland\u0131rmak i\u00e7in Fibenol Imavere O\u00dc ile g\u00fc\u00e7lerini birle\u015ftirdi. Bu i\u015fbirli\u011fi, potansiyelin \u00f6tesine ge\u00e7ip uygulamaya ge\u00e7mekle ilgilidir. Birlikte \u00e7al\u0131\u015farak, lignin etraf\u0131ndaki karma\u015f\u0131kl\u0131\u011f\u0131n \u00fcstesinden gelmeyi ve de\u011fer zincirleri boyunca fosille\u015fmeyi te\u015fvik etmedeki rol\u00fcn\u00fc h\u0131zland\u0131rmay\u0131 ama\u00e7l\u0131yoruz. <\/span><span style=\"font-weight: 400\">Fibenol ile \u00e7al\u0131\u015fmak, ligninin bilimsel vaadini pazara haz\u0131r \u00e7\u00f6z\u00fcmlere d\u00f6n\u00fc\u015ft\u00fcrmemizi sa\u011fl\u0131yor. Tanovis'in \u00e7e\u015fitli i\u015ftirakleri ve ortak \u00e7abalar\u0131 arac\u0131l\u0131\u011f\u0131yla bu ortakl\u0131k, fosilsiz alternatifler arayan m\u00fc\u015fteriler ve end\u00fcstriler i\u00e7in somut s\u00fcrd\u00fcr\u00fclebilirlik faydalar\u0131 sa\u011flamay\u0131 ama\u00e7lamaktad\u0131r.<\/span><\/p>\n<p>&nbsp;<\/p>\n<p><a href=\"https:\/\/fibenol.com\/news\/fibenol-and-tanovis-partner-to-advance-commercial-applications-of-lignin\">Daha fazla bilgi edinin<\/a><\/p>\n          <\/div>\n                    \n<\/section>\n\n\n<section class=\"text container wysiwyg\" id=\"Collaborations\" >\n                                      <h3 class=\"text__title fade-up\">\n            Geni\u015f bir i\u015f birli\u011fi a\u011f\u0131.          <\/h3>\n                                                  <div class=\"text__body fade-up\">\n            <p><span style=\"font-weight: 400\">Biyo-rafineriler ve elyaf \u00fcreticilerinden \u00f6nc\u00fc teknoloji start-up'lar\u0131na ve \u00fcniversitelere kadar ligninin gelece\u011fini \u015fekillendiren geni\u015f bir ortak a\u011f\u0131yla aktif olarak \u00e7al\u0131\u015f\u0131yoruz. Bunlar aras\u0131nda Kanada'daki Red Leaf Pulp, Estonya'daki Fibenol ve Finlandiya'daki NordFuel yer al\u0131yor.  Her ortakl\u0131k benzersiz uzmanl\u0131k, kaynak ve i\u00e7g\u00f6r\u00fc getirerek lignini yan \u00fcr\u00fcn olmaktan \u00e7\u0131kar\u0131p temel malzeme haline getiriyor.<\/span><\/p>\n          <\/div>\n                    \n<\/section>\n\n\n<section class=\"text container wysiwyg\" >\n  \n<\/section>","protected":false},"excerpt":{"rendered":"","protected":false},"author":1,"featured_media":618,"parent":0,"menu_order":0,"comment_status":"closed","ping_status":"closed","template":"","meta":{"_acf_changed":false,"content-type":"","footnotes":""},"class_list":["post-129","page","type-page","status-publish","has-post-thumbnail","hentry"],"acf":[],"yoast_head":"<!-- This site is optimized with the Yoast SEO plugin v26.6 - https:\/\/yoast.com\/wordpress\/plugins\/seo\/ -->\n<title>Our Partnerships - Tanovis<\/title>\n<meta name=\"description\" content=\"Explore bioeconomy partnerships with Tanovis. Collaborate with us to co-create sustainable ventures, drive innovation and bring real-world lignin solutions to life.\" \/>\n<meta name=\"robots\" content=\"index, follow, max-snippet:-1, max-image-preview:large, max-video-preview:-1\" \/>\n<link rel=\"canonical\" href=\"https:\/\/tanovis.com\/tr\/partnerships\/\" \/>\n<meta property=\"og:locale\" content=\"tr_TR\" \/>\n<meta property=\"og:type\" content=\"article\" \/>\n<meta property=\"og:title\" content=\"Our Partnerships - Tanovis\" \/>\n<meta property=\"og:description\" content=\"Explore bioeconomy partnerships with Tanovis. Collaborate with us to co-create sustainable ventures, drive innovation and bring real-world lignin solutions to life.\" \/>\n<meta property=\"og:url\" content=\"https:\/\/tanovis.com\/tr\/partnerships\/\" \/>\n<meta property=\"og:site_name\" content=\"Tanovis\" \/>\n<meta property=\"article:modified_time\" content=\"2025-12-16T20:19:32+00:00\" \/>\n<meta property=\"og:image\" content=\"https:\/\/tanovis.com\/wp-content\/uploads\/2025\/12\/Meta-4.jpg\" \/>\n\t<meta property=\"og:image:width\" content=\"1024\" \/>\n\t<meta property=\"og:image:height\" content=\"768\" \/>\n\t<meta property=\"og:image:type\" content=\"image\/jpeg\" \/>\n<meta name=\"twitter:card\" content=\"summary_large_image\" \/>\n<meta name=\"twitter:label1\" content=\"Tahmini okuma s\u00fcresi\" \/>\n\t<meta name=\"twitter:data1\" content=\"2 dakika\" \/>\n<script type=\"application\/ld+json\" class=\"yoast-schema-graph\">{\"@context\":\"https:\/\/schema.org\",\"@graph\":[{\"@type\":\"WebPage\",\"@id\":\"https:\/\/tanovis.com\/partnerships\/\",\"url\":\"https:\/\/tanovis.com\/partnerships\/\",\"name\":\"Our Partnerships - Tanovis\",\"isPartOf\":{\"@id\":\"https:\/\/tanovis.com\/#website\"},\"primaryImageOfPage\":{\"@id\":\"https:\/\/tanovis.com\/partnerships\/#primaryimage\"},\"image\":{\"@id\":\"https:\/\/tanovis.com\/partnerships\/#primaryimage\"},\"thumbnailUrl\":\"https:\/\/tanovis.com\/wp-content\/uploads\/2025\/12\/Meta-4.jpg\",\"datePublished\":\"2025-11-19T09:26:54+00:00\",\"dateModified\":\"2025-12-16T20:19:32+00:00\",\"description\":\"Explore bioeconomy partnerships with Tanovis. Collaborate with us to co-create sustainable ventures, drive innovation and bring real-world lignin solutions to life.\",\"breadcrumb\":{\"@id\":\"https:\/\/tanovis.com\/partnerships\/#breadcrumb\"},\"inLanguage\":\"tr\",\"potentialAction\":[{\"@type\":\"ReadAction\",\"target\":[\"https:\/\/tanovis.com\/partnerships\/\"]}]},{\"@type\":\"ImageObject\",\"inLanguage\":\"tr\",\"@id\":\"https:\/\/tanovis.com\/partnerships\/#primaryimage\",\"url\":\"https:\/\/tanovis.com\/wp-content\/uploads\/2025\/12\/Meta-4.jpg\",\"contentUrl\":\"https:\/\/tanovis.com\/wp-content\/uploads\/2025\/12\/Meta-4.jpg\",\"width\":1024,\"height\":768},{\"@type\":\"BreadcrumbList\",\"@id\":\"https:\/\/tanovis.com\/partnerships\/#breadcrumb\",\"itemListElement\":[{\"@type\":\"ListItem\",\"position\":1,\"name\":\"Home\",\"item\":\"https:\/\/tanovis.com\/\"},{\"@type\":\"ListItem\",\"position\":2,\"name\":\"Our Partnerships\"}]},{\"@type\":\"WebSite\",\"@id\":\"https:\/\/tanovis.com\/#website\",\"url\":\"https:\/\/tanovis.com\/\",\"name\":\"Tanovis\",\"description\":\"Building lignin ventures\",\"potentialAction\":[{\"@type\":\"SearchAction\",\"target\":{\"@type\":\"EntryPoint\",\"urlTemplate\":\"https:\/\/tanovis.com\/?s={search_term_string}\"},\"query-input\":{\"@type\":\"PropertyValueSpecification\",\"valueRequired\":true,\"valueName\":\"search_term_string\"}}],\"inLanguage\":\"tr\"}]}<\/script>\n<!-- \/ Yoast SEO plugin. -->","yoast_head_json":{"title":"Ortakl\u0131klar\u0131m\u0131z - Tanovis","description":"Tanovis ile biyoekonomi ortakl\u0131klar\u0131n\u0131 ke\u015ffedin. S\u00fcrd\u00fcr\u00fclebilir giri\u015fimleri birlikte olu\u015fturmak, inovasyonu te\u015fvik etmek ve ger\u00e7ek d\u00fcnya lignin \u00e7\u00f6z\u00fcmlerini hayata ge\u00e7irmek i\u00e7in bizimle i\u015fbirli\u011fi yap\u0131n.","robots":{"index":"index","follow":"follow","max-snippet":"max-snippet:-1","max-image-preview":"max-image-preview:large","max-video-preview":"max-video-preview:-1"},"canonical":"https:\/\/tanovis.com\/tr\/partnerships\/","og_locale":"tr_TR","og_type":"article","og_title":"Our Partnerships - Tanovis","og_description":"Explore bioeconomy partnerships with Tanovis. Collaborate with us to co-create sustainable ventures, drive innovation and bring real-world lignin solutions to life.","og_url":"https:\/\/tanovis.com\/tr\/partnerships\/","og_site_name":"Tanovis","article_modified_time":"2025-12-16T20:19:32+00:00","og_image":[{"width":1024,"height":768,"url":"https:\/\/tanovis.com\/wp-content\/uploads\/2025\/12\/Meta-4.jpg","type":"image\/jpeg"}],"twitter_card":"summary_large_image","twitter_misc":{"Tahmini okuma s\u00fcresi":"2 dakika"},"schema":{"@context":"https:\/\/schema.org","@graph":[{"@type":"WebPage","@id":"https:\/\/tanovis.com\/partnerships\/","url":"https:\/\/tanovis.com\/partnerships\/","name":"Ortakl\u0131klar\u0131m\u0131z - Tanovis","isPartOf":{"@id":"https:\/\/tanovis.com\/#website"},"primaryImageOfPage":{"@id":"https:\/\/tanovis.com\/partnerships\/#primaryimage"},"image":{"@id":"https:\/\/tanovis.com\/partnerships\/#primaryimage"},"thumbnailUrl":"https:\/\/tanovis.com\/wp-content\/uploads\/2025\/12\/Meta-4.jpg","datePublished":"2025-11-19T09:26:54+00:00","dateModified":"2025-12-16T20:19:32+00:00","description":"Tanovis ile biyoekonomi ortakl\u0131klar\u0131n\u0131 ke\u015ffedin. S\u00fcrd\u00fcr\u00fclebilir giri\u015fimleri birlikte olu\u015fturmak, inovasyonu te\u015fvik etmek ve ger\u00e7ek d\u00fcnya lignin \u00e7\u00f6z\u00fcmlerini hayata ge\u00e7irmek i\u00e7in bizimle i\u015fbirli\u011fi yap\u0131n.","breadcrumb":{"@id":"https:\/\/tanovis.com\/partnerships\/#breadcrumb"},"inLanguage":"tr","potentialAction":[{"@type":"ReadAction","target":["https:\/\/tanovis.com\/partnerships\/"]}]},{"@type":"ImageObject","inLanguage":"tr","@id":"https:\/\/tanovis.com\/partnerships\/#primaryimage","url":"https:\/\/tanovis.com\/wp-content\/uploads\/2025\/12\/Meta-4.jpg","contentUrl":"https:\/\/tanovis.com\/wp-content\/uploads\/2025\/12\/Meta-4.jpg","width":1024,"height":768},{"@type":"BreadcrumbList","@id":"https:\/\/tanovis.com\/partnerships\/#breadcrumb","itemListElement":[{"@type":"ListItem","position":1,"name":"Home","item":"https:\/\/tanovis.com\/"},{"@type":"ListItem","position":2,"name":"Our Partnerships"}]},{"@type":"WebSite","@id":"https:\/\/tanovis.com\/#website","url":"https:\/\/tanovis.com\/","name":"Tanovis","description":"Lignin giri\u015fimleri olu\u015fturma","potentialAction":[{"@type":"SearchAction","target":{"@type":"EntryPoint","urlTemplate":"https:\/\/tanovis.com\/?s={search_term_string}"},"query-input":{"@type":"PropertyValueSpecification","valueRequired":true,"valueName":"search_term_string"}}],"inLanguage":"tr"}]}},"_links":{"self":[{"href":"https:\/\/tanovis.com\/tr\/wp-json\/wp\/v2\/pages\/129","targetHints":{"allow":["GET"]}}],"collection":[{"href":"https:\/\/tanovis.com\/tr\/wp-json\/wp\/v2\/pages"}],"about":[{"href":"https:\/\/tanovis.com\/tr\/wp-json\/wp\/v2\/types\/page"}],"author":[{"embeddable":true,"href":"https:\/\/tanovis.com\/tr\/wp-json\/wp\/v2\/users\/1"}],"replies":[{"embeddable":true,"href":"https:\/\/tanovis.com\/tr\/wp-json\/wp\/v2\/comments?post=129"}],"version-history":[{"count":33,"href":"https:\/\/tanovis.com\/tr\/wp-json\/wp\/v2\/pages\/129\/revisions"}],"predecessor-version":[{"id":877,"href":"https:\/\/tanovis.com\/tr\/wp-json\/wp\/v2\/pages\/129\/revisions\/877"}],"wp:featuredmedia":[{"embeddable":true,"href":"https:\/\/tanovis.com\/tr\/wp-json\/wp\/v2\/media\/618"}],"wp:attachment":[{"href":"https:\/\/tanovis.com\/tr\/wp-json\/wp\/v2\/media?parent=129"}],"curies":[{"name":"wp","href":"https:\/\/api.w.org\/{rel}","templated":true}]}}