{"id":131,"date":"2025-11-19T09:27:25","date_gmt":"2025-11-19T09:27:25","guid":{"rendered":"https:\/\/tanovis.linawang.se\/?page_id=131"},"modified":"2025-12-16T20:21:33","modified_gmt":"2025-12-16T20:21:33","slug":"our-story","status":"publish","type":"page","link":"https:\/\/tanovis.com\/tr\/our-story\/","title":{"rendered":"Bizim hikayemiz"},"content":{"rendered":"<section\n  class=\"tanovis_sub_hero  sub_hero--bg-dark tanovis\"\n  >\n  <div class=\"hero__media\">\n              <img decoding=\"async\" class=\"hero__bg\" src=\"https:\/\/tanovis.com\/wp-content\/uploads\/2025\/11\/tanovis-field-animals-16-9.jpg\" alt=\"\" \/>\n    \n    <div class=\"hero__symbol-container tanovis\">\n      <div class=\"hero__symbol\">\n                  <img decoding=\"async\" class=\"hero__symbol\" src=\"https:\/\/tanovis.com\/wp-content\/uploads\/2025\/11\/Tanovis-city-9-16.jpg\"\n            alt=\"\" \/>\n              <\/div>\n    <\/div>\n  <\/div>\n\n  <div class=\"hero__content container\">\n          <h1 class=\"hero__title title-lg\">Yar\u0131n\u0131n malzemelerini in\u015fa etmek.<\/h1>\n      <\/div>\n<\/section>\n\n\n<section class=\"text container wysiwyg\" >\n                                      <h2 class=\"text__title fade-up\">\n            Lignin kimyas\u0131ndan biyo-bazl\u0131 giri\u015fimlere kadar. Tanovis her zaman bir sonraki ad\u0131m i\u00e7in \u00e7al\u0131\u015fm\u0131\u015ft\u0131r. Yolculu\u011fumuz, do\u011fan\u0131n kendi polimerinin potansiyeline olan inan\u00e7la ba\u015flad\u0131 ve biyo-bazl\u0131 ekonominin \u00f6n saflar\u0131nda faaliyet g\u00f6steren bir platforma d\u00f6n\u00fc\u015ft\u00fc.          <\/h2>\n                    \n<\/section>\n\n\n<section class=\"timeline container  bg-default\" id=\"timeline\" >\n  <h2 class=\"timeline__title\">Kilometre ta\u015flar\u0131<\/h2>\n  <div class=\"timeline__inner\">\n          <div class=\"timeline__item\">\n        <h3 class=\"timeline__item-title title-xxl animate-letters\">2025<\/h3>\n        <div class=\"timeline__item-text body-md fade-up-delay-600\"><h3><b>\u00d6l\u00e7eklendirmeye haz\u0131r<\/b><\/h3>\n<p>Tanovis grubu, end\u00fcstriler ve pazarlar genelinde lignin bazl\u0131 inovasyona \u00f6nc\u00fcl\u00fck etmektedir.<\/p>\n<\/div>\n      <\/div>\n          <div class=\"timeline__item\">\n        <h3 class=\"timeline__item-title title-xxl animate-letters\">2023<\/h3>\n        <div class=\"timeline__item-text body-md fade-up-delay-600\"><h3><b>Yeni ittifaklar<\/b><\/h3>\n<p><span style=\"font-weight: 400;\">Benimsenmeyi h\u0131zland\u0131rmak i\u00e7in Lignopure ve Red Leaf Pulp ile ortakl\u0131klar kuruldu.<\/span><\/p>\n<\/div>\n      <\/div>\n          <div class=\"timeline__item\">\n        <h3 class=\"timeline__item-title title-xxl animate-letters\">2020<\/h3>\n        <div class=\"timeline__item-text body-md fade-up-delay-600\"><h3><b>Platform geni\u015fletme<\/b><\/h3>\n<p><span style=\"font-weight: 400;\">Malzeme ve insan beslenmesi alanlar\u0131nda yeni giri\u015fimler PLT Innovations ve Siranius'u ba\u015flatt\u0131.<\/span><\/p>\n<\/div>\n      <\/div>\n          <div class=\"timeline__item\">\n        <h3 class=\"timeline__item-title title-xxl animate-letters\">2017<\/h3>\n        <div class=\"timeline__item-text body-md fade-up-delay-600\"><h3><b>Tanovis do\u011fdu<\/b><\/h3>\n<p><span style=\"font-weight: 400;\">\u00d6l\u00e7ekli biyo-temelli giri\u015fimler kurmak i\u00e7in Tanovis AG'yi kurdu.<\/span><\/p>\n<\/div>\n      <\/div>\n          <div class=\"timeline__item\">\n        <h3 class=\"timeline__item-title title-xxl animate-letters\">2016<\/h3>\n        <div class=\"timeline__item-text body-md fade-up-delay-600\"><h3><b>\u0130novasyon platformu<\/b><\/h3>\n<p><span style=\"font-weight: 400;\">GreenValue'dan daha geni\u015f bir inovasyon platformuna ge\u00e7i\u015f haz\u0131rland\u0131.<\/span><\/p>\n<\/div>\n      <\/div>\n          <div class=\"timeline__item\">\n        <h3 class=\"timeline__item-title title-xxl animate-letters\">2008<\/h3>\n        <div class=\"timeline__item-text body-md fade-up-delay-600\"><h3><b>\u0130lk giri\u015fim<\/b><\/h3>\n<p><span style=\"font-weight: 400;\">Hayvan sa\u011fl\u0131\u011f\u0131 i\u00e7in s\u00fclf\u00fcr i\u00e7ermeyen lignin geli\u015ftirmek \u00fczere Phytaxis'i ba\u015flatt\u0131.<\/span><\/p>\n<\/div>\n      <\/div>\n          <div class=\"timeline__item\">\n        <h3 class=\"timeline__item-title title-xxl animate-letters\">2006<\/h3>\n        <div class=\"timeline__item-text body-md fade-up-delay-600\"><h3><b>Avrupa i\u015fbirlikleri<\/b><\/h3>\n<p><span style=\"font-weight: 400;\">Malzeme biliminde lignin ve biyok\u00fctleyi ara\u015ft\u0131ran AB programlar\u0131na kat\u0131ld\u0131.<\/span><\/p>\n<\/div>\n      <\/div>\n          <div class=\"timeline__item\">\n        <h3 class=\"timeline__item-title title-xxl animate-letters\">2005<\/h3>\n        <div class=\"timeline__item-text body-md fade-up-delay-600\"><h3><b>Kavram kan\u0131t\u0131<\/b><\/h3>\n<p><span style=\"font-weight: 400;\">Lignin bazl\u0131 end\u00fcstriyel uygulamalar\u0131 do\u011frulayan Protobind\u00ae tan\u0131t\u0131ld\u0131.<\/span><\/p>\n<\/div>\n      <\/div>\n          <div class=\"timeline__item\">\n        <h3 class=\"timeline__item-title title-xxl animate-letters\">2004<\/h3>\n        <div class=\"timeline__item-text body-md fade-up-delay-600\"><h3><b>Ba\u015flang\u0131\u00e7<\/b><\/h3>\n<p><span style=\"font-weight: 400;\">Ara\u015ft\u0131rma \u015firketi GreenValue'yu kurdu ve ligninin end\u00fcstriyel potansiyelini ortaya \u00e7\u0131karmak i\u00e7in Hindistan'da bir end\u00fcstriyel tesis kurdu.<\/span><\/p>\n<\/div>\n      <\/div>\n    <\/section>\n\n\n<section class=\"quote   bg-default\" >\n    <img decoding=\"async\" class=\"quote__bg\" src=\"https:\/\/tanovis.com\/wp-content\/uploads\/2025\/11\/Tanovis-wheat-field-16-9.jpg\" alt=\"\" \/>\n  \n  <div class=\"container\">\n        <h3 class=\"quote__text animate-lines title-lg\">\n      \u201cFinans sekt\u00f6r\u00fcndeki kariyerimden sonra, elle tutulur bir \u015fey yaratmak istedim - dokunabilece\u011fim ve s\u00fcrd\u00fcr\u00fclebilirli\u011fe ger\u00e7ekten katk\u0131da bulunan bir \u00fcr\u00fcn.\u201d    <\/h3>\n        <p class=\"quote__source font-heading body-lg fade-up\">Charles J Walser, CEO ve Kurucu Ortak Tanovis AG<\/p>\n          <\/div>\n\n<\/section>\n\n\n<section class=\"text container wysiwyg\" id=\"production\" >\n                                      <h3 class=\"text__title fade-up\">\n            Greencone arac\u0131l\u0131\u011f\u0131yla lignin \u00fcretimi           <\/h3>\n                                                  <div class=\"text__body fade-up\">\n            <blockquote><p>Hindistan'da bir ka\u011f\u0131t fabrikas\u0131 orta\u011f\u0131yla ortak giri\u015fim \u015firketimiz olan Greencone, \u00e7e\u015fitli biyok\u00fctle hammaddelerini de\u011ferlendirmek i\u00e7in Tanovis'in yirmi y\u0131l boyunca geli\u015ftirilen ve ince ayarlanan tescilli lignin teknolojisini uygulamaktad\u0131r. Yak\u0131n teknik i\u015fbirli\u011fi sayesinde ekiplerimiz s\u00fcre\u00e7 verimlili\u011fini ve performans\u0131n\u0131 s\u00fcrekli olarak optimize ederek \u00f6l\u00e7eklenebilir, s\u00fcrd\u00fcr\u00fclebilir biyo-bazl\u0131 malzemelere olan ortak ba\u011fl\u0131l\u0131\u011f\u0131m\u0131z\u0131 g\u00fc\u00e7lendiriyor.<b><\/b><\/p><\/blockquote>\n          <\/div>\n                    \n<\/section>\n\n\n<section\n  class=\"tanovis_sub_hero  sub_hero--bg-default none\"\n  >\n  <div class=\"hero__media\">\n          <video class=\"hero__video\" src=\"https:\/\/tanovis.com\/wp-content\/uploads\/2025\/11\/Tanovis_17sek.mp4\" autoplay muted loop playsinline><\/video>\n        \n    <div class=\"hero__symbol-container none\">\n      <div class=\"hero__symbol\">\n              <\/div>\n    <\/div>\n  <\/div>\n\n  <div class=\"hero__content container\">\n      <\/div>\n<\/section>\n\n\n<section class=\"text container wysiwyg\" >\n  \n<\/section>","protected":false},"excerpt":{"rendered":"","protected":false},"author":1,"featured_media":623,"parent":0,"menu_order":0,"comment_status":"closed","ping_status":"closed","template":"","meta":{"_acf_changed":false,"content-type":"","footnotes":""},"class_list":["post-131","page","type-page","status-publish","has-post-thumbnail","hentry"],"acf":[],"yoast_head":"<!-- This site is optimized with the Yoast SEO plugin v26.6 - https:\/\/yoast.com\/wordpress\/plugins\/seo\/ -->\n<title>Our story - Tanovis<\/title>\n<meta name=\"description\" content=\"Discover the story behind Tanovis \u2014 a bioeconomy venture builder shaping sustainable innovation from lignin. Learn why we exist and the impact we\u2019re creating.\" \/>\n<meta name=\"robots\" content=\"index, follow, max-snippet:-1, max-image-preview:large, max-video-preview:-1\" \/>\n<link rel=\"canonical\" href=\"https:\/\/tanovis.com\/tr\/our-story\/\" \/>\n<meta property=\"og:locale\" content=\"tr_TR\" \/>\n<meta property=\"og:type\" content=\"article\" \/>\n<meta property=\"og:title\" content=\"Our story - Tanovis\" \/>\n<meta property=\"og:description\" content=\"Discover the story behind Tanovis \u2014 a bioeconomy venture builder shaping sustainable innovation from lignin. Learn why we exist and the impact we\u2019re creating.\" \/>\n<meta property=\"og:url\" content=\"https:\/\/tanovis.com\/tr\/our-story\/\" \/>\n<meta property=\"og:site_name\" content=\"Tanovis\" \/>\n<meta property=\"article:modified_time\" content=\"2025-12-16T20:21:33+00:00\" \/>\n<meta property=\"og:image\" content=\"https:\/\/tanovis.com\/wp-content\/uploads\/2025\/12\/Meta-9.jpg\" \/>\n\t<meta property=\"og:image:width\" content=\"1024\" \/>\n\t<meta property=\"og:image:height\" content=\"768\" \/>\n\t<meta property=\"og:image:type\" content=\"image\/jpeg\" \/>\n<meta name=\"twitter:card\" content=\"summary_large_image\" \/>\n<meta name=\"twitter:label1\" content=\"Tahmini okuma s\u00fcresi\" \/>\n\t<meta name=\"twitter:data1\" content=\"2 dakika\" \/>\n<script type=\"application\/ld+json\" class=\"yoast-schema-graph\">{\"@context\":\"https:\/\/schema.org\",\"@graph\":[{\"@type\":\"WebPage\",\"@id\":\"https:\/\/tanovis.com\/our-story\/\",\"url\":\"https:\/\/tanovis.com\/our-story\/\",\"name\":\"Our story - Tanovis\",\"isPartOf\":{\"@id\":\"https:\/\/tanovis.com\/#website\"},\"primaryImageOfPage\":{\"@id\":\"https:\/\/tanovis.com\/our-story\/#primaryimage\"},\"image\":{\"@id\":\"https:\/\/tanovis.com\/our-story\/#primaryimage\"},\"thumbnailUrl\":\"https:\/\/tanovis.com\/wp-content\/uploads\/2025\/12\/Meta-9.jpg\",\"datePublished\":\"2025-11-19T09:27:25+00:00\",\"dateModified\":\"2025-12-16T20:21:33+00:00\",\"description\":\"Discover the story behind Tanovis \u2014 a bioeconomy venture builder shaping sustainable innovation from lignin. Learn why we exist and the impact we\u2019re creating.\",\"breadcrumb\":{\"@id\":\"https:\/\/tanovis.com\/our-story\/#breadcrumb\"},\"inLanguage\":\"tr\",\"potentialAction\":[{\"@type\":\"ReadAction\",\"target\":[\"https:\/\/tanovis.com\/our-story\/\"]}]},{\"@type\":\"ImageObject\",\"inLanguage\":\"tr\",\"@id\":\"https:\/\/tanovis.com\/our-story\/#primaryimage\",\"url\":\"https:\/\/tanovis.com\/wp-content\/uploads\/2025\/12\/Meta-9.jpg\",\"contentUrl\":\"https:\/\/tanovis.com\/wp-content\/uploads\/2025\/12\/Meta-9.jpg\",\"width\":1024,\"height\":768},{\"@type\":\"BreadcrumbList\",\"@id\":\"https:\/\/tanovis.com\/our-story\/#breadcrumb\",\"itemListElement\":[{\"@type\":\"ListItem\",\"position\":1,\"name\":\"Home\",\"item\":\"https:\/\/tanovis.com\/\"},{\"@type\":\"ListItem\",\"position\":2,\"name\":\"Our story\"}]},{\"@type\":\"WebSite\",\"@id\":\"https:\/\/tanovis.com\/#website\",\"url\":\"https:\/\/tanovis.com\/\",\"name\":\"Tanovis\",\"description\":\"Building lignin ventures\",\"potentialAction\":[{\"@type\":\"SearchAction\",\"target\":{\"@type\":\"EntryPoint\",\"urlTemplate\":\"https:\/\/tanovis.com\/?s={search_term_string}\"},\"query-input\":{\"@type\":\"PropertyValueSpecification\",\"valueRequired\":true,\"valueName\":\"search_term_string\"}}],\"inLanguage\":\"tr\"}]}<\/script>\n<!-- \/ Yoast SEO plugin. -->","yoast_head_json":{"title":"Our story - Tanovis","description":"Discover the story behind Tanovis \u2014 a bioeconomy venture builder shaping sustainable innovation from lignin. Learn why we exist and the impact we\u2019re creating.","robots":{"index":"index","follow":"follow","max-snippet":"max-snippet:-1","max-image-preview":"max-image-preview:large","max-video-preview":"max-video-preview:-1"},"canonical":"https:\/\/tanovis.com\/tr\/our-story\/","og_locale":"tr_TR","og_type":"article","og_title":"Our story - Tanovis","og_description":"Discover the story behind Tanovis \u2014 a bioeconomy venture builder shaping sustainable innovation from lignin. Learn why we exist and the impact we\u2019re creating.","og_url":"https:\/\/tanovis.com\/tr\/our-story\/","og_site_name":"Tanovis","article_modified_time":"2025-12-16T20:21:33+00:00","og_image":[{"width":1024,"height":768,"url":"https:\/\/tanovis.com\/wp-content\/uploads\/2025\/12\/Meta-9.jpg","type":"image\/jpeg"}],"twitter_card":"summary_large_image","twitter_misc":{"Tahmini okuma s\u00fcresi":"2 dakika"},"schema":{"@context":"https:\/\/schema.org","@graph":[{"@type":"WebPage","@id":"https:\/\/tanovis.com\/our-story\/","url":"https:\/\/tanovis.com\/our-story\/","name":"Our story - Tanovis","isPartOf":{"@id":"https:\/\/tanovis.com\/#website"},"primaryImageOfPage":{"@id":"https:\/\/tanovis.com\/our-story\/#primaryimage"},"image":{"@id":"https:\/\/tanovis.com\/our-story\/#primaryimage"},"thumbnailUrl":"https:\/\/tanovis.com\/wp-content\/uploads\/2025\/12\/Meta-9.jpg","datePublished":"2025-11-19T09:27:25+00:00","dateModified":"2025-12-16T20:21:33+00:00","description":"Discover the story behind Tanovis \u2014 a bioeconomy venture builder shaping sustainable innovation from lignin. Learn why we exist and the impact we\u2019re creating.","breadcrumb":{"@id":"https:\/\/tanovis.com\/our-story\/#breadcrumb"},"inLanguage":"tr","potentialAction":[{"@type":"ReadAction","target":["https:\/\/tanovis.com\/our-story\/"]}]},{"@type":"ImageObject","inLanguage":"tr","@id":"https:\/\/tanovis.com\/our-story\/#primaryimage","url":"https:\/\/tanovis.com\/wp-content\/uploads\/2025\/12\/Meta-9.jpg","contentUrl":"https:\/\/tanovis.com\/wp-content\/uploads\/2025\/12\/Meta-9.jpg","width":1024,"height":768},{"@type":"BreadcrumbList","@id":"https:\/\/tanovis.com\/our-story\/#breadcrumb","itemListElement":[{"@type":"ListItem","position":1,"name":"Home","item":"https:\/\/tanovis.com\/"},{"@type":"ListItem","position":2,"name":"Our story"}]},{"@type":"WebSite","@id":"https:\/\/tanovis.com\/#website","url":"https:\/\/tanovis.com\/","name":"Tanovis","description":"Lignin giri\u015fimleri olu\u015fturma","potentialAction":[{"@type":"SearchAction","target":{"@type":"EntryPoint","urlTemplate":"https:\/\/tanovis.com\/?s={search_term_string}"},"query-input":{"@type":"PropertyValueSpecification","valueRequired":true,"valueName":"search_term_string"}}],"inLanguage":"tr"}]}},"_links":{"self":[{"href":"https:\/\/tanovis.com\/tr\/wp-json\/wp\/v2\/pages\/131","targetHints":{"allow":["GET"]}}],"collection":[{"href":"https:\/\/tanovis.com\/tr\/wp-json\/wp\/v2\/pages"}],"about":[{"href":"https:\/\/tanovis.com\/tr\/wp-json\/wp\/v2\/types\/page"}],"author":[{"embeddable":true,"href":"https:\/\/tanovis.com\/tr\/wp-json\/wp\/v2\/users\/1"}],"replies":[{"embeddable":true,"href":"https:\/\/tanovis.com\/tr\/wp-json\/wp\/v2\/comments?post=131"}],"version-history":[{"count":20,"href":"https:\/\/tanovis.com\/tr\/wp-json\/wp\/v2\/pages\/131\/revisions"}],"predecessor-version":[{"id":916,"href":"https:\/\/tanovis.com\/tr\/wp-json\/wp\/v2\/pages\/131\/revisions\/916"}],"wp:featuredmedia":[{"embeddable":true,"href":"https:\/\/tanovis.com\/tr\/wp-json\/wp\/v2\/media\/623"}],"wp:attachment":[{"href":"https:\/\/tanovis.com\/tr\/wp-json\/wp\/v2\/media?parent=131"}],"curies":[{"name":"wp","href":"https:\/\/api.w.org\/{rel}","templated":true}]}}