{"id":147,"date":"2025-11-19T11:46:22","date_gmt":"2025-11-19T11:46:22","guid":{"rendered":"https:\/\/tanovis.linawang.se\/?page_id=147"},"modified":"2025-12-17T16:43:09","modified_gmt":"2025-12-17T16:43:09","slug":"lignin-as-a-platform","status":"publish","type":"page","link":"https:\/\/tanovis.com\/tr\/lignin-as-a-platform\/","title":{"rendered":"Bir platform olarak lignin"},"content":{"rendered":"<section\n  class=\"tanovis_sub_hero  sub_hero--bg-dark tanovis\"\n  >\n  <div class=\"hero__media\">\n              <img decoding=\"async\" class=\"hero__bg\" src=\"https:\/\/tanovis.com\/wp-content\/uploads\/2025\/11\/Tanovis-sea-underwater-16-9_A.jpg\" alt=\"\" \/>\n    \n    <div class=\"hero__symbol-container tanovis\">\n      <div class=\"hero__symbol\">\n                  <img decoding=\"async\" class=\"hero__symbol\" src=\"https:\/\/tanovis.com\/wp-content\/uploads\/2025\/11\/Tanovis-Industry-9-16.jpg\"\n            alt=\"\" \/>\n              <\/div>\n    <\/div>\n  <\/div>\n\n  <div class=\"hero__content container\">\n          <h1 class=\"hero__title title-lg\">Yar\u0131n\u0131n emtias\u0131 i\u00e7in bug\u00fcn bir platform.<\/h1>\n      <\/div>\n<\/section>\n\n\n<section class=\"text container wysiwyg\" id=\"commodity\" >\n                                      <div class=\"text__preamble  fade-up\">\n            <p class=\"preamble\">Lignin, \u00e7a\u011f\u0131m\u0131z\u0131n en umut verici malzemelerinden biri haline geliyor. Lignini, sekt\u00f6rler aras\u0131nda yeni de\u011fer, yeni performans ve yeni olanaklar sa\u011flayan bir platform olarak g\u00f6r\u00fcyoruz. <\/p>\n          <\/div>\n                                                  <h3 class=\"text__title fade-up\">\n            Yeni emtia          <\/h3>\n                                                  <div class=\"text__body fade-up\">\n            <p><span style=\"font-weight: 400\">Bug\u00fcn: yeterince kullan\u0131lmayan bir do\u011fal kaynak. Yar\u0131n: bir meta. Y\u0131llarca lignin at\u0131k olarak de\u011ferlendirildi. At\u0131lacak ya da yak\u0131lacak bir \u015fey. Bu g\u00f6r\u00fc\u015f ge\u00e7mi\u015fe ait. D\u00fcnya petrokimyasallar\u0131n \u00f6tesine ge\u00e7erken, lignin de ger\u00e7ek anlamda yenilenebilir bir malzeme olarak \u00f6ne \u00e7\u0131k\u0131yor.<\/span><\/p>\n<p>&nbsp;<\/p>\n<p><span style=\"font-weight: 400\">Tanovis'te lignini stratejik bir bile\u015fen olarak ele al\u0131yoruz. Bol miktarda bulunur. \u00c7ok y\u00f6nl\u00fcd\u00fcr. Ve do\u011fas\u0131 gere\u011fi i\u015flevseldir, performans ve s\u00fcrd\u00fcr\u00fclebilirli\u011fin kilidini e\u015fit \u00f6l\u00e7\u00fcde a\u00e7an bir kimya sunar. Geli\u015fmi\u015f ba\u011flay\u0131c\u0131lar ve kaplamalardan biyoaktiflere ve nutras\u00f6tiklere kadar lignin, biyo-bazl\u0131 ekonominin temel ta\u015f\u0131 olarak yerini al\u0131yor. S\u00fcrekli de\u011fi\u015fen bir d\u00fcnyan\u0131n yeni metas\u0131.<\/span><\/p>\n          <\/div>\n                                          <div class=\"text__table fade-up\">\n                          <div class=\"text__table-column\">\n                                                  <p class=\"text__table-header body-md\">LIGNI\u0307NI\u0307N SPOT I\u015eIKLARININ ALTINA GI\u0307RDI\u0307\u011eI\u0307NI\u0307 G\u00d6STEREN I\u0307\u015eARETLER<\/p>\n                                                  <ul class=\"text__table-list\">\n                                                                                        <li class=\"text__table-item\">- \u00dcretimde art\u0131\u015f<\/li>\n                                                                                                              <li class=\"text__table-item\">- Lignin ile ilgili patentlerin say\u0131s\u0131 giderek art\u0131yor<\/li>\n                                                                                                              <li class=\"text__table-item\">- Son y\u0131llarda yay\u0131nlarda g\u00fc\u00e7l\u00fc art\u0131\u015f<\/li>\n                                                                                                              <li class=\"text__table-item\">- T\u00fcm b\u00fcy\u00fck end\u00fcstriyel sekt\u00f6rlerdeki uygulamalar<\/li>\n                                                            <\/ul>\n                              <\/div>\n                      <\/div>\n                    \n<\/section>\n\n\n<section class=\"text container wysiwyg\" id=\"value\" >\n                                      <h3 class=\"text__title fade-up\">\n            De\u011fer yaratma          <\/h3>\n                                                  <div class=\"text__body fade-up\">\n            <p><span style=\"font-weight: 400\">Ger\u00e7ek de\u011fer d\u00f6n\u00fc\u015f\u00fcmden gelir. Bunu, son kullan\u0131mdan ba\u015flayarak geriye do\u011fru \u00e7al\u0131\u015farak bir ama\u00e7 do\u011frultusunda tasarlayarak yarat\u0131yoruz. Geni\u015fleyen grubumuz arac\u0131l\u0131\u011f\u0131yla bilimsel potansiyeli somut sonu\u00e7lara d\u00f6n\u00fc\u015ft\u00fcr\u00fcyoruz. Her giri\u015fim, Tanovis platformunu yeni bir alana geni\u015fletiyor ve temel teknolojimizi hayvan sa\u011fl\u0131\u011f\u0131n\u0131 iyile\u015ftirecek, malzeme performans\u0131n\u0131 art\u0131racak ve insan refah\u0131n\u0131 geli\u015ftirecek \u015fekilde uyguluyor.<\/span><\/p>\n<p>&nbsp;<\/p>\n<p><span style=\"font-weight: 400\">Platformumuz bu \u015fekilde b\u00fcy\u00fcyor. Know-how, fikri m\u00fclkiyet ve s\u00fcre\u00e7 bize ait. Ar-Ge ve giri\u015fim yaratma yoluyla ligninin eri\u015fim alan\u0131n\u0131 geni\u015fletiyoruz. Ve bunu tek bir \u00fcr\u00fcn olarak de\u011fil, sekt\u00f6rler aras\u0131nda etkisi olan bir inovasyon ailesi olarak yap\u0131yoruz. Entegre modelimiz bizi pazarlara yak\u0131n tutuyor ve hammaddeden nihai uygulamaya kadar tutarl\u0131l\u0131k sa\u011fl\u0131yor. Ve sonu\u00e7 \u00f6l\u00e7\u00fclebilir: performans, ticari getiri ve s\u00fcrd\u00fcr\u00fclebilirlik sa\u011flayan \u00e7\u00f6z\u00fcmler.<\/span><\/p>\n          <\/div>\n                                          <div class=\"text__table fade-up\">\n                          <div class=\"text__table-column\">\n                                                  <p class=\"text__table-header body-md\">ORTAK TABANIMIZ: YENI\u0307LENEBI\u0307LI\u0307R HAMMADDELER<\/p>\n                                              <\/div>\n                      <\/div>\n                                                  <div class=\"text__image fade-up\">\n            <img loading=\"lazy\" decoding=\"async\" width=\"1920\" height=\"580\" src=\"https:\/\/tanovis.com\/wp-content\/uploads\/2025\/12\/Our-base-model-beige.jpg\" class=\"text__image-img\" alt=\"\" srcset=\"https:\/\/tanovis.com\/wp-content\/uploads\/2025\/12\/Our-base-model-beige.jpg 1920w, https:\/\/tanovis.com\/wp-content\/uploads\/2025\/12\/Our-base-model-beige-300x91.jpg 300w, https:\/\/tanovis.com\/wp-content\/uploads\/2025\/12\/Our-base-model-beige-1024x309.jpg 1024w, https:\/\/tanovis.com\/wp-content\/uploads\/2025\/12\/Our-base-model-beige-768x232.jpg 768w, https:\/\/tanovis.com\/wp-content\/uploads\/2025\/12\/Our-base-model-beige-1536x464.jpg 1536w\" sizes=\"auto, (max-width: 1920px) 100vw, 1920px\" \/>          <\/div>\n                    \n<\/section>\n\n\n<section class=\"text container wysiwyg\" id=\"technology\" >\n                                      <h3 class=\"text__title fade-up\">\n            Teknolojimiz          <\/h3>\n                                                  <div class=\"text__body fade-up\">\n            <p class=\"p1\">Tanovis'in \u00f6z\u00fcnde, onlarca y\u0131ll\u0131k lignin uzmanl\u0131\u011f\u0131 \u00fczerine in\u015fa edilmi\u015f \u00e7ok y\u00f6nl\u00fc bir teknoloji platformu bulunmaktad\u0131r. \u00c7e\u015fitli biyok\u00fctle hammaddelerini soda ve kraft dahil olmak \u00fczere yerle\u015fik hamurla\u015ft\u0131rma yollar\u0131n\u0131 kullanarak i\u015fliyor ve ola\u011fan\u00fcst\u00fc kalite ve tutarl\u0131l\u0131kta s\u00fclf\u00fcr i\u00e7ermeyen lignini se\u00e7ici olarak izole etmek i\u00e7in tescilli a\u015fa\u011f\u0131 ak\u0131\u015f ay\u0131rma ve safla\u015ft\u0131rma teknolojilerini uyguluyoruz. Hedeflenen kimyasal ve fiziksel modifikasyonlar yoluyla, ligninin \u00f6zelliklerini end\u00fcstriyel ve biyolojik uygulamalar\u0131n \u00f6zel gereksinimlerini kar\u015f\u0131layacak \u015fekilde uyarl\u0131yoruz.<\/p>\n<p>&nbsp;<\/p>\n<p><span style=\"font-weight: 400\">Bu kontrol seviyesi, lignini ger\u00e7ek bir platform bile\u015fenine d\u00f6n\u00fc\u015ft\u00fcren \u015feydir. Uyarlanabilir. Y\u00fcksek performansl\u0131. Ve b\u00fcy\u00fck \u00f6l\u00e7ekli uygulamalar i\u00e7in haz\u0131r. Derin s\u00fcre\u00e7 bilgisi ve inovasyona y\u00f6nelik i\u015fbirlik\u00e7i bir yakla\u015f\u0131mla birle\u015fti\u011finde, kimyay\u0131 yetene\u011fe d\u00f6n\u00fc\u015ft\u00fcr\u00fcyoruz. Yetene\u011fi de etkiye d\u00f6n\u00fc\u015ft\u00fcr\u00fcyoruz. <\/span><\/p>\n          <\/div>\n                    \n<\/section>\n\n\n<section class=\"text container wysiwyg\" >\n  \n<\/section>","protected":false},"excerpt":{"rendered":"","protected":false},"author":1,"featured_media":624,"parent":0,"menu_order":0,"comment_status":"closed","ping_status":"closed","template":"","meta":{"_acf_changed":false,"content-type":"","footnotes":""},"class_list":["post-147","page","type-page","status-publish","has-post-thumbnail","hentry"],"acf":[],"yoast_head":"<!-- This site is optimized with the Yoast SEO plugin v26.6 - https:\/\/yoast.com\/wordpress\/plugins\/seo\/ -->\n<title>Lignin as a platform - Tanovis<\/title>\n<meta name=\"description\" content=\"Discover how lignin becomes a platform for sustainable innovation. Tanovis turns lignin into real-world solutions across materials, animal health and human nutrition.\" \/>\n<meta name=\"robots\" content=\"index, follow, max-snippet:-1, max-image-preview:large, max-video-preview:-1\" \/>\n<link rel=\"canonical\" href=\"https:\/\/tanovis.com\/tr\/lignin-as-a-platform\/\" \/>\n<meta property=\"og:locale\" content=\"tr_TR\" \/>\n<meta property=\"og:type\" content=\"article\" \/>\n<meta property=\"og:title\" content=\"Lignin as a platform - Tanovis\" \/>\n<meta property=\"og:description\" content=\"Discover how lignin becomes a platform for sustainable innovation. Tanovis turns lignin into real-world solutions across materials, animal health and human nutrition.\" \/>\n<meta property=\"og:url\" content=\"https:\/\/tanovis.com\/tr\/lignin-as-a-platform\/\" \/>\n<meta property=\"og:site_name\" content=\"Tanovis\" \/>\n<meta property=\"article:modified_time\" content=\"2025-12-17T16:43:09+00:00\" \/>\n<meta property=\"og:image\" content=\"https:\/\/tanovis.com\/wp-content\/uploads\/2025\/12\/Meta-10.jpg\" \/>\n\t<meta property=\"og:image:width\" content=\"1024\" \/>\n\t<meta property=\"og:image:height\" content=\"768\" \/>\n\t<meta property=\"og:image:type\" content=\"image\/jpeg\" \/>\n<meta name=\"twitter:card\" content=\"summary_large_image\" \/>\n<meta name=\"twitter:label1\" content=\"Tahmini okuma s\u00fcresi\" \/>\n\t<meta name=\"twitter:data1\" content=\"3 dakika\" \/>\n<script type=\"application\/ld+json\" class=\"yoast-schema-graph\">{\"@context\":\"https:\/\/schema.org\",\"@graph\":[{\"@type\":\"WebPage\",\"@id\":\"https:\/\/tanovis.com\/lignin-as-a-platform\/\",\"url\":\"https:\/\/tanovis.com\/lignin-as-a-platform\/\",\"name\":\"Lignin as a platform - Tanovis\",\"isPartOf\":{\"@id\":\"https:\/\/tanovis.com\/#website\"},\"primaryImageOfPage\":{\"@id\":\"https:\/\/tanovis.com\/lignin-as-a-platform\/#primaryimage\"},\"image\":{\"@id\":\"https:\/\/tanovis.com\/lignin-as-a-platform\/#primaryimage\"},\"thumbnailUrl\":\"https:\/\/tanovis.com\/wp-content\/uploads\/2025\/12\/Meta-10.jpg\",\"datePublished\":\"2025-11-19T11:46:22+00:00\",\"dateModified\":\"2025-12-17T16:43:09+00:00\",\"description\":\"Discover how lignin becomes a platform for sustainable innovation. Tanovis turns lignin into real-world solutions across materials, animal health and human nutrition.\",\"breadcrumb\":{\"@id\":\"https:\/\/tanovis.com\/lignin-as-a-platform\/#breadcrumb\"},\"inLanguage\":\"tr\",\"potentialAction\":[{\"@type\":\"ReadAction\",\"target\":[\"https:\/\/tanovis.com\/lignin-as-a-platform\/\"]}]},{\"@type\":\"ImageObject\",\"inLanguage\":\"tr\",\"@id\":\"https:\/\/tanovis.com\/lignin-as-a-platform\/#primaryimage\",\"url\":\"https:\/\/tanovis.com\/wp-content\/uploads\/2025\/12\/Meta-10.jpg\",\"contentUrl\":\"https:\/\/tanovis.com\/wp-content\/uploads\/2025\/12\/Meta-10.jpg\",\"width\":1024,\"height\":768},{\"@type\":\"BreadcrumbList\",\"@id\":\"https:\/\/tanovis.com\/lignin-as-a-platform\/#breadcrumb\",\"itemListElement\":[{\"@type\":\"ListItem\",\"position\":1,\"name\":\"Home\",\"item\":\"https:\/\/tanovis.com\/\"},{\"@type\":\"ListItem\",\"position\":2,\"name\":\"Lignin as a platform\"}]},{\"@type\":\"WebSite\",\"@id\":\"https:\/\/tanovis.com\/#website\",\"url\":\"https:\/\/tanovis.com\/\",\"name\":\"Tanovis\",\"description\":\"Building lignin ventures\",\"potentialAction\":[{\"@type\":\"SearchAction\",\"target\":{\"@type\":\"EntryPoint\",\"urlTemplate\":\"https:\/\/tanovis.com\/?s={search_term_string}\"},\"query-input\":{\"@type\":\"PropertyValueSpecification\",\"valueRequired\":true,\"valueName\":\"search_term_string\"}}],\"inLanguage\":\"tr\"}]}<\/script>\n<!-- \/ Yoast SEO plugin. -->","yoast_head_json":{"title":"Lignin as a platform - Tanovis","description":"Discover how lignin becomes a platform for sustainable innovation. Tanovis turns lignin into real-world solutions across materials, animal health and human nutrition.","robots":{"index":"index","follow":"follow","max-snippet":"max-snippet:-1","max-image-preview":"max-image-preview:large","max-video-preview":"max-video-preview:-1"},"canonical":"https:\/\/tanovis.com\/tr\/lignin-as-a-platform\/","og_locale":"tr_TR","og_type":"article","og_title":"Lignin as a platform - Tanovis","og_description":"Discover how lignin becomes a platform for sustainable innovation. Tanovis turns lignin into real-world solutions across materials, animal health and human nutrition.","og_url":"https:\/\/tanovis.com\/tr\/lignin-as-a-platform\/","og_site_name":"Tanovis","article_modified_time":"2025-12-17T16:43:09+00:00","og_image":[{"width":1024,"height":768,"url":"https:\/\/tanovis.com\/wp-content\/uploads\/2025\/12\/Meta-10.jpg","type":"image\/jpeg"}],"twitter_card":"summary_large_image","twitter_misc":{"Tahmini okuma s\u00fcresi":"3 dakika"},"schema":{"@context":"https:\/\/schema.org","@graph":[{"@type":"WebPage","@id":"https:\/\/tanovis.com\/lignin-as-a-platform\/","url":"https:\/\/tanovis.com\/lignin-as-a-platform\/","name":"Lignin as a platform - Tanovis","isPartOf":{"@id":"https:\/\/tanovis.com\/#website"},"primaryImageOfPage":{"@id":"https:\/\/tanovis.com\/lignin-as-a-platform\/#primaryimage"},"image":{"@id":"https:\/\/tanovis.com\/lignin-as-a-platform\/#primaryimage"},"thumbnailUrl":"https:\/\/tanovis.com\/wp-content\/uploads\/2025\/12\/Meta-10.jpg","datePublished":"2025-11-19T11:46:22+00:00","dateModified":"2025-12-17T16:43:09+00:00","description":"Discover how lignin becomes a platform for sustainable innovation. Tanovis turns lignin into real-world solutions across materials, animal health and human nutrition.","breadcrumb":{"@id":"https:\/\/tanovis.com\/lignin-as-a-platform\/#breadcrumb"},"inLanguage":"tr","potentialAction":[{"@type":"ReadAction","target":["https:\/\/tanovis.com\/lignin-as-a-platform\/"]}]},{"@type":"ImageObject","inLanguage":"tr","@id":"https:\/\/tanovis.com\/lignin-as-a-platform\/#primaryimage","url":"https:\/\/tanovis.com\/wp-content\/uploads\/2025\/12\/Meta-10.jpg","contentUrl":"https:\/\/tanovis.com\/wp-content\/uploads\/2025\/12\/Meta-10.jpg","width":1024,"height":768},{"@type":"BreadcrumbList","@id":"https:\/\/tanovis.com\/lignin-as-a-platform\/#breadcrumb","itemListElement":[{"@type":"ListItem","position":1,"name":"Home","item":"https:\/\/tanovis.com\/"},{"@type":"ListItem","position":2,"name":"Lignin as a platform"}]},{"@type":"WebSite","@id":"https:\/\/tanovis.com\/#website","url":"https:\/\/tanovis.com\/","name":"Tanovis","description":"Lignin giri\u015fimleri olu\u015fturma","potentialAction":[{"@type":"SearchAction","target":{"@type":"EntryPoint","urlTemplate":"https:\/\/tanovis.com\/?s={search_term_string}"},"query-input":{"@type":"PropertyValueSpecification","valueRequired":true,"valueName":"search_term_string"}}],"inLanguage":"tr"}]}},"_links":{"self":[{"href":"https:\/\/tanovis.com\/tr\/wp-json\/wp\/v2\/pages\/147","targetHints":{"allow":["GET"]}}],"collection":[{"href":"https:\/\/tanovis.com\/tr\/wp-json\/wp\/v2\/pages"}],"about":[{"href":"https:\/\/tanovis.com\/tr\/wp-json\/wp\/v2\/types\/page"}],"author":[{"embeddable":true,"href":"https:\/\/tanovis.com\/tr\/wp-json\/wp\/v2\/users\/1"}],"replies":[{"embeddable":true,"href":"https:\/\/tanovis.com\/tr\/wp-json\/wp\/v2\/comments?post=147"}],"version-history":[{"count":103,"href":"https:\/\/tanovis.com\/tr\/wp-json\/wp\/v2\/pages\/147\/revisions"}],"predecessor-version":[{"id":942,"href":"https:\/\/tanovis.com\/tr\/wp-json\/wp\/v2\/pages\/147\/revisions\/942"}],"wp:featuredmedia":[{"embeddable":true,"href":"https:\/\/tanovis.com\/tr\/wp-json\/wp\/v2\/media\/624"}],"wp:attachment":[{"href":"https:\/\/tanovis.com\/tr\/wp-json\/wp\/v2\/media?parent=147"}],"curies":[{"name":"wp","href":"https:\/\/api.w.org\/{rel}","templated":true}]}}