{"id":2,"date":"2025-10-30T10:48:48","date_gmt":"2025-10-30T10:48:48","guid":{"rendered":"https:\/\/tanovis.linawang.se\/?page_id=2"},"modified":"2026-03-04T14:37:32","modified_gmt":"2026-03-04T14:37:32","slug":"sample-page","status":"publish","type":"page","link":"https:\/\/tanovis.com\/tr\/","title":{"rendered":"Tanovis"},"content":{"rendered":"<section class=\"tanovis_hero  bg-default\" >\n  <div class=\"hero__media\">\n          <video class=\"hero__video\" src=\"https:\/\/tanovis.com\/wp-content\/uploads\/2025\/11\/Tanovis-Hero-5.mp4\" autoplay muted loop playsinline><\/video>\n              <img decoding=\"async\" class=\"hero__bg\" src=\"https:\/\/tanovis.com\/wp-content\/uploads\/2025\/12\/Tanovis-color-16-9.jpg\" alt=\"\" \/>\n    \n    <div class=\"hero__symbol-container\">\n              <video class=\"hero__symbol\" src=\"https:\/\/tanovis.com\/wp-content\/uploads\/2025\/11\/Tanovis-Hero-symbol.mp4\" autoplay muted loop\n playsinline><\/video>\n          <\/div>\n  <\/div>\n\n  <div class=\"hero__content container\">\n    \n          <h1 class=\"hero__title title-lg\">Biyo-temelli gelecek i\u00e7in g\u00fc\u00e7l\u00fc bir platform olu\u015fturan, misyon odakl\u0131 bir giri\u015fim kurucusuyuz.<\/h1>\n    \n          <ul class=\"hero__posts\">\n                  <li class=\"hero__post\">\n            <span class=\"bg-decorator\"><\/span>\n            <a href=\"https:\/\/tanovis.com\/tr\/2026\/02\/27\/phytaxis-at-blue-food-innovation-summit\/\" class=\"hero__post-link\">\n              <p class=\"hero__eyebrow eyebrow\">\n                                  <span class=\"hero__post-date\">27 \u015eubat 2026<\/span>\n                              <\/p>\n              <p class=\"hero__post-title body-md\">Phytaxis Mavi G\u0131da \u0130novasyon zirvesinde<\/p>\n            <\/a>\n          <\/li>\n                  <li class=\"hero__post\">\n            <span class=\"bg-decorator\"><\/span>\n            <a href=\"https:\/\/tanovis.com\/tr\/2025\/11\/09\/tanovis-and-fibenol-partnership\/\" class=\"hero__post-link\">\n              <p class=\"hero__eyebrow eyebrow\">\n                                  <span class=\"hero__post-date\">Kas\u0131m 9, 2025<\/span>\n                              <\/p>\n              <p class=\"hero__post-title body-md\">Fibenol ve Tanovis ligninin ticari uygulamalar\u0131n\u0131 geli\u015ftirmek i\u00e7in ortakl\u0131k kurdu<\/p>\n            <\/a>\n          <\/li>\n              <\/ul>\n    \n  <\/div>\n<\/section>\n\n\n<section class=\"quote   bg-default\" >\n  \n  <div class=\"container\">\n        <h3 class=\"quote__text animate-lines preamble\">\n      \u0130svi\u00e7re merkezli bir giri\u015fim kurucusu. Ve bir platform \u015firketi. De\u011fi\u015fim i\u00e7in bir platform olarak lignin ile biyo-bazl\u0131 ekonominin \u00f6n saflar\u0131nda faaliyet g\u00f6steriyoruz. Giri\u015fimlerimiz pazarlara ve end\u00fcstrilere yeni y\u00fcksek performansl\u0131 \u00e7\u00f6z\u00fcmler getirerek biyo-bazl\u0131 bir gelece\u011fe ge\u00e7i\u015fin daha h\u0131zl\u0131 ger\u00e7ekle\u015fmesini sa\u011fl\u0131yor. Ve daha geni\u015f bir \u00f6l\u00e7ekte.<br \/>\r\n    <\/h3>\n          <\/div>\n\n<\/section>\n\n\n<section class=\"gallery  bg-default\" >\n  <div class=\"gallery__images layout-three\">\n          <div class=\"grid-item\">\n        <div class=\"image-1 cutout cutout-image aspect-ratio-16-9 cutout-top-right\" data-speed=\"1.1\">\n          <img decoding=\"async\" src=\"https:\/\/tanovis.com\/wp-content\/uploads\/2025\/11\/Tanovis-city-1-1.jpg\" alt=\"\" data-speed=\"1.1\">\n        <\/div>\n        <h3 class=\"gallery__text title-md\" data-speed=\"1.1\">\n          Yar\u0131n\u0131n emtias\u0131 i\u00e7in bug\u00fcnden bir platform in\u015fa etmek.        <\/h3>\n        <div class=\"image-2 cutout cutout-image aspect-ratio-16-9 cutout-top-right\" data-speed=\"1.3\">\n          <img decoding=\"async\" src=\"https:\/\/tanovis.com\/wp-content\/uploads\/2025\/11\/Tanovis-Industry-3-4.jpg\" alt=\"\" data-speed=\"0.9\">\n        <\/div>\n      <\/div>\n\n      <div class=\"grid-item\" data-speed=\"0.9\">\n        <div class=\"image-3 cutout cutout-image aspect-ratio-16-9 cutout-top-right\">\n          <img decoding=\"async\" src=\"https:\/\/tanovis.com\/wp-content\/uploads\/2025\/11\/tanovis-field-animals-4-3.jpg\" alt=\"\" data-speed=\"0.9\">\n        <\/div>\n        <div class=\"image-4 cutout cutout-image aspect-ratio-3-4 cutout-top-right\">\n          <img decoding=\"async\" src=\"https:\/\/tanovis.com\/wp-content\/uploads\/2025\/11\/Tanovis-street-16-9_A.jpg\" alt=\"\" data-speed=\"1.1\">\n        <\/div>\n      <\/div>\n\n\n      <\/div>\n\n      <div class=\"gallery__link container\">\n          <a href=\"https:\/\/tanovis.com\/tr\/lignin-as-a-platform\/\" class=\"link\" >\n      Lignini ke\u015ffedin <span class=\"link__arrow\"><svg width=\"14\" height=\"17\" viewbox=\"0 0 14 17\" fill=\"none\"\n          xmlns=\"http:\/\/www.w3.org\/2000\/svg\">\n          <path d=\"M0 17V0L14 8.5L0 17Z\" fill=\"currentColor\" \/>\n        <\/svg>\n      <\/span>\n    <\/a>\n    <\/div>\n  <\/section>\n\n<section class=\"horizontal-posts\" >\n\n  <div class=\"horizontal-posts__background\">\n                        <img decoding=\"async\" class=\"horizontal-posts__background-image\" src=\"https:\/\/tanovis.com\/wp-content\/uploads\/2025\/11\/Tanovis-sea-above-16-9.jpg\" alt=\"\" \/>\n            <\/div>\n\n  <div class=\"container\">\n    <h2 class=\"horizontal-posts__title title-md\">Son Haberler<\/h2>\n  <\/div>\n\n      <div class=\"horizontal-posts__inner\" style=\"width: 500vw;\">\n              <div class=\"horizontal-posts__item-wrapper\">\n          \n<article class=\"post-card cutout aspect-ratio-9-16 cutout-bottom-right\">\n  <a class=\"post-card__content\" href=\"https:\/\/tanovis.com\/tr\/2026\/02\/27\/phytaxis-at-blue-food-innovation-summit\/\">\n    <h3 class=\"post-card__title\">Phytaxis Mavi G\u0131da \u0130novasyon zirvesinde<\/h3>\n\n    <p class=\"post-card__excerpt body-md\">\n      \u0130ki y\u0131l boyunca etkinli\u011fe delege olarak kat\u0131lan Phytaxis, bu y\u0131l Gold Partner olarak kat\u0131l\u0131yor.    <\/p>\n  <\/a>\n<\/article>        <\/div>\n              <div class=\"horizontal-posts__item-wrapper\">\n          \n<article class=\"post-card cutout aspect-ratio-9-16 cutout-bottom-right\">\n  <a class=\"post-card__content\" href=\"https:\/\/tanovis.com\/tr\/2025\/12\/09\/phytaxis-is-expanding-the-business-networks-in-latin-america-europe-and-asia\/\">\n    <h3 class=\"post-card__title\">Phytaxis Latin Amerika, Avrupa ve Asya'daki i\u015f a\u011flar\u0131n\u0131 geni\u015fletiyor<\/h3>\n\n    <p class=\"post-card__excerpt body-md\">\n      Y\u0131l boyunca Phytaxis, a\u011f\u0131n\u0131 b\u00f6lgeler aras\u0131nda geni\u015fletme ve s\u00fcrd\u00fcr\u00fclebilir hayvan sa\u011fl\u0131\u011f\u0131 \u00e7\u00f6z\u00fcmlerinde yeni i\u015f f\u0131rsatlar\u0131 elde etme konusunda aktif olmu\u015ftur.    <\/p>\n  <\/a>\n<\/article>        <\/div>\n              <div class=\"horizontal-posts__item-wrapper\">\n          \n<article class=\"post-card cutout aspect-ratio-9-16 cutout-bottom-right\">\n  <a class=\"post-card__content\" href=\"https:\/\/tanovis.com\/tr\/2025\/11\/09\/tanovis-and-fibenol-partnership\/\">\n    <h3 class=\"post-card__title\">Fibenol ve Tanovis ligninin ticari uygulamalar\u0131n\u0131 geli\u015ftirmek i\u00e7in ortakl\u0131k kurdu<\/h3>\n\n    <p class=\"post-card__excerpt body-md\">\n      Estonyal\u0131 temiz teknoloji \u015firketi Fibenol Imavere O\u00dc ve \u0130svi\u00e7re merkezli Tanovis AG, yenilenebilir ve fosil i\u00e7ermeyen bir biyomalzeme olan ligninin ticari kullan\u0131m\u0131n\u0131 h\u0131zland\u0131rmak i\u00e7in g\u00fc\u00e7lerini birle\u015ftiriyor.    <\/p>\n  <\/a>\n<\/article>        <\/div>\n              <div class=\"horizontal-posts__item-wrapper\">\n          \n<article class=\"post-card cutout aspect-ratio-9-16 cutout-bottom-right\">\n  <a class=\"post-card__content\" href=\"https:\/\/tanovis.com\/tr\/2025\/02\/02\/making-the-transition-into-a-bio-based-future-happen-faster\/\">\n    <h3 class=\"post-card__title\">Phytaxis bal\u0131k yeti\u015ftiricili\u011fine daha geni\u015f bir bak\u0131\u015f a\u00e7\u0131s\u0131 getiriyor.<\/h3>\n\n    <p class=\"post-card__excerpt body-md\">\n      International Aqua Feed'deki bu r\u00f6portajda Phytaxis CEO'su Charles Walser, antibiyotik kullan\u0131m\u0131n\u0131 azaltmaya ve performans\u0131 art\u0131rmaya g\u00fc\u00e7l\u00fc bir \u015fekilde odaklanarak daha s\u00fcrd\u00fcr\u00fclebilir bal\u0131k yeti\u015ftiricili\u011fine ge\u00e7i\u015fi h\u0131zland\u0131rd\u0131klar\u0131n\u0131 a\u00e7\u0131kl\u0131yor.    <\/p>\n  <\/a>\n<\/article>        <\/div>\n              <div class=\"horizontal-posts__item-wrapper\">\n          \n<article class=\"post-card cutout aspect-ratio-9-16 cutout-bottom-right\">\n  <a class=\"post-card__content\" href=\"https:\/\/tanovis.com\/tr\/2025\/01\/09\/animal-health-sustainable-demand\/\">\n    <h3 class=\"post-card__title\">Hayvan sa\u011fl\u0131\u011f\u0131 alan\u0131nda yeni s\u00fcrd\u00fcr\u00fclebilir \u00e7\u00f6z\u00fcmlere y\u00f6nelik artan talep.<\/h3>\n\n    <p class=\"post-card__excerpt body-md\">\n      Medyada bu e\u011filimlerle ilgili artan say\u0131da haberle birlikte \u00e7iftlik hayvanlar\u0131ndan elde edilen proteine olan talebin azald\u0131\u011f\u0131 izlenimine kap\u0131labilirsiniz.  Ancak Birle\u015fmi\u015f Milletler G\u0131da ve Tar\u0131m \u00d6rg\u00fct\u00fc'n\u00fcn tahminleri farkl\u0131 bir hikaye anlat\u0131yor.    <\/p>\n  <\/a>\n<\/article>        <\/div>\n          <\/div>\n  \n<\/section>\n\n\n<section class=\"text container wysiwyg\" >\n  \n<\/section>","protected":false},"excerpt":{"rendered":"","protected":false},"author":1,"featured_media":615,"parent":0,"menu_order":0,"comment_status":"closed","ping_status":"open","template":"","meta":{"_acf_changed":false,"content-type":"","footnotes":""},"class_list":["post-2","page","type-page","status-publish","has-post-thumbnail","hentry"],"acf":[],"yoast_head":"<!-- This site is optimized with the Yoast SEO plugin v26.6 - https:\/\/yoast.com\/wordpress\/plugins\/seo\/ -->\n<title>Tanovis - Tanovis<\/title>\n<meta name=\"description\" content=\"A Swiss-based venture builder. And a platform company. With lignin as a platformfor change, we operate at the forefront of the bio-based economy. Our venturesbring new high-performance solutions to markets and industries, making thetransition into a bio-based future happen faster. And on a broader scale.\" \/>\n<meta name=\"robots\" content=\"index, follow, max-snippet:-1, max-image-preview:large, max-video-preview:-1\" \/>\n<link rel=\"canonical\" href=\"https:\/\/tanovis.com\/tr\/\" \/>\n<meta property=\"og:locale\" content=\"tr_TR\" \/>\n<meta property=\"og:type\" content=\"article\" \/>\n<meta property=\"og:title\" content=\"Tanovis - Tanovis\" \/>\n<meta property=\"og:description\" content=\"A Swiss-based venture builder. And a platform company. With lignin as a platformfor change, we operate at the forefront of the bio-based economy. Our venturesbring new high-performance solutions to markets and industries, making thetransition into a bio-based future happen faster. And on a broader scale.\" \/>\n<meta property=\"og:url\" content=\"https:\/\/tanovis.com\/tr\/\" \/>\n<meta property=\"og:site_name\" content=\"Tanovis\" \/>\n<meta property=\"article:modified_time\" content=\"2026-03-04T14:37:32+00:00\" \/>\n<meta property=\"og:image\" content=\"https:\/\/tanovis.com\/wp-content\/uploads\/2025\/12\/Meta-1.jpg\" \/>\n\t<meta property=\"og:image:width\" content=\"1024\" \/>\n\t<meta property=\"og:image:height\" content=\"768\" \/>\n\t<meta property=\"og:image:type\" content=\"image\/jpeg\" \/>\n<meta name=\"twitter:card\" content=\"summary_large_image\" \/>\n<meta name=\"twitter:label1\" content=\"Tahmini okuma s\u00fcresi\" \/>\n\t<meta name=\"twitter:data1\" content=\"2 dakika\" \/>\n<script type=\"application\/ld+json\" class=\"yoast-schema-graph\">{\"@context\":\"https:\/\/schema.org\",\"@graph\":[{\"@type\":\"WebPage\",\"@id\":\"https:\/\/tanovis.com\/\",\"url\":\"https:\/\/tanovis.com\/\",\"name\":\"Tanovis - Tanovis\",\"isPartOf\":{\"@id\":\"https:\/\/tanovis.com\/#website\"},\"primaryImageOfPage\":{\"@id\":\"https:\/\/tanovis.com\/#primaryimage\"},\"image\":{\"@id\":\"https:\/\/tanovis.com\/#primaryimage\"},\"thumbnailUrl\":\"https:\/\/tanovis.com\/wp-content\/uploads\/2025\/12\/Meta-1.jpg\",\"datePublished\":\"2025-10-30T10:48:48+00:00\",\"dateModified\":\"2026-03-04T14:37:32+00:00\",\"description\":\"A Swiss-based venture builder. And a platform company. With lignin as a platformfor change, we operate at the forefront of the bio-based economy. Our venturesbring new high-performance solutions to markets and industries, making thetransition into a bio-based future happen faster. And on a broader scale.\",\"breadcrumb\":{\"@id\":\"https:\/\/tanovis.com\/#breadcrumb\"},\"inLanguage\":\"tr\",\"potentialAction\":[{\"@type\":\"ReadAction\",\"target\":[\"https:\/\/tanovis.com\/\"]}]},{\"@type\":\"ImageObject\",\"inLanguage\":\"tr\",\"@id\":\"https:\/\/tanovis.com\/#primaryimage\",\"url\":\"https:\/\/tanovis.com\/wp-content\/uploads\/2025\/12\/Meta-1.jpg\",\"contentUrl\":\"https:\/\/tanovis.com\/wp-content\/uploads\/2025\/12\/Meta-1.jpg\",\"width\":1024,\"height\":768,\"caption\":\"Tanovis startpage\"},{\"@type\":\"BreadcrumbList\",\"@id\":\"https:\/\/tanovis.com\/#breadcrumb\",\"itemListElement\":[{\"@type\":\"ListItem\",\"position\":1,\"name\":\"Home\",\"item\":\"https:\/\/tanovis.com\/\"},{\"@type\":\"ListItem\",\"position\":2,\"name\":\"Tanovis\"}]},{\"@type\":\"WebSite\",\"@id\":\"https:\/\/tanovis.com\/#website\",\"url\":\"https:\/\/tanovis.com\/\",\"name\":\"Tanovis\",\"description\":\"Building lignin ventures\",\"potentialAction\":[{\"@type\":\"SearchAction\",\"target\":{\"@type\":\"EntryPoint\",\"urlTemplate\":\"https:\/\/tanovis.com\/?s={search_term_string}\"},\"query-input\":{\"@type\":\"PropertyValueSpecification\",\"valueRequired\":true,\"valueName\":\"search_term_string\"}}],\"inLanguage\":\"tr\"}]}<\/script>\n<!-- \/ Yoast SEO plugin. -->","yoast_head_json":{"title":"Tanovis - Tanovis","description":"A Swiss-based venture builder. And a platform company. With lignin as a platformfor change, we operate at the forefront of the bio-based economy. Our venturesbring new high-performance solutions to markets and industries, making thetransition into a bio-based future happen faster. And on a broader scale.","robots":{"index":"index","follow":"follow","max-snippet":"max-snippet:-1","max-image-preview":"max-image-preview:large","max-video-preview":"max-video-preview:-1"},"canonical":"https:\/\/tanovis.com\/tr\/","og_locale":"tr_TR","og_type":"article","og_title":"Tanovis - Tanovis","og_description":"A Swiss-based venture builder. And a platform company. With lignin as a platformfor change, we operate at the forefront of the bio-based economy. Our venturesbring new high-performance solutions to markets and industries, making thetransition into a bio-based future happen faster. And on a broader scale.","og_url":"https:\/\/tanovis.com\/tr\/","og_site_name":"Tanovis","article_modified_time":"2026-03-04T14:37:32+00:00","og_image":[{"width":1024,"height":768,"url":"https:\/\/tanovis.com\/wp-content\/uploads\/2025\/12\/Meta-1.jpg","type":"image\/jpeg"}],"twitter_card":"summary_large_image","twitter_misc":{"Tahmini okuma s\u00fcresi":"2 dakika"},"schema":{"@context":"https:\/\/schema.org","@graph":[{"@type":"WebPage","@id":"https:\/\/tanovis.com\/","url":"https:\/\/tanovis.com\/","name":"Tanovis - Tanovis","isPartOf":{"@id":"https:\/\/tanovis.com\/#website"},"primaryImageOfPage":{"@id":"https:\/\/tanovis.com\/#primaryimage"},"image":{"@id":"https:\/\/tanovis.com\/#primaryimage"},"thumbnailUrl":"https:\/\/tanovis.com\/wp-content\/uploads\/2025\/12\/Meta-1.jpg","datePublished":"2025-10-30T10:48:48+00:00","dateModified":"2026-03-04T14:37:32+00:00","description":"A Swiss-based venture builder. And a platform company. With lignin as a platformfor change, we operate at the forefront of the bio-based economy. Our venturesbring new high-performance solutions to markets and industries, making thetransition into a bio-based future happen faster. And on a broader scale.","breadcrumb":{"@id":"https:\/\/tanovis.com\/#breadcrumb"},"inLanguage":"tr","potentialAction":[{"@type":"ReadAction","target":["https:\/\/tanovis.com\/"]}]},{"@type":"ImageObject","inLanguage":"tr","@id":"https:\/\/tanovis.com\/#primaryimage","url":"https:\/\/tanovis.com\/wp-content\/uploads\/2025\/12\/Meta-1.jpg","contentUrl":"https:\/\/tanovis.com\/wp-content\/uploads\/2025\/12\/Meta-1.jpg","width":1024,"height":768,"caption":"Tanovis startpage"},{"@type":"BreadcrumbList","@id":"https:\/\/tanovis.com\/#breadcrumb","itemListElement":[{"@type":"ListItem","position":1,"name":"Home","item":"https:\/\/tanovis.com\/"},{"@type":"ListItem","position":2,"name":"Tanovis"}]},{"@type":"WebSite","@id":"https:\/\/tanovis.com\/#website","url":"https:\/\/tanovis.com\/","name":"Tanovis","description":"Lignin giri\u015fimleri olu\u015fturma","potentialAction":[{"@type":"SearchAction","target":{"@type":"EntryPoint","urlTemplate":"https:\/\/tanovis.com\/?s={search_term_string}"},"query-input":{"@type":"PropertyValueSpecification","valueRequired":true,"valueName":"search_term_string"}}],"inLanguage":"tr"}]}},"_links":{"self":[{"href":"https:\/\/tanovis.com\/tr\/wp-json\/wp\/v2\/pages\/2","targetHints":{"allow":["GET"]}}],"collection":[{"href":"https:\/\/tanovis.com\/tr\/wp-json\/wp\/v2\/pages"}],"about":[{"href":"https:\/\/tanovis.com\/tr\/wp-json\/wp\/v2\/types\/page"}],"author":[{"embeddable":true,"href":"https:\/\/tanovis.com\/tr\/wp-json\/wp\/v2\/users\/1"}],"replies":[{"embeddable":true,"href":"https:\/\/tanovis.com\/tr\/wp-json\/wp\/v2\/comments?post=2"}],"version-history":[{"count":72,"href":"https:\/\/tanovis.com\/tr\/wp-json\/wp\/v2\/pages\/2\/revisions"}],"predecessor-version":[{"id":1029,"href":"https:\/\/tanovis.com\/tr\/wp-json\/wp\/v2\/pages\/2\/revisions\/1029"}],"wp:featuredmedia":[{"embeddable":true,"href":"https:\/\/tanovis.com\/tr\/wp-json\/wp\/v2\/media\/615"}],"wp:attachment":[{"href":"https:\/\/tanovis.com\/tr\/wp-json\/wp\/v2\/media?parent=2"}],"curies":[{"name":"wp","href":"https:\/\/api.w.org\/{rel}","templated":true}]}}