{"id":706,"date":"2025-12-02T09:47:59","date_gmt":"2025-12-02T09:47:59","guid":{"rendered":"https:\/\/tanovis.linawang.se\/?page_id=706"},"modified":"2025-12-22T20:09:59","modified_gmt":"2025-12-22T20:09:59","slug":"collaborate-with-us","status":"publish","type":"page","link":"https:\/\/tanovis.com\/tr\/collaborate-with-us\/","title":{"rendered":"Bizimle i\u015fbirli\u011fi yap\u0131n"},"content":{"rendered":"<section\n  class=\"tanovis_sub_hero  sub_hero--bg-dark none\"\n  >\n  <div class=\"hero__media\">\n              <img decoding=\"async\" class=\"hero__bg\" src=\"https:\/\/tanovis.com\/wp-content\/uploads\/2025\/11\/Tanovis-sea-above-16-9.jpg\" alt=\"\" \/>\n    \n    <div class=\"hero__symbol-container none\">\n      <div class=\"hero__symbol\">\n              <\/div>\n    <\/div>\n  <\/div>\n\n  <div class=\"hero__content container\">\n          <h1 class=\"hero__title title-lg\">Biyo-temelli bir gelece\u011fe do\u011fru birlikte.<\/h1>\n      <\/div>\n<\/section>\n\n\n<section class=\"hubspot-form container bg-accent\" id=\"invest\" >\n  <div class=\"hubspot-form__inner\">\n    <div class=\"hubspot-form__content\">\n      <h2 class=\"hubspot-form__title title-md\">Gelece\u011fi birlikte in\u015fa edelim. Bize yat\u0131r\u0131m yap\u0131n.<\/h2>\n      <p class=\"hubspot-form__text body-md\">Bilim, i\u015f d\u00fcnyas\u0131 ve uzun vadeli etki alanlar\u0131n\u0131n kesi\u015fim noktas\u0131nda \u00e7al\u0131\u015f\u0131yoruz. Ger\u00e7ek teknolojiye dayal\u0131, \u00f6l\u00e7eklenebilir giri\u015fimler, net pazarlar ve inovasyondan de\u011fer yaratmaya uzanan g\u00fcvenilir bir yol arayan bir yat\u0131r\u0131mc\u0131ysan\u0131z, sizinle g\u00f6r\u00fc\u015fmeliyiz. Bu, biyo-temelli bir gelecek i\u00e7in kal\u0131c\u0131 i\u015fler kurmakla ilgilidir. <\/p>\n    <\/div>\n          <style id=\"wpforms-css-vars-958\">\n\t\t\t\t#wpforms-958 {\n\t\t\t\t--wpforms-field-size-input-height: 43px;\n--wpforms-field-size-input-spacing: 15px;\n--wpforms-field-size-font-size: 16px;\n--wpforms-field-size-line-height: 19px;\n--wpforms-field-size-padding-h: 14px;\n--wpforms-field-size-checkbox-size: 16px;\n--wpforms-field-size-sublabel-spacing: 5px;\n--wpforms-field-size-icon-size: 1;\n--wpforms-label-size-font-size: 16px;\n--wpforms-label-size-line-height: 19px;\n--wpforms-label-size-sublabel-font-size: 14px;\n--wpforms-label-size-sublabel-line-height: 17px;\n--wpforms-button-size-font-size: 17px;\n--wpforms-button-size-height: 41px;\n--wpforms-button-size-padding-h: 15px;\n--wpforms-button-size-margin-top: 10px;\n--wpforms-container-shadow-size-box-shadow: none;\n\t\t\t}\n\t\t\t<\/style><div class=\"wpforms-container wpforms-container-full wpforms-render-modern\" id=\"wpforms-958\"><form id=\"wpforms-form-958\" class=\"wpforms-validate wpforms-form wpforms-ajax-form\" data-formid=\"958\" method=\"post\" enctype=\"multipart\/form-data\" action=\"\/tr\/wp-json\/wp\/v2\/pages\/706\" data-token=\"a97f5e22f04571af9a00d2b7b320f6a8\" data-token-time=\"1776484127\" data-trp-original-action=\"\/tr\/wp-json\/wp\/v2\/pages\/706\"><noscript class=\"wpforms-error-noscript\">Bu formu bitirebilmek i\u00e7in taray\u0131c\u0131n\u0131zda JavaScript&#039;i etkinle\u015ftirin.<\/noscript><div id=\"wpforms-error-noscript\" style=\"display: none;\">Bu formu bitirebilmek i\u00e7in taray\u0131c\u0131n\u0131zda JavaScript&#039;i etkinle\u015ftirin.<\/div><div class=\"wpforms-field-container\">\t\t<div id=\"wpforms-958-field_1-container\"\n\t\t\tclass=\"wpforms-field wpforms-field-text\"\n\t\t\tdata-field-type=\"text\"\n\t\t\tdata-field-id=\"1\"\n\t\t\t>\n\t\t\t<label class=\"wpforms-field-label\" for=\"wpforms-958-field_1\" >E-posta<\/label>\n\t\t\t<input type=\"text\" id=\"wpforms-958-field_1\" class=\"wpforms-field-medium\" name=\"wpforms[fields][1]\" >\n\t\t<\/div>\n\t\t<div id=\"wpforms-958-field_2-container\" class=\"wpforms-field wpforms-field-email\" data-field-id=\"2\"><label class=\"wpforms-field-label\" for=\"wpforms-958-field_2\">E-posta <span class=\"wpforms-required-label\" aria-hidden=\"true\">*<\/span><\/label><input type=\"email\" id=\"wpforms-958-field_2\" class=\"wpforms-field-medium wpforms-field-required\" name=\"wpforms[fields][2]\" spellcheck=\"false\" aria-errormessage=\"wpforms-958-field_2-error\" required><\/div><script>\n\t\t\t\t( function() {\n\t\t\t\t\tconst style = document.createElement( 'style' );\n\t\t\t\t\tstyle.appendChild( document.createTextNode( '#wpforms-958-field_1-container { position: absolute !important; overflow: hidden !important; display: inline !important; height: 1px !important; width: 1px !important; z-index: -1000 !important; padding: 0 !important; } #wpforms-958-field_1-container input { visibility: hidden; } #wpforms-conversational-form-page #wpforms-958-field_1-container label { counter-increment: none; }' ) );\n\t\t\t\t\tdocument.head.appendChild( style );\n\t\t\t\t\tdocument.currentScript?.remove();\n\t\t\t\t} )();\n\t\t\t<\/script><\/div><!-- .wpforms-field-container --><div class=\"wpforms-submit-container\" ><input type=\"hidden\" name=\"wpforms[id]\" value=\"958\"><input type=\"hidden\" name=\"page_title\" value=\"\"><input type=\"hidden\" name=\"page_url\" value=\"https:\/\/tanovis.com\/tr\/wp-json\/wp\/v2\/pages\/706\"><input type=\"hidden\" name=\"url_referer\" value=\"\"><button type=\"submit\" name=\"wpforms[submit]\" id=\"wpforms-submit-958\" class=\"wpforms-submit\" data-alt-text=\"Sending...\" data-submit-text=\"Submit\" aria-live=\"assertive\" value=\"wpforms-submit\">G\u00f6nder<\/button><img loading=\"lazy\" decoding=\"async\" src=\"https:\/\/tanovis.com\/wp-content\/plugins\/wpforms\/assets\/images\/submit-spin.svg\" class=\"wpforms-submit-spinner\" style=\"display: none;\" width=\"26\" height=\"26\" alt=\"Y\u00fckleniyor\"><\/div><input type=\"hidden\" name=\"trp-form-language\" value=\"tr\"\/><\/form><\/div>  <!-- .wpforms-container -->\n      <\/div>\n<\/section>\n\n\n<section class=\"hubspot-form container bg-accent\" id=\"partner\" >\n  <div class=\"hubspot-form__inner\">\n    <div class=\"hubspot-form__content\">\n      <h2 class=\"hubspot-form__title title-md\">H\u0131rs\u0131 uygulamaya d\u00f6n\u00fc\u015ft\u00fcrelim. Ortak olun. <\/h2>\n      <p class=\"hubspot-form__text body-md\">\u0130lerleme, birbirini tamamlayan g\u00fc\u00e7lerin bir araya gelmesiyle ger\u00e7ekle\u015fir. Ger\u00e7ek d\u00fcnyayla ilgili biyo-bazl\u0131 \u00e7\u00f6z\u00fcmler geli\u015ftirmek, \u00f6l\u00e7eklendirmek veya entegre etmek isteyen ortaklarla i\u015fbirli\u011fi yap\u0131yoruz. \u0130ster birlikte yeni kategoriler geli\u015ftirmek, pilot uygulamalar yapmak, lisans almak ister ke\u015ffetmek istiyor olun, en iyi sonu\u00e7lar\u0131n birlikte \u00e7al\u0131\u015farak elde edildi\u011fine inan\u0131yoruz.<\/p>\n    <\/div>\n          <style id=\"wpforms-css-vars-896\">\n\t\t\t\t#wpforms-896 {\n\t\t\t\t--wpforms-field-size-input-height: 43px;\n--wpforms-field-size-input-spacing: 15px;\n--wpforms-field-size-font-size: 16px;\n--wpforms-field-size-line-height: 19px;\n--wpforms-field-size-padding-h: 14px;\n--wpforms-field-size-checkbox-size: 16px;\n--wpforms-field-size-sublabel-spacing: 5px;\n--wpforms-field-size-icon-size: 1;\n--wpforms-label-size-font-size: 16px;\n--wpforms-label-size-line-height: 19px;\n--wpforms-label-size-sublabel-font-size: 14px;\n--wpforms-label-size-sublabel-line-height: 17px;\n--wpforms-button-size-font-size: 17px;\n--wpforms-button-size-height: 41px;\n--wpforms-button-size-padding-h: 15px;\n--wpforms-button-size-margin-top: 10px;\n--wpforms-container-shadow-size-box-shadow: none;\n\t\t\t}\n\t\t\t<\/style><div class=\"wpforms-container wpforms-container-full wpforms-render-modern\" id=\"wpforms-896\"><form id=\"wpforms-form-896\" class=\"wpforms-validate wpforms-form wpforms-ajax-form\" data-formid=\"896\" method=\"post\" enctype=\"multipart\/form-data\" action=\"\/tr\/wp-json\/wp\/v2\/pages\/706\" data-token=\"7557e9498bb5e5c942a78dfd46b0f366\" data-token-time=\"1776484127\" data-trp-original-action=\"\/tr\/wp-json\/wp\/v2\/pages\/706\"><noscript class=\"wpforms-error-noscript\">Bu formu bitirebilmek i\u00e7in taray\u0131c\u0131n\u0131zda JavaScript&#039;i etkinle\u015ftirin.<\/noscript><div id=\"wpforms-error-noscript\" style=\"display: none;\">Bu formu bitirebilmek i\u00e7in taray\u0131c\u0131n\u0131zda JavaScript&#039;i etkinle\u015ftirin.<\/div><div class=\"wpforms-field-container\"><div id=\"wpforms-896-field_5-container\" class=\"wpforms-field wpforms-field-text\" data-field-id=\"5\"><label class=\"wpforms-field-label\" for=\"wpforms-896-field_5\">\u015eirket <span class=\"wpforms-required-label\" aria-hidden=\"true\">*<\/span><\/label><input type=\"text\" id=\"wpforms-896-field_5\" class=\"wpforms-field-medium wpforms-field-required\" name=\"wpforms[fields][5]\" aria-errormessage=\"wpforms-896-field_5-error\" required><\/div><div id=\"wpforms-896-field_2-container\" class=\"wpforms-field wpforms-field-email\" data-field-id=\"2\"><label class=\"wpforms-field-label\" for=\"wpforms-896-field_2\">E-posta <span class=\"wpforms-required-label\" aria-hidden=\"true\">*<\/span><\/label><input type=\"email\" id=\"wpforms-896-field_2\" class=\"wpforms-field-medium wpforms-field-required\" name=\"wpforms[fields][2]\" spellcheck=\"false\" aria-errormessage=\"wpforms-896-field_2-error\" required><\/div>\t\t<div id=\"wpforms-896-field_3-container\"\n\t\t\tclass=\"wpforms-field wpforms-field-text\"\n\t\t\tdata-field-type=\"text\"\n\t\t\tdata-field-id=\"3\"\n\t\t\t>\n\t\t\t<label class=\"wpforms-field-label\" for=\"wpforms-896-field_3\" >\u015eirket Numaralar\u0131 E-posta<\/label>\n\t\t\t<input type=\"text\" id=\"wpforms-896-field_3\" class=\"wpforms-field-medium\" name=\"wpforms[fields][3]\" >\n\t\t<\/div>\n\t\t<div id=\"wpforms-896-field_1-container\" class=\"wpforms-field wpforms-field-name\" data-field-id=\"1\"><fieldset><legend class=\"wpforms-field-label\">\u0130sim <span class=\"wpforms-required-label\" aria-hidden=\"true\">*<\/span><\/legend><div class=\"wpforms-field-row wpforms-field-medium\"><div class=\"wpforms-field-row-block wpforms-first wpforms-one-half\"><input type=\"text\" id=\"wpforms-896-field_1\" class=\"wpforms-field-name-first wpforms-field-required\" name=\"wpforms[fields][1][first]\" aria-errormessage=\"wpforms-896-field_1-error\" required><label for=\"wpforms-896-field_1\" class=\"wpforms-field-sublabel after\">Ad<\/label><\/div><div class=\"wpforms-field-row-block wpforms-one-half\"><input type=\"text\" id=\"wpforms-896-field_1-last\" class=\"wpforms-field-name-last wpforms-field-required\" name=\"wpforms[fields][1][last]\" aria-errormessage=\"wpforms-896-field_1-last-error\" required><label for=\"wpforms-896-field_1-last\" class=\"wpforms-field-sublabel after\">Soyad<\/label><\/div><\/div><\/fieldset><\/div><div id=\"wpforms-896-field_6-container\" class=\"wpforms-field wpforms-field-number\" data-field-id=\"6\"><label class=\"wpforms-field-label\" for=\"wpforms-896-field_6\">Say\u0131lar<\/label><input type=\"number\" id=\"wpforms-896-field_6\" class=\"wpforms-field-medium\" name=\"wpforms[fields][6]\" step=\"any\" aria-errormessage=\"wpforms-896-field_6-error\" ><\/div><script>\n\t\t\t\t( function() {\n\t\t\t\t\tconst style = document.createElement( 'style' );\n\t\t\t\t\tstyle.appendChild( document.createTextNode( '#wpforms-958-field_1-container,#wpforms-896-field_3-container { position: absolute !important; overflow: hidden !important; display: inline !important; height: 1px !important; width: 1px !important; z-index: -1000 !important; padding: 0 !important; } #wpforms-958-field_1-container,#wpforms-896-field_3-container input { visibility: hidden; } #wpforms-conversational-form-page #wpforms-958-field_1-container,#wpforms-896-field_3-container label { counter-increment: none; }' ) );\n\t\t\t\t\tdocument.head.appendChild( style );\n\t\t\t\t\tdocument.currentScript?.remove();\n\t\t\t\t} )();\n\t\t\t<\/script><\/div><!-- .wpforms-field-container --><div class=\"wpforms-submit-container\" ><input type=\"hidden\" name=\"wpforms[id]\" value=\"896\"><input type=\"hidden\" name=\"page_title\" value=\"\"><input type=\"hidden\" name=\"page_url\" value=\"https:\/\/tanovis.com\/tr\/wp-json\/wp\/v2\/pages\/706\"><input type=\"hidden\" name=\"url_referer\" value=\"\"><button type=\"submit\" name=\"wpforms[submit]\" id=\"wpforms-submit-896\" class=\"wpforms-submit\" data-alt-text=\"Sending...\" data-submit-text=\"Submit\" aria-live=\"assertive\" value=\"wpforms-submit\">G\u00f6nder<\/button><img loading=\"lazy\" decoding=\"async\" src=\"https:\/\/tanovis.com\/wp-content\/plugins\/wpforms\/assets\/images\/submit-spin.svg\" class=\"wpforms-submit-spinner\" style=\"display: none;\" width=\"26\" height=\"26\" alt=\"Y\u00fckleniyor\"><\/div><input type=\"hidden\" name=\"trp-form-language\" value=\"tr\"\/><\/form><\/div>  <!-- .wpforms-container -->\n      <\/div>\n<\/section>\n\n\n<section class=\"hubspot-form container bg-accent\" id=\"work\" >\n  <div class=\"hubspot-form__inner\">\n    <div class=\"hubspot-form__content\">\n      <h2 class=\"hubspot-form__title title-md\">\u00d6nemli i\u015fler yap\u0131n. Bize kat\u0131l\u0131n.<\/h2>\n      <p class=\"hubspot-form__text body-md\">Keskin zeka ile g\u00fc\u00e7l\u00fc bir ama\u00e7 bilinci bir araya getiren ki\u015filere her zaman ilgi duyar\u0131z. Merak, i\u015fbirli\u011fi ve daha iyi bir yar\u0131n i\u00e7in katk\u0131da bulunacak bir \u015fey in\u015fa etme fikri sizi motive ediyorsa, burada kendinizi evinizde hissedeceksiniz. <\/p>\n    <\/div>\n          <style id=\"wpforms-css-vars-962\">\n\t\t\t\t#wpforms-962 {\n\t\t\t\t--wpforms-field-size-input-height: 43px;\n--wpforms-field-size-input-spacing: 15px;\n--wpforms-field-size-font-size: 16px;\n--wpforms-field-size-line-height: 19px;\n--wpforms-field-size-padding-h: 14px;\n--wpforms-field-size-checkbox-size: 16px;\n--wpforms-field-size-sublabel-spacing: 5px;\n--wpforms-field-size-icon-size: 1;\n--wpforms-label-size-font-size: 16px;\n--wpforms-label-size-line-height: 19px;\n--wpforms-label-size-sublabel-font-size: 14px;\n--wpforms-label-size-sublabel-line-height: 17px;\n--wpforms-button-size-font-size: 17px;\n--wpforms-button-size-height: 41px;\n--wpforms-button-size-padding-h: 15px;\n--wpforms-button-size-margin-top: 10px;\n--wpforms-container-shadow-size-box-shadow: none;\n\t\t\t}\n\t\t\t<\/style><div class=\"wpforms-container wpforms-container-full wpforms-render-modern\" id=\"wpforms-962\"><form id=\"wpforms-form-962\" class=\"wpforms-validate wpforms-form wpforms-ajax-form\" data-formid=\"962\" method=\"post\" enctype=\"multipart\/form-data\" action=\"\/tr\/wp-json\/wp\/v2\/pages\/706\" data-token=\"69e8d46bdeed6706f5950a65f8c105df\" data-token-time=\"1776484127\" data-trp-original-action=\"\/tr\/wp-json\/wp\/v2\/pages\/706\"><noscript class=\"wpforms-error-noscript\">Bu formu bitirebilmek i\u00e7in taray\u0131c\u0131n\u0131zda JavaScript&#039;i etkinle\u015ftirin.<\/noscript><div id=\"wpforms-error-noscript\" style=\"display: none;\">Bu formu bitirebilmek i\u00e7in taray\u0131c\u0131n\u0131zda JavaScript&#039;i etkinle\u015ftirin.<\/div><div class=\"wpforms-field-container\"><div id=\"wpforms-962-field_2-container\" class=\"wpforms-field wpforms-field-email\" data-field-id=\"2\"><label class=\"wpforms-field-label\" for=\"wpforms-962-field_2\">E-posta <span class=\"wpforms-required-label\" aria-hidden=\"true\">*<\/span><\/label><input type=\"email\" id=\"wpforms-962-field_2\" class=\"wpforms-field-medium wpforms-field-required\" name=\"wpforms[fields][2]\" spellcheck=\"false\" aria-errormessage=\"wpforms-962-field_2-error\" required><\/div>\t\t<div id=\"wpforms-962-field_1-container\"\n\t\t\tclass=\"wpforms-field wpforms-field-text\"\n\t\t\tdata-field-type=\"text\"\n\t\t\tdata-field-id=\"1\"\n\t\t\t>\n\t\t\t<label class=\"wpforms-field-label\" for=\"wpforms-962-field_1\" >E-posta Ad\u0131<\/label>\n\t\t\t<input type=\"text\" id=\"wpforms-962-field_1\" class=\"wpforms-field-medium\" name=\"wpforms[fields][1]\" >\n\t\t<\/div>\n\t\t<div id=\"wpforms-962-field_6-container\" class=\"wpforms-field wpforms-field-name\" data-field-id=\"6\"><fieldset><legend class=\"wpforms-field-label\">\u0130sim <span class=\"wpforms-required-label\" aria-hidden=\"true\">*<\/span><\/legend><div class=\"wpforms-field-row wpforms-field-medium\"><div class=\"wpforms-field-row-block wpforms-first wpforms-one-half\"><input type=\"text\" id=\"wpforms-962-field_6\" class=\"wpforms-field-name-first wpforms-field-required\" name=\"wpforms[fields][6][first]\" aria-errormessage=\"wpforms-962-field_6-error\" required><label for=\"wpforms-962-field_6\" class=\"wpforms-field-sublabel after\">Ad<\/label><\/div><div class=\"wpforms-field-row-block wpforms-one-half\"><input type=\"text\" id=\"wpforms-962-field_6-last\" class=\"wpforms-field-name-last wpforms-field-required\" name=\"wpforms[fields][6][last]\" aria-errormessage=\"wpforms-962-field_6-last-error\" required><label for=\"wpforms-962-field_6-last\" class=\"wpforms-field-sublabel after\">Soyad<\/label><\/div><\/div><\/fieldset><\/div><script>\n\t\t\t\t( function() {\n\t\t\t\t\tconst style = document.createElement( 'style' );\n\t\t\t\t\tstyle.appendChild( document.createTextNode( '#wpforms-958-field_1-container,#wpforms-896-field_3-container,#wpforms-962-field_1-container { position: absolute !important; overflow: hidden !important; display: inline !important; height: 1px !important; width: 1px !important; z-index: -1000 !important; padding: 0 !important; } #wpforms-958-field_1-container,#wpforms-896-field_3-container,#wpforms-962-field_1-container input { visibility: hidden; } #wpforms-conversational-form-page #wpforms-958-field_1-container,#wpforms-896-field_3-container,#wpforms-962-field_1-container label { counter-increment: none; }' ) );\n\t\t\t\t\tdocument.head.appendChild( style );\n\t\t\t\t\tdocument.currentScript?.remove();\n\t\t\t\t} )();\n\t\t\t<\/script><\/div><!-- .wpforms-field-container --><div class=\"wpforms-submit-container\" ><input type=\"hidden\" name=\"wpforms[id]\" value=\"962\"><input type=\"hidden\" name=\"page_title\" value=\"\"><input type=\"hidden\" name=\"page_url\" value=\"https:\/\/tanovis.com\/tr\/wp-json\/wp\/v2\/pages\/706\"><input type=\"hidden\" name=\"url_referer\" value=\"\"><button type=\"submit\" name=\"wpforms[submit]\" id=\"wpforms-submit-962\" class=\"wpforms-submit\" data-alt-text=\"Sending...\" data-submit-text=\"Submit\" aria-live=\"assertive\" value=\"wpforms-submit\">G\u00f6nder<\/button><img loading=\"lazy\" decoding=\"async\" src=\"https:\/\/tanovis.com\/wp-content\/plugins\/wpforms\/assets\/images\/submit-spin.svg\" class=\"wpforms-submit-spinner\" style=\"display: none;\" width=\"26\" height=\"26\" alt=\"Y\u00fckleniyor\"><\/div><input type=\"hidden\" name=\"trp-form-language\" value=\"tr\"\/><\/form><\/div>  <!-- .wpforms-container -->\n      <\/div>\n<\/section>","protected":false},"excerpt":{"rendered":"","protected":false},"author":1,"featured_media":0,"parent":0,"menu_order":0,"comment_status":"closed","ping_status":"closed","template":"","meta":{"_acf_changed":false,"content-type":"","footnotes":""},"class_list":["post-706","page","type-page","status-publish","hentry"],"acf":[],"yoast_head":"<!-- This site is optimized with the Yoast SEO plugin v26.6 - https:\/\/yoast.com\/wordpress\/plugins\/seo\/ -->\n<title>Collaborate with us - Tanovis<\/title>\n<meta name=\"description\" content=\"Join Tanovis as a partner in bioeconomy innovation. Collaborate with us to co-create sustainable ventures and real-world solutions from lignin across industries.\" \/>\n<meta name=\"robots\" content=\"index, follow, max-snippet:-1, max-image-preview:large, max-video-preview:-1\" \/>\n<link rel=\"canonical\" href=\"https:\/\/tanovis.com\/tr\/collaborate-with-us\/\" \/>\n<meta property=\"og:locale\" content=\"tr_TR\" \/>\n<meta property=\"og:type\" content=\"article\" \/>\n<meta property=\"og:title\" content=\"Collaborate with us - Tanovis\" \/>\n<meta property=\"og:description\" content=\"Join Tanovis as a partner in bioeconomy innovation. Collaborate with us to co-create sustainable ventures and real-world solutions from lignin across industries.\" \/>\n<meta property=\"og:url\" content=\"https:\/\/tanovis.com\/tr\/collaborate-with-us\/\" \/>\n<meta property=\"og:site_name\" content=\"Tanovis\" \/>\n<meta property=\"article:modified_time\" content=\"2025-12-22T20:09:59+00:00\" \/>\n<meta name=\"twitter:card\" content=\"summary_large_image\" \/>\n<meta name=\"twitter:label1\" content=\"Tahmini okuma s\u00fcresi\" \/>\n\t<meta name=\"twitter:data1\" content=\"1 dakika\" \/>\n<script type=\"application\/ld+json\" class=\"yoast-schema-graph\">{\"@context\":\"https:\/\/schema.org\",\"@graph\":[{\"@type\":\"WebPage\",\"@id\":\"https:\/\/tanovis.com\/collaborate-with-us\/\",\"url\":\"https:\/\/tanovis.com\/collaborate-with-us\/\",\"name\":\"Collaborate with us - Tanovis\",\"isPartOf\":{\"@id\":\"https:\/\/tanovis.com\/#website\"},\"datePublished\":\"2025-12-02T09:47:59+00:00\",\"dateModified\":\"2025-12-22T20:09:59+00:00\",\"description\":\"Join Tanovis as a partner in bioeconomy innovation. Collaborate with us to co-create sustainable ventures and real-world solutions from lignin across industries.\",\"breadcrumb\":{\"@id\":\"https:\/\/tanovis.com\/collaborate-with-us\/#breadcrumb\"},\"inLanguage\":\"tr\",\"potentialAction\":[{\"@type\":\"ReadAction\",\"target\":[\"https:\/\/tanovis.com\/collaborate-with-us\/\"]}]},{\"@type\":\"BreadcrumbList\",\"@id\":\"https:\/\/tanovis.com\/collaborate-with-us\/#breadcrumb\",\"itemListElement\":[{\"@type\":\"ListItem\",\"position\":1,\"name\":\"Home\",\"item\":\"https:\/\/tanovis.com\/\"},{\"@type\":\"ListItem\",\"position\":2,\"name\":\"Collaborate with us\"}]},{\"@type\":\"WebSite\",\"@id\":\"https:\/\/tanovis.com\/#website\",\"url\":\"https:\/\/tanovis.com\/\",\"name\":\"Tanovis\",\"description\":\"Building lignin ventures\",\"potentialAction\":[{\"@type\":\"SearchAction\",\"target\":{\"@type\":\"EntryPoint\",\"urlTemplate\":\"https:\/\/tanovis.com\/?s={search_term_string}\"},\"query-input\":{\"@type\":\"PropertyValueSpecification\",\"valueRequired\":true,\"valueName\":\"search_term_string\"}}],\"inLanguage\":\"tr\"}]}<\/script>\n<!-- \/ Yoast SEO plugin. -->","yoast_head_json":{"title":"Collaborate with us - Tanovis","description":"Join Tanovis as a partner in bioeconomy innovation. Collaborate with us to co-create sustainable ventures and real-world solutions from lignin across industries.","robots":{"index":"index","follow":"follow","max-snippet":"max-snippet:-1","max-image-preview":"max-image-preview:large","max-video-preview":"max-video-preview:-1"},"canonical":"https:\/\/tanovis.com\/tr\/collaborate-with-us\/","og_locale":"tr_TR","og_type":"article","og_title":"Collaborate with us - Tanovis","og_description":"Join Tanovis as a partner in bioeconomy innovation. Collaborate with us to co-create sustainable ventures and real-world solutions from lignin across industries.","og_url":"https:\/\/tanovis.com\/tr\/collaborate-with-us\/","og_site_name":"Tanovis","article_modified_time":"2025-12-22T20:09:59+00:00","twitter_card":"summary_large_image","twitter_misc":{"Tahmini okuma s\u00fcresi":"1 dakika"},"schema":{"@context":"https:\/\/schema.org","@graph":[{"@type":"WebPage","@id":"https:\/\/tanovis.com\/collaborate-with-us\/","url":"https:\/\/tanovis.com\/collaborate-with-us\/","name":"Collaborate with us - Tanovis","isPartOf":{"@id":"https:\/\/tanovis.com\/#website"},"datePublished":"2025-12-02T09:47:59+00:00","dateModified":"2025-12-22T20:09:59+00:00","description":"Join Tanovis as a partner in bioeconomy innovation. Collaborate with us to co-create sustainable ventures and real-world solutions from lignin across industries.","breadcrumb":{"@id":"https:\/\/tanovis.com\/collaborate-with-us\/#breadcrumb"},"inLanguage":"tr","potentialAction":[{"@type":"ReadAction","target":["https:\/\/tanovis.com\/collaborate-with-us\/"]}]},{"@type":"BreadcrumbList","@id":"https:\/\/tanovis.com\/collaborate-with-us\/#breadcrumb","itemListElement":[{"@type":"ListItem","position":1,"name":"Home","item":"https:\/\/tanovis.com\/"},{"@type":"ListItem","position":2,"name":"Collaborate with us"}]},{"@type":"WebSite","@id":"https:\/\/tanovis.com\/#website","url":"https:\/\/tanovis.com\/","name":"Tanovis","description":"Lignin giri\u015fimleri olu\u015fturma","potentialAction":[{"@type":"SearchAction","target":{"@type":"EntryPoint","urlTemplate":"https:\/\/tanovis.com\/?s={search_term_string}"},"query-input":{"@type":"PropertyValueSpecification","valueRequired":true,"valueName":"search_term_string"}}],"inLanguage":"tr"}]}},"_links":{"self":[{"href":"https:\/\/tanovis.com\/tr\/wp-json\/wp\/v2\/pages\/706","targetHints":{"allow":["GET"]}}],"collection":[{"href":"https:\/\/tanovis.com\/tr\/wp-json\/wp\/v2\/pages"}],"about":[{"href":"https:\/\/tanovis.com\/tr\/wp-json\/wp\/v2\/types\/page"}],"author":[{"embeddable":true,"href":"https:\/\/tanovis.com\/tr\/wp-json\/wp\/v2\/users\/1"}],"replies":[{"embeddable":true,"href":"https:\/\/tanovis.com\/tr\/wp-json\/wp\/v2\/comments?post=706"}],"version-history":[{"count":14,"href":"https:\/\/tanovis.com\/tr\/wp-json\/wp\/v2\/pages\/706\/revisions"}],"predecessor-version":[{"id":973,"href":"https:\/\/tanovis.com\/tr\/wp-json\/wp\/v2\/pages\/706\/revisions\/973"}],"wp:attachment":[{"href":"https:\/\/tanovis.com\/tr\/wp-json\/wp\/v2\/media?parent=706"}],"curies":[{"name":"wp","href":"https:\/\/api.w.org\/{rel}","templated":true}]}}